{"id":84,"date":"2017-01-17T12:50:07","date_gmt":"2017-01-17T12:50:07","guid":{"rendered":"http:\/\/www.alqueriamorayma.com\/?page_id=84"},"modified":"2017-02-24T11:20:30","modified_gmt":"2017-02-24T11:20:30","slug":"recuerdos","status":"publish","type":"page","link":"https:\/\/www.alqueriamorayma.com\/fr\/recuerdos\/","title":{"rendered":"Souvenirs et cadeaux"},"content":{"rendered":"La Alquer\u00eda Morayma \u00e9labore des produits qui peuvent s\u2019acheter comme souvenir du s\u00e9jour dans la Alpujarra.<\/p>\n<ul>\n<li><strong>Le vine:<\/strong>\n<ul>\n<li>Vin blanc ou rouge \u00e9cologique \u00e9labor\u00e9 dans la propre \u201cbodega\u201d avec les raisins cultiv\u00e9s dans nos vignes.<\/li>\n<\/ul>\n<\/li>\n<\/ul>\n<ul>\n<li><strong style=\"line-height: 1.5;\"><img loading=\"lazy\" decoding=\"async\" data-attachment-id=\"322\" data-permalink=\"https:\/\/www.alqueriamorayma.com\/fr\/recuerdos\/recuerdos01\/\" data-orig-file=\"https:\/\/www.alqueriamorayma.com\/wp-content\/uploads\/2017\/01\/recuerdos01.jpg\" data-orig-size=\"240,320\" data-comments-opened=\"1\" data-image-meta=\"{&quot;aperture&quot;:&quot;0&quot;,&quot;credit&quot;:&quot;&quot;,&quot;camera&quot;:&quot;&quot;,&quot;caption&quot;:&quot;&quot;,&quot;created_timestamp&quot;:&quot;0&quot;,&quot;copyright&quot;:&quot;&quot;,&quot;focal_length&quot;:&quot;0&quot;,&quot;iso&quot;:&quot;0&quot;,&quot;shutter_speed&quot;:&quot;0&quot;,&quot;title&quot;:&quot;&quot;,&quot;orientation&quot;:&quot;1&quot;}\" data-image-title=\"recuerdos01\" data-image-description=\"\" data-image-caption=\"\" data-medium-file=\"https:\/\/www.alqueriamorayma.com\/wp-content\/uploads\/2017\/01\/recuerdos01-225x300.jpg\" data-large-file=\"https:\/\/www.alqueriamorayma.com\/wp-content\/uploads\/2017\/01\/recuerdos01.jpg\" tabindex=\"0\" role=\"button\" class=\"alignleft wp-image-322 size-medium\" src=\"http:\/\/www.alqueriamorayma.com\/wp-content\/uploads\/2017\/01\/recuerdos01-225x300.jpg\" width=\"225\" height=\"300\" srcset=\"https:\/\/www.alqueriamorayma.com\/wp-content\/uploads\/2017\/01\/recuerdos01-225x300.jpg 225w, https:\/\/www.alqueriamorayma.com\/wp-content\/uploads\/2017\/01\/recuerdos01.jpg 240w\" sizes=\"(max-width: 225px) 100vw, 225px\" \/>Huile:<br \/>\n<\/strong>L\u2019huile d\u2019olive \u201cla Morayma\u201d est press\u00e9e \u00e0 froid dans la \u201calmazara\u201d (lieu de fabrication d\u2019huile) \u00e0 base des olives \u00e9cologiques du domaine, ce qui lui permet de porter sur son \u00e9tiquette \u201c aceite de oliva virgen extra ecol\u00f3gico\u201d. Elle est exquise.<\/li>\n<\/ul>\n<ul>\n<li><strong>Huile de Millepertuis:<br \/>\n<\/strong>Une huile obtenue par mac\u00e9ration des fleurs de millepertuis dans l\u2019huile d\u2019olive ( massages, peau, etc ).<\/li>\n<\/ul>\n<ul>\n<li><strong>Cartes postales:<br \/>\n<\/strong>Elles illustrent de fa\u00e7on originale le caract\u00e8re, les activit\u00e9s et la culture de l\u2019endroit.<\/li>\n<\/ul>\n<ul>\n<li><strong>Les cartes:<\/strong>\n<ul>\n<li>Une carte historique des Alpujarras \u2013 illustr\u00e9e par Manolo Gil avec les \u00e9glises recopi\u00e9es du cadastre du Marques de la Ensenada.<\/li>\n<\/ul>\n<\/li>\n<\/ul>\n<h5 style=\"display: inline !important;\"><img loading=\"lazy\" decoding=\"async\" data-attachment-id=\"325\" data-permalink=\"https:\/\/www.alqueriamorayma.com\/fr\/recuerdos\/recuerdos03\/\" data-orig-file=\"https:\/\/www.alqueriamorayma.com\/wp-content\/uploads\/2017\/01\/recuerdos03.jpg\" data-orig-size=\"640,887\" data-comments-opened=\"1\" data-image-meta=\"{&quot;aperture&quot;:&quot;0&quot;,&quot;credit&quot;:&quot;&quot;,&quot;camera&quot;:&quot;&quot;,&quot;caption&quot;:&quot;&quot;,&quot;created_timestamp&quot;:&quot;0&quot;,&quot;copyright&quot;:&quot;&quot;,&quot;focal_length&quot;:&quot;0&quot;,&quot;iso&quot;:&quot;0&quot;,&quot;shutter_speed&quot;:&quot;0&quot;,&quot;title&quot;:&quot;&quot;,&quot;orientation&quot;:&quot;0&quot;}\" data-image-title=\"recuerdos03\" data-image-description=\"\" data-image-caption=\"\" data-medium-file=\"https:\/\/www.alqueriamorayma.com\/wp-content\/uploads\/2017\/01\/recuerdos03-216x300.jpg\" data-large-file=\"https:\/\/www.alqueriamorayma.com\/wp-content\/uploads\/2017\/01\/recuerdos03.jpg\" tabindex=\"0\" role=\"button\" class=\"alignright wp-image-325 size-medium\" src=\"http:\/\/www.alqueriamorayma.com\/wp-content\/uploads\/2017\/01\/recuerdos03-216x300.jpg\" width=\"216\" height=\"300\" srcset=\"https:\/\/www.alqueriamorayma.com\/wp-content\/uploads\/2017\/01\/recuerdos03-216x300.jpg 216w, https:\/\/www.alqueriamorayma.com\/wp-content\/uploads\/2017\/01\/recuerdos03.jpg 640w\" sizes=\"(max-width: 216px) 100vw, 216px\" \/><\/h5>\n<ul>\n<li style=\"line-height: 1.5;\"><strong>Topoguias GR7 GR142::<\/strong>\n<ul>\n<li style=\"line-height: 1.5;\">guides descriptifs des grande randonn\u00e9es europ\u00e9ennes GR7 et GR142 \u201csenda alpujarra\u201d \u00e9crit en espagnol par Mariano Cruz Fajardo.<\/li>\n<\/ul>\n<\/li>\n<\/ul>\n<ul>\n<li style=\"line-height: 1.5;\"><strong>Livres:<\/strong>\n<ul>\n<li style=\"line-height: 1.5;\">\u201cRitual de la cocina albaicinera\u201d \u00e9dit\u00e9 par Alquer\u00eda de Morayma. L\u2019auteur, Mariano Cruz Romero, nous emm\u00e8ne au coeur de l\u2019Albaycin pris par la main de la gastronomie la plus authentique et de base.<\/li>\n<\/ul>\n<\/li>\n<\/ul>","protected":false},"excerpt":{"rendered":"<p>La Alquer\u00eda Morayma \u00e9labore des produits qui peuvent s\u2019acheter comme souvenir du s\u00e9jour dans la Alpujarra. Le vine: Vin blanc ou rouge \u00e9cologique \u00e9labor\u00e9 dans la propre \u201cbodega\u201d avec les raisins cultiv\u00e9s dans nos vignes. Huile: L\u2019huile d\u2019olive \u201cla Morayma\u201d<\/p>\n","protected":false},"author":1,"featured_media":0,"parent":0,"menu_order":1,"comment_status":"closed","ping_status":"closed","template":"","meta":{"jetpack_post_was_ever_published":false,"footnotes":""},"yoast_head":"<!-- This site is optimized with the Yoast SEO plugin v23.5 - https:\/\/yoast.com\/wordpress\/plugins\/seo\/ -->\n<title>Souvenirs et cadeaux - Alquer\u00eda de Morayma<\/title>\n<meta name=\"robots\" content=\"index, follow, max-snippet:-1, max-image-preview:large, max-video-preview:-1\" \/>\n<link rel=\"canonical\" href=\"https:\/\/www.alqueriamorayma.com\/en\/recuerdos\/\" \/>\n<meta property=\"og:locale\" content=\"fr_FR\" \/>\n<meta property=\"og:type\" content=\"article\" \/>\n<meta property=\"og:title\" content=\"Souvenirs et cadeaux - Alquer\u00eda de Morayma\" \/>\n<meta property=\"og:description\" content=\"La Alquer\u00eda Morayma \u00e9labore des produits qui peuvent s\u2019acheter comme souvenir du s\u00e9jour dans la Alpujarra. Le vine: Vin blanc ou rouge \u00e9cologique \u00e9labor\u00e9 dans la propre \u201cbodega\u201d avec les raisins cultiv\u00e9s dans nos vignes. Huile: L\u2019huile d\u2019olive \u201cla Morayma\u201d\" \/>\n<meta property=\"og:url\" content=\"https:\/\/www.alqueriamorayma.com\/en\/recuerdos\/\" \/>\n<meta property=\"og:site_name\" content=\"Alquer\u00eda de Morayma\" \/>\n<meta property=\"article:publisher\" content=\"https:\/\/es-es.facebook.com\/alqueriamorayma\/\" \/>\n<meta property=\"article:modified_time\" content=\"2017-02-24T11:20:30+00:00\" \/>\n<meta property=\"og:image\" content=\"http:\/\/www.alqueriamorayma.com\/wp-content\/uploads\/2017\/01\/recuerdos01-225x300.jpg\" \/>\n<meta name=\"twitter:card\" content=\"summary_large_image\" \/>\n<meta name=\"twitter:site\" content=\"@alqueriamorayma\" \/>\n<meta name=\"twitter:label1\" content=\"Dur\u00e9e de lecture estim\u00e9e\" \/>\n\t<meta name=\"twitter:data1\" content=\"4 minutes\" \/>\n<script type=\"application\/ld+json\" class=\"yoast-schema-graph\">{\"@context\":\"https:\/\/schema.org\",\"@graph\":[{\"@type\":\"WebPage\",\"@id\":\"https:\/\/www.alqueriamorayma.com\/en\/recuerdos\/\",\"url\":\"https:\/\/www.alqueriamorayma.com\/en\/recuerdos\/\",\"name\":\"Souvenirs et cadeaux - Alquer\u00eda de Morayma\",\"isPartOf\":{\"@id\":\"https:\/\/www.alqueriamorayma.com\/#website\"},\"primaryImageOfPage\":{\"@id\":\"https:\/\/www.alqueriamorayma.com\/en\/recuerdos\/#primaryimage\"},\"image\":{\"@id\":\"https:\/\/www.alqueriamorayma.com\/en\/recuerdos\/#primaryimage\"},\"thumbnailUrl\":\"http:\/\/www.alqueriamorayma.com\/wp-content\/uploads\/2017\/01\/recuerdos01-225x300.jpg\",\"datePublished\":\"2017-01-17T12:50:07+00:00\",\"dateModified\":\"2017-02-24T11:20:30+00:00\",\"breadcrumb\":{\"@id\":\"https:\/\/www.alqueriamorayma.com\/en\/recuerdos\/#breadcrumb\"},\"inLanguage\":\"fr-FR\",\"potentialAction\":[{\"@type\":\"ReadAction\",\"target\":[\"https:\/\/www.alqueriamorayma.com\/en\/recuerdos\/\"]}]},{\"@type\":\"ImageObject\",\"inLanguage\":\"fr-FR\",\"@id\":\"https:\/\/www.alqueriamorayma.com\/en\/recuerdos\/#primaryimage\",\"url\":\"http:\/\/www.alqueriamorayma.com\/wp-content\/uploads\/2017\/01\/recuerdos01-225x300.jpg\",\"contentUrl\":\"http:\/\/www.alqueriamorayma.com\/wp-content\/uploads\/2017\/01\/recuerdos01-225x300.jpg\"},{\"@type\":\"BreadcrumbList\",\"@id\":\"https:\/\/www.alqueriamorayma.com\/en\/recuerdos\/#breadcrumb\",\"itemListElement\":[{\"@type\":\"ListItem\",\"position\":1,\"name\":\"Portada\",\"item\":\"https:\/\/www.alqueriamorayma.com\/\"},{\"@type\":\"ListItem\",\"position\":2,\"name\":\"Souvenirs and Presents\"}]},{\"@type\":\"WebSite\",\"@id\":\"https:\/\/www.alqueriamorayma.com\/#website\",\"url\":\"https:\/\/www.alqueriamorayma.com\/\",\"name\":\"Alquer\u00eda de Morayma\",\"description\":\"Hotel Rural en la Alpujarra\",\"publisher\":{\"@id\":\"https:\/\/www.alqueriamorayma.com\/#organization\"},\"potentialAction\":[{\"@type\":\"SearchAction\",\"target\":{\"@type\":\"EntryPoint\",\"urlTemplate\":\"https:\/\/www.alqueriamorayma.com\/?s={search_term_string}\"},\"query-input\":{\"@type\":\"PropertyValueSpecification\",\"valueRequired\":true,\"valueName\":\"search_term_string\"}}],\"inLanguage\":\"fr-FR\"},{\"@type\":\"Organization\",\"@id\":\"https:\/\/www.alqueriamorayma.com\/#organization\",\"name\":\"Alqueria de Morayma\",\"url\":\"https:\/\/www.alqueriamorayma.com\/\",\"logo\":{\"@type\":\"ImageObject\",\"inLanguage\":\"fr-FR\",\"@id\":\"https:\/\/www.alqueriamorayma.com\/#\/schema\/logo\/image\/\",\"url\":\"https:\/\/i0.wp.com\/www.alqueriamorayma.com\/wp-content\/uploads\/2017\/03\/logo-alqueria.png?fit=100%2C74\",\"contentUrl\":\"https:\/\/i0.wp.com\/www.alqueriamorayma.com\/wp-content\/uploads\/2017\/03\/logo-alqueria.png?fit=100%2C74\",\"width\":100,\"height\":74,\"caption\":\"Alqueria de Morayma\"},\"image\":{\"@id\":\"https:\/\/www.alqueriamorayma.com\/#\/schema\/logo\/image\/\"},\"sameAs\":[\"https:\/\/es-es.facebook.com\/alqueriamorayma\/\",\"https:\/\/x.com\/alqueriamorayma\"]}]}<\/script>\n<!-- \/ Yoast SEO plugin. -->","yoast_head_json":{"title":"Souvenirs et cadeaux - Alquer\u00eda de Morayma","robots":{"index":"index","follow":"follow","max-snippet":"max-snippet:-1","max-image-preview":"max-image-preview:large","max-video-preview":"max-video-preview:-1"},"canonical":"https:\/\/www.alqueriamorayma.com\/en\/recuerdos\/","og_locale":"fr_FR","og_type":"article","og_title":"Souvenirs et cadeaux - Alquer\u00eda de Morayma","og_description":"La Alquer\u00eda Morayma \u00e9labore des produits qui peuvent s\u2019acheter comme souvenir du s\u00e9jour dans la Alpujarra. Le vine: Vin blanc ou rouge \u00e9cologique \u00e9labor\u00e9 dans la propre \u201cbodega\u201d avec les raisins cultiv\u00e9s dans nos vignes. Huile: L\u2019huile d\u2019olive \u201cla Morayma\u201d","og_url":"https:\/\/www.alqueriamorayma.com\/en\/recuerdos\/","og_site_name":"Alquer\u00eda de Morayma","article_publisher":"https:\/\/es-es.facebook.com\/alqueriamorayma\/","article_modified_time":"2017-02-24T11:20:30+00:00","og_image":[{"url":"http:\/\/www.alqueriamorayma.com\/wp-content\/uploads\/2017\/01\/recuerdos01-225x300.jpg"}],"twitter_card":"summary_large_image","twitter_site":"@alqueriamorayma","twitter_misc":{"Dur\u00e9e de lecture estim\u00e9e":"4 minutes"},"schema":{"@context":"https:\/\/schema.org","@graph":[{"@type":"WebPage","@id":"https:\/\/www.alqueriamorayma.com\/en\/recuerdos\/","url":"https:\/\/www.alqueriamorayma.com\/en\/recuerdos\/","name":"Souvenirs et cadeaux - Alquer\u00eda de Morayma","isPartOf":{"@id":"https:\/\/www.alqueriamorayma.com\/#website"},"primaryImageOfPage":{"@id":"https:\/\/www.alqueriamorayma.com\/en\/recuerdos\/#primaryimage"},"image":{"@id":"https:\/\/www.alqueriamorayma.com\/en\/recuerdos\/#primaryimage"},"thumbnailUrl":"http:\/\/www.alqueriamorayma.com\/wp-content\/uploads\/2017\/01\/recuerdos01-225x300.jpg","datePublished":"2017-01-17T12:50:07+00:00","dateModified":"2017-02-24T11:20:30+00:00","breadcrumb":{"@id":"https:\/\/www.alqueriamorayma.com\/en\/recuerdos\/#breadcrumb"},"inLanguage":"fr-FR","potentialAction":[{"@type":"ReadAction","target":["https:\/\/www.alqueriamorayma.com\/en\/recuerdos\/"]}]},{"@type":"ImageObject","inLanguage":"fr-FR","@id":"https:\/\/www.alqueriamorayma.com\/en\/recuerdos\/#primaryimage","url":"http:\/\/www.alqueriamorayma.com\/wp-content\/uploads\/2017\/01\/recuerdos01-225x300.jpg","contentUrl":"http:\/\/www.alqueriamorayma.com\/wp-content\/uploads\/2017\/01\/recuerdos01-225x300.jpg"},{"@type":"BreadcrumbList","@id":"https:\/\/www.alqueriamorayma.com\/en\/recuerdos\/#breadcrumb","itemListElement":[{"@type":"ListItem","position":1,"name":"Portada","item":"https:\/\/www.alqueriamorayma.com\/"},{"@type":"ListItem","position":2,"name":"Souvenirs and Presents"}]},{"@type":"WebSite","@id":"https:\/\/www.alqueriamorayma.com\/#website","url":"https:\/\/www.alqueriamorayma.com\/","name":"Alquer\u00eda de Morayma","description":"Hotel Rural en la Alpujarra","publisher":{"@id":"https:\/\/www.alqueriamorayma.com\/#organization"},"potentialAction":[{"@type":"SearchAction","target":{"@type":"EntryPoint","urlTemplate":"https:\/\/www.alqueriamorayma.com\/?s={search_term_string}"},"query-input":{"@type":"PropertyValueSpecification","valueRequired":true,"valueName":"search_term_string"}}],"inLanguage":"fr-FR"},{"@type":"Organization","@id":"https:\/\/www.alqueriamorayma.com\/#organization","name":"Alqueria de Morayma","url":"https:\/\/www.alqueriamorayma.com\/","logo":{"@type":"ImageObject","inLanguage":"fr-FR","@id":"https:\/\/www.alqueriamorayma.com\/#\/schema\/logo\/image\/","url":"https:\/\/i0.wp.com\/www.alqueriamorayma.com\/wp-content\/uploads\/2017\/03\/logo-alqueria.png?fit=100%2C74","contentUrl":"https:\/\/i0.wp.com\/www.alqueriamorayma.com\/wp-content\/uploads\/2017\/03\/logo-alqueria.png?fit=100%2C74","width":100,"height":74,"caption":"Alqueria de Morayma"},"image":{"@id":"https:\/\/www.alqueriamorayma.com\/#\/schema\/logo\/image\/"},"sameAs":["https:\/\/es-es.facebook.com\/alqueriamorayma\/","https:\/\/x.com\/alqueriamorayma"]}]}},"jetpack_sharing_enabled":true,"jetpack_shortlink":"https:\/\/wp.me\/P8sFGa-1m","jetpack-related-posts":[],"_links":{"self":[{"href":"https:\/\/www.alqueriamorayma.com\/fr\/wp-json\/wp\/v2\/pages\/84"}],"collection":[{"href":"https:\/\/www.alqueriamorayma.com\/fr\/wp-json\/wp\/v2\/pages"}],"about":[{"href":"https:\/\/www.alqueriamorayma.com\/fr\/wp-json\/wp\/v2\/types\/page"}],"author":[{"embeddable":true,"href":"https:\/\/www.alqueriamorayma.com\/fr\/wp-json\/wp\/v2\/users\/1"}],"replies":[{"embeddable":true,"href":"https:\/\/www.alqueriamorayma.com\/fr\/wp-json\/wp\/v2\/comments?post=84"}],"version-history":[{"count":26,"href":"https:\/\/www.alqueriamorayma.com\/fr\/wp-json\/wp\/v2\/pages\/84\/revisions"}],"predecessor-version":[{"id":529,"href":"https:\/\/www.alqueriamorayma.com\/fr\/wp-json\/wp\/v2\/pages\/84\/revisions\/529"}],"wp:attachment":[{"href":"https:\/\/www.alqueriamorayma.com\/fr\/wp-json\/wp\/v2\/media?parent=84"}],"curies":[{"name":"wp","href":"https:\/\/api.w.org\/{rel}","templated":true}]}}