{"id":76,"date":"2017-01-17T12:45:58","date_gmt":"2017-01-17T12:45:58","guid":{"rendered":"http:\/\/www.alqueriamorayma.com\/?page_id=76"},"modified":"2025-01-16T13:01:54","modified_gmt":"2025-01-16T13:01:54","slug":"reservas","status":"publish","type":"page","link":"https:\/\/www.alqueriamorayma.com\/fr\/reservas\/","title":{"rendered":"Reservations"},"content":{"rendered":"<h1>Reservations et Prix<\/h1>\n<p>Au Hotel Rural Alquer\u00eda de Morayma, nous vous proposons une large gamme de chambres doubles et d&rsquo;appartements avec cuisine, tous situ\u00e9s dans un environnement rural et naturel qui vous surprendra.<\/p>\n<p><strong>CHAMBRE INDIVIDUELLE<\/strong><\/p>\n<ul>\n<li>H\u00e9bergement 55 \u20ac<\/li>\n<li>Demi-pension 76 \u20ac<\/li>\n<li>Pension compl\u00e8te 93 \u20ac<\/li>\n<\/ul>\n<p><strong>CHAMBRE DOUBLE<\/strong><\/p>\n<ul>\n<li>H\u00e9bergement 76\u20ac<\/li>\n<li>Demi-pension 59 \u20ac par personne<\/li>\n<li>Pension compl\u00e8te 76 \u20ac par personne<\/li>\n<\/ul>\n<p><strong>APPARTEMENT INDIVIDUEL<\/strong><\/p>\n<ul>\n<li>H\u00e9bergement 59 \u20ac<\/li>\n<li>Demi-pension 84 \u20ac par personne<\/li>\n<li>Pension compl\u00e8te 93 \u20ac par personne<\/li>\n<\/ul>\n<p><strong>APPARTEMENT DOUBLE<\/strong><\/p>\n<ul>\n<li>H\u00e9bergement 84\u20ac<\/li>\n<li>Demi-pension 63 \u20ac par personne<\/li>\n<li>Pension compl\u00e8te 76 \u20ac par personne<\/li>\n<\/ul>\n<p><strong>APPARTEMENT POUR 4<\/strong><\/p>\n<ul>\n<li>H\u00e9bergement 132\u20ac<\/li>\n<li>Demi-pension 54 \u20ac par personne<\/li>\n<li>Pension compl\u00e8te 71 \u20ac par personne<\/li>\n<\/ul>\n<p><strong>APPARTEMENT POUR 6<\/strong><\/p>\n<ul>\n<li>H\u00e9bergement 168 \u20ac<\/li>\n<li>Demi-pension 54 \u20ac par personne<\/li>\n<li>Pension compl\u00e8te 71 \u20ac par personne<\/li>\n<\/ul>\n<p><strong>LIT SUPPL\u00c9MENTAIRE<\/strong><\/p>\n<ul>\n<li>Lit 18 \u20ac<\/li>\n<li>Demi-pension 41 \u20ac<\/li>\n<li>Pension compl\u00e8te 59 \u20ac<\/li>\n<\/ul>\n<p><strong>CHAMBRE \u00ab\u00a0LOS MONTA\u00d1EROS\u00a0\u00bb<\/strong><\/p>\n<ul>\n<li>H\u00e9bergement 68\u20ac<\/li>\n<li>Demi-pension 56 \u20ac par personne<\/li>\n<li>Pension compl\u00e8te 73 \u20ac par personne<\/li>\n<li>Utilisation individuelle 49 \u20ac<\/li>\n<li>Utilisation individuelle demi-pension 71 \u20ac<\/li>\n<li>Utilisation individuelle pension compl\u00e8te 88 \u20ac<\/li>\n<\/ul>\n<p><strong>APPARTEMENT \u00ab\u00a0LOS MONTA\u00d1EROS\u00a0\u00bb (POUR 4)<\/strong><\/p>\n<ul>\n<li>H\u00e9bergement 100\u20ac<\/li>\n<li>Demi-pension 47 \u20ac par personne<\/li>\n<li>Pension compl\u00e8te 64 \u20ac par personne<\/li>\n<li>Utilisation individuelle 49 \u20ac<\/li>\n<li>Utilisation individuelle demi-pension 71 \u20ac<img loading=\"lazy\" decoding=\"async\" data-attachment-id=\"145\" data-permalink=\"https:\/\/www.alqueriamorayma.com\/fr\/reservas\/recepcion\/\" data-orig-file=\"https:\/\/www.alqueriamorayma.com\/wp-content\/uploads\/2017\/01\/recepcion.jpg\" data-orig-size=\"640,432\" data-comments-opened=\"1\" data-image-meta=\"{&quot;aperture&quot;:&quot;0&quot;,&quot;credit&quot;:&quot;&quot;,&quot;camera&quot;:&quot;&quot;,&quot;caption&quot;:&quot;&quot;,&quot;created_timestamp&quot;:&quot;0&quot;,&quot;copyright&quot;:&quot;&quot;,&quot;focal_length&quot;:&quot;0&quot;,&quot;iso&quot;:&quot;0&quot;,&quot;shutter_speed&quot;:&quot;0&quot;,&quot;title&quot;:&quot;&quot;,&quot;orientation&quot;:&quot;0&quot;}\" data-image-title=\"recepcion\" data-image-description=\"\" data-image-caption=\"\" data-medium-file=\"https:\/\/www.alqueriamorayma.com\/wp-content\/uploads\/2017\/01\/recepcion-300x203.jpg\" data-large-file=\"https:\/\/www.alqueriamorayma.com\/wp-content\/uploads\/2017\/01\/recepcion.jpg\" tabindex=\"0\" role=\"button\" class=\"size-medium wp-image-145 alignright\" src=\"http:\/\/www.alqueriamorayma.com\/wp-content\/uploads\/2017\/01\/recepcion-300x203.jpg\" alt=\"\" width=\"300\" height=\"203\" srcset=\"https:\/\/www.alqueriamorayma.com\/wp-content\/uploads\/2017\/01\/recepcion-300x203.jpg 300w, https:\/\/www.alqueriamorayma.com\/wp-content\/uploads\/2017\/01\/recepcion.jpg 640w\" sizes=\"(max-width: 300px) 100vw, 300px\" \/><\/li>\n<li>Utilisation individuelle pension compl\u00e8te 88 \u20ac<\/li>\n<\/ul>\n<p>Si vous rencontrez des probl\u00e8mes avec le formulaire ci-dessus, ou pour plus d&rsquo;informations, s&rsquo;il vous\u00a0pla\u00eet contacter:<\/p>\n<ul>\n<li>T\u00e9l\u00e9phone: (0034 )958 343 303 &#8211; (0034) 958 343 221 &#8211; (0034) 605 051 841<\/li>\n<li>E-mail: <a href=\"mailto:info@alqueriamorayma.com\">info@alqueriamorayma.com<\/a><\/li>\n<\/ul>\n<p>&nbsp;<\/p>\n<h3><\/h3>\n<hr \/>\n<h4>Formulaire de r\u00e9servation<\/h4>\n\n<div class=\"wpcf7 no-js\" id=\"wpcf7-f164-o3\" lang=\"es-ES\" dir=\"ltr\">\n<div class=\"screen-reader-response\"><p role=\"status\" aria-live=\"polite\" aria-atomic=\"true\"><\/p> <ul><\/ul><\/div>\n<form action=\"\/fr\/wp-json\/wp\/v2\/pages\/76#wpcf7-f164-o3\" method=\"post\" class=\"wpcf7-form init\" aria-label=\"Formulario de contacto\" novalidate=\"novalidate\" data-status=\"init\">\n<div style=\"display: none;\">\n<input type=\"hidden\" name=\"_wpcf7\" value=\"164\" \/>\n<input type=\"hidden\" name=\"_wpcf7_version\" value=\"5.9.8\" \/>\n<input type=\"hidden\" name=\"_wpcf7_locale\" value=\"es_ES\" \/>\n<input type=\"hidden\" name=\"_wpcf7_unit_tag\" value=\"wpcf7-f164-o3\" \/>\n<input type=\"hidden\" name=\"_wpcf7_container_post\" value=\"0\" \/>\n<input type=\"hidden\" name=\"_wpcf7_posted_data_hash\" value=\"\" \/>\n<input type=\"hidden\" name=\"_wpcf7_recaptcha_response\" value=\"\" \/>\n<\/div>\n<p><label> Nom (Demand\u00e9)<br \/>\n<span class=\"wpcf7-form-control-wrap\" data-name=\"your-name\"><input size=\"40\" maxlength=\"400\" class=\"wpcf7-form-control wpcf7-text wpcf7-validates-as-required\" aria-required=\"true\" aria-invalid=\"false\" value=\"\" type=\"text\" name=\"your-name\" \/><\/span> <\/label>\n<\/p>\n<p><label> Votre Email (Demand\u00e9)<br \/>\n<span class=\"wpcf7-form-control-wrap\" data-name=\"your-email\"><input size=\"40\" maxlength=\"400\" class=\"wpcf7-form-control wpcf7-email wpcf7-validates-as-required wpcf7-text wpcf7-validates-as-email\" aria-required=\"true\" aria-invalid=\"false\" value=\"\" type=\"email\" name=\"your-email\" \/><\/span> <\/label>\n<\/p>\n<p><label> T\u00e9l\u00e9phone (Demand\u00e9)<br \/>\n<span class=\"wpcf7-form-control-wrap\" data-name=\"tel-462\"><input size=\"40\" maxlength=\"400\" class=\"wpcf7-form-control wpcf7-tel wpcf7-validates-as-required wpcf7-text wpcf7-validates-as-tel\" aria-required=\"true\" aria-invalid=\"false\" value=\"\" type=\"tel\" name=\"tel-462\" \/><\/span><\/label>\n<\/p>\n<p><label> Date d'arriv\u00e9e (Demand\u00e9)<br \/>\n<span class=\"wpcf7-form-control-wrap\" data-name=\"date-351\"><input class=\"wpcf7-form-control wpcf7-date wpcf7-validates-as-required wpcf7-validates-as-date\" min=\"2026-04-15\" aria-required=\"true\" aria-invalid=\"false\" value=\"\" type=\"date\" name=\"date-351\" \/><\/span><\/label>\n<\/p>\n<p><label> Date de sortie (Demand\u00e9)<br \/>\n<span class=\"wpcf7-form-control-wrap\" data-name=\"date-17\"><input class=\"wpcf7-form-control wpcf7-date wpcf7-validates-as-required wpcf7-validates-as-date\" min=\"2026-04-15\" aria-required=\"true\" aria-invalid=\"false\" value=\"\" type=\"date\" name=\"date-17\" \/><\/span><\/label>\n<\/p>\n<p><label> Personnes (Demand\u00e9)<br \/>\n<span class=\"wpcf7-form-control-wrap\" data-name=\"menu-880\"><select class=\"wpcf7-form-control wpcf7-select wpcf7-validates-as-required\" aria-required=\"true\" aria-invalid=\"false\" name=\"menu-880\"><option value=\"\">&#8212;Por favor, elige una opci\u00f3n&#8212;<\/option><option value=\"1\">1<\/option><option value=\"2\">2<\/option><option value=\"3\">3<\/option><option value=\"4\">4<\/option><option value=\"5\">5<\/option><option value=\"6\">6<\/option><option value=\"7\">7<\/option><option value=\"8\">8<\/option><option value=\"9\">9<\/option><option value=\"10\">10<\/option><option value=\"11\">11<\/option><option value=\"12\">12<\/option><option value=\"13\">13<\/option><option value=\"14\">14<\/option><option value=\"15\">15<\/option><option value=\"16\">16<\/option><option value=\"17\">17<\/option><option value=\"18\">18<\/option><option value=\"19\">19<\/option><option value=\"20\">20<\/option><\/select><\/span> <\/label>\n<\/p>\n<p><label> Enfants<br \/>\n<span class=\"wpcf7-form-control-wrap\" data-name=\"menu-675\"><select class=\"wpcf7-form-control wpcf7-select\" aria-invalid=\"false\" name=\"menu-675\"><option value=\"\">&#8212;Por favor, elige una opci\u00f3n&#8212;<\/option><option value=\"0\">0<\/option><option value=\"1\">1<\/option><option value=\"2\">2<\/option><option value=\"3\">3<\/option><option value=\"4\">4<\/option><option value=\"5\">5<\/option><option value=\"6\">6<\/option><option value=\"7\">7<\/option><option value=\"8\">8<\/option><option value=\"9\">9<\/option><option value=\"10\">10<\/option><option value=\"11\">11<\/option><option value=\"12\">12<\/option><option value=\"13\">13<\/option><option value=\"14\">14<\/option><option value=\"15\">15<\/option><option value=\"16\">16<\/option><option value=\"17\">17<\/option><option value=\"18\">18<\/option><option value=\"19\">19<\/option><option value=\"20\">20<\/option><\/select><\/span> <\/label>\n<\/p>\n<p><label> Chambres (Demand\u00e9)<br \/>\n<span class=\"wpcf7-form-control-wrap\" data-name=\"menu-474\"><select class=\"wpcf7-form-control wpcf7-select wpcf7-validates-as-required\" aria-required=\"true\" aria-invalid=\"false\" name=\"menu-474\"><option value=\"\">&#8212;Por favor, elige una opci\u00f3n&#8212;<\/option><option value=\"1\">1<\/option><option value=\"2\">2<\/option><option value=\"3\">3<\/option><option value=\"4\">4<\/option><option value=\"5\">5<\/option><\/select><\/span><\/label>\n<\/p>\n<p><label> Type de Chambre<br \/>\n<span class=\"wpcf7-form-control-wrap\" data-name=\"TypeDeChambre\"><select class=\"wpcf7-form-control wpcf7-select wpcf7-validates-as-required\" id=\"typeDeChambre\" aria-required=\"true\" aria-invalid=\"false\" name=\"TypeDeChambre\"><option value=\"\">&#8212;Por favor, elige una opci\u00f3n&#8212;<\/option><option value=\"Chambre Individuelle\">Chambre Individuelle<\/option><option value=\"Chambre Double\">Chambre Double<\/option><option value=\"Chambre Double + Lit Suppl\u00e9mentaire\">Chambre Double + Lit Suppl\u00e9mentaire<\/option><option value=\"Chambre Montagnards\">Chambre Montagnards<\/option><option value=\"Appartement Individuel\">Appartement Individuel<\/option><option value=\"Appartement Double\">Appartement Double<\/option><option value=\"Appartement Double + Lit Suppl\u00e9mentaire\">Appartement Double + Lit Suppl\u00e9mentaire<\/option><option value=\"Appartement pour 4\">Appartement pour 4<\/option><option value=\"Appartement pour 4 + Lit Suppl\u00e9mentaire\">Appartement pour 4 + Lit Suppl\u00e9mentaire<\/option><option value=\"Appartement pour 6\">Appartement pour 6<\/option><option value=\"Appartement Montagnards\">Appartement Montagnards<\/option><\/select><\/span><br \/>\n<\/label>\n<\/p>\n<p><label> Pension<br \/>\n<span class=\"wpcf7-form-control-wrap\" data-name=\"Pension\"><select class=\"wpcf7-form-control wpcf7-select\" aria-invalid=\"false\" name=\"Pension\"><option value=\"H\u00e9bergement Seul\">H\u00e9bergement Seul<\/option><option value=\"Demi-pension D\u00eener\">Demi-pension D\u00eener<\/option><option value=\"Demi-pension D\u00e9jeuner\">Demi-pension D\u00e9jeuner<\/option><option value=\"Pension Compl\u00e8te\">Pension Compl\u00e8te<\/option><\/select><\/span><br \/>\n<\/label>\n<\/p>\n<p><label> D\u00e9tails (Optionnel)<br \/>\n<span class=\"wpcf7-form-control-wrap\" data-name=\"your-message\"><textarea cols=\"40\" rows=\"10\" maxlength=\"2000\" class=\"wpcf7-form-control wpcf7-textarea\" aria-invalid=\"false\" name=\"your-message\"><\/textarea><\/span> <\/label>\n<\/p>\n\n<p><input class=\"wpcf7-form-control wpcf7-submit has-spinner\" type=\"submit\" value=\"Soumettre\" \/>\n<\/p><p style=\"display: none !important;\" class=\"akismet-fields-container\" data-prefix=\"_wpcf7_ak_\"><label>&#916;<textarea name=\"_wpcf7_ak_hp_textarea\" cols=\"45\" rows=\"8\" maxlength=\"100\"><\/textarea><\/label><input type=\"hidden\" id=\"ak_js_3\" name=\"_wpcf7_ak_js\" value=\"72\"\/><script>document.getElementById( \"ak_js_3\" ).setAttribute( \"value\", ( new Date() ).getTime() );<\/script><\/p><div class=\"wpcf7-response-output\" aria-hidden=\"true\"><\/div>\n<\/form>\n<\/div>\n\n<hr \/>\n<div class=\"relative flex w-full flex-col agent-turn\">\n<div class=\"font-semibold select-none\"><\/div>\n<div class=\"flex-col gap-1 md:gap-3\">\n<div class=\"flex flex-grow flex-col max-w-full\">\n<div class=\"min-h-[20px] text-message flex flex-col items-start gap-3 whitespace-pre-wrap break-words [.text-message+&amp;]:mt-5 overflow-x-auto\" data-message-author-role=\"assistant\" data-message-id=\"4085ad57-b1d5-4f3a-a668-5244fde3c404\">\n<div class=\"markdown prose w-full break-words dark:prose-invert light\">\n<h4>Normes et politique d&rsquo;annulation :<\/h4>\n<ol>\n<li>Pour confirmer la r\u00e9servation, un virement bancaire avec le paiement de la premi\u00e8re nuit en guise d&rsquo;acompte doit \u00eatre effectu\u00e9, et le justificatif doit \u00eatre envoy\u00e9 \u00e0 <a target=\"_new\" rel=\"noopener\">info@alqueriamorayma.com<\/a> (les coordonn\u00e9es bancaires sont \u00e0 la fin de la page).<\/li>\n<li>L&rsquo;heure d&rsquo;arriv\u00e9e (check-in) est \u00e0 partir de 16h00.<\/li>\n<li>L&rsquo;heure de d\u00e9part (check-out) est \u00e0 11h00.<\/li>\n<li>La politique d&rsquo;annulation est la suivante :\n<ol>\n<li>Jusqu&rsquo;\u00e0 72 heures avant le check-in : l&rsquo;acompte est rembours\u00e9.<\/li>\n<li>\u00c0 partir de 72 heures : l&rsquo;acompte n&rsquo;est pas rembours\u00e9.<\/li>\n<li>Pour la r\u00e9servation de chambres individuelles lors de mariages, bapt\u00eames, c\u00e9l\u00e9brations, etc. de plus de 20 personnes, le d\u00e9lai d&rsquo;annulation est port\u00e9 \u00e0 15 jours.<\/li>\n<\/ol>\n<\/li>\n<li>Veuillez demander la politique d&rsquo;annulation pour les groupes \u00e0 <a target=\"_new\" rel=\"noopener\">info@alqueriamorayma.com<\/a>.<\/li>\n<li>Conform\u00e9ment \u00e0 la r\u00e9glementation en vigueur, il est interdit de fumer dans les chambres et les espaces communs, sauf dans les zones d\u00e9sign\u00e9es \u00e0 cet effet.<\/li>\n<li>L&rsquo;utilisateur est responsable des dommages caus\u00e9s pendant son s\u00e9jour.<\/li>\n<li>La piscine est ouverte de 10h30 \u00e0 21h00, sans surveillance et son utilisation est exclusivement sous la responsabilit\u00e9 des clients. Les mineurs doivent \u00eatre accompagn\u00e9s de leurs parents ou responsables. Il est interdit de sortir les serviettes des chambres. Des serviettes de piscine sont disponibles \u00e0 la r\u00e9ception, veuillez les demander en cas de besoin.<\/li>\n<li>L&rsquo;HOTEL ALQUER\u00cdA DE MORAYMA d\u00e9cline toute responsabilit\u00e9 en cas de perte d&rsquo;argent ou d&rsquo;objets.<\/li>\n<li>Alquer\u00eda de Morayma ne couvre pas les frais de change de devise, et nous demandons que le paiement soit effectu\u00e9 en euros. \u00c0 cette fin, il est n\u00e9cessaire de s\u00e9lectionner l&rsquo;option \u00ab\u00a0exp\u00e9diteur paye les frais\u00a0\u00bb et non l&rsquo;option \u00ab\u00a0frais partag\u00e9s\u00a0\u00bb, et de payer en euros lors de la transfert. Merci beaucoup.<\/li>\n<\/ol>\n<\/div>\n<\/div>\n<\/div>\n<\/div>\n<\/div>","protected":false},"excerpt":{"rendered":"<p>D\u00e9sol\u00e9, cet article est seulement disponible en Espagnol Europ\u00e9en.<\/p>\n","protected":false},"author":1,"featured_media":0,"parent":0,"menu_order":2,"comment_status":"closed","ping_status":"closed","template":"","meta":{"jetpack_post_was_ever_published":false,"footnotes":""},"yoast_head":"<!-- This site is optimized with the Yoast SEO plugin v23.5 - https:\/\/yoast.com\/wordpress\/plugins\/seo\/ -->\n<title>Reservations - Alquer\u00eda de Morayma<\/title>\n<meta name=\"robots\" content=\"index, follow, max-snippet:-1, max-image-preview:large, max-video-preview:-1\" \/>\n<link rel=\"canonical\" href=\"https:\/\/www.alqueriamorayma.com\/reservas\/\" \/>\n<meta property=\"og:locale\" content=\"fr_FR\" \/>\n<meta property=\"og:type\" content=\"article\" \/>\n<meta property=\"og:title\" content=\"Reservations - Alquer\u00eda de Morayma\" \/>\n<meta property=\"og:description\" content=\"D\u00e9sol\u00e9, cet article est seulement disponible en Espagnol Europ\u00e9en.\" \/>\n<meta property=\"og:url\" content=\"https:\/\/www.alqueriamorayma.com\/reservas\/\" \/>\n<meta property=\"og:site_name\" content=\"Alquer\u00eda de Morayma\" \/>\n<meta property=\"article:publisher\" content=\"https:\/\/es-es.facebook.com\/alqueriamorayma\/\" \/>\n<meta property=\"article:modified_time\" content=\"2025-01-16T13:01:54+00:00\" \/>\n<meta property=\"og:image\" content=\"http:\/\/www.alqueriamorayma.com\/wp-content\/uploads\/2017\/01\/recepcion-300x203.jpg\" \/>\n<meta name=\"twitter:card\" content=\"summary_large_image\" \/>\n<meta name=\"twitter:site\" content=\"@alqueriamorayma\" \/>\n<meta name=\"twitter:label1\" content=\"Dur\u00e9e de lecture estim\u00e9e\" \/>\n\t<meta name=\"twitter:data1\" content=\"3 minutes\" \/>\n<script type=\"application\/ld+json\" class=\"yoast-schema-graph\">{\"@context\":\"https:\/\/schema.org\",\"@graph\":[{\"@type\":\"WebPage\",\"@id\":\"https:\/\/www.alqueriamorayma.com\/reservas\/\",\"url\":\"https:\/\/www.alqueriamorayma.com\/reservas\/\",\"name\":\"Reservations - Alquer\u00eda de Morayma\",\"isPartOf\":{\"@id\":\"https:\/\/www.alqueriamorayma.com\/#website\"},\"primaryImageOfPage\":{\"@id\":\"https:\/\/www.alqueriamorayma.com\/reservas\/#primaryimage\"},\"image\":{\"@id\":\"https:\/\/www.alqueriamorayma.com\/reservas\/#primaryimage\"},\"thumbnailUrl\":\"http:\/\/www.alqueriamorayma.com\/wp-content\/uploads\/2017\/01\/recepcion-300x203.jpg\",\"datePublished\":\"2017-01-17T12:45:58+00:00\",\"dateModified\":\"2025-01-16T13:01:54+00:00\",\"breadcrumb\":{\"@id\":\"https:\/\/www.alqueriamorayma.com\/reservas\/#breadcrumb\"},\"inLanguage\":\"fr-FR\",\"potentialAction\":[{\"@type\":\"ReadAction\",\"target\":[\"https:\/\/www.alqueriamorayma.com\/reservas\/\"]}]},{\"@type\":\"ImageObject\",\"inLanguage\":\"fr-FR\",\"@id\":\"https:\/\/www.alqueriamorayma.com\/reservas\/#primaryimage\",\"url\":\"http:\/\/www.alqueriamorayma.com\/wp-content\/uploads\/2017\/01\/recepcion-300x203.jpg\",\"contentUrl\":\"http:\/\/www.alqueriamorayma.com\/wp-content\/uploads\/2017\/01\/recepcion-300x203.jpg\"},{\"@type\":\"BreadcrumbList\",\"@id\":\"https:\/\/www.alqueriamorayma.com\/reservas\/#breadcrumb\",\"itemListElement\":[{\"@type\":\"ListItem\",\"position\":1,\"name\":\"Portada\",\"item\":\"https:\/\/www.alqueriamorayma.com\/\"},{\"@type\":\"ListItem\",\"position\":2,\"name\":\"Reservas\"}]},{\"@type\":\"WebSite\",\"@id\":\"https:\/\/www.alqueriamorayma.com\/#website\",\"url\":\"https:\/\/www.alqueriamorayma.com\/\",\"name\":\"Alquer\u00eda de Morayma\",\"description\":\"Hotel Rural en la Alpujarra\",\"publisher\":{\"@id\":\"https:\/\/www.alqueriamorayma.com\/#organization\"},\"potentialAction\":[{\"@type\":\"SearchAction\",\"target\":{\"@type\":\"EntryPoint\",\"urlTemplate\":\"https:\/\/www.alqueriamorayma.com\/?s={search_term_string}\"},\"query-input\":{\"@type\":\"PropertyValueSpecification\",\"valueRequired\":true,\"valueName\":\"search_term_string\"}}],\"inLanguage\":\"fr-FR\"},{\"@type\":\"Organization\",\"@id\":\"https:\/\/www.alqueriamorayma.com\/#organization\",\"name\":\"Alqueria de Morayma\",\"url\":\"https:\/\/www.alqueriamorayma.com\/\",\"logo\":{\"@type\":\"ImageObject\",\"inLanguage\":\"fr-FR\",\"@id\":\"https:\/\/www.alqueriamorayma.com\/#\/schema\/logo\/image\/\",\"url\":\"https:\/\/i0.wp.com\/www.alqueriamorayma.com\/wp-content\/uploads\/2017\/03\/logo-alqueria.png?fit=100%2C74\",\"contentUrl\":\"https:\/\/i0.wp.com\/www.alqueriamorayma.com\/wp-content\/uploads\/2017\/03\/logo-alqueria.png?fit=100%2C74\",\"width\":100,\"height\":74,\"caption\":\"Alqueria de Morayma\"},\"image\":{\"@id\":\"https:\/\/www.alqueriamorayma.com\/#\/schema\/logo\/image\/\"},\"sameAs\":[\"https:\/\/es-es.facebook.com\/alqueriamorayma\/\",\"https:\/\/x.com\/alqueriamorayma\"]}]}<\/script>\n<!-- \/ Yoast SEO plugin. -->","yoast_head_json":{"title":"Reservations - Alquer\u00eda de Morayma","robots":{"index":"index","follow":"follow","max-snippet":"max-snippet:-1","max-image-preview":"max-image-preview:large","max-video-preview":"max-video-preview:-1"},"canonical":"https:\/\/www.alqueriamorayma.com\/reservas\/","og_locale":"fr_FR","og_type":"article","og_title":"Reservations - Alquer\u00eda de Morayma","og_description":"D\u00e9sol\u00e9, cet article est seulement disponible en Espagnol Europ\u00e9en.","og_url":"https:\/\/www.alqueriamorayma.com\/reservas\/","og_site_name":"Alquer\u00eda de Morayma","article_publisher":"https:\/\/es-es.facebook.com\/alqueriamorayma\/","article_modified_time":"2025-01-16T13:01:54+00:00","og_image":[{"url":"http:\/\/www.alqueriamorayma.com\/wp-content\/uploads\/2017\/01\/recepcion-300x203.jpg"}],"twitter_card":"summary_large_image","twitter_site":"@alqueriamorayma","twitter_misc":{"Dur\u00e9e de lecture estim\u00e9e":"3 minutes"},"schema":{"@context":"https:\/\/schema.org","@graph":[{"@type":"WebPage","@id":"https:\/\/www.alqueriamorayma.com\/reservas\/","url":"https:\/\/www.alqueriamorayma.com\/reservas\/","name":"Reservations - Alquer\u00eda de Morayma","isPartOf":{"@id":"https:\/\/www.alqueriamorayma.com\/#website"},"primaryImageOfPage":{"@id":"https:\/\/www.alqueriamorayma.com\/reservas\/#primaryimage"},"image":{"@id":"https:\/\/www.alqueriamorayma.com\/reservas\/#primaryimage"},"thumbnailUrl":"http:\/\/www.alqueriamorayma.com\/wp-content\/uploads\/2017\/01\/recepcion-300x203.jpg","datePublished":"2017-01-17T12:45:58+00:00","dateModified":"2025-01-16T13:01:54+00:00","breadcrumb":{"@id":"https:\/\/www.alqueriamorayma.com\/reservas\/#breadcrumb"},"inLanguage":"fr-FR","potentialAction":[{"@type":"ReadAction","target":["https:\/\/www.alqueriamorayma.com\/reservas\/"]}]},{"@type":"ImageObject","inLanguage":"fr-FR","@id":"https:\/\/www.alqueriamorayma.com\/reservas\/#primaryimage","url":"http:\/\/www.alqueriamorayma.com\/wp-content\/uploads\/2017\/01\/recepcion-300x203.jpg","contentUrl":"http:\/\/www.alqueriamorayma.com\/wp-content\/uploads\/2017\/01\/recepcion-300x203.jpg"},{"@type":"BreadcrumbList","@id":"https:\/\/www.alqueriamorayma.com\/reservas\/#breadcrumb","itemListElement":[{"@type":"ListItem","position":1,"name":"Portada","item":"https:\/\/www.alqueriamorayma.com\/"},{"@type":"ListItem","position":2,"name":"Reservas"}]},{"@type":"WebSite","@id":"https:\/\/www.alqueriamorayma.com\/#website","url":"https:\/\/www.alqueriamorayma.com\/","name":"Alquer\u00eda de Morayma","description":"Hotel Rural en la Alpujarra","publisher":{"@id":"https:\/\/www.alqueriamorayma.com\/#organization"},"potentialAction":[{"@type":"SearchAction","target":{"@type":"EntryPoint","urlTemplate":"https:\/\/www.alqueriamorayma.com\/?s={search_term_string}"},"query-input":{"@type":"PropertyValueSpecification","valueRequired":true,"valueName":"search_term_string"}}],"inLanguage":"fr-FR"},{"@type":"Organization","@id":"https:\/\/www.alqueriamorayma.com\/#organization","name":"Alqueria de Morayma","url":"https:\/\/www.alqueriamorayma.com\/","logo":{"@type":"ImageObject","inLanguage":"fr-FR","@id":"https:\/\/www.alqueriamorayma.com\/#\/schema\/logo\/image\/","url":"https:\/\/i0.wp.com\/www.alqueriamorayma.com\/wp-content\/uploads\/2017\/03\/logo-alqueria.png?fit=100%2C74","contentUrl":"https:\/\/i0.wp.com\/www.alqueriamorayma.com\/wp-content\/uploads\/2017\/03\/logo-alqueria.png?fit=100%2C74","width":100,"height":74,"caption":"Alqueria de Morayma"},"image":{"@id":"https:\/\/www.alqueriamorayma.com\/#\/schema\/logo\/image\/"},"sameAs":["https:\/\/es-es.facebook.com\/alqueriamorayma\/","https:\/\/x.com\/alqueriamorayma"]}]}},"jetpack_sharing_enabled":true,"jetpack_shortlink":"https:\/\/wp.me\/P8sFGa-1e","jetpack-related-posts":[],"_links":{"self":[{"href":"https:\/\/www.alqueriamorayma.com\/fr\/wp-json\/wp\/v2\/pages\/76"}],"collection":[{"href":"https:\/\/www.alqueriamorayma.com\/fr\/wp-json\/wp\/v2\/pages"}],"about":[{"href":"https:\/\/www.alqueriamorayma.com\/fr\/wp-json\/wp\/v2\/types\/page"}],"author":[{"embeddable":true,"href":"https:\/\/www.alqueriamorayma.com\/fr\/wp-json\/wp\/v2\/users\/1"}],"replies":[{"embeddable":true,"href":"https:\/\/www.alqueriamorayma.com\/fr\/wp-json\/wp\/v2\/comments?post=76"}],"version-history":[{"count":95,"href":"https:\/\/www.alqueriamorayma.com\/fr\/wp-json\/wp\/v2\/pages\/76\/revisions"}],"predecessor-version":[{"id":1730,"href":"https:\/\/www.alqueriamorayma.com\/fr\/wp-json\/wp\/v2\/pages\/76\/revisions\/1730"}],"wp:attachment":[{"href":"https:\/\/www.alqueriamorayma.com\/fr\/wp-json\/wp\/v2\/media?parent=76"}],"curies":[{"name":"wp","href":"https:\/\/api.w.org\/{rel}","templated":true}]}}