{"id":72,"date":"2017-01-17T12:44:12","date_gmt":"2017-01-17T12:44:12","guid":{"rendered":"http:\/\/www.alqueriamorayma.com\/?page_id=72"},"modified":"2025-09-08T07:49:00","modified_gmt":"2025-09-08T07:49:00","slug":"bodega","status":"publish","type":"page","link":"https:\/\/www.alqueriamorayma.com\/fr\/bodega\/","title":{"rendered":"Cave Vinicole \u00ab\u00a0Bodega\u00a0\u00bb"},"content":{"rendered":"<h3 class=\"contentheading\"><a href=\"http:\/\/www.alqueriamorayma.com\/wp-content\/uploads\/2017\/01\/bodega03.jpg\"><img loading=\"lazy\" decoding=\"async\" data-attachment-id=\"261\" data-permalink=\"https:\/\/www.alqueriamorayma.com\/fr\/bodega\/bodega03\/\" data-orig-file=\"https:\/\/www.alqueriamorayma.com\/wp-content\/uploads\/2017\/01\/bodega03.jpg\" data-orig-size=\"640,480\" data-comments-opened=\"1\" data-image-meta=\"{&quot;aperture&quot;:&quot;6&quot;,&quot;credit&quot;:&quot;&quot;,&quot;camera&quot;:&quot;E995&quot;,&quot;caption&quot;:&quot;&quot;,&quot;created_timestamp&quot;:&quot;1058711961&quot;,&quot;copyright&quot;:&quot;&quot;,&quot;focal_length&quot;:&quot;8.2&quot;,&quot;iso&quot;:&quot;100&quot;,&quot;shutter_speed&quot;:&quot;0.0032289312237649&quot;,&quot;title&quot;:&quot;&quot;,&quot;orientation&quot;:&quot;1&quot;}\" data-image-title=\"bodega03\" data-image-description=\"\" data-image-caption=\"\" data-medium-file=\"https:\/\/www.alqueriamorayma.com\/wp-content\/uploads\/2017\/01\/bodega03-300x225.jpg\" data-large-file=\"https:\/\/www.alqueriamorayma.com\/wp-content\/uploads\/2017\/01\/bodega03.jpg\" tabindex=\"0\" role=\"button\" class=\"wp-image-261 size-medium alignright\" src=\"http:\/\/www.alqueriamorayma.com\/wp-content\/uploads\/2017\/01\/bodega03-300x225.jpg\" width=\"300\" height=\"225\" srcset=\"https:\/\/www.alqueriamorayma.com\/wp-content\/uploads\/2017\/01\/bodega03-300x225.jpg 300w, https:\/\/www.alqueriamorayma.com\/wp-content\/uploads\/2017\/01\/bodega03.jpg 640w\" sizes=\"(max-width: 300px) 100vw, 300px\" \/><\/a>Vignoble<\/h3>\n<p>A 1000 m d\u2019altitude et avec vue sur la Sierra Nevada et la Contraviesa s\u2019\u00e9tendent tranquilement quelques 2 hectares de raisin rouge. (1213 ceps de Syrah, 2312 de Tempranillo, 700 de Merlot, 150 de Cabernet Franc et 50 de Cabernet Sauvignon ).Un peu plus bas quelques 1300 ceps de la vari\u00e9t\u00e9 Vigiriega autochtone de la Alpujarra (raisin blanc).<\/p>\n<hr \/>\n<h3 class=\"contentheading\"><a href=\"http:\/\/www.alqueriamorayma.com\/wp-content\/uploads\/2017\/01\/bodega01.jpg\"><img loading=\"lazy\" decoding=\"async\" data-attachment-id=\"265\" data-permalink=\"https:\/\/www.alqueriamorayma.com\/fr\/bodega\/bodega01\/\" data-orig-file=\"https:\/\/www.alqueriamorayma.com\/wp-content\/uploads\/2017\/01\/bodega01.jpg\" data-orig-size=\"640,432\" data-comments-opened=\"1\" data-image-meta=\"{&quot;aperture&quot;:&quot;9&quot;,&quot;credit&quot;:&quot;&quot;,&quot;camera&quot;:&quot;NIKON D200&quot;,&quot;caption&quot;:&quot;&quot;,&quot;created_timestamp&quot;:&quot;1179082181&quot;,&quot;copyright&quot;:&quot;&quot;,&quot;focal_length&quot;:&quot;18&quot;,&quot;iso&quot;:&quot;200&quot;,&quot;shutter_speed&quot;:&quot;0.008&quot;,&quot;title&quot;:&quot;&quot;,&quot;orientation&quot;:&quot;1&quot;}\" data-image-title=\"bodega01\" data-image-description=\"\" data-image-caption=\"\" data-medium-file=\"https:\/\/www.alqueriamorayma.com\/wp-content\/uploads\/2017\/01\/bodega01-300x203.jpg\" data-large-file=\"https:\/\/www.alqueriamorayma.com\/wp-content\/uploads\/2017\/01\/bodega01.jpg\" tabindex=\"0\" role=\"button\" class=\"size-medium wp-image-265 alignleft\" src=\"http:\/\/www.alqueriamorayma.com\/wp-content\/uploads\/2017\/01\/bodega01-300x203.jpg\" alt=\"\" width=\"300\" height=\"203\" srcset=\"https:\/\/www.alqueriamorayma.com\/wp-content\/uploads\/2017\/01\/bodega01-300x203.jpg 300w, https:\/\/www.alqueriamorayma.com\/wp-content\/uploads\/2017\/01\/bodega01.jpg 640w\" sizes=\"(max-width: 300px) 100vw, 300px\" \/><\/a>Cave Vinicole \u201cBodega\u201d et Vinification \u00e9cologique<\/h3>\n<p>La \u201cBodega\u201d est un b\u00e2timent qui a \u00e9t\u00e9 cr\u00e9\u00e9 pour \u00e9laborer le vin \u00e0 partir des raisins du vignoble \u00e9cologique du domaine de forme artisanale mais avec un bon \u00e9quipement technique pour permettre la production de vins exquis en rouge et blanc Vigiriega.<\/p>\n<hr \/>\n<h3 class=\"contentheading\">Vins<\/h3>\n<p><a href=\"http:\/\/www.alqueriamorayma.com\/wp-content\/uploads\/2017\/01\/bodega09.jpg\"><img loading=\"lazy\" decoding=\"async\" data-attachment-id=\"267\" data-permalink=\"https:\/\/www.alqueriamorayma.com\/fr\/bodega\/bodega09\/\" data-orig-file=\"https:\/\/www.alqueriamorayma.com\/wp-content\/uploads\/2017\/01\/bodega09.jpg\" data-orig-size=\"640,455\" data-comments-opened=\"1\" data-image-meta=\"{&quot;aperture&quot;:&quot;0&quot;,&quot;credit&quot;:&quot;&quot;,&quot;camera&quot;:&quot;&quot;,&quot;caption&quot;:&quot;&quot;,&quot;created_timestamp&quot;:&quot;0&quot;,&quot;copyright&quot;:&quot;&quot;,&quot;focal_length&quot;:&quot;0&quot;,&quot;iso&quot;:&quot;0&quot;,&quot;shutter_speed&quot;:&quot;0&quot;,&quot;title&quot;:&quot;&quot;,&quot;orientation&quot;:&quot;0&quot;}\" data-image-title=\"bodega09\" data-image-description=\"\" data-image-caption=\"\" data-medium-file=\"https:\/\/www.alqueriamorayma.com\/wp-content\/uploads\/2017\/01\/bodega09-300x213.jpg\" data-large-file=\"https:\/\/www.alqueriamorayma.com\/wp-content\/uploads\/2017\/01\/bodega09.jpg\" tabindex=\"0\" role=\"button\" class=\"size-medium wp-image-267 alignright\" src=\"http:\/\/www.alqueriamorayma.com\/wp-content\/uploads\/2017\/01\/bodega09-300x213.jpg\" alt=\"\" width=\"300\" height=\"213\" srcset=\"https:\/\/www.alqueriamorayma.com\/wp-content\/uploads\/2017\/01\/bodega09-300x213.jpg 300w, https:\/\/www.alqueriamorayma.com\/wp-content\/uploads\/2017\/01\/bodega09.jpg 640w\" sizes=\"(max-width: 300px) 100vw, 300px\" \/><\/a>La production est de 7000 bouteilles de rouge et 200 de blanc. La vente se fait exlusivement dans l\u2019hotel (dans la cave ou \u00e0 la reception).<\/p>\n<p>Le rendement est moyen ou bas d\u2019une grande qualit\u00e9. On \u00e9labore un blanc \u201cVigiriega\u201d et un rouge de 12 mois en barrique avec son ar\u00f4me de cassis, on pourra apr\u00e9cier<\/p>\n<hr \/>\n<h3 class=\"contentheading\">Mus\u00e9e<\/h3>\n<p><a href=\"http:\/\/www.alqueriamorayma.com\/wp-content\/uploads\/2017\/01\/bodega04.jpg\"><img loading=\"lazy\" decoding=\"async\" data-attachment-id=\"268\" data-permalink=\"https:\/\/www.alqueriamorayma.com\/fr\/bodega\/bodega04\/\" data-orig-file=\"https:\/\/www.alqueriamorayma.com\/wp-content\/uploads\/2017\/01\/bodega04.jpg\" data-orig-size=\"640,428\" data-comments-opened=\"1\" data-image-meta=\"{&quot;aperture&quot;:&quot;5.6&quot;,&quot;credit&quot;:&quot;&quot;,&quot;camera&quot;:&quot;NIKON D200&quot;,&quot;caption&quot;:&quot;&quot;,&quot;created_timestamp&quot;:&quot;1189531554&quot;,&quot;copyright&quot;:&quot;&quot;,&quot;focal_length&quot;:&quot;26&quot;,&quot;iso&quot;:&quot;1600&quot;,&quot;shutter_speed&quot;:&quot;0.0125&quot;,&quot;title&quot;:&quot;&quot;,&quot;orientation&quot;:&quot;1&quot;}\" data-image-title=\"bodega04\" data-image-description=\"\" data-image-caption=\"\" data-medium-file=\"https:\/\/www.alqueriamorayma.com\/wp-content\/uploads\/2017\/01\/bodega04-300x201.jpg\" data-large-file=\"https:\/\/www.alqueriamorayma.com\/wp-content\/uploads\/2017\/01\/bodega04.jpg\" tabindex=\"0\" role=\"button\" class=\"alignleft wp-image-268 size-thumbnail\" src=\"http:\/\/www.alqueriamorayma.com\/wp-content\/uploads\/2017\/01\/bodega04-150x150.jpg\" width=\"150\" height=\"150\" srcset=\"https:\/\/www.alqueriamorayma.com\/wp-content\/uploads\/2017\/01\/bodega04-150x150.jpg 150w, https:\/\/www.alqueriamorayma.com\/wp-content\/uploads\/2017\/01\/bodega04-270x270.jpg 270w, https:\/\/www.alqueriamorayma.com\/wp-content\/uploads\/2017\/01\/bodega04-230x230.jpg 230w\" sizes=\"(max-width: 150px) 100vw, 150px\" \/><\/a>Mus\u00e9e oenologique: La Bodega est aussi un mus\u00e9e oenologique o\u00f9 on trouve des descriptions graphiques sur la technique et l\u2019histoire du vin et les po\u00e8mes d\u2019autrefois et maintenant. On apprend au sujet du greffage, la tonnellerie, le philox\u00e9ra dans l\u2019Alpujarra, les vari\u00e9t\u00e9s de raisin, ses maladies.<\/p>\n<p><a href=\"http:\/\/www.alqueriamorayma.com\/wp-content\/uploads\/2017\/01\/bodega02.jpg\"><img loading=\"lazy\" decoding=\"async\" data-attachment-id=\"269\" data-permalink=\"https:\/\/www.alqueriamorayma.com\/fr\/bodega\/bodega02\/\" data-orig-file=\"https:\/\/www.alqueriamorayma.com\/wp-content\/uploads\/2017\/01\/bodega02.jpg\" data-orig-size=\"640,428\" data-comments-opened=\"1\" data-image-meta=\"{&quot;aperture&quot;:&quot;4.5&quot;,&quot;credit&quot;:&quot;&quot;,&quot;camera&quot;:&quot;NIKON D200&quot;,&quot;caption&quot;:&quot;&quot;,&quot;created_timestamp&quot;:&quot;1190823818&quot;,&quot;copyright&quot;:&quot;&quot;,&quot;focal_length&quot;:&quot;26&quot;,&quot;iso&quot;:&quot;1600&quot;,&quot;shutter_speed&quot;:&quot;0.0125&quot;,&quot;title&quot;:&quot;&quot;,&quot;orientation&quot;:&quot;1&quot;}\" data-image-title=\"bodega02\" data-image-description=\"\" data-image-caption=\"\" data-medium-file=\"https:\/\/www.alqueriamorayma.com\/wp-content\/uploads\/2017\/01\/bodega02-300x201.jpg\" data-large-file=\"https:\/\/www.alqueriamorayma.com\/wp-content\/uploads\/2017\/01\/bodega02.jpg\" tabindex=\"0\" role=\"button\" class=\"alignright wp-image-269 size-thumbnail\" src=\"http:\/\/www.alqueriamorayma.com\/wp-content\/uploads\/2017\/01\/bodega02-150x150.jpg\" width=\"150\" height=\"150\" srcset=\"https:\/\/www.alqueriamorayma.com\/wp-content\/uploads\/2017\/01\/bodega02-150x150.jpg 150w, https:\/\/www.alqueriamorayma.com\/wp-content\/uploads\/2017\/01\/bodega02-270x270.jpg 270w, https:\/\/www.alqueriamorayma.com\/wp-content\/uploads\/2017\/01\/bodega02-230x230.jpg 230w\" sizes=\"(max-width: 150px) 100vw, 150px\" \/><\/a>Histoire graphique: \u00e0 travers des carrelages de Fajalauza on conna\u00eetra les techniques traditionnelles de l\u2019\u00e9laboration de l\u2019huile d\u2019olive. Information sur les plantes m\u00e9dicinales qu\u2019on trouve dans l\u2019Alqueria Morayme et aussi l\u2019\u00e9laboration du vin dans la r\u00e9gion.<\/p>\n<hr \/>\n<h3 class=\"contentheading\">Moulin \u00e0 huile \u201cAlmazara\u201d<\/h3>\n<p><a href=\"http:\/\/www.alqueriamorayma.com\/wp-content\/uploads\/2017\/01\/aceite-de-la-almazara-de-la-alqueria-de-morayma.jpg\"><img loading=\"lazy\" decoding=\"async\" data-attachment-id=\"272\" data-permalink=\"https:\/\/www.alqueriamorayma.com\/fr\/bodega\/aceite-de-la-almazara-de-la-alqueria-de-morayma\/\" data-orig-file=\"https:\/\/www.alqueriamorayma.com\/wp-content\/uploads\/2017\/01\/aceite-de-la-almazara-de-la-alqueria-de-morayma.jpg\" data-orig-size=\"596,872\" data-comments-opened=\"1\" data-image-meta=\"{&quot;aperture&quot;:&quot;5&quot;,&quot;credit&quot;:&quot;&quot;,&quot;camera&quot;:&quot;NIKON D200&quot;,&quot;caption&quot;:&quot;&quot;,&quot;created_timestamp&quot;:&quot;1232621592&quot;,&quot;copyright&quot;:&quot;&quot;,&quot;focal_length&quot;:&quot;34&quot;,&quot;iso&quot;:&quot;1000&quot;,&quot;shutter_speed&quot;:&quot;0.01111111&quot;,&quot;title&quot;:&quot;&quot;,&quot;orientation&quot;:&quot;1&quot;}\" data-image-title=\"aceite-de-la-almazara-de-la-alqueria-de-morayma\" data-image-description=\"\" data-image-caption=\"\" data-medium-file=\"https:\/\/www.alqueriamorayma.com\/wp-content\/uploads\/2017\/01\/aceite-de-la-almazara-de-la-alqueria-de-morayma-205x300.jpg\" data-large-file=\"https:\/\/www.alqueriamorayma.com\/wp-content\/uploads\/2017\/01\/aceite-de-la-almazara-de-la-alqueria-de-morayma.jpg\" tabindex=\"0\" role=\"button\" class=\"size-medium wp-image-272 alignleft\" src=\"http:\/\/www.alqueriamorayma.com\/wp-content\/uploads\/2017\/01\/aceite-de-la-almazara-de-la-alqueria-de-morayma-205x300.jpg\" alt=\"\" width=\"205\" height=\"300\" srcset=\"https:\/\/www.alqueriamorayma.com\/wp-content\/uploads\/2017\/01\/aceite-de-la-almazara-de-la-alqueria-de-morayma-205x300.jpg 205w, https:\/\/www.alqueriamorayma.com\/wp-content\/uploads\/2017\/01\/aceite-de-la-almazara-de-la-alqueria-de-morayma.jpg 596w\" sizes=\"(max-width: 205px) 100vw, 205px\" \/><\/a>Dans la \u201cBodega\u201d une presse moderne extrait \u00e0 froid l\u2019huile \u201cVierge Extra\u201d des olives \u00e9cologiques du domaine.<\/p>\n<p><strong>Les Oliviers<\/strong><\/p>\n<p>Les oliviers les plus vieux de la Alquer\u00eda, \u201c \u00e9ternels danseurs des champs\u201d, se trouvent sur quelques belles terrasses en dessous de la \u201cAcequia de los Lobreros\u201d pr\u00e8s du Guadalfeo. On peut suivre \u201cLa route des Oliviers\u201d, une promenade qui commence \u00e0 la presse \u00e0 huile et parcourt l\u2019oliveraie de la Alquer\u00eda. Les oliviers s\u2019enracinent sur les bords de larges terrasses, partageant la terre avec les cultures de c\u00e9r\u00e9ales du temps o\u00f9 elle \u00e9tait utilis\u00e9e intensivement.<\/p>\n<hr \/>\n<h3 class=\"contentheading\">La route du vin: Contraviesa Alpujarra<\/h3>\n<p>Jesus Barqu\u00edn y Francisca Rivas nous donnent des commentaires sur les vins de la Alpujarra:<\/p>\n<p>\u201c<em>Ils ont quelques d\u00e9terminants en commun:<\/em><\/p>\n<ol>\n<li><em>Il s\u2019agit d\u2019entreprises personnelles de genadins d\u2019origine rurale et de tradition familiale \u00e0 l\u2019\u00e9cart des dynasties.<\/em><\/li>\n<li><em>Implication et contr\u00f4le total. Les propri\u00e9taires ont le contr\u00f4le total et s\u2019impliquent \u00e0 fond dans le domaine des travaux dans la vigne et la cave.<\/em><\/li>\n<\/ol>\n<p><em>En plus ils ont en commun que les vignobles se trouvent sur des coteaux de grande altitude (1000m) et expos\u00e9s \u00e0 l\u2019influence de la M\u00e9diterrann\u00e9e, parce qu\u2019\u00e0 vol d\u2019oiseau la distance est de 10km seulement.<\/em><\/p>\n<p><em>Les vari\u00e9t\u00e9s de raisins se cultivent g\u00e9n\u00e9ralement en terres shisteuses aux pentes souvent vertigineuses.\u201d<\/em>\u201c.","protected":false},"excerpt":{"rendered":"<p>Vignoble A 1000 m d\u2019altitude et avec vue sur la Sierra Nevada et la Contraviesa s\u2019\u00e9tendent tranquilement quelques 2 hectares de raisin rouge. (1213 ceps de Syrah, 2312 de Tempranillo, 700 de Merlot, 150 de Cabernet Franc et 50 de<\/p>\n","protected":false},"author":1,"featured_media":0,"parent":0,"menu_order":3,"comment_status":"closed","ping_status":"closed","template":"","meta":{"jetpack_post_was_ever_published":false,"footnotes":""},"yoast_head":"<!-- This site is optimized with the Yoast SEO plugin v23.5 - https:\/\/yoast.com\/wordpress\/plugins\/seo\/ -->\n<title>Cave Vinicole &quot;Bodega&quot; - Alquer\u00eda de Morayma<\/title>\n<meta name=\"robots\" content=\"index, follow, max-snippet:-1, max-image-preview:large, max-video-preview:-1\" \/>\n<link rel=\"canonical\" href=\"https:\/\/www.alqueriamorayma.com\/bodega\/\" \/>\n<meta property=\"og:locale\" content=\"fr_FR\" \/>\n<meta property=\"og:type\" content=\"article\" \/>\n<meta property=\"og:title\" content=\"Cave Vinicole &quot;Bodega&quot; - Alquer\u00eda de Morayma\" \/>\n<meta property=\"og:description\" content=\"Vignoble A 1000 m d\u2019altitude et avec vue sur la Sierra Nevada et la Contraviesa s\u2019\u00e9tendent tranquilement quelques 2 hectares de raisin rouge. (1213 ceps de Syrah, 2312 de Tempranillo, 700 de Merlot, 150 de Cabernet Franc et 50 de\" \/>\n<meta property=\"og:url\" content=\"https:\/\/www.alqueriamorayma.com\/bodega\/\" \/>\n<meta property=\"og:site_name\" content=\"Alquer\u00eda de Morayma\" \/>\n<meta property=\"article:publisher\" content=\"https:\/\/es-es.facebook.com\/alqueriamorayma\/\" \/>\n<meta property=\"article:modified_time\" content=\"2025-09-08T07:49:00+00:00\" \/>\n<meta property=\"og:image\" content=\"http:\/\/www.alqueriamorayma.com\/wp-content\/uploads\/2017\/01\/bodega03-300x225.jpg\" \/>\n<meta name=\"twitter:card\" content=\"summary_large_image\" \/>\n<meta name=\"twitter:site\" content=\"@alqueriamorayma\" \/>\n<meta name=\"twitter:label1\" content=\"Dur\u00e9e de lecture estim\u00e9e\" \/>\n\t<meta name=\"twitter:data1\" content=\"11 minutes\" \/>\n<script type=\"application\/ld+json\" class=\"yoast-schema-graph\">{\"@context\":\"https:\/\/schema.org\",\"@graph\":[{\"@type\":\"WebPage\",\"@id\":\"https:\/\/www.alqueriamorayma.com\/bodega\/\",\"url\":\"https:\/\/www.alqueriamorayma.com\/bodega\/\",\"name\":\"Cave Vinicole \\\"Bodega\\\" - Alquer\u00eda de Morayma\",\"isPartOf\":{\"@id\":\"https:\/\/www.alqueriamorayma.com\/#website\"},\"primaryImageOfPage\":{\"@id\":\"https:\/\/www.alqueriamorayma.com\/bodega\/#primaryimage\"},\"image\":{\"@id\":\"https:\/\/www.alqueriamorayma.com\/bodega\/#primaryimage\"},\"thumbnailUrl\":\"http:\/\/www.alqueriamorayma.com\/wp-content\/uploads\/2017\/01\/bodega03-300x225.jpg\",\"datePublished\":\"2017-01-17T12:44:12+00:00\",\"dateModified\":\"2025-09-08T07:49:00+00:00\",\"breadcrumb\":{\"@id\":\"https:\/\/www.alqueriamorayma.com\/bodega\/#breadcrumb\"},\"inLanguage\":\"fr-FR\",\"potentialAction\":[{\"@type\":\"ReadAction\",\"target\":[\"https:\/\/www.alqueriamorayma.com\/bodega\/\"]}]},{\"@type\":\"ImageObject\",\"inLanguage\":\"fr-FR\",\"@id\":\"https:\/\/www.alqueriamorayma.com\/bodega\/#primaryimage\",\"url\":\"http:\/\/www.alqueriamorayma.com\/wp-content\/uploads\/2017\/01\/bodega03-300x225.jpg\",\"contentUrl\":\"http:\/\/www.alqueriamorayma.com\/wp-content\/uploads\/2017\/01\/bodega03-300x225.jpg\"},{\"@type\":\"BreadcrumbList\",\"@id\":\"https:\/\/www.alqueriamorayma.com\/bodega\/#breadcrumb\",\"itemListElement\":[{\"@type\":\"ListItem\",\"position\":1,\"name\":\"Portada\",\"item\":\"https:\/\/www.alqueriamorayma.com\/\"},{\"@type\":\"ListItem\",\"position\":2,\"name\":\"Bodega\"}]},{\"@type\":\"WebSite\",\"@id\":\"https:\/\/www.alqueriamorayma.com\/#website\",\"url\":\"https:\/\/www.alqueriamorayma.com\/\",\"name\":\"Alquer\u00eda de Morayma\",\"description\":\"Hotel Rural en la Alpujarra\",\"publisher\":{\"@id\":\"https:\/\/www.alqueriamorayma.com\/#organization\"},\"potentialAction\":[{\"@type\":\"SearchAction\",\"target\":{\"@type\":\"EntryPoint\",\"urlTemplate\":\"https:\/\/www.alqueriamorayma.com\/?s={search_term_string}\"},\"query-input\":{\"@type\":\"PropertyValueSpecification\",\"valueRequired\":true,\"valueName\":\"search_term_string\"}}],\"inLanguage\":\"fr-FR\"},{\"@type\":\"Organization\",\"@id\":\"https:\/\/www.alqueriamorayma.com\/#organization\",\"name\":\"Alqueria de Morayma\",\"url\":\"https:\/\/www.alqueriamorayma.com\/\",\"logo\":{\"@type\":\"ImageObject\",\"inLanguage\":\"fr-FR\",\"@id\":\"https:\/\/www.alqueriamorayma.com\/#\/schema\/logo\/image\/\",\"url\":\"https:\/\/i0.wp.com\/www.alqueriamorayma.com\/wp-content\/uploads\/2017\/03\/logo-alqueria.png?fit=100%2C74\",\"contentUrl\":\"https:\/\/i0.wp.com\/www.alqueriamorayma.com\/wp-content\/uploads\/2017\/03\/logo-alqueria.png?fit=100%2C74\",\"width\":100,\"height\":74,\"caption\":\"Alqueria de Morayma\"},\"image\":{\"@id\":\"https:\/\/www.alqueriamorayma.com\/#\/schema\/logo\/image\/\"},\"sameAs\":[\"https:\/\/es-es.facebook.com\/alqueriamorayma\/\",\"https:\/\/x.com\/alqueriamorayma\"]}]}<\/script>\n<!-- \/ Yoast SEO plugin. -->","yoast_head_json":{"title":"Cave Vinicole \"Bodega\" - Alquer\u00eda de Morayma","robots":{"index":"index","follow":"follow","max-snippet":"max-snippet:-1","max-image-preview":"max-image-preview:large","max-video-preview":"max-video-preview:-1"},"canonical":"https:\/\/www.alqueriamorayma.com\/bodega\/","og_locale":"fr_FR","og_type":"article","og_title":"Cave Vinicole \"Bodega\" - Alquer\u00eda de Morayma","og_description":"Vignoble A 1000 m d\u2019altitude et avec vue sur la Sierra Nevada et la Contraviesa s\u2019\u00e9tendent tranquilement quelques 2 hectares de raisin rouge. (1213 ceps de Syrah, 2312 de Tempranillo, 700 de Merlot, 150 de Cabernet Franc et 50 de","og_url":"https:\/\/www.alqueriamorayma.com\/bodega\/","og_site_name":"Alquer\u00eda de Morayma","article_publisher":"https:\/\/es-es.facebook.com\/alqueriamorayma\/","article_modified_time":"2025-09-08T07:49:00+00:00","og_image":[{"url":"http:\/\/www.alqueriamorayma.com\/wp-content\/uploads\/2017\/01\/bodega03-300x225.jpg"}],"twitter_card":"summary_large_image","twitter_site":"@alqueriamorayma","twitter_misc":{"Dur\u00e9e de lecture estim\u00e9e":"11 minutes"},"schema":{"@context":"https:\/\/schema.org","@graph":[{"@type":"WebPage","@id":"https:\/\/www.alqueriamorayma.com\/bodega\/","url":"https:\/\/www.alqueriamorayma.com\/bodega\/","name":"Cave Vinicole \"Bodega\" - Alquer\u00eda de Morayma","isPartOf":{"@id":"https:\/\/www.alqueriamorayma.com\/#website"},"primaryImageOfPage":{"@id":"https:\/\/www.alqueriamorayma.com\/bodega\/#primaryimage"},"image":{"@id":"https:\/\/www.alqueriamorayma.com\/bodega\/#primaryimage"},"thumbnailUrl":"http:\/\/www.alqueriamorayma.com\/wp-content\/uploads\/2017\/01\/bodega03-300x225.jpg","datePublished":"2017-01-17T12:44:12+00:00","dateModified":"2025-09-08T07:49:00+00:00","breadcrumb":{"@id":"https:\/\/www.alqueriamorayma.com\/bodega\/#breadcrumb"},"inLanguage":"fr-FR","potentialAction":[{"@type":"ReadAction","target":["https:\/\/www.alqueriamorayma.com\/bodega\/"]}]},{"@type":"ImageObject","inLanguage":"fr-FR","@id":"https:\/\/www.alqueriamorayma.com\/bodega\/#primaryimage","url":"http:\/\/www.alqueriamorayma.com\/wp-content\/uploads\/2017\/01\/bodega03-300x225.jpg","contentUrl":"http:\/\/www.alqueriamorayma.com\/wp-content\/uploads\/2017\/01\/bodega03-300x225.jpg"},{"@type":"BreadcrumbList","@id":"https:\/\/www.alqueriamorayma.com\/bodega\/#breadcrumb","itemListElement":[{"@type":"ListItem","position":1,"name":"Portada","item":"https:\/\/www.alqueriamorayma.com\/"},{"@type":"ListItem","position":2,"name":"Bodega"}]},{"@type":"WebSite","@id":"https:\/\/www.alqueriamorayma.com\/#website","url":"https:\/\/www.alqueriamorayma.com\/","name":"Alquer\u00eda de Morayma","description":"Hotel Rural en la Alpujarra","publisher":{"@id":"https:\/\/www.alqueriamorayma.com\/#organization"},"potentialAction":[{"@type":"SearchAction","target":{"@type":"EntryPoint","urlTemplate":"https:\/\/www.alqueriamorayma.com\/?s={search_term_string}"},"query-input":{"@type":"PropertyValueSpecification","valueRequired":true,"valueName":"search_term_string"}}],"inLanguage":"fr-FR"},{"@type":"Organization","@id":"https:\/\/www.alqueriamorayma.com\/#organization","name":"Alqueria de Morayma","url":"https:\/\/www.alqueriamorayma.com\/","logo":{"@type":"ImageObject","inLanguage":"fr-FR","@id":"https:\/\/www.alqueriamorayma.com\/#\/schema\/logo\/image\/","url":"https:\/\/i0.wp.com\/www.alqueriamorayma.com\/wp-content\/uploads\/2017\/03\/logo-alqueria.png?fit=100%2C74","contentUrl":"https:\/\/i0.wp.com\/www.alqueriamorayma.com\/wp-content\/uploads\/2017\/03\/logo-alqueria.png?fit=100%2C74","width":100,"height":74,"caption":"Alqueria de Morayma"},"image":{"@id":"https:\/\/www.alqueriamorayma.com\/#\/schema\/logo\/image\/"},"sameAs":["https:\/\/es-es.facebook.com\/alqueriamorayma\/","https:\/\/x.com\/alqueriamorayma"]}]}},"jetpack_sharing_enabled":true,"jetpack_shortlink":"https:\/\/wp.me\/P8sFGa-1a","jetpack-related-posts":[],"_links":{"self":[{"href":"https:\/\/www.alqueriamorayma.com\/fr\/wp-json\/wp\/v2\/pages\/72"}],"collection":[{"href":"https:\/\/www.alqueriamorayma.com\/fr\/wp-json\/wp\/v2\/pages"}],"about":[{"href":"https:\/\/www.alqueriamorayma.com\/fr\/wp-json\/wp\/v2\/types\/page"}],"author":[{"embeddable":true,"href":"https:\/\/www.alqueriamorayma.com\/fr\/wp-json\/wp\/v2\/users\/1"}],"replies":[{"embeddable":true,"href":"https:\/\/www.alqueriamorayma.com\/fr\/wp-json\/wp\/v2\/comments?post=72"}],"version-history":[{"count":28,"href":"https:\/\/www.alqueriamorayma.com\/fr\/wp-json\/wp\/v2\/pages\/72\/revisions"}],"predecessor-version":[{"id":1808,"href":"https:\/\/www.alqueriamorayma.com\/fr\/wp-json\/wp\/v2\/pages\/72\/revisions\/1808"}],"wp:attachment":[{"href":"https:\/\/www.alqueriamorayma.com\/fr\/wp-json\/wp\/v2\/media?parent=72"}],"curies":[{"name":"wp","href":"https:\/\/api.w.org\/{rel}","templated":true}]}}