{"id":66,"date":"2017-01-17T12:40:41","date_gmt":"2017-01-17T12:40:41","guid":{"rendered":"http:\/\/www.alqueriamorayma.com\/?page_id=66"},"modified":"2017-03-01T11:28:05","modified_gmt":"2017-03-01T11:28:05","slug":"equipamiento","status":"publish","type":"page","link":"https:\/\/www.alqueriamorayma.com\/fr\/equipamiento\/","title":{"rendered":"Equipements"},"content":{"rendered":"L\u2019h\u00f4tel rural Alquer\u00eda de Morayma compte dix huit chambres et quatre appartements, au total quarante huit places. Le logement se r\u00e9partit en maisons de plein pied le long des diverses rues et places, formant avec les \u00e9quipements, un hameau typique de Sierra Nevada. Les \u00e9quipements d\u2019appui au logement sont: Salle \u00e0 manger, Salon polyvalent, Biblioth\u00e8que, Petite Cave, Piscine, La ferme et les \u00e9curies<\/p>\n<hr \/>\n<h3>Salle \u00e0 manger<\/h3>\n<p><img loading=\"lazy\" decoding=\"async\" data-attachment-id=\"209\" data-permalink=\"https:\/\/www.alqueriamorayma.com\/fr\/equipamiento\/comedor01\/\" data-orig-file=\"https:\/\/www.alqueriamorayma.com\/wp-content\/uploads\/2017\/01\/comedor01.jpg\" data-orig-size=\"640,430\" data-comments-opened=\"1\" data-image-meta=\"{&quot;aperture&quot;:&quot;8&quot;,&quot;credit&quot;:&quot;&quot;,&quot;camera&quot;:&quot;NIKON D70s&quot;,&quot;caption&quot;:&quot;&quot;,&quot;created_timestamp&quot;:&quot;1128989730&quot;,&quot;copyright&quot;:&quot;&quot;,&quot;focal_length&quot;:&quot;18&quot;,&quot;iso&quot;:&quot;0&quot;,&quot;shutter_speed&quot;:&quot;0.066666666666667&quot;,&quot;title&quot;:&quot;&quot;,&quot;orientation&quot;:&quot;1&quot;}\" data-image-title=\"comedor01\" data-image-description=\"\" data-image-caption=\"\" data-medium-file=\"https:\/\/www.alqueriamorayma.com\/wp-content\/uploads\/2017\/01\/comedor01-300x202.jpg\" data-large-file=\"https:\/\/www.alqueriamorayma.com\/wp-content\/uploads\/2017\/01\/comedor01.jpg\" tabindex=\"0\" role=\"button\" class=\"size-medium wp-image-209 alignright\" src=\"http:\/\/www.alqueriamorayma.com\/wp-content\/uploads\/2017\/01\/comedor01-300x202.jpg\" alt=\"\" width=\"300\" height=\"202\" srcset=\"https:\/\/www.alqueriamorayma.com\/wp-content\/uploads\/2017\/01\/comedor01-300x202.jpg 300w, https:\/\/www.alqueriamorayma.com\/wp-content\/uploads\/2017\/01\/comedor01.jpg 640w\" sizes=\"(max-width: 300px) 100vw, 300px\" \/>A l\u2019Alquer\u00eda on peut d\u00e9guster la cuisine traditionnelle des Alpujarras dans son restaurant. Il y a deux salles \u00e0 manger dont une avec bar et chemin\u00e9e. Dans les deux la d\u00e9coration sp\u00e9ciale nous accueuille entre boiseries, pierre et po\u00e9sie.<\/p>\n<p><img loading=\"lazy\" decoding=\"async\" data-attachment-id=\"210\" data-permalink=\"https:\/\/www.alqueriamorayma.com\/fr\/equipamiento\/comedor02\/\" data-orig-file=\"https:\/\/www.alqueriamorayma.com\/wp-content\/uploads\/2017\/01\/comedor02.jpg\" data-orig-size=\"640,428\" data-comments-opened=\"1\" data-image-meta=\"{&quot;aperture&quot;:&quot;4.8&quot;,&quot;credit&quot;:&quot;&quot;,&quot;camera&quot;:&quot;NIKON D200&quot;,&quot;caption&quot;:&quot;&quot;,&quot;created_timestamp&quot;:&quot;1209241462&quot;,&quot;copyright&quot;:&quot;&quot;,&quot;focal_length&quot;:&quot;45&quot;,&quot;iso&quot;:&quot;1600&quot;,&quot;shutter_speed&quot;:&quot;1.6&quot;,&quot;title&quot;:&quot;&quot;,&quot;orientation&quot;:&quot;1&quot;}\" data-image-title=\"comedor02\" data-image-description=\"\" data-image-caption=\"\" data-medium-file=\"https:\/\/www.alqueriamorayma.com\/wp-content\/uploads\/2017\/01\/comedor02-300x201.jpg\" data-large-file=\"https:\/\/www.alqueriamorayma.com\/wp-content\/uploads\/2017\/01\/comedor02.jpg\" tabindex=\"0\" role=\"button\" class=\"size-medium wp-image-210 alignleft\" src=\"http:\/\/www.alqueriamorayma.com\/wp-content\/uploads\/2017\/01\/comedor02-300x201.jpg\" alt=\"\" width=\"300\" height=\"201\" srcset=\"https:\/\/www.alqueriamorayma.com\/wp-content\/uploads\/2017\/01\/comedor02-300x201.jpg 300w, https:\/\/www.alqueriamorayma.com\/wp-content\/uploads\/2017\/01\/comedor02.jpg 640w\" sizes=\"(max-width: 300px) 100vw, 300px\" \/>A partir de la terrasse, buvant ou mangeant en plein air, on profite d\u2019une vue ample sur Sierra Nevada sp\u00e9cialement les d\u00eeners-fra\u00eecheur en \u00e9t\u00e9 et les repas de midi ensoleill\u00e9s en hiver. En automne et au printemps on peut apr\u00e9cier d\u2019ici les couleurs sp\u00e9ciales de la nature.<\/p>\n<p>&nbsp;<\/p>\n<p>&nbsp;<\/p>\n<hr \/>\n<h3>Salon polyvalent<img loading=\"lazy\" decoding=\"async\" data-attachment-id=\"214\" data-permalink=\"https:\/\/www.alqueriamorayma.com\/fr\/equipamiento\/sala01\/\" data-orig-file=\"https:\/\/www.alqueriamorayma.com\/wp-content\/uploads\/2017\/01\/sala01.jpg\" data-orig-size=\"640,430\" data-comments-opened=\"1\" data-image-meta=\"{&quot;aperture&quot;:&quot;8&quot;,&quot;credit&quot;:&quot;&quot;,&quot;camera&quot;:&quot;NIKON D70s&quot;,&quot;caption&quot;:&quot;&quot;,&quot;created_timestamp&quot;:&quot;1128738184&quot;,&quot;copyright&quot;:&quot;&quot;,&quot;focal_length&quot;:&quot;44&quot;,&quot;iso&quot;:&quot;0&quot;,&quot;shutter_speed&quot;:&quot;0.005&quot;,&quot;title&quot;:&quot;&quot;,&quot;orientation&quot;:&quot;1&quot;}\" data-image-title=\"sala01\" data-image-description=\"\" data-image-caption=\"\" data-medium-file=\"https:\/\/www.alqueriamorayma.com\/wp-content\/uploads\/2017\/01\/sala01-300x202.jpg\" data-large-file=\"https:\/\/www.alqueriamorayma.com\/wp-content\/uploads\/2017\/01\/sala01.jpg\" tabindex=\"0\" role=\"button\" class=\"size-medium wp-image-214 alignright\" src=\"http:\/\/www.alqueriamorayma.com\/wp-content\/uploads\/2017\/01\/sala01-300x202.jpg\" alt=\"\" width=\"300\" height=\"202\" srcset=\"https:\/\/www.alqueriamorayma.com\/wp-content\/uploads\/2017\/01\/sala01-300x202.jpg 300w, https:\/\/www.alqueriamorayma.com\/wp-content\/uploads\/2017\/01\/sala01.jpg 640w\" sizes=\"(max-width: 300px) 100vw, 300px\" \/><\/h3>\n<p>En descendant par les jardins de l\u2019Alquer\u00eda, entre figuiers et myrthes on arrive \u00e0 la grande salle de 90 m\u00e8tres carr\u00e9s destin\u00e9e \u00e0 organiser des ateliers, r\u00e9unions, cours, concerts, \u00e0 l\u2019aide l\u2019\u00e9quipement ad\u00e9quat:<\/p>\n<ul>\n<li>Installation st\u00e9r\u00e9o<\/li>\n<li>Projecteur<\/li>\n<li>Coussins,matelas l\u00e9gers, chaises et tables selon l\u2019activit\u00e9.<\/li>\n<\/ul>\n<span class=\"collapseomatic \" id=\"id69df09c1c91f1\"  tabindex=\"0\" title=\"Lire plus...\"    >Lire plus...<\/span><div id=\"target-id69df09c1c91f1\" class=\"collapseomatic_content \"><img loading=\"lazy\" decoding=\"async\" data-attachment-id=\"584\" data-permalink=\"https:\/\/www.alqueriamorayma.com\/fr\/equipamiento\/curso-sala\/\" data-orig-file=\"https:\/\/www.alqueriamorayma.com\/wp-content\/uploads\/2017\/01\/curso-sala.jpg\" data-orig-size=\"920,618\" data-comments-opened=\"1\" data-image-meta=\"{&quot;aperture&quot;:&quot;0&quot;,&quot;credit&quot;:&quot;&quot;,&quot;camera&quot;:&quot;&quot;,&quot;caption&quot;:&quot;&quot;,&quot;created_timestamp&quot;:&quot;0&quot;,&quot;copyright&quot;:&quot;&quot;,&quot;focal_length&quot;:&quot;0&quot;,&quot;iso&quot;:&quot;0&quot;,&quot;shutter_speed&quot;:&quot;0&quot;,&quot;title&quot;:&quot;&quot;,&quot;orientation&quot;:&quot;0&quot;}\" data-image-title=\"curso-sala\" data-image-description=\"\" data-image-caption=\"\" data-medium-file=\"https:\/\/www.alqueriamorayma.com\/wp-content\/uploads\/2017\/01\/curso-sala-300x202.jpg\" data-large-file=\"https:\/\/www.alqueriamorayma.com\/wp-content\/uploads\/2017\/01\/curso-sala.jpg\" tabindex=\"0\" role=\"button\" class=\"size-medium wp-image-584 alignleft\" src=\"http:\/\/www.alqueriamorayma.com\/wp-content\/uploads\/2017\/01\/curso-sala-300x202.jpg\" alt=\"\" width=\"300\" height=\"202\" srcset=\"https:\/\/www.alqueriamorayma.com\/wp-content\/uploads\/2017\/01\/curso-sala-300x202.jpg 300w, https:\/\/www.alqueriamorayma.com\/wp-content\/uploads\/2017\/01\/curso-sala-768x516.jpg 768w, https:\/\/www.alqueriamorayma.com\/wp-content\/uploads\/2017\/01\/curso-sala.jpg 920w\" sizes=\"(max-width: 300px) 100vw, 300px\" \/>A l\u2019entr\u00e9e se trouve une place et un porche o\u00f9 peuvent s\u2019organiser des activit\u00e9s en plein air.<\/p>\n<p>&nbsp;<\/p>\n<p>&nbsp;<\/p>\n<p>&nbsp;<\/p>\n<\/div>\n<hr \/>\n<h3>Biblioth\u00e8que<\/h3>\n<p><img loading=\"lazy\" decoding=\"async\" data-attachment-id=\"220\" data-permalink=\"https:\/\/www.alqueriamorayma.com\/fr\/equipamiento\/biblioteca01\/\" data-orig-file=\"https:\/\/www.alqueriamorayma.com\/wp-content\/uploads\/2017\/01\/biblioteca01.jpg\" data-orig-size=\"640,430\" data-comments-opened=\"1\" data-image-meta=\"{&quot;aperture&quot;:&quot;5.6&quot;,&quot;credit&quot;:&quot;&quot;,&quot;camera&quot;:&quot;NIKON D70s&quot;,&quot;caption&quot;:&quot;&quot;,&quot;created_timestamp&quot;:&quot;1128739233&quot;,&quot;copyright&quot;:&quot;&quot;,&quot;focal_length&quot;:&quot;18&quot;,&quot;iso&quot;:&quot;0&quot;,&quot;shutter_speed&quot;:&quot;0.125&quot;,&quot;title&quot;:&quot;&quot;,&quot;orientation&quot;:&quot;1&quot;}\" data-image-title=\"biblioteca01\" data-image-description=\"\" data-image-caption=\"\" data-medium-file=\"https:\/\/www.alqueriamorayma.com\/wp-content\/uploads\/2017\/01\/biblioteca01-300x202.jpg\" data-large-file=\"https:\/\/www.alqueriamorayma.com\/wp-content\/uploads\/2017\/01\/biblioteca01.jpg\" tabindex=\"0\" role=\"button\" class=\"size-medium wp-image-220 alignleft\" src=\"http:\/\/www.alqueriamorayma.com\/wp-content\/uploads\/2017\/01\/biblioteca01-300x202.jpg\" alt=\"\" width=\"300\" height=\"202\" srcset=\"https:\/\/www.alqueriamorayma.com\/wp-content\/uploads\/2017\/01\/biblioteca01-300x202.jpg 300w, https:\/\/www.alqueriamorayma.com\/wp-content\/uploads\/2017\/01\/biblioteca01.jpg 640w\" sizes=\"(max-width: 300px) 100vw, 300px\" \/>La Alquer\u00eda de Morayma compte aussi un salon sp\u00e9cial entour\u00e9 de vitrines: c\u2019est la biblioth\u00e8que sp\u00e9cialis\u00e9e dans les th\u00e8mes de Sierra Nevada et la Alpujarra avec bibliographie et documentation socio\u00e9conomique, culturelle et physique de la r\u00e9gion.<\/p>\n<p>&nbsp;<\/p>\n<p>Il y a des livres int\u00e9ressants de voyageurs qui ont visit\u00e9 la r\u00e9gion en \u00e9poques diff\u00e9rentes, des descriptions de randonn\u00e9es \u00e0 travers les Alpujarras et Sierra Nevada, d\u2019anthropologie, y compris des guides pour cerner la Alpujarra lors d\u2019une premi\u00e8re visite.<\/p>\n<p>Actuellement la Alpujarra g\u00e9n\u00e8re des livres qui reprennent ce qui se perd in\u00e9vitablement mais qu\u2019on recherche toujours d\u2019une fa\u00e7on ou d\u2019une autre.<\/p>\n<hr \/>\n<h3><img loading=\"lazy\" decoding=\"async\" data-attachment-id=\"224\" data-permalink=\"https:\/\/www.alqueriamorayma.com\/fr\/equipamiento\/piscina01\/\" data-orig-file=\"https:\/\/www.alqueriamorayma.com\/wp-content\/uploads\/2017\/01\/piscina01.jpg\" data-orig-size=\"600,410\" data-comments-opened=\"1\" data-image-meta=\"{&quot;aperture&quot;:&quot;0&quot;,&quot;credit&quot;:&quot;&quot;,&quot;camera&quot;:&quot;&quot;,&quot;caption&quot;:&quot;&quot;,&quot;created_timestamp&quot;:&quot;0&quot;,&quot;copyright&quot;:&quot;&quot;,&quot;focal_length&quot;:&quot;0&quot;,&quot;iso&quot;:&quot;0&quot;,&quot;shutter_speed&quot;:&quot;0&quot;,&quot;title&quot;:&quot;&quot;,&quot;orientation&quot;:&quot;1&quot;}\" data-image-title=\"piscina01\" data-image-description=\"\" data-image-caption=\"\" data-medium-file=\"https:\/\/www.alqueriamorayma.com\/wp-content\/uploads\/2017\/01\/piscina01-300x205.jpg\" data-large-file=\"https:\/\/www.alqueriamorayma.com\/wp-content\/uploads\/2017\/01\/piscina01.jpg\" tabindex=\"0\" role=\"button\" class=\"size-medium wp-image-224 alignright\" src=\"http:\/\/www.alqueriamorayma.com\/wp-content\/uploads\/2017\/01\/piscina01-300x205.jpg\" alt=\"\" width=\"300\" height=\"205\" srcset=\"https:\/\/www.alqueriamorayma.com\/wp-content\/uploads\/2017\/01\/piscina01-300x205.jpg 300w, https:\/\/www.alqueriamorayma.com\/wp-content\/uploads\/2017\/01\/piscina01.jpg 600w\" sizes=\"(max-width: 300px) 100vw, 300px\" \/>Piscine<\/h3>\n<p>Sous cette latitude c\u2019est id\u00e9al de pouvoir se rafra\u00eechir accompagn\u00e9 par la brise fra\u00eeche de montagne. A la Alquer\u00eda on compte une vaste piscine\u00a0 pour s\u2019immerger apr\u00e8s une longue promenade ou jouer avec les enfants.\u00a0 Le panorama qu\u2019on peut appr\u00e9cier d\u2019ici est exceptionnel.\u00a0 Normalement on peut se baigner d\u2019Avril jusqu\u2019en Octobre. Des gens en profitent m\u00eame en dehors de cette p\u00e9riode pour prendre un bain de soleil en toute saison.<br \/>\nEt la plage \u00e0 32 km.<\/p>\n<hr \/>\n<h3 class=\"contentheading\">La ferme et les \u00e9curies<\/h3>\n<p><img loading=\"lazy\" decoding=\"async\" data-attachment-id=\"225\" data-permalink=\"https:\/\/www.alqueriamorayma.com\/fr\/equipamiento\/granja02\/\" data-orig-file=\"https:\/\/www.alqueriamorayma.com\/wp-content\/uploads\/2017\/01\/granja02.jpg\" data-orig-size=\"600,400\" data-comments-opened=\"1\" data-image-meta=\"{&quot;aperture&quot;:&quot;5.6&quot;,&quot;credit&quot;:&quot;&quot;,&quot;camera&quot;:&quot;NIKON D200&quot;,&quot;caption&quot;:&quot;&quot;,&quot;created_timestamp&quot;:&quot;1172414268&quot;,&quot;copyright&quot;:&quot;&quot;,&quot;focal_length&quot;:&quot;18&quot;,&quot;iso&quot;:&quot;125&quot;,&quot;shutter_speed&quot;:&quot;0.003125&quot;,&quot;title&quot;:&quot;&quot;,&quot;orientation&quot;:&quot;1&quot;}\" data-image-title=\"granja02\" data-image-description=\"\" data-image-caption=\"\" data-medium-file=\"https:\/\/www.alqueriamorayma.com\/wp-content\/uploads\/2017\/01\/granja02-300x200.jpg\" data-large-file=\"https:\/\/www.alqueriamorayma.com\/wp-content\/uploads\/2017\/01\/granja02.jpg\" tabindex=\"0\" role=\"button\" class=\"size-medium wp-image-225 alignleft\" src=\"http:\/\/www.alqueriamorayma.com\/wp-content\/uploads\/2017\/01\/granja02-300x200.jpg\" alt=\"\" width=\"300\" height=\"200\" srcset=\"https:\/\/www.alqueriamorayma.com\/wp-content\/uploads\/2017\/01\/granja02-300x200.jpg 300w, https:\/\/www.alqueriamorayma.com\/wp-content\/uploads\/2017\/01\/granja02.jpg 600w\" sizes=\"(max-width: 300px) 100vw, 300px\" \/>Une des sensations les plus spectaculaires de la Alquer\u00eda c\u2019est le coucher du soleil. Surtout vers l\u2019Ouest, o\u00f9 se trouve le parc des chevaux et le jardin bio. Depuis l\u2019aire de battage on distingue la haute vall\u00e9e du Guadalfeo. Ses eaux descendent jusqu\u2019\u00e0 la M\u00e9diterrann\u00e9e \u00e0 Salobre\u00f1a.<\/p>\n<p>Dans cette zone agricole du domaine se trouvent aussi la cave et la presse \u00e0 huile. La ferme et le pigeonnier est un des endroits pr\u00e9f\u00e9r\u00e9s des enfants.","protected":false},"excerpt":{"rendered":"<p>L\u2019h\u00f4tel rural Alquer\u00eda de Morayma compte dix huit chambres et quatre appartements, au total quarante huit places. Le logement se r\u00e9partit en maisons de plein pied le long des diverses rues et places, formant avec les \u00e9quipements, un hameau typique<\/p>\n","protected":false},"author":1,"featured_media":0,"parent":0,"menu_order":0,"comment_status":"closed","ping_status":"closed","template":"","meta":{"jetpack_post_was_ever_published":false,"footnotes":""},"yoast_head":"<!-- This site is optimized with the Yoast SEO plugin v23.5 - https:\/\/yoast.com\/wordpress\/plugins\/seo\/ -->\n<title>Equipements - Alquer\u00eda de Morayma<\/title>\n<meta name=\"robots\" content=\"index, follow, max-snippet:-1, max-image-preview:large, max-video-preview:-1\" \/>\n<link rel=\"canonical\" href=\"https:\/\/www.alqueriamorayma.com\/en\/equipamiento\/\" \/>\n<meta property=\"og:locale\" content=\"fr_FR\" \/>\n<meta property=\"og:type\" content=\"article\" \/>\n<meta property=\"og:title\" content=\"Equipements - Alquer\u00eda de Morayma\" \/>\n<meta property=\"og:description\" content=\"L\u2019h\u00f4tel rural Alquer\u00eda de Morayma compte dix huit chambres et quatre appartements, au total quarante huit places. Le logement se r\u00e9partit en maisons de plein pied le long des diverses rues et places, formant avec les \u00e9quipements, un hameau typique\" \/>\n<meta property=\"og:url\" content=\"https:\/\/www.alqueriamorayma.com\/en\/equipamiento\/\" \/>\n<meta property=\"og:site_name\" content=\"Alquer\u00eda de Morayma\" \/>\n<meta property=\"article:publisher\" content=\"https:\/\/es-es.facebook.com\/alqueriamorayma\/\" \/>\n<meta property=\"article:modified_time\" content=\"2017-03-01T11:28:05+00:00\" \/>\n<meta property=\"og:image\" content=\"http:\/\/www.alqueriamorayma.com\/wp-content\/uploads\/2017\/01\/comedor01-300x202.jpg\" \/>\n<meta name=\"twitter:card\" content=\"summary_large_image\" \/>\n<meta name=\"twitter:site\" content=\"@alqueriamorayma\" \/>\n<meta name=\"twitter:label1\" content=\"Dur\u00e9e de lecture estim\u00e9e\" \/>\n\t<meta name=\"twitter:data1\" content=\"9 minutes\" \/>\n<script type=\"application\/ld+json\" class=\"yoast-schema-graph\">{\"@context\":\"https:\/\/schema.org\",\"@graph\":[{\"@type\":\"WebPage\",\"@id\":\"https:\/\/www.alqueriamorayma.com\/en\/equipamiento\/\",\"url\":\"https:\/\/www.alqueriamorayma.com\/en\/equipamiento\/\",\"name\":\"Equipements - Alquer\u00eda de Morayma\",\"isPartOf\":{\"@id\":\"https:\/\/www.alqueriamorayma.com\/#website\"},\"primaryImageOfPage\":{\"@id\":\"https:\/\/www.alqueriamorayma.com\/en\/equipamiento\/#primaryimage\"},\"image\":{\"@id\":\"https:\/\/www.alqueriamorayma.com\/en\/equipamiento\/#primaryimage\"},\"thumbnailUrl\":\"http:\/\/www.alqueriamorayma.com\/wp-content\/uploads\/2017\/01\/comedor01-300x202.jpg\",\"datePublished\":\"2017-01-17T12:40:41+00:00\",\"dateModified\":\"2017-03-01T11:28:05+00:00\",\"breadcrumb\":{\"@id\":\"https:\/\/www.alqueriamorayma.com\/en\/equipamiento\/#breadcrumb\"},\"inLanguage\":\"fr-FR\",\"potentialAction\":[{\"@type\":\"ReadAction\",\"target\":[\"https:\/\/www.alqueriamorayma.com\/en\/equipamiento\/\"]}]},{\"@type\":\"ImageObject\",\"inLanguage\":\"fr-FR\",\"@id\":\"https:\/\/www.alqueriamorayma.com\/en\/equipamiento\/#primaryimage\",\"url\":\"http:\/\/www.alqueriamorayma.com\/wp-content\/uploads\/2017\/01\/comedor01-300x202.jpg\",\"contentUrl\":\"http:\/\/www.alqueriamorayma.com\/wp-content\/uploads\/2017\/01\/comedor01-300x202.jpg\"},{\"@type\":\"BreadcrumbList\",\"@id\":\"https:\/\/www.alqueriamorayma.com\/en\/equipamiento\/#breadcrumb\",\"itemListElement\":[{\"@type\":\"ListItem\",\"position\":1,\"name\":\"Portada\",\"item\":\"https:\/\/www.alqueriamorayma.com\/\"},{\"@type\":\"ListItem\",\"position\":2,\"name\":\"Facilities\"}]},{\"@type\":\"WebSite\",\"@id\":\"https:\/\/www.alqueriamorayma.com\/#website\",\"url\":\"https:\/\/www.alqueriamorayma.com\/\",\"name\":\"Alquer\u00eda de Morayma\",\"description\":\"Hotel Rural en la Alpujarra\",\"publisher\":{\"@id\":\"https:\/\/www.alqueriamorayma.com\/#organization\"},\"potentialAction\":[{\"@type\":\"SearchAction\",\"target\":{\"@type\":\"EntryPoint\",\"urlTemplate\":\"https:\/\/www.alqueriamorayma.com\/?s={search_term_string}\"},\"query-input\":{\"@type\":\"PropertyValueSpecification\",\"valueRequired\":true,\"valueName\":\"search_term_string\"}}],\"inLanguage\":\"fr-FR\"},{\"@type\":\"Organization\",\"@id\":\"https:\/\/www.alqueriamorayma.com\/#organization\",\"name\":\"Alqueria de Morayma\",\"url\":\"https:\/\/www.alqueriamorayma.com\/\",\"logo\":{\"@type\":\"ImageObject\",\"inLanguage\":\"fr-FR\",\"@id\":\"https:\/\/www.alqueriamorayma.com\/#\/schema\/logo\/image\/\",\"url\":\"https:\/\/i0.wp.com\/www.alqueriamorayma.com\/wp-content\/uploads\/2017\/03\/logo-alqueria.png?fit=100%2C74\",\"contentUrl\":\"https:\/\/i0.wp.com\/www.alqueriamorayma.com\/wp-content\/uploads\/2017\/03\/logo-alqueria.png?fit=100%2C74\",\"width\":100,\"height\":74,\"caption\":\"Alqueria de Morayma\"},\"image\":{\"@id\":\"https:\/\/www.alqueriamorayma.com\/#\/schema\/logo\/image\/\"},\"sameAs\":[\"https:\/\/es-es.facebook.com\/alqueriamorayma\/\",\"https:\/\/x.com\/alqueriamorayma\"]}]}<\/script>\n<!-- \/ Yoast SEO plugin. -->","yoast_head_json":{"title":"Equipements - Alquer\u00eda de Morayma","robots":{"index":"index","follow":"follow","max-snippet":"max-snippet:-1","max-image-preview":"max-image-preview:large","max-video-preview":"max-video-preview:-1"},"canonical":"https:\/\/www.alqueriamorayma.com\/en\/equipamiento\/","og_locale":"fr_FR","og_type":"article","og_title":"Equipements - Alquer\u00eda de Morayma","og_description":"L\u2019h\u00f4tel rural Alquer\u00eda de Morayma compte dix huit chambres et quatre appartements, au total quarante huit places. Le logement se r\u00e9partit en maisons de plein pied le long des diverses rues et places, formant avec les \u00e9quipements, un hameau typique","og_url":"https:\/\/www.alqueriamorayma.com\/en\/equipamiento\/","og_site_name":"Alquer\u00eda de Morayma","article_publisher":"https:\/\/es-es.facebook.com\/alqueriamorayma\/","article_modified_time":"2017-03-01T11:28:05+00:00","og_image":[{"url":"http:\/\/www.alqueriamorayma.com\/wp-content\/uploads\/2017\/01\/comedor01-300x202.jpg"}],"twitter_card":"summary_large_image","twitter_site":"@alqueriamorayma","twitter_misc":{"Dur\u00e9e de lecture estim\u00e9e":"9 minutes"},"schema":{"@context":"https:\/\/schema.org","@graph":[{"@type":"WebPage","@id":"https:\/\/www.alqueriamorayma.com\/en\/equipamiento\/","url":"https:\/\/www.alqueriamorayma.com\/en\/equipamiento\/","name":"Equipements - Alquer\u00eda de Morayma","isPartOf":{"@id":"https:\/\/www.alqueriamorayma.com\/#website"},"primaryImageOfPage":{"@id":"https:\/\/www.alqueriamorayma.com\/en\/equipamiento\/#primaryimage"},"image":{"@id":"https:\/\/www.alqueriamorayma.com\/en\/equipamiento\/#primaryimage"},"thumbnailUrl":"http:\/\/www.alqueriamorayma.com\/wp-content\/uploads\/2017\/01\/comedor01-300x202.jpg","datePublished":"2017-01-17T12:40:41+00:00","dateModified":"2017-03-01T11:28:05+00:00","breadcrumb":{"@id":"https:\/\/www.alqueriamorayma.com\/en\/equipamiento\/#breadcrumb"},"inLanguage":"fr-FR","potentialAction":[{"@type":"ReadAction","target":["https:\/\/www.alqueriamorayma.com\/en\/equipamiento\/"]}]},{"@type":"ImageObject","inLanguage":"fr-FR","@id":"https:\/\/www.alqueriamorayma.com\/en\/equipamiento\/#primaryimage","url":"http:\/\/www.alqueriamorayma.com\/wp-content\/uploads\/2017\/01\/comedor01-300x202.jpg","contentUrl":"http:\/\/www.alqueriamorayma.com\/wp-content\/uploads\/2017\/01\/comedor01-300x202.jpg"},{"@type":"BreadcrumbList","@id":"https:\/\/www.alqueriamorayma.com\/en\/equipamiento\/#breadcrumb","itemListElement":[{"@type":"ListItem","position":1,"name":"Portada","item":"https:\/\/www.alqueriamorayma.com\/"},{"@type":"ListItem","position":2,"name":"Facilities"}]},{"@type":"WebSite","@id":"https:\/\/www.alqueriamorayma.com\/#website","url":"https:\/\/www.alqueriamorayma.com\/","name":"Alquer\u00eda de Morayma","description":"Hotel Rural en la Alpujarra","publisher":{"@id":"https:\/\/www.alqueriamorayma.com\/#organization"},"potentialAction":[{"@type":"SearchAction","target":{"@type":"EntryPoint","urlTemplate":"https:\/\/www.alqueriamorayma.com\/?s={search_term_string}"},"query-input":{"@type":"PropertyValueSpecification","valueRequired":true,"valueName":"search_term_string"}}],"inLanguage":"fr-FR"},{"@type":"Organization","@id":"https:\/\/www.alqueriamorayma.com\/#organization","name":"Alqueria de Morayma","url":"https:\/\/www.alqueriamorayma.com\/","logo":{"@type":"ImageObject","inLanguage":"fr-FR","@id":"https:\/\/www.alqueriamorayma.com\/#\/schema\/logo\/image\/","url":"https:\/\/i0.wp.com\/www.alqueriamorayma.com\/wp-content\/uploads\/2017\/03\/logo-alqueria.png?fit=100%2C74","contentUrl":"https:\/\/i0.wp.com\/www.alqueriamorayma.com\/wp-content\/uploads\/2017\/03\/logo-alqueria.png?fit=100%2C74","width":100,"height":74,"caption":"Alqueria de Morayma"},"image":{"@id":"https:\/\/www.alqueriamorayma.com\/#\/schema\/logo\/image\/"},"sameAs":["https:\/\/es-es.facebook.com\/alqueriamorayma\/","https:\/\/x.com\/alqueriamorayma"]}]}},"jetpack_sharing_enabled":true,"jetpack_shortlink":"https:\/\/wp.me\/P8sFGa-14","jetpack-related-posts":[],"_links":{"self":[{"href":"https:\/\/www.alqueriamorayma.com\/fr\/wp-json\/wp\/v2\/pages\/66"}],"collection":[{"href":"https:\/\/www.alqueriamorayma.com\/fr\/wp-json\/wp\/v2\/pages"}],"about":[{"href":"https:\/\/www.alqueriamorayma.com\/fr\/wp-json\/wp\/v2\/types\/page"}],"author":[{"embeddable":true,"href":"https:\/\/www.alqueriamorayma.com\/fr\/wp-json\/wp\/v2\/users\/1"}],"replies":[{"embeddable":true,"href":"https:\/\/www.alqueriamorayma.com\/fr\/wp-json\/wp\/v2\/comments?post=66"}],"version-history":[{"count":23,"href":"https:\/\/www.alqueriamorayma.com\/fr\/wp-json\/wp\/v2\/pages\/66\/revisions"}],"predecessor-version":[{"id":588,"href":"https:\/\/www.alqueriamorayma.com\/fr\/wp-json\/wp\/v2\/pages\/66\/revisions\/588"}],"wp:attachment":[{"href":"https:\/\/www.alqueriamorayma.com\/fr\/wp-json\/wp\/v2\/media?parent=66"}],"curies":[{"name":"wp","href":"https:\/\/api.w.org\/{rel}","templated":true}]}}