{"id":1271,"date":"2023-06-14T10:05:17","date_gmt":"2023-06-14T10:05:17","guid":{"rendered":"http:\/\/www.alqueriamorayma.com\/?page_id=1271"},"modified":"2023-06-20T13:13:51","modified_gmt":"2023-06-20T13:13:51","slug":"senderismo-verano-2023","status":"publish","type":"page","link":"https:\/\/www.alqueriamorayma.com\/fr\/senderismo-verano-2023\/","title":{"rendered":"Senderismo nocturno 2023"},"content":{"rendered":"\n<div class=\"wp-block-image\"><figure class=\"aligncenter\"><img loading=\"lazy\" decoding=\"async\" width=\"540\" height=\"540\" data-attachment-id=\"1272\" data-permalink=\"https:\/\/www.alqueriamorayma.com\/fr\/senderismo-verano-2023\/imagen-de-whatsapp-2023-06-14-a-las-11-52-52\/\" data-orig-file=\"https:\/\/www.alqueriamorayma.com\/wp-content\/uploads\/2023\/06\/Imagen-de-WhatsApp-2023-06-14-a-las-11.52.52.jpg\" data-orig-size=\"540,540\" data-comments-opened=\"1\" data-image-meta=\"{&quot;aperture&quot;:&quot;0&quot;,&quot;credit&quot;:&quot;&quot;,&quot;camera&quot;:&quot;&quot;,&quot;caption&quot;:&quot;&quot;,&quot;created_timestamp&quot;:&quot;0&quot;,&quot;copyright&quot;:&quot;&quot;,&quot;focal_length&quot;:&quot;0&quot;,&quot;iso&quot;:&quot;0&quot;,&quot;shutter_speed&quot;:&quot;0&quot;,&quot;title&quot;:&quot;&quot;,&quot;orientation&quot;:&quot;0&quot;}\" data-image-title=\"Imagen de WhatsApp 2023-06-14 a las 11.52.52\" data-image-description=\"\" data-image-caption=\"\" data-medium-file=\"https:\/\/www.alqueriamorayma.com\/wp-content\/uploads\/2023\/06\/Imagen-de-WhatsApp-2023-06-14-a-las-11.52.52-300x300.jpg\" data-large-file=\"https:\/\/www.alqueriamorayma.com\/wp-content\/uploads\/2023\/06\/Imagen-de-WhatsApp-2023-06-14-a-las-11.52.52.jpg\" tabindex=\"0\" role=\"button\" src=\"http:\/\/www.alqueriamorayma.com\/wp-content\/uploads\/2023\/06\/Imagen-de-WhatsApp-2023-06-14-a-las-11.52.52.jpg\" alt=\"\" class=\"wp-image-1272\" srcset=\"https:\/\/www.alqueriamorayma.com\/wp-content\/uploads\/2023\/06\/Imagen-de-WhatsApp-2023-06-14-a-las-11.52.52.jpg 540w, https:\/\/www.alqueriamorayma.com\/wp-content\/uploads\/2023\/06\/Imagen-de-WhatsApp-2023-06-14-a-las-11.52.52-150x150.jpg 150w, https:\/\/www.alqueriamorayma.com\/wp-content\/uploads\/2023\/06\/Imagen-de-WhatsApp-2023-06-14-a-las-11.52.52-300x300.jpg 300w, https:\/\/www.alqueriamorayma.com\/wp-content\/uploads\/2023\/06\/Imagen-de-WhatsApp-2023-06-14-a-las-11.52.52-270x270.jpg 270w, https:\/\/www.alqueriamorayma.com\/wp-content\/uploads\/2023\/06\/Imagen-de-WhatsApp-2023-06-14-a-las-11.52.52-230x230.jpg 230w\" sizes=\"(max-width: 540px) 100vw, 540px\" \/><figcaption><br><strong>PASEO NOCTURNO BAJO LAS ESTRELLAS <\/strong>\u26f0?<br> An\u00edmate con nuestras rutas guiadas de la mano de Carlos, experto conocedor de los rincones alpujarre\u00f1os y de los senderos celestes, quien interpretar\u00e1 el cielo nocturno mediante l\u00e1ser durante la ruta.<br><br><br> \u2705<strong> CUARTO CRECIENTE- SOLSTICIO DE VERANO : S\u00e1bado 24 de Junio de 2023  ?    <br> \u2705 LUNA LLENA: S\u00e1bado 1 de Julio de 2023 ?<br> \u2705 NOCHE SIN LUNA: S\u00e1bado 8 de Julio de 2023 ?<\/strong><br><br><br> Itinerario: circular<br> Salida: desde la Alquer\u00eda de  Morayma<br> Duraci\u00f3n de la actividad: 3 horas<br> Dificultad: media-baja <br><br><br> \u00a1No olvides calzado c\u00f3modo y por si acaso algo de abrigo! ???<br><br><br> Y de regreso a la Alquer\u00eda\u2026 lo merecido!!!<br> -3 consumiciones ???<br> -Telescopio ?<br> Si adem\u00e1s decides alojarte en nuestro hotel\u2026 ? tenemos estos descuentos especiales:<br> Actividad + 3 consumiciones: 25\u20ac\/ pax<br> Actividad + 3 consumiciones + Habitaci\u00f3n Doble + Desayuno: 66\u20ac\/pax<br> Actividad + 3 consumiciones + Habitaci\u00f3n individual + Desayuno: 85\u20ac\/pax<br> Plazas limitadas. Para m\u00e1s informaci\u00f3n y reservas:<br> \u260e 958343303 &#8211; 958343221 &#8211; 60505184<br> ? info@alqueriamorayma.com<br> ? www.alqueriamorayma.com<\/figcaption><\/figure><\/div>\n","protected":false},"excerpt":{"rendered":"","protected":false},"author":1,"featured_media":0,"parent":0,"menu_order":0,"comment_status":"closed","ping_status":"closed","template":"","meta":{"jetpack_post_was_ever_published":false,"footnotes":""},"yoast_head":"<!-- This site is optimized with the Yoast SEO plugin v23.5 - https:\/\/yoast.com\/wordpress\/plugins\/seo\/ -->\n<title>Senderismo nocturno 2023 - Alquer\u00eda de Morayma<\/title>\n<meta name=\"robots\" content=\"index, follow, max-snippet:-1, max-image-preview:large, max-video-preview:-1\" \/>\n<link rel=\"canonical\" href=\"https:\/\/www.alqueriamorayma.com\/en\/senderismo-verano-2023\/\" \/>\n<meta property=\"og:locale\" content=\"fr_FR\" \/>\n<meta property=\"og:type\" content=\"article\" \/>\n<meta property=\"og:title\" content=\"Senderismo nocturno 2023 - Alquer\u00eda de Morayma\" \/>\n<meta property=\"og:url\" content=\"https:\/\/www.alqueriamorayma.com\/en\/senderismo-verano-2023\/\" \/>\n<meta property=\"og:site_name\" content=\"Alquer\u00eda de Morayma\" \/>\n<meta property=\"article:publisher\" content=\"https:\/\/es-es.facebook.com\/alqueriamorayma\/\" \/>\n<meta property=\"article:modified_time\" content=\"2023-06-20T13:13:51+00:00\" \/>\n<meta property=\"og:image\" content=\"http:\/\/www.alqueriamorayma.com\/wp-content\/uploads\/2023\/06\/Imagen-de-WhatsApp-2023-06-14-a-las-11.52.52.jpg\" \/>\n<meta name=\"twitter:card\" content=\"summary_large_image\" \/>\n<meta name=\"twitter:site\" content=\"@alqueriamorayma\" \/>\n<meta name=\"twitter:label1\" content=\"Dur\u00e9e de lecture estim\u00e9e\" \/>\n\t<meta name=\"twitter:data1\" content=\"1 minute\" \/>\n<script type=\"application\/ld+json\" class=\"yoast-schema-graph\">{\"@context\":\"https:\/\/schema.org\",\"@graph\":[{\"@type\":\"WebPage\",\"@id\":\"https:\/\/www.alqueriamorayma.com\/en\/senderismo-verano-2023\/\",\"url\":\"https:\/\/www.alqueriamorayma.com\/en\/senderismo-verano-2023\/\",\"name\":\"Senderismo nocturno 2023 - Alquer\u00eda de Morayma\",\"isPartOf\":{\"@id\":\"https:\/\/www.alqueriamorayma.com\/#website\"},\"primaryImageOfPage\":{\"@id\":\"https:\/\/www.alqueriamorayma.com\/en\/senderismo-verano-2023\/#primaryimage\"},\"image\":{\"@id\":\"https:\/\/www.alqueriamorayma.com\/en\/senderismo-verano-2023\/#primaryimage\"},\"thumbnailUrl\":\"http:\/\/www.alqueriamorayma.com\/wp-content\/uploads\/2023\/06\/Imagen-de-WhatsApp-2023-06-14-a-las-11.52.52.jpg\",\"datePublished\":\"2023-06-14T10:05:17+00:00\",\"dateModified\":\"2023-06-20T13:13:51+00:00\",\"breadcrumb\":{\"@id\":\"https:\/\/www.alqueriamorayma.com\/en\/senderismo-verano-2023\/#breadcrumb\"},\"inLanguage\":\"fr-FR\",\"potentialAction\":[{\"@type\":\"ReadAction\",\"target\":[\"https:\/\/www.alqueriamorayma.com\/en\/senderismo-verano-2023\/\"]}]},{\"@type\":\"ImageObject\",\"inLanguage\":\"fr-FR\",\"@id\":\"https:\/\/www.alqueriamorayma.com\/en\/senderismo-verano-2023\/#primaryimage\",\"url\":\"http:\/\/www.alqueriamorayma.com\/wp-content\/uploads\/2023\/06\/Imagen-de-WhatsApp-2023-06-14-a-las-11.52.52.jpg\",\"contentUrl\":\"http:\/\/www.alqueriamorayma.com\/wp-content\/uploads\/2023\/06\/Imagen-de-WhatsApp-2023-06-14-a-las-11.52.52.jpg\"},{\"@type\":\"BreadcrumbList\",\"@id\":\"https:\/\/www.alqueriamorayma.com\/en\/senderismo-verano-2023\/#breadcrumb\",\"itemListElement\":[{\"@type\":\"ListItem\",\"position\":1,\"name\":\"Portada\",\"item\":\"https:\/\/www.alqueriamorayma.com\/\"},{\"@type\":\"ListItem\",\"position\":2,\"name\":\"Senderismo nocturno 2023\"}]},{\"@type\":\"WebSite\",\"@id\":\"https:\/\/www.alqueriamorayma.com\/#website\",\"url\":\"https:\/\/www.alqueriamorayma.com\/\",\"name\":\"Alquer\u00eda de Morayma\",\"description\":\"Hotel Rural en la Alpujarra\",\"publisher\":{\"@id\":\"https:\/\/www.alqueriamorayma.com\/#organization\"},\"potentialAction\":[{\"@type\":\"SearchAction\",\"target\":{\"@type\":\"EntryPoint\",\"urlTemplate\":\"https:\/\/www.alqueriamorayma.com\/?s={search_term_string}\"},\"query-input\":{\"@type\":\"PropertyValueSpecification\",\"valueRequired\":true,\"valueName\":\"search_term_string\"}}],\"inLanguage\":\"fr-FR\"},{\"@type\":\"Organization\",\"@id\":\"https:\/\/www.alqueriamorayma.com\/#organization\",\"name\":\"Alqueria de Morayma\",\"url\":\"https:\/\/www.alqueriamorayma.com\/\",\"logo\":{\"@type\":\"ImageObject\",\"inLanguage\":\"fr-FR\",\"@id\":\"https:\/\/www.alqueriamorayma.com\/#\/schema\/logo\/image\/\",\"url\":\"https:\/\/i0.wp.com\/www.alqueriamorayma.com\/wp-content\/uploads\/2017\/03\/logo-alqueria.png?fit=100%2C74\",\"contentUrl\":\"https:\/\/i0.wp.com\/www.alqueriamorayma.com\/wp-content\/uploads\/2017\/03\/logo-alqueria.png?fit=100%2C74\",\"width\":100,\"height\":74,\"caption\":\"Alqueria de Morayma\"},\"image\":{\"@id\":\"https:\/\/www.alqueriamorayma.com\/#\/schema\/logo\/image\/\"},\"sameAs\":[\"https:\/\/es-es.facebook.com\/alqueriamorayma\/\",\"https:\/\/x.com\/alqueriamorayma\"]}]}<\/script>\n<!-- \/ Yoast SEO plugin. -->","yoast_head_json":{"title":"Senderismo nocturno 2023 - Alquer\u00eda de Morayma","robots":{"index":"index","follow":"follow","max-snippet":"max-snippet:-1","max-image-preview":"max-image-preview:large","max-video-preview":"max-video-preview:-1"},"canonical":"https:\/\/www.alqueriamorayma.com\/en\/senderismo-verano-2023\/","og_locale":"fr_FR","og_type":"article","og_title":"Senderismo nocturno 2023 - Alquer\u00eda de Morayma","og_url":"https:\/\/www.alqueriamorayma.com\/en\/senderismo-verano-2023\/","og_site_name":"Alquer\u00eda de Morayma","article_publisher":"https:\/\/es-es.facebook.com\/alqueriamorayma\/","article_modified_time":"2023-06-20T13:13:51+00:00","og_image":[{"url":"http:\/\/www.alqueriamorayma.com\/wp-content\/uploads\/2023\/06\/Imagen-de-WhatsApp-2023-06-14-a-las-11.52.52.jpg"}],"twitter_card":"summary_large_image","twitter_site":"@alqueriamorayma","twitter_misc":{"Dur\u00e9e de lecture estim\u00e9e":"1 minute"},"schema":{"@context":"https:\/\/schema.org","@graph":[{"@type":"WebPage","@id":"https:\/\/www.alqueriamorayma.com\/en\/senderismo-verano-2023\/","url":"https:\/\/www.alqueriamorayma.com\/en\/senderismo-verano-2023\/","name":"Senderismo nocturno 2023 - Alquer\u00eda de Morayma","isPartOf":{"@id":"https:\/\/www.alqueriamorayma.com\/#website"},"primaryImageOfPage":{"@id":"https:\/\/www.alqueriamorayma.com\/en\/senderismo-verano-2023\/#primaryimage"},"image":{"@id":"https:\/\/www.alqueriamorayma.com\/en\/senderismo-verano-2023\/#primaryimage"},"thumbnailUrl":"http:\/\/www.alqueriamorayma.com\/wp-content\/uploads\/2023\/06\/Imagen-de-WhatsApp-2023-06-14-a-las-11.52.52.jpg","datePublished":"2023-06-14T10:05:17+00:00","dateModified":"2023-06-20T13:13:51+00:00","breadcrumb":{"@id":"https:\/\/www.alqueriamorayma.com\/en\/senderismo-verano-2023\/#breadcrumb"},"inLanguage":"fr-FR","potentialAction":[{"@type":"ReadAction","target":["https:\/\/www.alqueriamorayma.com\/en\/senderismo-verano-2023\/"]}]},{"@type":"ImageObject","inLanguage":"fr-FR","@id":"https:\/\/www.alqueriamorayma.com\/en\/senderismo-verano-2023\/#primaryimage","url":"http:\/\/www.alqueriamorayma.com\/wp-content\/uploads\/2023\/06\/Imagen-de-WhatsApp-2023-06-14-a-las-11.52.52.jpg","contentUrl":"http:\/\/www.alqueriamorayma.com\/wp-content\/uploads\/2023\/06\/Imagen-de-WhatsApp-2023-06-14-a-las-11.52.52.jpg"},{"@type":"BreadcrumbList","@id":"https:\/\/www.alqueriamorayma.com\/en\/senderismo-verano-2023\/#breadcrumb","itemListElement":[{"@type":"ListItem","position":1,"name":"Portada","item":"https:\/\/www.alqueriamorayma.com\/"},{"@type":"ListItem","position":2,"name":"Senderismo nocturno 2023"}]},{"@type":"WebSite","@id":"https:\/\/www.alqueriamorayma.com\/#website","url":"https:\/\/www.alqueriamorayma.com\/","name":"Alquer\u00eda de Morayma","description":"Hotel Rural en la Alpujarra","publisher":{"@id":"https:\/\/www.alqueriamorayma.com\/#organization"},"potentialAction":[{"@type":"SearchAction","target":{"@type":"EntryPoint","urlTemplate":"https:\/\/www.alqueriamorayma.com\/?s={search_term_string}"},"query-input":{"@type":"PropertyValueSpecification","valueRequired":true,"valueName":"search_term_string"}}],"inLanguage":"fr-FR"},{"@type":"Organization","@id":"https:\/\/www.alqueriamorayma.com\/#organization","name":"Alqueria de Morayma","url":"https:\/\/www.alqueriamorayma.com\/","logo":{"@type":"ImageObject","inLanguage":"fr-FR","@id":"https:\/\/www.alqueriamorayma.com\/#\/schema\/logo\/image\/","url":"https:\/\/i0.wp.com\/www.alqueriamorayma.com\/wp-content\/uploads\/2017\/03\/logo-alqueria.png?fit=100%2C74","contentUrl":"https:\/\/i0.wp.com\/www.alqueriamorayma.com\/wp-content\/uploads\/2017\/03\/logo-alqueria.png?fit=100%2C74","width":100,"height":74,"caption":"Alqueria de Morayma"},"image":{"@id":"https:\/\/www.alqueriamorayma.com\/#\/schema\/logo\/image\/"},"sameAs":["https:\/\/es-es.facebook.com\/alqueriamorayma\/","https:\/\/x.com\/alqueriamorayma"]}]}},"jetpack_sharing_enabled":true,"jetpack_shortlink":"https:\/\/wp.me\/P8sFGa-kv","jetpack-related-posts":[],"_links":{"self":[{"href":"https:\/\/www.alqueriamorayma.com\/fr\/wp-json\/wp\/v2\/pages\/1271"}],"collection":[{"href":"https:\/\/www.alqueriamorayma.com\/fr\/wp-json\/wp\/v2\/pages"}],"about":[{"href":"https:\/\/www.alqueriamorayma.com\/fr\/wp-json\/wp\/v2\/types\/page"}],"author":[{"embeddable":true,"href":"https:\/\/www.alqueriamorayma.com\/fr\/wp-json\/wp\/v2\/users\/1"}],"replies":[{"embeddable":true,"href":"https:\/\/www.alqueriamorayma.com\/fr\/wp-json\/wp\/v2\/comments?post=1271"}],"version-history":[{"count":2,"href":"https:\/\/www.alqueriamorayma.com\/fr\/wp-json\/wp\/v2\/pages\/1271\/revisions"}],"predecessor-version":[{"id":1284,"href":"https:\/\/www.alqueriamorayma.com\/fr\/wp-json\/wp\/v2\/pages\/1271\/revisions\/1284"}],"wp:attachment":[{"href":"https:\/\/www.alqueriamorayma.com\/fr\/wp-json\/wp\/v2\/media?parent=1271"}],"curies":[{"name":"wp","href":"https:\/\/api.w.org\/{rel}","templated":true}]}}