{"id":125,"date":"2017-01-17T13:04:27","date_gmt":"2017-01-17T13:04:27","guid":{"rendered":"http:\/\/www.alqueriamorayma.com\/?page_id=125"},"modified":"2024-01-11T09:29:42","modified_gmt":"2024-01-11T09:29:42","slug":"formas-de-llegar","status":"publish","type":"page","link":"https:\/\/www.alqueriamorayma.com\/fr\/formas-de-llegar\/","title":{"rendered":"Moyens d\u2019acc\u00e8s"},"content":{"rendered":"La Alquer\u00eda de Morayma est situ\u00e9e en pleine campagne. Elle se trouve \u00e0 seulement 3Km du village de C\u00e1diar sur la route A-348 (de C\u00e1diar \u00e0 Torvizc\u00f3n) ou seulement \u00e0 2Km \u00e0 pied en passant le long de la rivi\u00e8re Guadalfeo.<\/p>\n<p><a title=\"googlemap\" href=\"http:\/\/maps.google.com\/maps\/ms?ie=UTF8&amp;hl=es&amp;msa=0&amp;msid=106366193748402843610.00045615e6fccfa4b878c&amp;ll=36.924491,-3.184125&amp;spn=0.743233,1.234589&amp;z=10\" target=\"_self\" rel=\"noopener\">Carte Itin\u00e9raire<\/a><\/p>\n<h4>Comment arriver \u00e0 la Alpujarra, \u00e0 la Alquer\u00eda de Morayma (Ctra. A-348, km 50):<\/h4>\n<p><strong>EN VOITURE:<\/strong><\/p>\n<p>Depuis Madrid vers Granada, puis route de la c\u00f4te (direction Motril). Tourner vers \u00d3rgiva et Torvizc\u00f3n. A gauche \u00e0 3 Km avant d\u2019atteindre C\u00e1diar.<\/p>\n<p>Depuis Valence vers Almer\u00eda par l\u2019autoroute \u201cdel Mediterraneo\u201d direction M\u00e1laga, jusqu\u2019\u00e0 Adra et juste avant d\u2019arriver \u00e0 La R\u00e1bita, prendre la bifurcation Albu\u00f1ol puis Albond\u00f3n et C\u00e1diar. En arrivant au croisement Torvizc\u00f3n-C\u00e1diar, prendre \u00e0 gauche, nous sommes \u00e0 300m de l\u00e0.<\/p>\n<p>Depuis M\u00e1laga: Route nationale 340 direction Motril. Avant d\u2019arriver \u00e0 Motril prendre direction Granada et ensuite prendre la sortie Orgiva-La Alpujarra, puis suivre la direction Cadiar jusque 3Km avant le village, o\u00f9 il faut touner \u00e0 gauche.<\/p>\n<h3>Acc\u00e8s<\/h3>\n<p>AVION: Aeroport de Granada 958245200 situ\u00e9 \u00e0 15 Km de la ville en direction de S\u00e9ville. Un bus connecte l\u2019a\u00e9roport avec le centre ville de Grenade. La compagnie <a href=\"http:\/\/www.iberia.es\/\" target=\"_blank\" rel=\"noopener\">Iberia<\/a> 902400500 r\u00e9alise des vols r\u00e9guliers. A\u00e9roport d\u2019Almer\u00eda 950213700. A\u00e9roport de Malaga952048404.<\/p>\n<p>TRAIN: Le train nous am\u00e8nera seulement des capitales de Grenade ou Almer\u00eda. Aucun ne s\u2019approche des environs de la montagne. Avant (jusque 1974) il existait un joli train \u00e0 cr\u00e9maill\u00e8re \u201ctranv\u00eda de la sierra\u201d quip\u00e9n\u00e9trait par la vall\u00e9e du Genil en passant par le village disparu de Canales et par Guejar Sierra. Gare de Grenade: 958271272. Gare d\u2019Almeria: 950251135. Plus d\u2019informations en <a href=\"http:\/\/www.renfe.es\/\" target=\"_blank\" rel=\"noopener\">RENFE<\/a>.<\/p>\n<p>BUS: les autobus partent chaque jour de Grenade et Almeria. L\u2019entreprise est ALSA.<\/p>\n<p>HORAIRES:<\/p>\n<table border=\"0\">\n<tbody>\n<tr>\n<td colspan=\"2\">Estaci\u00f3n de Autobuses de Granada.Carretera de Ja\u00e9n. 958 185 010<\/td>\n<td colspan=\"2\">Estaci\u00f3n Intermoral de Almer\u00eda.Plaza de la Estaci\u00f3n. 950 235 168<\/td>\n<\/tr>\n<tr>\n<td>Salidas desde Granada<\/td>\n<td>Salidas desde C\u00e1diar<\/td>\n<td>Salidas desde Almer\u00eda<\/td>\n<td>Salidas desde C\u00e1diar<\/td>\n<\/tr>\n<tr>\n<td>08:30<\/td>\n<td>06:30<\/td>\n<td>15:45<\/td>\n<td>07:00<\/td>\n<\/tr>\n<tr>\n<td valign=\"top\">15:30<\/td>\n<td valign=\"top\">07:30<\/td>\n<td valign=\"top\"><\/td>\n<td valign=\"top\"><\/td>\n<\/tr>\n<tr>\n<td valign=\"top\">17:00<\/td>\n<td valign=\"top\">16:05<\/td>\n<td valign=\"top\"><\/td>\n<td valign=\"top\"><\/td>\n<\/tr>\n<\/tbody>\n<\/table>","protected":false},"excerpt":{"rendered":"<p>La Alquer\u00eda de Morayma est situ\u00e9e en pleine campagne. Elle se trouve \u00e0 seulement 3Km du village de C\u00e1diar sur la route A-348 (de C\u00e1diar \u00e0 Torvizc\u00f3n) ou seulement \u00e0 2Km \u00e0 pied en passant le long de la rivi\u00e8re<\/p>\n","protected":false},"author":1,"featured_media":0,"parent":0,"menu_order":0,"comment_status":"closed","ping_status":"closed","template":"","meta":{"jetpack_post_was_ever_published":false,"footnotes":""},"yoast_head":"<!-- This site is optimized with the Yoast SEO plugin v23.5 - https:\/\/yoast.com\/wordpress\/plugins\/seo\/ -->\n<title>Moyens d\u2019acc\u00e8s - Alquer\u00eda de Morayma<\/title>\n<meta name=\"robots\" content=\"index, follow, max-snippet:-1, max-image-preview:large, max-video-preview:-1\" \/>\n<link rel=\"canonical\" href=\"https:\/\/www.alqueriamorayma.com\/formas-de-llegar\/\" \/>\n<meta property=\"og:locale\" content=\"fr_FR\" \/>\n<meta property=\"og:type\" content=\"article\" \/>\n<meta property=\"og:title\" content=\"Moyens d\u2019acc\u00e8s - Alquer\u00eda de Morayma\" \/>\n<meta property=\"og:description\" content=\"La Alquer\u00eda de Morayma est situ\u00e9e en pleine campagne. Elle se trouve \u00e0 seulement 3Km du village de C\u00e1diar sur la route A-348 (de C\u00e1diar \u00e0 Torvizc\u00f3n) ou seulement \u00e0 2Km \u00e0 pied en passant le long de la rivi\u00e8re\" \/>\n<meta property=\"og:url\" content=\"https:\/\/www.alqueriamorayma.com\/formas-de-llegar\/\" \/>\n<meta property=\"og:site_name\" content=\"Alquer\u00eda de Morayma\" \/>\n<meta property=\"article:publisher\" content=\"https:\/\/es-es.facebook.com\/alqueriamorayma\/\" \/>\n<meta property=\"article:modified_time\" content=\"2024-01-11T09:29:42+00:00\" \/>\n<meta name=\"twitter:card\" content=\"summary_large_image\" \/>\n<meta name=\"twitter:site\" content=\"@alqueriamorayma\" \/>\n<meta name=\"twitter:label1\" content=\"Dur\u00e9e de lecture estim\u00e9e\" \/>\n\t<meta name=\"twitter:data1\" content=\"2 minutes\" \/>\n<script type=\"application\/ld+json\" class=\"yoast-schema-graph\">{\"@context\":\"https:\/\/schema.org\",\"@graph\":[{\"@type\":\"WebPage\",\"@id\":\"https:\/\/www.alqueriamorayma.com\/formas-de-llegar\/\",\"url\":\"https:\/\/www.alqueriamorayma.com\/formas-de-llegar\/\",\"name\":\"Moyens d\u2019acc\u00e8s - Alquer\u00eda de Morayma\",\"isPartOf\":{\"@id\":\"https:\/\/www.alqueriamorayma.com\/#website\"},\"datePublished\":\"2017-01-17T13:04:27+00:00\",\"dateModified\":\"2024-01-11T09:29:42+00:00\",\"breadcrumb\":{\"@id\":\"https:\/\/www.alqueriamorayma.com\/formas-de-llegar\/#breadcrumb\"},\"inLanguage\":\"fr-FR\",\"potentialAction\":[{\"@type\":\"ReadAction\",\"target\":[\"https:\/\/www.alqueriamorayma.com\/formas-de-llegar\/\"]}]},{\"@type\":\"BreadcrumbList\",\"@id\":\"https:\/\/www.alqueriamorayma.com\/formas-de-llegar\/#breadcrumb\",\"itemListElement\":[{\"@type\":\"ListItem\",\"position\":1,\"name\":\"Portada\",\"item\":\"https:\/\/www.alqueriamorayma.com\/\"},{\"@type\":\"ListItem\",\"position\":2,\"name\":\"Formas de llegar\"}]},{\"@type\":\"WebSite\",\"@id\":\"https:\/\/www.alqueriamorayma.com\/#website\",\"url\":\"https:\/\/www.alqueriamorayma.com\/\",\"name\":\"Alquer\u00eda de Morayma\",\"description\":\"Hotel Rural en la Alpujarra\",\"publisher\":{\"@id\":\"https:\/\/www.alqueriamorayma.com\/#organization\"},\"potentialAction\":[{\"@type\":\"SearchAction\",\"target\":{\"@type\":\"EntryPoint\",\"urlTemplate\":\"https:\/\/www.alqueriamorayma.com\/?s={search_term_string}\"},\"query-input\":{\"@type\":\"PropertyValueSpecification\",\"valueRequired\":true,\"valueName\":\"search_term_string\"}}],\"inLanguage\":\"fr-FR\"},{\"@type\":\"Organization\",\"@id\":\"https:\/\/www.alqueriamorayma.com\/#organization\",\"name\":\"Alqueria de Morayma\",\"url\":\"https:\/\/www.alqueriamorayma.com\/\",\"logo\":{\"@type\":\"ImageObject\",\"inLanguage\":\"fr-FR\",\"@id\":\"https:\/\/www.alqueriamorayma.com\/#\/schema\/logo\/image\/\",\"url\":\"https:\/\/i0.wp.com\/www.alqueriamorayma.com\/wp-content\/uploads\/2017\/03\/logo-alqueria.png?fit=100%2C74\",\"contentUrl\":\"https:\/\/i0.wp.com\/www.alqueriamorayma.com\/wp-content\/uploads\/2017\/03\/logo-alqueria.png?fit=100%2C74\",\"width\":100,\"height\":74,\"caption\":\"Alqueria de Morayma\"},\"image\":{\"@id\":\"https:\/\/www.alqueriamorayma.com\/#\/schema\/logo\/image\/\"},\"sameAs\":[\"https:\/\/es-es.facebook.com\/alqueriamorayma\/\",\"https:\/\/x.com\/alqueriamorayma\"]}]}<\/script>\n<!-- \/ Yoast SEO plugin. -->","yoast_head_json":{"title":"Moyens d\u2019acc\u00e8s - Alquer\u00eda de Morayma","robots":{"index":"index","follow":"follow","max-snippet":"max-snippet:-1","max-image-preview":"max-image-preview:large","max-video-preview":"max-video-preview:-1"},"canonical":"https:\/\/www.alqueriamorayma.com\/formas-de-llegar\/","og_locale":"fr_FR","og_type":"article","og_title":"Moyens d\u2019acc\u00e8s - Alquer\u00eda de Morayma","og_description":"La Alquer\u00eda de Morayma est situ\u00e9e en pleine campagne. Elle se trouve \u00e0 seulement 3Km du village de C\u00e1diar sur la route A-348 (de C\u00e1diar \u00e0 Torvizc\u00f3n) ou seulement \u00e0 2Km \u00e0 pied en passant le long de la rivi\u00e8re","og_url":"https:\/\/www.alqueriamorayma.com\/formas-de-llegar\/","og_site_name":"Alquer\u00eda de Morayma","article_publisher":"https:\/\/es-es.facebook.com\/alqueriamorayma\/","article_modified_time":"2024-01-11T09:29:42+00:00","twitter_card":"summary_large_image","twitter_site":"@alqueriamorayma","twitter_misc":{"Dur\u00e9e de lecture estim\u00e9e":"2 minutes"},"schema":{"@context":"https:\/\/schema.org","@graph":[{"@type":"WebPage","@id":"https:\/\/www.alqueriamorayma.com\/formas-de-llegar\/","url":"https:\/\/www.alqueriamorayma.com\/formas-de-llegar\/","name":"Moyens d\u2019acc\u00e8s - Alquer\u00eda de Morayma","isPartOf":{"@id":"https:\/\/www.alqueriamorayma.com\/#website"},"datePublished":"2017-01-17T13:04:27+00:00","dateModified":"2024-01-11T09:29:42+00:00","breadcrumb":{"@id":"https:\/\/www.alqueriamorayma.com\/formas-de-llegar\/#breadcrumb"},"inLanguage":"fr-FR","potentialAction":[{"@type":"ReadAction","target":["https:\/\/www.alqueriamorayma.com\/formas-de-llegar\/"]}]},{"@type":"BreadcrumbList","@id":"https:\/\/www.alqueriamorayma.com\/formas-de-llegar\/#breadcrumb","itemListElement":[{"@type":"ListItem","position":1,"name":"Portada","item":"https:\/\/www.alqueriamorayma.com\/"},{"@type":"ListItem","position":2,"name":"Formas de llegar"}]},{"@type":"WebSite","@id":"https:\/\/www.alqueriamorayma.com\/#website","url":"https:\/\/www.alqueriamorayma.com\/","name":"Alquer\u00eda de Morayma","description":"Hotel Rural en la Alpujarra","publisher":{"@id":"https:\/\/www.alqueriamorayma.com\/#organization"},"potentialAction":[{"@type":"SearchAction","target":{"@type":"EntryPoint","urlTemplate":"https:\/\/www.alqueriamorayma.com\/?s={search_term_string}"},"query-input":{"@type":"PropertyValueSpecification","valueRequired":true,"valueName":"search_term_string"}}],"inLanguage":"fr-FR"},{"@type":"Organization","@id":"https:\/\/www.alqueriamorayma.com\/#organization","name":"Alqueria de Morayma","url":"https:\/\/www.alqueriamorayma.com\/","logo":{"@type":"ImageObject","inLanguage":"fr-FR","@id":"https:\/\/www.alqueriamorayma.com\/#\/schema\/logo\/image\/","url":"https:\/\/i0.wp.com\/www.alqueriamorayma.com\/wp-content\/uploads\/2017\/03\/logo-alqueria.png?fit=100%2C74","contentUrl":"https:\/\/i0.wp.com\/www.alqueriamorayma.com\/wp-content\/uploads\/2017\/03\/logo-alqueria.png?fit=100%2C74","width":100,"height":74,"caption":"Alqueria de Morayma"},"image":{"@id":"https:\/\/www.alqueriamorayma.com\/#\/schema\/logo\/image\/"},"sameAs":["https:\/\/es-es.facebook.com\/alqueriamorayma\/","https:\/\/x.com\/alqueriamorayma"]}]}},"jetpack_sharing_enabled":true,"jetpack_shortlink":"https:\/\/wp.me\/P8sFGa-21","jetpack-related-posts":[],"_links":{"self":[{"href":"https:\/\/www.alqueriamorayma.com\/fr\/wp-json\/wp\/v2\/pages\/125"}],"collection":[{"href":"https:\/\/www.alqueriamorayma.com\/fr\/wp-json\/wp\/v2\/pages"}],"about":[{"href":"https:\/\/www.alqueriamorayma.com\/fr\/wp-json\/wp\/v2\/types\/page"}],"author":[{"embeddable":true,"href":"https:\/\/www.alqueriamorayma.com\/fr\/wp-json\/wp\/v2\/users\/1"}],"replies":[{"embeddable":true,"href":"https:\/\/www.alqueriamorayma.com\/fr\/wp-json\/wp\/v2\/comments?post=125"}],"version-history":[{"count":8,"href":"https:\/\/www.alqueriamorayma.com\/fr\/wp-json\/wp\/v2\/pages\/125\/revisions"}],"predecessor-version":[{"id":1512,"href":"https:\/\/www.alqueriamorayma.com\/fr\/wp-json\/wp\/v2\/pages\/125\/revisions\/1512"}],"wp:attachment":[{"href":"https:\/\/www.alqueriamorayma.com\/fr\/wp-json\/wp\/v2\/media?parent=125"}],"curies":[{"name":"wp","href":"https:\/\/api.w.org\/{rel}","templated":true}]}}