{"id":117,"date":"2017-01-17T13:02:47","date_gmt":"2017-01-17T13:02:47","guid":{"rendered":"http:\/\/www.alqueriamorayma.com\/?page_id=117"},"modified":"2017-02-24T15:55:59","modified_gmt":"2017-02-24T15:55:59","slug":"sierra-nevada-las-alpujarras-fiestas","status":"publish","type":"page","link":"https:\/\/www.alqueriamorayma.com\/fr\/sierra-nevada-las-alpujarras-fiestas\/","title":{"rendered":"Sierra Nevada et Les Alpujarras en f\u00eate"},"content":{"rendered":"La f\u00eate traditionnelle des \u201cmoros y cristianos\u201d est une pi\u00e8ce de th\u00e9\u00e2tre o\u00f9 dans le premier acte gagnent les maures, et dans le deuxi\u00e8me les chr\u00e9tiens gagnent d\u00e9finitivement. On la c\u00e9l\u00e8bre \u00e0 Laroles, Juviles, Trevelez, Bubi\u00f3n et Quentar. La plus importante est celle de Valor le 15 Septembre.<\/p>\n<p>La f\u00eate qui se c\u00e9l\u00e8bre le plus en sierra Nevada est celle de San Marcos, le 25 avril: tout le monde sort \u00e0 la campagne et dans sa procession accompagnent les animaux ( ch\u00e8vres, brebis, vaches, \u00e2nes, etc ).<\/p>\n<p>A C\u00e1diar il y a la f\u00eate d\u2019Octobre. Apr\u00e8s les vendanges une fontaine \u00e9mane du vin.<\/p>\n<p>A Lanjar\u00f3n le 23 juin les rues se remplissent d\u2019eau et de jambon.<\/p>\n<p>Le 17 janvier, le village de Torvizc\u00f3n se transforme en brasier \u00e0 l\u2019odeur de lard r\u00f4ti. Aussi on elira le \u201cmarranico\u201d (petit cochon qui sera engraiss\u00e9 entre les villageois).<br \/>\nPendant le car\u00eame se distingue la procession de la f\u00eate du \u201cCristo de la Expiraci\u00f3n\u201d.<\/p>\n<p>Dans le \u201cMarquesado\u201d (passant au versant Nord par le Puerto de la Ragua) s\u2019installe une ar\u00e8ne sur chaque place de village: Jeres 8 Septembre, Lanteira le 19 Septembre, D\u00edlar le 30 Novembre, \u00e0 Cogollos de Guadix et \u00e0 Guejar Sierra le 15 Ao\u00fbt. Laujar de Andarax a une ar\u00e8ne fixe.<\/p>\n<p>Les f\u00eates de chataignes et l\u2019abattage se c\u00e9l\u00e8brent en Novembre et D\u00e9cembre respectivement. Pour terminer il faut mentionner le p\u00e9lerinage du 5 Ao\u00fbt sortant de Trevelez en portant \u201cla Virgen de Las Nieves\u201d ( la vierge des neiges) jusque au sommet du Mulhacen. Un autre p\u00e9lerinage plus mod\u00e9r\u00e9 monte \u00e0 partir de Ohanes au sanctuaire de Tices.","protected":false},"excerpt":{"rendered":"<p>La f\u00eate traditionnelle des \u201cmoros y cristianos\u201d est une pi\u00e8ce de th\u00e9\u00e2tre o\u00f9 dans le premier acte gagnent les maures, et dans le deuxi\u00e8me les chr\u00e9tiens gagnent d\u00e9finitivement. On la c\u00e9l\u00e8bre \u00e0 Laroles, Juviles, Trevelez, Bubi\u00f3n et Quentar. La plus<\/p>\n","protected":false},"author":1,"featured_media":0,"parent":0,"menu_order":0,"comment_status":"closed","ping_status":"closed","template":"","meta":{"jetpack_post_was_ever_published":false,"footnotes":""},"yoast_head":"<!-- This site is optimized with the Yoast SEO plugin v23.5 - https:\/\/yoast.com\/wordpress\/plugins\/seo\/ -->\n<title>Sierra Nevada et Les Alpujarras en f\u00eate - Alquer\u00eda de Morayma<\/title>\n<meta name=\"robots\" content=\"index, follow, max-snippet:-1, max-image-preview:large, max-video-preview:-1\" \/>\n<link rel=\"canonical\" href=\"https:\/\/www.alqueriamorayma.com\/en\/sierra-nevada-las-alpujarras-fiestas\/\" \/>\n<meta property=\"og:locale\" content=\"fr_FR\" \/>\n<meta property=\"og:type\" content=\"article\" \/>\n<meta property=\"og:title\" content=\"Sierra Nevada et Les Alpujarras en f\u00eate - Alquer\u00eda de Morayma\" \/>\n<meta property=\"og:description\" content=\"La f\u00eate traditionnelle des \u201cmoros y cristianos\u201d est une pi\u00e8ce de th\u00e9\u00e2tre o\u00f9 dans le premier acte gagnent les maures, et dans le deuxi\u00e8me les chr\u00e9tiens gagnent d\u00e9finitivement. On la c\u00e9l\u00e8bre \u00e0 Laroles, Juviles, Trevelez, Bubi\u00f3n et Quentar. La plus\" \/>\n<meta property=\"og:url\" content=\"https:\/\/www.alqueriamorayma.com\/en\/sierra-nevada-las-alpujarras-fiestas\/\" \/>\n<meta property=\"og:site_name\" content=\"Alquer\u00eda de Morayma\" \/>\n<meta property=\"article:publisher\" content=\"https:\/\/es-es.facebook.com\/alqueriamorayma\/\" \/>\n<meta property=\"article:modified_time\" content=\"2017-02-24T15:55:59+00:00\" \/>\n<meta name=\"twitter:card\" content=\"summary_large_image\" \/>\n<meta name=\"twitter:site\" content=\"@alqueriamorayma\" \/>\n<meta name=\"twitter:label1\" content=\"Dur\u00e9e de lecture estim\u00e9e\" \/>\n\t<meta name=\"twitter:data1\" content=\"5 minutes\" \/>\n<script type=\"application\/ld+json\" class=\"yoast-schema-graph\">{\"@context\":\"https:\/\/schema.org\",\"@graph\":[{\"@type\":\"WebPage\",\"@id\":\"https:\/\/www.alqueriamorayma.com\/en\/sierra-nevada-las-alpujarras-fiestas\/\",\"url\":\"https:\/\/www.alqueriamorayma.com\/en\/sierra-nevada-las-alpujarras-fiestas\/\",\"name\":\"Sierra Nevada et Les Alpujarras en f\u00eate - Alquer\u00eda de Morayma\",\"isPartOf\":{\"@id\":\"https:\/\/www.alqueriamorayma.com\/#website\"},\"datePublished\":\"2017-01-17T13:02:47+00:00\",\"dateModified\":\"2017-02-24T15:55:59+00:00\",\"breadcrumb\":{\"@id\":\"https:\/\/www.alqueriamorayma.com\/en\/sierra-nevada-las-alpujarras-fiestas\/#breadcrumb\"},\"inLanguage\":\"fr-FR\",\"potentialAction\":[{\"@type\":\"ReadAction\",\"target\":[\"https:\/\/www.alqueriamorayma.com\/en\/sierra-nevada-las-alpujarras-fiestas\/\"]}]},{\"@type\":\"BreadcrumbList\",\"@id\":\"https:\/\/www.alqueriamorayma.com\/en\/sierra-nevada-las-alpujarras-fiestas\/#breadcrumb\",\"itemListElement\":[{\"@type\":\"ListItem\",\"position\":1,\"name\":\"Portada\",\"item\":\"https:\/\/www.alqueriamorayma.com\/\"},{\"@type\":\"ListItem\",\"position\":2,\"name\":\"Fiestas in the Alpujarra and Sierra Nevada\"}]},{\"@type\":\"WebSite\",\"@id\":\"https:\/\/www.alqueriamorayma.com\/#website\",\"url\":\"https:\/\/www.alqueriamorayma.com\/\",\"name\":\"Alquer\u00eda de Morayma\",\"description\":\"Hotel Rural en la Alpujarra\",\"publisher\":{\"@id\":\"https:\/\/www.alqueriamorayma.com\/#organization\"},\"potentialAction\":[{\"@type\":\"SearchAction\",\"target\":{\"@type\":\"EntryPoint\",\"urlTemplate\":\"https:\/\/www.alqueriamorayma.com\/?s={search_term_string}\"},\"query-input\":{\"@type\":\"PropertyValueSpecification\",\"valueRequired\":true,\"valueName\":\"search_term_string\"}}],\"inLanguage\":\"fr-FR\"},{\"@type\":\"Organization\",\"@id\":\"https:\/\/www.alqueriamorayma.com\/#organization\",\"name\":\"Alqueria de Morayma\",\"url\":\"https:\/\/www.alqueriamorayma.com\/\",\"logo\":{\"@type\":\"ImageObject\",\"inLanguage\":\"fr-FR\",\"@id\":\"https:\/\/www.alqueriamorayma.com\/#\/schema\/logo\/image\/\",\"url\":\"https:\/\/i0.wp.com\/www.alqueriamorayma.com\/wp-content\/uploads\/2017\/03\/logo-alqueria.png?fit=100%2C74\",\"contentUrl\":\"https:\/\/i0.wp.com\/www.alqueriamorayma.com\/wp-content\/uploads\/2017\/03\/logo-alqueria.png?fit=100%2C74\",\"width\":100,\"height\":74,\"caption\":\"Alqueria de Morayma\"},\"image\":{\"@id\":\"https:\/\/www.alqueriamorayma.com\/#\/schema\/logo\/image\/\"},\"sameAs\":[\"https:\/\/es-es.facebook.com\/alqueriamorayma\/\",\"https:\/\/x.com\/alqueriamorayma\"]}]}<\/script>\n<!-- \/ Yoast SEO plugin. -->","yoast_head_json":{"title":"Sierra Nevada et Les Alpujarras en f\u00eate - Alquer\u00eda de Morayma","robots":{"index":"index","follow":"follow","max-snippet":"max-snippet:-1","max-image-preview":"max-image-preview:large","max-video-preview":"max-video-preview:-1"},"canonical":"https:\/\/www.alqueriamorayma.com\/en\/sierra-nevada-las-alpujarras-fiestas\/","og_locale":"fr_FR","og_type":"article","og_title":"Sierra Nevada et Les Alpujarras en f\u00eate - Alquer\u00eda de Morayma","og_description":"La f\u00eate traditionnelle des \u201cmoros y cristianos\u201d est une pi\u00e8ce de th\u00e9\u00e2tre o\u00f9 dans le premier acte gagnent les maures, et dans le deuxi\u00e8me les chr\u00e9tiens gagnent d\u00e9finitivement. On la c\u00e9l\u00e8bre \u00e0 Laroles, Juviles, Trevelez, Bubi\u00f3n et Quentar. La plus","og_url":"https:\/\/www.alqueriamorayma.com\/en\/sierra-nevada-las-alpujarras-fiestas\/","og_site_name":"Alquer\u00eda de Morayma","article_publisher":"https:\/\/es-es.facebook.com\/alqueriamorayma\/","article_modified_time":"2017-02-24T15:55:59+00:00","twitter_card":"summary_large_image","twitter_site":"@alqueriamorayma","twitter_misc":{"Dur\u00e9e de lecture estim\u00e9e":"5 minutes"},"schema":{"@context":"https:\/\/schema.org","@graph":[{"@type":"WebPage","@id":"https:\/\/www.alqueriamorayma.com\/en\/sierra-nevada-las-alpujarras-fiestas\/","url":"https:\/\/www.alqueriamorayma.com\/en\/sierra-nevada-las-alpujarras-fiestas\/","name":"Sierra Nevada et Les Alpujarras en f\u00eate - Alquer\u00eda de Morayma","isPartOf":{"@id":"https:\/\/www.alqueriamorayma.com\/#website"},"datePublished":"2017-01-17T13:02:47+00:00","dateModified":"2017-02-24T15:55:59+00:00","breadcrumb":{"@id":"https:\/\/www.alqueriamorayma.com\/en\/sierra-nevada-las-alpujarras-fiestas\/#breadcrumb"},"inLanguage":"fr-FR","potentialAction":[{"@type":"ReadAction","target":["https:\/\/www.alqueriamorayma.com\/en\/sierra-nevada-las-alpujarras-fiestas\/"]}]},{"@type":"BreadcrumbList","@id":"https:\/\/www.alqueriamorayma.com\/en\/sierra-nevada-las-alpujarras-fiestas\/#breadcrumb","itemListElement":[{"@type":"ListItem","position":1,"name":"Portada","item":"https:\/\/www.alqueriamorayma.com\/"},{"@type":"ListItem","position":2,"name":"Fiestas in the Alpujarra and Sierra Nevada"}]},{"@type":"WebSite","@id":"https:\/\/www.alqueriamorayma.com\/#website","url":"https:\/\/www.alqueriamorayma.com\/","name":"Alquer\u00eda de Morayma","description":"Hotel Rural en la Alpujarra","publisher":{"@id":"https:\/\/www.alqueriamorayma.com\/#organization"},"potentialAction":[{"@type":"SearchAction","target":{"@type":"EntryPoint","urlTemplate":"https:\/\/www.alqueriamorayma.com\/?s={search_term_string}"},"query-input":{"@type":"PropertyValueSpecification","valueRequired":true,"valueName":"search_term_string"}}],"inLanguage":"fr-FR"},{"@type":"Organization","@id":"https:\/\/www.alqueriamorayma.com\/#organization","name":"Alqueria de Morayma","url":"https:\/\/www.alqueriamorayma.com\/","logo":{"@type":"ImageObject","inLanguage":"fr-FR","@id":"https:\/\/www.alqueriamorayma.com\/#\/schema\/logo\/image\/","url":"https:\/\/i0.wp.com\/www.alqueriamorayma.com\/wp-content\/uploads\/2017\/03\/logo-alqueria.png?fit=100%2C74","contentUrl":"https:\/\/i0.wp.com\/www.alqueriamorayma.com\/wp-content\/uploads\/2017\/03\/logo-alqueria.png?fit=100%2C74","width":100,"height":74,"caption":"Alqueria de Morayma"},"image":{"@id":"https:\/\/www.alqueriamorayma.com\/#\/schema\/logo\/image\/"},"sameAs":["https:\/\/es-es.facebook.com\/alqueriamorayma\/","https:\/\/x.com\/alqueriamorayma"]}]}},"jetpack_sharing_enabled":true,"jetpack_shortlink":"https:\/\/wp.me\/P8sFGa-1T","jetpack-related-posts":[],"_links":{"self":[{"href":"https:\/\/www.alqueriamorayma.com\/fr\/wp-json\/wp\/v2\/pages\/117"}],"collection":[{"href":"https:\/\/www.alqueriamorayma.com\/fr\/wp-json\/wp\/v2\/pages"}],"about":[{"href":"https:\/\/www.alqueriamorayma.com\/fr\/wp-json\/wp\/v2\/types\/page"}],"author":[{"embeddable":true,"href":"https:\/\/www.alqueriamorayma.com\/fr\/wp-json\/wp\/v2\/users\/1"}],"replies":[{"embeddable":true,"href":"https:\/\/www.alqueriamorayma.com\/fr\/wp-json\/wp\/v2\/comments?post=117"}],"version-history":[{"count":3,"href":"https:\/\/www.alqueriamorayma.com\/fr\/wp-json\/wp\/v2\/pages\/117\/revisions"}],"predecessor-version":[{"id":560,"href":"https:\/\/www.alqueriamorayma.com\/fr\/wp-json\/wp\/v2\/pages\/117\/revisions\/560"}],"wp:attachment":[{"href":"https:\/\/www.alqueriamorayma.com\/fr\/wp-json\/wp\/v2\/media?parent=117"}],"curies":[{"name":"wp","href":"https:\/\/api.w.org\/{rel}","templated":true}]}}