{"id":113,"date":"2017-01-17T13:01:50","date_gmt":"2017-01-17T13:01:50","guid":{"rendered":"http:\/\/www.alqueriamorayma.com\/?page_id=113"},"modified":"2017-02-24T16:08:01","modified_gmt":"2017-02-24T16:08:01","slug":"pajaros-desde-la-alqueria","status":"publish","type":"page","link":"https:\/\/www.alqueriamorayma.com\/fr\/pajaros-desde-la-alqueria\/","title":{"rendered":"Oiseaux et Ornithologie depuis la Alquer\u00eda"},"content":{"rendered":"<img loading=\"lazy\" decoding=\"async\" data-attachment-id=\"409\" data-permalink=\"https:\/\/www.alqueriamorayma.com\/fr\/pajaros-desde-la-alqueria\/pajaros-tinao\/\" data-orig-file=\"https:\/\/www.alqueriamorayma.com\/wp-content\/uploads\/2017\/01\/pajaros-tinao.jpg\" data-orig-size=\"709,567\" data-comments-opened=\"1\" data-image-meta=\"{&quot;aperture&quot;:&quot;10&quot;,&quot;credit&quot;:&quot;&quot;,&quot;camera&quot;:&quot;NIKON D200&quot;,&quot;caption&quot;:&quot;&quot;,&quot;created_timestamp&quot;:&quot;1236431797&quot;,&quot;copyright&quot;:&quot;&quot;,&quot;focal_length&quot;:&quot;31&quot;,&quot;iso&quot;:&quot;100&quot;,&quot;shutter_speed&quot;:&quot;0.00285714&quot;,&quot;title&quot;:&quot;&quot;,&quot;orientation&quot;:&quot;1&quot;}\" data-image-title=\"pajaros-tinao\" data-image-description=\"\" data-image-caption=\"\" data-medium-file=\"https:\/\/www.alqueriamorayma.com\/wp-content\/uploads\/2017\/01\/pajaros-tinao-300x240.jpg\" data-large-file=\"https:\/\/www.alqueriamorayma.com\/wp-content\/uploads\/2017\/01\/pajaros-tinao.jpg\" tabindex=\"0\" role=\"button\" class=\"size-medium wp-image-409 alignleft\" src=\"http:\/\/www.alqueriamorayma.com\/wp-content\/uploads\/2017\/01\/pajaros-tinao-300x240.jpg\" alt=\"\" width=\"300\" height=\"240\" srcset=\"https:\/\/www.alqueriamorayma.com\/wp-content\/uploads\/2017\/01\/pajaros-tinao-300x240.jpg 300w, https:\/\/www.alqueriamorayma.com\/wp-content\/uploads\/2017\/01\/pajaros-tinao.jpg 709w\" sizes=\"(max-width: 300px) 100vw, 300px\" \/>L\u2019Andalousie est un paradis pour l\u2019observation des oiseaux, une grande partie des esp\u00e8ces de l\u2019Europe de l\u2019Ouest peuvent y \u00eatre vues. la vari\u00e9t\u00e9 de terrains est un facteur important et ici, depuis la Alquer\u00eda, nous avons facilement \u00a0\u00e0 notre port\u00e9e une diversit\u00e9 de zones come falaises, gr\u00e8ves de galets et de sable, terres humides et\u00a0retenues d\u2019eau, buissons et terres semi-d\u00e9sertiques, ferme, jardins d\u2019agr\u00e9ment et potager, collines et haute montagne alpine.<\/p>\n<span class=\"collapseomatic \" id=\"id69df1bb4a366c\"  tabindex=\"0\" title=\"Lire plus...\"    >Lire plus...<\/span><div id=\"target-id69df1bb4a366c\" class=\"collapseomatic_content \">\n<p><img loading=\"lazy\" decoding=\"async\" data-attachment-id=\"410\" data-permalink=\"https:\/\/www.alqueriamorayma.com\/fr\/pajaros-desde-la-alqueria\/tortola-fajalauza_small\/\" data-orig-file=\"https:\/\/www.alqueriamorayma.com\/wp-content\/uploads\/2017\/01\/tortola-fajalauza_small.jpg\" data-orig-size=\"425,567\" data-comments-opened=\"1\" data-image-meta=\"{&quot;aperture&quot;:&quot;3.2&quot;,&quot;credit&quot;:&quot;&quot;,&quot;camera&quot;:&quot;6120c&quot;,&quot;caption&quot;:&quot;&quot;,&quot;created_timestamp&quot;:&quot;1241871471&quot;,&quot;copyright&quot;:&quot;&quot;,&quot;focal_length&quot;:&quot;4.9&quot;,&quot;iso&quot;:&quot;0&quot;,&quot;shutter_speed&quot;:&quot;0&quot;,&quot;title&quot;:&quot;&quot;,&quot;orientation&quot;:&quot;1&quot;}\" data-image-title=\"tortola-fajalauza_small\" data-image-description=\"\" data-image-caption=\"\" data-medium-file=\"https:\/\/www.alqueriamorayma.com\/wp-content\/uploads\/2017\/01\/tortola-fajalauza_small-225x300.jpg\" data-large-file=\"https:\/\/www.alqueriamorayma.com\/wp-content\/uploads\/2017\/01\/tortola-fajalauza_small.jpg\" tabindex=\"0\" role=\"button\" class=\"size-medium wp-image-410 alignright\" src=\"http:\/\/www.alqueriamorayma.com\/wp-content\/uploads\/2017\/01\/tortola-fajalauza_small-225x300.jpg\" alt=\"\" width=\"225\" height=\"300\" srcset=\"https:\/\/www.alqueriamorayma.com\/wp-content\/uploads\/2017\/01\/tortola-fajalauza_small-225x300.jpg 225w, https:\/\/www.alqueriamorayma.com\/wp-content\/uploads\/2017\/01\/tortola-fajalauza_small.jpg 425w\" sizes=\"(max-width: 225px) 100vw, 225px\" \/><\/p>\n<p>Pendant toute l\u2019ann\u00e9e il y a des oiseaux int\u00e9ressants, au printemps durant les mois de Mars et Avril arrivent les migrateurs. C\u2019est en cette saison que l\u2019on peut \u00e9couter au mieux les chants, ce qui facilite l\u2019identification, et en plus on peut assister \u00e0 d\u2019\u00e9tonnants d\u00e9ploiements de rapaces.\u00a0L\u2019\u00e9t\u00e9 peut \u00eatre bien chaud, mais plein de touristes bariol\u00e9s parmi lesquels le Gu\u00eapier,\u00a0Pie-Gri\u00e8che et Rollier. L\u2019automne est une autre bonne saison pour observer les oiseaux de passage pendant les promenades. En hiver nous avons les esp\u00e8ces comme les Grues, les Rapaces et les Aquatiques.<\/p>\n<p><img loading=\"lazy\" decoding=\"async\" data-attachment-id=\"411\" data-permalink=\"https:\/\/www.alqueriamorayma.com\/fr\/pajaros-desde-la-alqueria\/golondrinas-alqueria\/\" data-orig-file=\"https:\/\/www.alqueriamorayma.com\/wp-content\/uploads\/2017\/01\/golondrinas-alqueria.jpg\" data-orig-size=\"709,474\" data-comments-opened=\"1\" data-image-meta=\"{&quot;aperture&quot;:&quot;5.6&quot;,&quot;credit&quot;:&quot;&quot;,&quot;camera&quot;:&quot;NIKON D200&quot;,&quot;caption&quot;:&quot;&quot;,&quot;created_timestamp&quot;:&quot;1242996831&quot;,&quot;copyright&quot;:&quot;&quot;,&quot;focal_length&quot;:&quot;125&quot;,&quot;iso&quot;:&quot;1600&quot;,&quot;shutter_speed&quot;:&quot;0.016666666666667&quot;,&quot;title&quot;:&quot;&quot;,&quot;orientation&quot;:&quot;1&quot;}\" data-image-title=\"golondrinas-alqueria\" data-image-description=\"\" data-image-caption=\"\" data-medium-file=\"https:\/\/www.alqueriamorayma.com\/wp-content\/uploads\/2017\/01\/golondrinas-alqueria-300x201.jpg\" data-large-file=\"https:\/\/www.alqueriamorayma.com\/wp-content\/uploads\/2017\/01\/golondrinas-alqueria.jpg\" tabindex=\"0\" role=\"button\" class=\"size-medium wp-image-411 alignleft\" src=\"http:\/\/www.alqueriamorayma.com\/wp-content\/uploads\/2017\/01\/golondrinas-alqueria-300x201.jpg\" alt=\"\" width=\"300\" height=\"201\" srcset=\"https:\/\/www.alqueriamorayma.com\/wp-content\/uploads\/2017\/01\/golondrinas-alqueria-300x201.jpg 300w, https:\/\/www.alqueriamorayma.com\/wp-content\/uploads\/2017\/01\/golondrinas-alqueria.jpg 709w\" sizes=\"(max-width: 300px) 100vw, 300px\" \/><\/p>\n<p>Les apparitions d\u2019oiseaux dans un rayon d\u2019environ 10 Km autour de la Alquer\u00eda depuis 20 ans ont \u00e9t\u00e9 rassembl\u00e9es dans la liste ci-dessous. Si nos clients d\u00e9sirent des informations suppl\u00e9mentaires sur la liste ou les sites favorables \u00e0 l\u2019observation, demander en Reception.<\/p>\n<p><strong>V:\u00a0Et\u00e9 \u00a0A: Toute l\u2019ann\u00e9e M: Migrateurs I:\u00a0Hiver V: Vagabonds<br \/>\n<\/strong><\/p>\n<ul>\n<li>HERONS: A H\u00e9ron Cendr\u00e9, V Cigogne Blanche<\/li>\n<li>RAPACES: V Milan Noir, A Vautour Moine, M Vautour Fauve, A Buse Variable, A Aigle Royal, A Aigle de Bonelli, A Circa\u00e8te Jean-Le-Blanc, V Aigle Bott\u00e9, A Faucon Cr\u00e9cerelle, A Faucon Cr\u00e9cerellette, A Faucon P\u00e8lerin<\/li>\n<li>OISEAUX GIBIER: A Perdrix , A Caille Des Bl\u00e9s<\/li>\n<li>AQUATIQUES: V Chevalier Culblanc<\/li>\n<li>PIGEONS ET COUCOUS: A Pigeon Biset, A Pigeon Colombin, A Pigeon Ramier, V Tourterelle des Bois, A Tourterelle Turque, V Coucou Gris, V Coucou-Geai<\/li>\n<li>HIBOUX: V Hibou Petit-Duc, A Hibou Grand-Duc, A Chouette Chev\u00eache, V Engoulevent d\u2019Europe<\/li>\n<li>MARTINETS ET PICS: V Martinet P\u00e2le, V Martinet Noir, V Gu\u00eapier d\u2019Europe, V Rollier, A\/V Huppe Fasci\u00e9e, V Torcol Fourmilier, A Pic Vert<\/li>\n<li>ALOUETTES: A Alouette Calandre, A Alouette Pispolette, V Alouette Calandrelle, A Cochevis Hupp\u00e9, A Cochevis de Th\u00e9kla, A Alouette des Champs, A Alouette Lulu, I Pipit Rousseline, I Pipit Farlouse<\/li>\n<li>BERGERONNETTES: A Bergeronnette des Ruisseaux, V Bergeronnette Printanni\u00e8re, A Bergeronnette Grise, A Merle d\u2019Eau, A Troglodyte, A Accenteur Alpin, V Agrobate Roux<\/li>\n<li>TRAQUETS: A Rougegorge, V Rossignol, V Rougequeue \u00e0 Front Blanc, A Rougequeue Noir, A Traquet P\u00e2tre, V Traquet Motteux, V Traquet Oreillard, A Traquet Rieur, V Merle de Roche, A Merle Bleu, A Merle Noir, V Grive Musicienne, A Grive Draine<\/li>\n<li>FAUVETTES: A Bouscarle de Cetti, A Cisticole des Joncs, A Fauvette Pitchou, A Fauvette M\u00e9lanoc\u00e9phale, A Fauvette \u00e0 T\u00eate Noire, A Pouillot V\u00e9loce, I Roitelet Hupp\u00e9, A Roitelet Triple Bandeau, V Gobemouche Gris, V Gobemouche Noir<\/li>\n<li>MESANGES: A M\u00e9sange Noire, A M\u00e9sange Bleue, A M\u00e9sange Charbonni\u00e8re, A Grimpereau des Jardins, A M\u00e9sange \u00e0 Longue Queue<\/li>\n<li>CORVIDES: V Loriot, A Pie Gri\u00e8che\u00a0\u00e0 T\u00eate Rousse, A Pie-Gri\u00e8che Grise Meridionalis, V Pie Gri\u00e8che Grise,\u00a0A Geai des Ch\u00eanes, A Pie Bavarde, A Crave \u00e0 Bec Rouge, A Corneille, A Corbeau Freux, A Grand Corbeau, A Choucas des Tours, A Etourneau Unicolore<\/li>\n<li>PASSEREAUX: A Moineau Espagnol, A Moineau Domestique, A Moineau Soulcie, A Pinson, A Serin Cini, A Verdier d\u2019Europe, A Chardonneret, A Linotte M\u00e9lodieuse, I Tarin des Aulnes, A Beccrois\u00e9 des Sapins,\u00a0A Escribano Montesino, A Bruant Jaune, A Bruant Proyer<\/li>\n<\/ul>\n<p><em>Autores: Miranda Ravetto y Trevor<\/em><em style=\"line-height: 1.5;\"><\/div><\/em>","protected":false},"excerpt":{"rendered":"<p>L\u2019Andalousie est un paradis pour l\u2019observation des oiseaux, une grande partie des esp\u00e8ces de l\u2019Europe de l\u2019Ouest peuvent y \u00eatre vues. la vari\u00e9t\u00e9 de terrains est un facteur important et ici, depuis la Alquer\u00eda, nous avons facilement \u00a0\u00e0 notre port\u00e9e<\/p>\n","protected":false},"author":1,"featured_media":0,"parent":0,"menu_order":0,"comment_status":"closed","ping_status":"closed","template":"","meta":{"jetpack_post_was_ever_published":false,"footnotes":""},"yoast_head":"<!-- This site is optimized with the Yoast SEO plugin v23.5 - https:\/\/yoast.com\/wordpress\/plugins\/seo\/ -->\n<title>Oiseaux et Ornithologie depuis la Alquer\u00eda - Alquer\u00eda de Morayma<\/title>\n<meta name=\"robots\" content=\"index, follow, max-snippet:-1, max-image-preview:large, max-video-preview:-1\" \/>\n<link rel=\"canonical\" href=\"https:\/\/www.alqueriamorayma.com\/pajaros-desde-la-alqueria\/\" \/>\n<meta property=\"og:locale\" content=\"fr_FR\" \/>\n<meta property=\"og:type\" content=\"article\" \/>\n<meta property=\"og:title\" content=\"Oiseaux et Ornithologie depuis la Alquer\u00eda - Alquer\u00eda de Morayma\" \/>\n<meta property=\"og:description\" content=\"L\u2019Andalousie est un paradis pour l\u2019observation des oiseaux, une grande partie des esp\u00e8ces de l\u2019Europe de l\u2019Ouest peuvent y \u00eatre vues. la vari\u00e9t\u00e9 de terrains est un facteur important et ici, depuis la Alquer\u00eda, nous avons facilement \u00a0\u00e0 notre port\u00e9e\" \/>\n<meta property=\"og:url\" content=\"https:\/\/www.alqueriamorayma.com\/pajaros-desde-la-alqueria\/\" \/>\n<meta property=\"og:site_name\" content=\"Alquer\u00eda de Morayma\" \/>\n<meta property=\"article:publisher\" content=\"https:\/\/es-es.facebook.com\/alqueriamorayma\/\" \/>\n<meta property=\"article:modified_time\" content=\"2017-02-24T16:08:01+00:00\" \/>\n<meta property=\"og:image\" content=\"http:\/\/www.alqueriamorayma.com\/wp-content\/uploads\/2017\/01\/pajareando-primavera-13-2-300x215.jpg\" \/>\n<meta name=\"twitter:card\" content=\"summary_large_image\" \/>\n<meta name=\"twitter:site\" content=\"@alqueriamorayma\" \/>\n<meta name=\"twitter:label1\" content=\"Dur\u00e9e de lecture estim\u00e9e\" \/>\n\t<meta name=\"twitter:data1\" content=\"23 minutes\" \/>\n<script type=\"application\/ld+json\" class=\"yoast-schema-graph\">{\"@context\":\"https:\/\/schema.org\",\"@graph\":[{\"@type\":\"WebPage\",\"@id\":\"https:\/\/www.alqueriamorayma.com\/pajaros-desde-la-alqueria\/\",\"url\":\"https:\/\/www.alqueriamorayma.com\/pajaros-desde-la-alqueria\/\",\"name\":\"Oiseaux et Ornithologie depuis la Alquer\u00eda - Alquer\u00eda de Morayma\",\"isPartOf\":{\"@id\":\"https:\/\/www.alqueriamorayma.com\/#website\"},\"primaryImageOfPage\":{\"@id\":\"https:\/\/www.alqueriamorayma.com\/pajaros-desde-la-alqueria\/#primaryimage\"},\"image\":{\"@id\":\"https:\/\/www.alqueriamorayma.com\/pajaros-desde-la-alqueria\/#primaryimage\"},\"thumbnailUrl\":\"http:\/\/www.alqueriamorayma.com\/wp-content\/uploads\/2017\/01\/pajareando-primavera-13-2-300x215.jpg\",\"datePublished\":\"2017-01-17T13:01:50+00:00\",\"dateModified\":\"2017-02-24T16:08:01+00:00\",\"breadcrumb\":{\"@id\":\"https:\/\/www.alqueriamorayma.com\/pajaros-desde-la-alqueria\/#breadcrumb\"},\"inLanguage\":\"fr-FR\",\"potentialAction\":[{\"@type\":\"ReadAction\",\"target\":[\"https:\/\/www.alqueriamorayma.com\/pajaros-desde-la-alqueria\/\"]}]},{\"@type\":\"ImageObject\",\"inLanguage\":\"fr-FR\",\"@id\":\"https:\/\/www.alqueriamorayma.com\/pajaros-desde-la-alqueria\/#primaryimage\",\"url\":\"http:\/\/www.alqueriamorayma.com\/wp-content\/uploads\/2017\/01\/pajareando-primavera-13-2-300x215.jpg\",\"contentUrl\":\"http:\/\/www.alqueriamorayma.com\/wp-content\/uploads\/2017\/01\/pajareando-primavera-13-2-300x215.jpg\"},{\"@type\":\"BreadcrumbList\",\"@id\":\"https:\/\/www.alqueriamorayma.com\/pajaros-desde-la-alqueria\/#breadcrumb\",\"itemListElement\":[{\"@type\":\"ListItem\",\"position\":1,\"name\":\"Portada\",\"item\":\"https:\/\/www.alqueriamorayma.com\/\"},{\"@type\":\"ListItem\",\"position\":2,\"name\":\"P\u00e1jaros desde la Alquer\u00eda\"}]},{\"@type\":\"WebSite\",\"@id\":\"https:\/\/www.alqueriamorayma.com\/#website\",\"url\":\"https:\/\/www.alqueriamorayma.com\/\",\"name\":\"Alquer\u00eda de Morayma\",\"description\":\"Hotel Rural en la Alpujarra\",\"publisher\":{\"@id\":\"https:\/\/www.alqueriamorayma.com\/#organization\"},\"potentialAction\":[{\"@type\":\"SearchAction\",\"target\":{\"@type\":\"EntryPoint\",\"urlTemplate\":\"https:\/\/www.alqueriamorayma.com\/?s={search_term_string}\"},\"query-input\":{\"@type\":\"PropertyValueSpecification\",\"valueRequired\":true,\"valueName\":\"search_term_string\"}}],\"inLanguage\":\"fr-FR\"},{\"@type\":\"Organization\",\"@id\":\"https:\/\/www.alqueriamorayma.com\/#organization\",\"name\":\"Alqueria de Morayma\",\"url\":\"https:\/\/www.alqueriamorayma.com\/\",\"logo\":{\"@type\":\"ImageObject\",\"inLanguage\":\"fr-FR\",\"@id\":\"https:\/\/www.alqueriamorayma.com\/#\/schema\/logo\/image\/\",\"url\":\"https:\/\/i0.wp.com\/www.alqueriamorayma.com\/wp-content\/uploads\/2017\/03\/logo-alqueria.png?fit=100%2C74\",\"contentUrl\":\"https:\/\/i0.wp.com\/www.alqueriamorayma.com\/wp-content\/uploads\/2017\/03\/logo-alqueria.png?fit=100%2C74\",\"width\":100,\"height\":74,\"caption\":\"Alqueria de Morayma\"},\"image\":{\"@id\":\"https:\/\/www.alqueriamorayma.com\/#\/schema\/logo\/image\/\"},\"sameAs\":[\"https:\/\/es-es.facebook.com\/alqueriamorayma\/\",\"https:\/\/x.com\/alqueriamorayma\"]}]}<\/script>\n<!-- \/ Yoast SEO plugin. -->","yoast_head_json":{"title":"Oiseaux et Ornithologie depuis la Alquer\u00eda - Alquer\u00eda de Morayma","robots":{"index":"index","follow":"follow","max-snippet":"max-snippet:-1","max-image-preview":"max-image-preview:large","max-video-preview":"max-video-preview:-1"},"canonical":"https:\/\/www.alqueriamorayma.com\/pajaros-desde-la-alqueria\/","og_locale":"fr_FR","og_type":"article","og_title":"Oiseaux et Ornithologie depuis la Alquer\u00eda - Alquer\u00eda de Morayma","og_description":"L\u2019Andalousie est un paradis pour l\u2019observation des oiseaux, une grande partie des esp\u00e8ces de l\u2019Europe de l\u2019Ouest peuvent y \u00eatre vues. la vari\u00e9t\u00e9 de terrains est un facteur important et ici, depuis la Alquer\u00eda, nous avons facilement \u00a0\u00e0 notre port\u00e9e","og_url":"https:\/\/www.alqueriamorayma.com\/pajaros-desde-la-alqueria\/","og_site_name":"Alquer\u00eda de Morayma","article_publisher":"https:\/\/es-es.facebook.com\/alqueriamorayma\/","article_modified_time":"2017-02-24T16:08:01+00:00","og_image":[{"url":"http:\/\/www.alqueriamorayma.com\/wp-content\/uploads\/2017\/01\/pajareando-primavera-13-2-300x215.jpg"}],"twitter_card":"summary_large_image","twitter_site":"@alqueriamorayma","twitter_misc":{"Dur\u00e9e de lecture estim\u00e9e":"23 minutes"},"schema":{"@context":"https:\/\/schema.org","@graph":[{"@type":"WebPage","@id":"https:\/\/www.alqueriamorayma.com\/pajaros-desde-la-alqueria\/","url":"https:\/\/www.alqueriamorayma.com\/pajaros-desde-la-alqueria\/","name":"Oiseaux et Ornithologie depuis la Alquer\u00eda - Alquer\u00eda de Morayma","isPartOf":{"@id":"https:\/\/www.alqueriamorayma.com\/#website"},"primaryImageOfPage":{"@id":"https:\/\/www.alqueriamorayma.com\/pajaros-desde-la-alqueria\/#primaryimage"},"image":{"@id":"https:\/\/www.alqueriamorayma.com\/pajaros-desde-la-alqueria\/#primaryimage"},"thumbnailUrl":"http:\/\/www.alqueriamorayma.com\/wp-content\/uploads\/2017\/01\/pajareando-primavera-13-2-300x215.jpg","datePublished":"2017-01-17T13:01:50+00:00","dateModified":"2017-02-24T16:08:01+00:00","breadcrumb":{"@id":"https:\/\/www.alqueriamorayma.com\/pajaros-desde-la-alqueria\/#breadcrumb"},"inLanguage":"fr-FR","potentialAction":[{"@type":"ReadAction","target":["https:\/\/www.alqueriamorayma.com\/pajaros-desde-la-alqueria\/"]}]},{"@type":"ImageObject","inLanguage":"fr-FR","@id":"https:\/\/www.alqueriamorayma.com\/pajaros-desde-la-alqueria\/#primaryimage","url":"http:\/\/www.alqueriamorayma.com\/wp-content\/uploads\/2017\/01\/pajareando-primavera-13-2-300x215.jpg","contentUrl":"http:\/\/www.alqueriamorayma.com\/wp-content\/uploads\/2017\/01\/pajareando-primavera-13-2-300x215.jpg"},{"@type":"BreadcrumbList","@id":"https:\/\/www.alqueriamorayma.com\/pajaros-desde-la-alqueria\/#breadcrumb","itemListElement":[{"@type":"ListItem","position":1,"name":"Portada","item":"https:\/\/www.alqueriamorayma.com\/"},{"@type":"ListItem","position":2,"name":"P\u00e1jaros desde la Alquer\u00eda"}]},{"@type":"WebSite","@id":"https:\/\/www.alqueriamorayma.com\/#website","url":"https:\/\/www.alqueriamorayma.com\/","name":"Alquer\u00eda de Morayma","description":"Hotel Rural en la Alpujarra","publisher":{"@id":"https:\/\/www.alqueriamorayma.com\/#organization"},"potentialAction":[{"@type":"SearchAction","target":{"@type":"EntryPoint","urlTemplate":"https:\/\/www.alqueriamorayma.com\/?s={search_term_string}"},"query-input":{"@type":"PropertyValueSpecification","valueRequired":true,"valueName":"search_term_string"}}],"inLanguage":"fr-FR"},{"@type":"Organization","@id":"https:\/\/www.alqueriamorayma.com\/#organization","name":"Alqueria de Morayma","url":"https:\/\/www.alqueriamorayma.com\/","logo":{"@type":"ImageObject","inLanguage":"fr-FR","@id":"https:\/\/www.alqueriamorayma.com\/#\/schema\/logo\/image\/","url":"https:\/\/i0.wp.com\/www.alqueriamorayma.com\/wp-content\/uploads\/2017\/03\/logo-alqueria.png?fit=100%2C74","contentUrl":"https:\/\/i0.wp.com\/www.alqueriamorayma.com\/wp-content\/uploads\/2017\/03\/logo-alqueria.png?fit=100%2C74","width":100,"height":74,"caption":"Alqueria de Morayma"},"image":{"@id":"https:\/\/www.alqueriamorayma.com\/#\/schema\/logo\/image\/"},"sameAs":["https:\/\/es-es.facebook.com\/alqueriamorayma\/","https:\/\/x.com\/alqueriamorayma"]}]}},"jetpack_sharing_enabled":true,"jetpack_shortlink":"https:\/\/wp.me\/P8sFGa-1P","jetpack-related-posts":[],"_links":{"self":[{"href":"https:\/\/www.alqueriamorayma.com\/fr\/wp-json\/wp\/v2\/pages\/113"}],"collection":[{"href":"https:\/\/www.alqueriamorayma.com\/fr\/wp-json\/wp\/v2\/pages"}],"about":[{"href":"https:\/\/www.alqueriamorayma.com\/fr\/wp-json\/wp\/v2\/types\/page"}],"author":[{"embeddable":true,"href":"https:\/\/www.alqueriamorayma.com\/fr\/wp-json\/wp\/v2\/users\/1"}],"replies":[{"embeddable":true,"href":"https:\/\/www.alqueriamorayma.com\/fr\/wp-json\/wp\/v2\/comments?post=113"}],"version-history":[{"count":13,"href":"https:\/\/www.alqueriamorayma.com\/fr\/wp-json\/wp\/v2\/pages\/113\/revisions"}],"predecessor-version":[{"id":566,"href":"https:\/\/www.alqueriamorayma.com\/fr\/wp-json\/wp\/v2\/pages\/113\/revisions\/566"}],"wp:attachment":[{"href":"https:\/\/www.alqueriamorayma.com\/fr\/wp-json\/wp\/v2\/media?parent=113"}],"curies":[{"name":"wp","href":"https:\/\/api.w.org\/{rel}","templated":true}]}}