{"id":1074,"date":"2020-07-14T17:56:42","date_gmt":"2020-07-14T17:56:42","guid":{"rendered":"http:\/\/www.alqueriamorayma.com\/?page_id=1074"},"modified":"2020-07-14T17:56:47","modified_gmt":"2020-07-14T17:56:47","slug":"senderismo-verano-2020","status":"publish","type":"page","link":"https:\/\/www.alqueriamorayma.com\/fr\/senderismo-verano-2020\/","title":{"rendered":"Senderismo verano 2020"},"content":{"rendered":"\n<div class=\"wp-block-image\"><figure class=\"aligncenter is-resized\"><img loading=\"lazy\" decoding=\"async\" data-attachment-id=\"1075\" data-permalink=\"https:\/\/www.alqueriamorayma.com\/fr\/senderismo-verano-2020\/actividades-2\/\" data-orig-file=\"https:\/\/www.alqueriamorayma.com\/wp-content\/uploads\/2020\/07\/actividades-1.jpeg\" data-orig-size=\"1600,1600\" data-comments-opened=\"1\" data-image-meta=\"{&quot;aperture&quot;:&quot;0&quot;,&quot;credit&quot;:&quot;&quot;,&quot;camera&quot;:&quot;&quot;,&quot;caption&quot;:&quot;&quot;,&quot;created_timestamp&quot;:&quot;0&quot;,&quot;copyright&quot;:&quot;&quot;,&quot;focal_length&quot;:&quot;0&quot;,&quot;iso&quot;:&quot;0&quot;,&quot;shutter_speed&quot;:&quot;0&quot;,&quot;title&quot;:&quot;&quot;,&quot;orientation&quot;:&quot;0&quot;}\" data-image-title=\"actividades\" data-image-description=\"\" data-image-caption=\"\" data-medium-file=\"https:\/\/www.alqueriamorayma.com\/wp-content\/uploads\/2020\/07\/actividades-1-300x300.jpeg\" data-large-file=\"https:\/\/www.alqueriamorayma.com\/wp-content\/uploads\/2020\/07\/actividades-1-1024x1024.jpeg\" tabindex=\"0\" role=\"button\" src=\"https:\/\/i2.wp.com\/www.alqueriamorayma.com\/wp-content\/uploads\/2020\/07\/actividades-1.jpeg?fit=750%2C750\" alt=\"\" class=\"wp-image-1075\" width=\"375\" height=\"375\" srcset=\"https:\/\/www.alqueriamorayma.com\/wp-content\/uploads\/2020\/07\/actividades-1.jpeg 1600w, https:\/\/www.alqueriamorayma.com\/wp-content\/uploads\/2020\/07\/actividades-1-150x150.jpeg 150w, https:\/\/www.alqueriamorayma.com\/wp-content\/uploads\/2020\/07\/actividades-1-300x300.jpeg 300w, https:\/\/www.alqueriamorayma.com\/wp-content\/uploads\/2020\/07\/actividades-1-768x768.jpeg 768w, https:\/\/www.alqueriamorayma.com\/wp-content\/uploads\/2020\/07\/actividades-1-1024x1024.jpeg 1024w, https:\/\/www.alqueriamorayma.com\/wp-content\/uploads\/2020\/07\/actividades-1-270x270.jpeg 270w, https:\/\/www.alqueriamorayma.com\/wp-content\/uploads\/2020\/07\/actividades-1-230x230.jpeg 230w\" sizes=\"(max-width: 375px) 100vw, 375px\" \/><figcaption><br><br> <br><strong>SENDERISMO NOCTURNO<\/strong><br><br>\u00bfTe animas a pasear por las Estrellas ? y la Luna ? con nosotros?<br>Os presentamos nuestro calendario completo para este verano&nbsp;?:<br><br><br><strong>S\u00e1bado 18 julio. Paseo por las Estrellas en Luna Nueva.<br>S\u00e1bado 1 agosto. Senderismo con la Luna Llena.<br>Mi\u00e9rcoles 12 agosto. Lluvia de las Perseidas.<br>S\u00e1bado 22 agosto. Paseo por las Estrellas en Luna Nueva.<br>S\u00e1bado 5 septiembre. Senderismo con la Luna Llena.<\/strong><br><br><br>Disfruta de la magia del senderismo nocturno en plena naturaleza&nbsp;?\ufe0f?&nbsp;y de la interpretaci\u00f3n del cielo por Carlos Mu\u00f1oz. \u00a1Incluida a trav\u00e9s de su telescopio!&nbsp;?<br>\u00bfTe haces este regalo?<br><br><br>PLAZAS LIMITADAS, \u00a1Reserva la tuya, te esperamos!<br>Para m\u00e1s informaci\u00f3n, ofertas y reservas, contacta con nosotros:<br><br><br>\u260e&nbsp;605 051 841 \/ 958 343 303 \/ 958 343 221<br>?&nbsp;alqueria@alqueriamorayma.com<br>?&nbsp;<a rel=\"noreferrer noopener\" href=\"http:\/\/www.alqueriamorayma.com\/?fbclid=IwAR2W_mdaeRNucb3z_ovQsIQpEhkDG1Jm1WzujuL2t-PnOhJ00vp8Qb28etY\" target=\"_blank\">www.alqueriamorayma.com<\/a><br><br><br>Hotel Rural Alquer\u00eda de Morayma (Alpujarra, Granada) <br><\/figcaption><\/figure><\/div>\n","protected":false},"excerpt":{"rendered":"","protected":false},"author":1,"featured_media":0,"parent":0,"menu_order":0,"comment_status":"closed","ping_status":"closed","template":"","meta":{"jetpack_post_was_ever_published":false,"footnotes":""},"yoast_head":"<!-- This site is optimized with the Yoast SEO plugin v23.5 - https:\/\/yoast.com\/wordpress\/plugins\/seo\/ -->\n<title>Senderismo verano 2020 - Alquer\u00eda de Morayma<\/title>\n<meta name=\"robots\" content=\"index, follow, max-snippet:-1, max-image-preview:large, max-video-preview:-1\" \/>\n<link rel=\"canonical\" href=\"https:\/\/www.alqueriamorayma.com\/en\/senderismo-verano-2020\/\" \/>\n<meta property=\"og:locale\" content=\"fr_FR\" \/>\n<meta property=\"og:type\" content=\"article\" \/>\n<meta property=\"og:title\" content=\"Senderismo verano 2020 - Alquer\u00eda de Morayma\" \/>\n<meta property=\"og:url\" content=\"https:\/\/www.alqueriamorayma.com\/en\/senderismo-verano-2020\/\" \/>\n<meta property=\"og:site_name\" content=\"Alquer\u00eda de Morayma\" \/>\n<meta property=\"article:publisher\" content=\"https:\/\/es-es.facebook.com\/alqueriamorayma\/\" \/>\n<meta property=\"article:modified_time\" content=\"2020-07-14T17:56:47+00:00\" \/>\n<meta property=\"og:image\" content=\"https:\/\/i2.wp.com\/www.alqueriamorayma.com\/wp-content\/uploads\/2020\/07\/actividades-1.jpeg?fit=750%2C750\" \/>\n<meta name=\"twitter:card\" content=\"summary_large_image\" \/>\n<meta name=\"twitter:site\" content=\"@alqueriamorayma\" \/>\n<meta name=\"twitter:label1\" content=\"Dur\u00e9e de lecture estim\u00e9e\" \/>\n\t<meta name=\"twitter:data1\" content=\"1 minute\" \/>\n<script type=\"application\/ld+json\" class=\"yoast-schema-graph\">{\"@context\":\"https:\/\/schema.org\",\"@graph\":[{\"@type\":\"WebPage\",\"@id\":\"https:\/\/www.alqueriamorayma.com\/en\/senderismo-verano-2020\/\",\"url\":\"https:\/\/www.alqueriamorayma.com\/en\/senderismo-verano-2020\/\",\"name\":\"Senderismo verano 2020 - Alquer\u00eda de Morayma\",\"isPartOf\":{\"@id\":\"https:\/\/www.alqueriamorayma.com\/#website\"},\"primaryImageOfPage\":{\"@id\":\"https:\/\/www.alqueriamorayma.com\/en\/senderismo-verano-2020\/#primaryimage\"},\"image\":{\"@id\":\"https:\/\/www.alqueriamorayma.com\/en\/senderismo-verano-2020\/#primaryimage\"},\"thumbnailUrl\":\"https:\/\/i2.wp.com\/www.alqueriamorayma.com\/wp-content\/uploads\/2020\/07\/actividades-1.jpeg?fit=750%2C750\",\"datePublished\":\"2020-07-14T17:56:42+00:00\",\"dateModified\":\"2020-07-14T17:56:47+00:00\",\"breadcrumb\":{\"@id\":\"https:\/\/www.alqueriamorayma.com\/en\/senderismo-verano-2020\/#breadcrumb\"},\"inLanguage\":\"fr-FR\",\"potentialAction\":[{\"@type\":\"ReadAction\",\"target\":[\"https:\/\/www.alqueriamorayma.com\/en\/senderismo-verano-2020\/\"]}]},{\"@type\":\"ImageObject\",\"inLanguage\":\"fr-FR\",\"@id\":\"https:\/\/www.alqueriamorayma.com\/en\/senderismo-verano-2020\/#primaryimage\",\"url\":\"https:\/\/i2.wp.com\/www.alqueriamorayma.com\/wp-content\/uploads\/2020\/07\/actividades-1.jpeg?fit=750%2C750\",\"contentUrl\":\"https:\/\/i2.wp.com\/www.alqueriamorayma.com\/wp-content\/uploads\/2020\/07\/actividades-1.jpeg?fit=750%2C750\"},{\"@type\":\"BreadcrumbList\",\"@id\":\"https:\/\/www.alqueriamorayma.com\/en\/senderismo-verano-2020\/#breadcrumb\",\"itemListElement\":[{\"@type\":\"ListItem\",\"position\":1,\"name\":\"Portada\",\"item\":\"https:\/\/www.alqueriamorayma.com\/\"},{\"@type\":\"ListItem\",\"position\":2,\"name\":\"Senderismo verano 2020\"}]},{\"@type\":\"WebSite\",\"@id\":\"https:\/\/www.alqueriamorayma.com\/#website\",\"url\":\"https:\/\/www.alqueriamorayma.com\/\",\"name\":\"Alquer\u00eda de Morayma\",\"description\":\"Hotel Rural en la Alpujarra\",\"publisher\":{\"@id\":\"https:\/\/www.alqueriamorayma.com\/#organization\"},\"potentialAction\":[{\"@type\":\"SearchAction\",\"target\":{\"@type\":\"EntryPoint\",\"urlTemplate\":\"https:\/\/www.alqueriamorayma.com\/?s={search_term_string}\"},\"query-input\":{\"@type\":\"PropertyValueSpecification\",\"valueRequired\":true,\"valueName\":\"search_term_string\"}}],\"inLanguage\":\"fr-FR\"},{\"@type\":\"Organization\",\"@id\":\"https:\/\/www.alqueriamorayma.com\/#organization\",\"name\":\"Alqueria de Morayma\",\"url\":\"https:\/\/www.alqueriamorayma.com\/\",\"logo\":{\"@type\":\"ImageObject\",\"inLanguage\":\"fr-FR\",\"@id\":\"https:\/\/www.alqueriamorayma.com\/#\/schema\/logo\/image\/\",\"url\":\"https:\/\/i0.wp.com\/www.alqueriamorayma.com\/wp-content\/uploads\/2017\/03\/logo-alqueria.png?fit=100%2C74\",\"contentUrl\":\"https:\/\/i0.wp.com\/www.alqueriamorayma.com\/wp-content\/uploads\/2017\/03\/logo-alqueria.png?fit=100%2C74\",\"width\":100,\"height\":74,\"caption\":\"Alqueria de Morayma\"},\"image\":{\"@id\":\"https:\/\/www.alqueriamorayma.com\/#\/schema\/logo\/image\/\"},\"sameAs\":[\"https:\/\/es-es.facebook.com\/alqueriamorayma\/\",\"https:\/\/x.com\/alqueriamorayma\"]}]}<\/script>\n<!-- \/ Yoast SEO plugin. -->","yoast_head_json":{"title":"Senderismo verano 2020 - Alquer\u00eda de Morayma","robots":{"index":"index","follow":"follow","max-snippet":"max-snippet:-1","max-image-preview":"max-image-preview:large","max-video-preview":"max-video-preview:-1"},"canonical":"https:\/\/www.alqueriamorayma.com\/en\/senderismo-verano-2020\/","og_locale":"fr_FR","og_type":"article","og_title":"Senderismo verano 2020 - Alquer\u00eda de Morayma","og_url":"https:\/\/www.alqueriamorayma.com\/en\/senderismo-verano-2020\/","og_site_name":"Alquer\u00eda de Morayma","article_publisher":"https:\/\/es-es.facebook.com\/alqueriamorayma\/","article_modified_time":"2020-07-14T17:56:47+00:00","og_image":[{"url":"https:\/\/i2.wp.com\/www.alqueriamorayma.com\/wp-content\/uploads\/2020\/07\/actividades-1.jpeg?fit=750%2C750"}],"twitter_card":"summary_large_image","twitter_site":"@alqueriamorayma","twitter_misc":{"Dur\u00e9e de lecture estim\u00e9e":"1 minute"},"schema":{"@context":"https:\/\/schema.org","@graph":[{"@type":"WebPage","@id":"https:\/\/www.alqueriamorayma.com\/en\/senderismo-verano-2020\/","url":"https:\/\/www.alqueriamorayma.com\/en\/senderismo-verano-2020\/","name":"Senderismo verano 2020 - Alquer\u00eda de Morayma","isPartOf":{"@id":"https:\/\/www.alqueriamorayma.com\/#website"},"primaryImageOfPage":{"@id":"https:\/\/www.alqueriamorayma.com\/en\/senderismo-verano-2020\/#primaryimage"},"image":{"@id":"https:\/\/www.alqueriamorayma.com\/en\/senderismo-verano-2020\/#primaryimage"},"thumbnailUrl":"https:\/\/i2.wp.com\/www.alqueriamorayma.com\/wp-content\/uploads\/2020\/07\/actividades-1.jpeg?fit=750%2C750","datePublished":"2020-07-14T17:56:42+00:00","dateModified":"2020-07-14T17:56:47+00:00","breadcrumb":{"@id":"https:\/\/www.alqueriamorayma.com\/en\/senderismo-verano-2020\/#breadcrumb"},"inLanguage":"fr-FR","potentialAction":[{"@type":"ReadAction","target":["https:\/\/www.alqueriamorayma.com\/en\/senderismo-verano-2020\/"]}]},{"@type":"ImageObject","inLanguage":"fr-FR","@id":"https:\/\/www.alqueriamorayma.com\/en\/senderismo-verano-2020\/#primaryimage","url":"https:\/\/i2.wp.com\/www.alqueriamorayma.com\/wp-content\/uploads\/2020\/07\/actividades-1.jpeg?fit=750%2C750","contentUrl":"https:\/\/i2.wp.com\/www.alqueriamorayma.com\/wp-content\/uploads\/2020\/07\/actividades-1.jpeg?fit=750%2C750"},{"@type":"BreadcrumbList","@id":"https:\/\/www.alqueriamorayma.com\/en\/senderismo-verano-2020\/#breadcrumb","itemListElement":[{"@type":"ListItem","position":1,"name":"Portada","item":"https:\/\/www.alqueriamorayma.com\/"},{"@type":"ListItem","position":2,"name":"Senderismo verano 2020"}]},{"@type":"WebSite","@id":"https:\/\/www.alqueriamorayma.com\/#website","url":"https:\/\/www.alqueriamorayma.com\/","name":"Alquer\u00eda de Morayma","description":"Hotel Rural en la Alpujarra","publisher":{"@id":"https:\/\/www.alqueriamorayma.com\/#organization"},"potentialAction":[{"@type":"SearchAction","target":{"@type":"EntryPoint","urlTemplate":"https:\/\/www.alqueriamorayma.com\/?s={search_term_string}"},"query-input":{"@type":"PropertyValueSpecification","valueRequired":true,"valueName":"search_term_string"}}],"inLanguage":"fr-FR"},{"@type":"Organization","@id":"https:\/\/www.alqueriamorayma.com\/#organization","name":"Alqueria de Morayma","url":"https:\/\/www.alqueriamorayma.com\/","logo":{"@type":"ImageObject","inLanguage":"fr-FR","@id":"https:\/\/www.alqueriamorayma.com\/#\/schema\/logo\/image\/","url":"https:\/\/i0.wp.com\/www.alqueriamorayma.com\/wp-content\/uploads\/2017\/03\/logo-alqueria.png?fit=100%2C74","contentUrl":"https:\/\/i0.wp.com\/www.alqueriamorayma.com\/wp-content\/uploads\/2017\/03\/logo-alqueria.png?fit=100%2C74","width":100,"height":74,"caption":"Alqueria de Morayma"},"image":{"@id":"https:\/\/www.alqueriamorayma.com\/#\/schema\/logo\/image\/"},"sameAs":["https:\/\/es-es.facebook.com\/alqueriamorayma\/","https:\/\/x.com\/alqueriamorayma"]}]}},"jetpack_sharing_enabled":true,"jetpack_shortlink":"https:\/\/wp.me\/P8sFGa-hk","jetpack-related-posts":[],"_links":{"self":[{"href":"https:\/\/www.alqueriamorayma.com\/fr\/wp-json\/wp\/v2\/pages\/1074"}],"collection":[{"href":"https:\/\/www.alqueriamorayma.com\/fr\/wp-json\/wp\/v2\/pages"}],"about":[{"href":"https:\/\/www.alqueriamorayma.com\/fr\/wp-json\/wp\/v2\/types\/page"}],"author":[{"embeddable":true,"href":"https:\/\/www.alqueriamorayma.com\/fr\/wp-json\/wp\/v2\/users\/1"}],"replies":[{"embeddable":true,"href":"https:\/\/www.alqueriamorayma.com\/fr\/wp-json\/wp\/v2\/comments?post=1074"}],"version-history":[{"count":1,"href":"https:\/\/www.alqueriamorayma.com\/fr\/wp-json\/wp\/v2\/pages\/1074\/revisions"}],"predecessor-version":[{"id":1076,"href":"https:\/\/www.alqueriamorayma.com\/fr\/wp-json\/wp\/v2\/pages\/1074\/revisions\/1076"}],"wp:attachment":[{"href":"https:\/\/www.alqueriamorayma.com\/fr\/wp-json\/wp\/v2\/media?parent=1074"}],"curies":[{"name":"wp","href":"https:\/\/api.w.org\/{rel}","templated":true}]}}