{"id":10,"date":"2017-01-17T10:19:49","date_gmt":"2017-01-17T10:19:49","guid":{"rendered":"http:\/\/www.alqueriamorayma.com\/?page_id=10"},"modified":"2024-04-23T08:44:25","modified_gmt":"2024-04-23T08:44:25","slug":"inicio","status":"publish","type":"page","link":"https:\/\/www.alqueriamorayma.com\/fr\/","title":{"rendered":"Home"},"content":{"rendered":"<h2 class=\"contentheading\">Dans la Alpujarra de Granada.<\/h2>\n<p>Le hameau est form\u00e9 par des maisons diss\u00e9min\u00e9es transform\u00e9es en appartements ruraux et chambres d\u2019h\u00f4tel. Le centre de tourisme rural est \u00e9difi\u00e9 sur le versant Sud de la Sierra Nevada, dans la Alpujarra offrant de multiples activit\u00e9s rurales, cave vinicole, agriculture bio, cours, etc.<\/p>\n<p>Le domaine se situe sur les rives escarp\u00e9es du Guadalfeo d\u2019o\u00f9 l\u2019on jouit de belles vues sur le Parc National de Sierra Nevada.<\/p>\n<h3><a href=\"http:\/\/www.alqueriamorayma.com\/wp-content\/uploads\/2017\/01\/alqueria01.jpg\"><img loading=\"lazy\" decoding=\"async\" data-attachment-id=\"18\" data-permalink=\"https:\/\/www.alqueriamorayma.com\/fr\/inicio\/alqueria01\/\" data-orig-file=\"https:\/\/www.alqueriamorayma.com\/wp-content\/uploads\/2017\/01\/alqueria01.jpg\" data-orig-size=\"640,480\" data-comments-opened=\"1\" data-image-meta=\"{&quot;aperture&quot;:&quot;0&quot;,&quot;credit&quot;:&quot;&quot;,&quot;camera&quot;:&quot;&quot;,&quot;caption&quot;:&quot;&quot;,&quot;created_timestamp&quot;:&quot;0&quot;,&quot;copyright&quot;:&quot;&quot;,&quot;focal_length&quot;:&quot;0&quot;,&quot;iso&quot;:&quot;0&quot;,&quot;shutter_speed&quot;:&quot;0&quot;,&quot;title&quot;:&quot;&quot;,&quot;orientation&quot;:&quot;0&quot;}\" data-image-title=\"alqueria01\" data-image-description=\"\" data-image-caption=\"\" data-medium-file=\"https:\/\/www.alqueriamorayma.com\/wp-content\/uploads\/2017\/01\/alqueria01-300x225.jpg\" data-large-file=\"https:\/\/www.alqueriamorayma.com\/wp-content\/uploads\/2017\/01\/alqueria01.jpg\" tabindex=\"0\" role=\"button\" class=\"size-medium wp-image-18 alignleft\" src=\"http:\/\/www.alqueriamorayma.com\/wp-content\/uploads\/2017\/01\/alqueria01-300x225.jpg\" alt=\"\" width=\"300\" height=\"225\" srcset=\"https:\/\/www.alqueriamorayma.com\/wp-content\/uploads\/2017\/01\/alqueria01-300x225.jpg 300w, https:\/\/www.alqueriamorayma.com\/wp-content\/uploads\/2017\/01\/alqueria01.jpg 640w\" sizes=\"(max-width: 300px) 100vw, 300px\" \/><\/a><a href=\"http:\/\/www.alqueriamorayma.com\/instalaciones\/equipamiento\/\">Le domaine:<\/a><\/h3>\n<p>L\u2019Alquer\u00eda se situe dans un terrain agroforestier de 40 hectares de cultures biologique\u00a0plant\u00e9 d\u2019amandiers, vignoble, figuiers, oliviers et arbres fruitiers. Les alentours des \u00e9difices\u00a0sont\u00a0une oasis d\u2019ombre et d\u2019eau: en se promenant par ses all\u00e9es on rencontre la chapelle, la ferme\u00a0et les\u00a0\u00e9curies, et\u00a0le salon \u00e0 usages multiples.<\/p>\n<p>&nbsp;<\/p>\n<p>La Alquer\u00eda de Morayma dans la Alpujarra de Grenade d\u00e9roule ses activit\u00e9s intimement li\u00e9es au territoire rural o\u00f9 elles s\u2019implantent. Son architecture capricieuse, sa gastronomie traditionnelle et les activit\u00e9s agricoles du domaine sont l\u2019expression de sa forme d\u2019interpr\u00e9tation du tourisme. Les composants de l\u2019Alquer\u00eda sont: la qualit\u00e9 des installations int\u00e9gr\u00e9es dans l\u2019entourage, le contact personnel, la g\u00e9n\u00e9rosit\u00e9 des espaces.<\/p>\n<hr \/>\n<h3><a href=\"http:\/\/www.alqueriamorayma.com\/instalaciones\/alojamiento\/\">Logement:<\/a><a href=\"http:\/\/www.alqueriamorayma.com\/wp-content\/uploads\/2017\/01\/alqueria07.jpg\"><img loading=\"lazy\" decoding=\"async\" data-attachment-id=\"21\" data-permalink=\"https:\/\/www.alqueriamorayma.com\/fr\/inicio\/alqueria07\/\" data-orig-file=\"https:\/\/www.alqueriamorayma.com\/wp-content\/uploads\/2017\/01\/alqueria07.jpg\" data-orig-size=\"640,430\" data-comments-opened=\"1\" data-image-meta=\"{&quot;aperture&quot;:&quot;0&quot;,&quot;credit&quot;:&quot;&quot;,&quot;camera&quot;:&quot;&quot;,&quot;caption&quot;:&quot;&quot;,&quot;created_timestamp&quot;:&quot;0&quot;,&quot;copyright&quot;:&quot;&quot;,&quot;focal_length&quot;:&quot;0&quot;,&quot;iso&quot;:&quot;0&quot;,&quot;shutter_speed&quot;:&quot;0&quot;,&quot;title&quot;:&quot;&quot;,&quot;orientation&quot;:&quot;0&quot;}\" data-image-title=\"alqueria07\" data-image-description=\"\" data-image-caption=\"\" data-medium-file=\"https:\/\/www.alqueriamorayma.com\/wp-content\/uploads\/2017\/01\/alqueria07-300x202.jpg\" data-large-file=\"https:\/\/www.alqueriamorayma.com\/wp-content\/uploads\/2017\/01\/alqueria07.jpg\" tabindex=\"0\" role=\"button\" class=\"size-medium wp-image-21 alignright\" src=\"http:\/\/www.alqueriamorayma.com\/wp-content\/uploads\/2017\/01\/alqueria07-300x202.jpg\" alt=\"\" width=\"300\" height=\"202\" srcset=\"https:\/\/www.alqueriamorayma.com\/wp-content\/uploads\/2017\/01\/alqueria07-300x202.jpg 300w, https:\/\/www.alqueriamorayma.com\/wp-content\/uploads\/2017\/01\/alqueria07.jpg 640w\" sizes=\"(max-width: 300px) 100vw, 300px\" \/><\/a><\/h3>\n<p>Les 22 logements ruraux et la chapelle offrent un total de 48 places, toutes avec vue sur Sierra Nevada.<br \/>\nLes prix des maisons oscillent entre 70 euros la chambre double jusqu\u2019\u00e0 120 euros l\u2019appartement \u00e0 deux chambres.<\/p>\n<p>&nbsp;<\/p>\n<h3><a href=\"http:\/\/www.alqueriamorayma.com\/wp-content\/uploads\/2017\/01\/alqueria03.jpg\"><img loading=\"lazy\" decoding=\"async\" data-attachment-id=\"22\" data-permalink=\"https:\/\/www.alqueriamorayma.com\/fr\/inicio\/alqueria03\/\" data-orig-file=\"https:\/\/www.alqueriamorayma.com\/wp-content\/uploads\/2017\/01\/alqueria03.jpg\" data-orig-size=\"600,454\" data-comments-opened=\"1\" data-image-meta=\"{&quot;aperture&quot;:&quot;0&quot;,&quot;credit&quot;:&quot;&quot;,&quot;camera&quot;:&quot;&quot;,&quot;caption&quot;:&quot;&quot;,&quot;created_timestamp&quot;:&quot;0&quot;,&quot;copyright&quot;:&quot;&quot;,&quot;focal_length&quot;:&quot;0&quot;,&quot;iso&quot;:&quot;0&quot;,&quot;shutter_speed&quot;:&quot;0&quot;,&quot;title&quot;:&quot;&quot;,&quot;orientation&quot;:&quot;0&quot;}\" data-image-title=\"alqueria03\" data-image-description=\"\" data-image-caption=\"\" data-medium-file=\"https:\/\/www.alqueriamorayma.com\/wp-content\/uploads\/2017\/01\/alqueria03-300x227.jpg\" data-large-file=\"https:\/\/www.alqueriamorayma.com\/wp-content\/uploads\/2017\/01\/alqueria03.jpg\" tabindex=\"0\" role=\"button\" class=\"size-medium wp-image-22 alignleft\" src=\"http:\/\/www.alqueriamorayma.com\/wp-content\/uploads\/2017\/01\/alqueria03-300x227.jpg\" alt=\"\" width=\"300\" height=\"227\" srcset=\"https:\/\/www.alqueriamorayma.com\/wp-content\/uploads\/2017\/01\/alqueria03-300x227.jpg 300w, https:\/\/www.alqueriamorayma.com\/wp-content\/uploads\/2017\/01\/alqueria03.jpg 600w\" sizes=\"(max-width: 300px) 100vw, 300px\" \/><\/a><a href=\"http:\/\/www.alqueriamorayma.com\/instalaciones\/restaurante\/\">Restaurant:<\/a><\/h3>\n<p>Salle \u00e0 manger ensoleill\u00e9e, bar restaurant avec chemin\u00e9e, petite cave et terrasse- point de vue o\u00f9 l\u2019on sert la cuisine traditionnelle: pot-au-feu vari\u00e9, \u201cgachas\u201d, riz campestre, casserole gitane, \u201cardorias\u201d. Des repas simples, savoureux et r\u00e9confortants, menu du jour \u00e0 12 euros.<\/p>\n<p>&nbsp;<\/p>\n<h3><a href=\"http:\/\/www.alqueriamorayma.com\/instalaciones\/bodega\/\">Cave :<\/a><a href=\"http:\/\/www.alqueriamorayma.com\/wp-content\/uploads\/2017\/01\/alqueria04.jpg\"><img loading=\"lazy\" decoding=\"async\" data-attachment-id=\"27\" data-permalink=\"https:\/\/www.alqueriamorayma.com\/fr\/inicio\/alqueria04\/\" data-orig-file=\"https:\/\/www.alqueriamorayma.com\/wp-content\/uploads\/2017\/01\/alqueria04.jpg\" data-orig-size=\"640,428\" data-comments-opened=\"1\" data-image-meta=\"{&quot;aperture&quot;:&quot;18&quot;,&quot;credit&quot;:&quot;&quot;,&quot;camera&quot;:&quot;NIKON D200&quot;,&quot;caption&quot;:&quot;&quot;,&quot;created_timestamp&quot;:&quot;1174829579&quot;,&quot;copyright&quot;:&quot;&quot;,&quot;focal_length&quot;:&quot;100&quot;,&quot;iso&quot;:&quot;1600&quot;,&quot;shutter_speed&quot;:&quot;0.0008&quot;,&quot;title&quot;:&quot;&quot;,&quot;orientation&quot;:&quot;1&quot;}\" data-image-title=\"alqueria04\" data-image-description=\"\" data-image-caption=\"\" data-medium-file=\"https:\/\/www.alqueriamorayma.com\/wp-content\/uploads\/2017\/01\/alqueria04-300x201.jpg\" data-large-file=\"https:\/\/www.alqueriamorayma.com\/wp-content\/uploads\/2017\/01\/alqueria04.jpg\" tabindex=\"0\" role=\"button\" class=\"size-medium wp-image-27 alignright\" src=\"http:\/\/www.alqueriamorayma.com\/wp-content\/uploads\/2017\/01\/alqueria04-300x201.jpg\" alt=\"\" width=\"300\" height=\"201\" srcset=\"https:\/\/www.alqueriamorayma.com\/wp-content\/uploads\/2017\/01\/alqueria04-300x201.jpg 300w, https:\/\/www.alqueriamorayma.com\/wp-content\/uploads\/2017\/01\/alqueria04.jpg 640w\" sizes=\"(max-width: 300px) 100vw, 300px\" \/><\/a><\/h3>\n<p>C\u2019est ici que s\u2019\u00e9labore notre\u00a0 vin\u00a0 \u00e0 partir\u00a0des c\u00e9pages Vigiriega, Tempranillo, Merlot, Cabernet Sauvignon et Syrah plant\u00e9s dans\u00a0le vignoble \u00e9cologique.<br \/>\nC\u2019est\u00a0aussi l\u00e0 que l\u2019on transforme\u00a0les produits comme l\u2019huile d\u2019olive, les amandes, les figues, et l\u2019huile de millepertuis. En m\u00eame temps c\u2019est un mus\u00e9e du vin et de l\u2019huile des Alpujarras.<\/p>\n<h3><a href=\"http:\/\/www.alqueriamorayma.com\/wp-content\/uploads\/2017\/01\/alqueria05.jpg\"><img loading=\"lazy\" decoding=\"async\" data-attachment-id=\"32\" data-permalink=\"https:\/\/www.alqueriamorayma.com\/fr\/inicio\/alqueria05\/\" data-orig-file=\"https:\/\/www.alqueriamorayma.com\/wp-content\/uploads\/2017\/01\/alqueria05.jpg\" data-orig-size=\"640,430\" data-comments-opened=\"1\" data-image-meta=\"{&quot;aperture&quot;:&quot;0&quot;,&quot;credit&quot;:&quot;&quot;,&quot;camera&quot;:&quot;&quot;,&quot;caption&quot;:&quot;&quot;,&quot;created_timestamp&quot;:&quot;0&quot;,&quot;copyright&quot;:&quot;&quot;,&quot;focal_length&quot;:&quot;0&quot;,&quot;iso&quot;:&quot;0&quot;,&quot;shutter_speed&quot;:&quot;0&quot;,&quot;title&quot;:&quot;&quot;,&quot;orientation&quot;:&quot;0&quot;}\" data-image-title=\"alqueria05\" data-image-description=\"\" data-image-caption=\"\" data-medium-file=\"https:\/\/www.alqueriamorayma.com\/wp-content\/uploads\/2017\/01\/alqueria05-300x202.jpg\" data-large-file=\"https:\/\/www.alqueriamorayma.com\/wp-content\/uploads\/2017\/01\/alqueria05.jpg\" tabindex=\"0\" role=\"button\" class=\"size-medium wp-image-32 alignleft\" src=\"http:\/\/www.alqueriamorayma.com\/wp-content\/uploads\/2017\/01\/alqueria05-300x202.jpg\" alt=\"\" width=\"300\" height=\"202\" srcset=\"https:\/\/www.alqueriamorayma.com\/wp-content\/uploads\/2017\/01\/alqueria05-300x202.jpg 300w, https:\/\/www.alqueriamorayma.com\/wp-content\/uploads\/2017\/01\/alqueria05.jpg 640w\" sizes=\"(max-width: 300px) 100vw, 300px\" \/><\/a><a href=\"http:\/\/www.alqueriamorayma.com\/cursos\/\">Cours:<\/a><\/h3>\n<p>Un espace ouvert sur la Sierra Nevada en milieu rural. Un salon d\u2019usages multiples de 90 m\u00e8tres carr\u00e9s avec l\u2019\u00e9quipement appropri\u00e9.<br \/>\nDes activit\u00e9s telles que d\u00e9veloppement personnel, r\u00e9unions, conf\u00e9rences et rencontres peuvent avoir lieu ici.<\/p>\n<p>&nbsp;<\/p>\n<h3><a href=\"http:\/\/www.alqueriamorayma.com\/senderismo\/\">Randonn\u00e9es:<\/a><a href=\"http:\/\/www.alqueriamorayma.com\/wp-content\/uploads\/2017\/01\/alqueria06.jpg\"><img loading=\"lazy\" decoding=\"async\" data-attachment-id=\"33\" data-permalink=\"https:\/\/www.alqueriamorayma.com\/fr\/inicio\/alqueria06\/\" data-orig-file=\"https:\/\/www.alqueriamorayma.com\/wp-content\/uploads\/2017\/01\/alqueria06.jpg\" data-orig-size=\"640,428\" data-comments-opened=\"1\" data-image-meta=\"{&quot;aperture&quot;:&quot;6.3&quot;,&quot;credit&quot;:&quot;&quot;,&quot;camera&quot;:&quot;NIKON D200&quot;,&quot;caption&quot;:&quot;&quot;,&quot;created_timestamp&quot;:&quot;1171805490&quot;,&quot;copyright&quot;:&quot;&quot;,&quot;focal_length&quot;:&quot;31&quot;,&quot;iso&quot;:&quot;100&quot;,&quot;shutter_speed&quot;:&quot;0.004&quot;,&quot;title&quot;:&quot;&quot;,&quot;orientation&quot;:&quot;1&quot;}\" data-image-title=\"alqueria06\" data-image-description=\"\" data-image-caption=\"\" data-medium-file=\"https:\/\/www.alqueriamorayma.com\/wp-content\/uploads\/2017\/01\/alqueria06-300x201.jpg\" data-large-file=\"https:\/\/www.alqueriamorayma.com\/wp-content\/uploads\/2017\/01\/alqueria06.jpg\" tabindex=\"0\" role=\"button\" class=\"size-medium wp-image-33 alignright\" src=\"http:\/\/www.alqueriamorayma.com\/wp-content\/uploads\/2017\/01\/alqueria06-300x201.jpg\" alt=\"\" width=\"300\" height=\"201\" srcset=\"https:\/\/www.alqueriamorayma.com\/wp-content\/uploads\/2017\/01\/alqueria06-300x201.jpg 300w, https:\/\/www.alqueriamorayma.com\/wp-content\/uploads\/2017\/01\/alqueria06.jpg 640w\" sizes=\"(max-width: 300px) 100vw, 300px\" \/><\/a><\/h3>\n<p>Partant des maisons rurales, s\u2019offrent diff\u00e9rents circuits balis\u00e9s. On propose sp\u00e9cialement trois itin\u00e9raires partant de la Alquer\u00eda: Le PR 25 \u201cC\u00e1diar-Mecina\u201d et le PR 32 \u201cContraviesa\u201d en plus du GR 7 et du GR 142 avec topoguides \u00e9dit\u00e9s en Espa\u00f1ol.","protected":false},"excerpt":{"rendered":"<p>Dans la Alpujarra de Granada. Le hameau est form\u00e9 par des maisons diss\u00e9min\u00e9es transform\u00e9es en appartements ruraux et chambres d\u2019h\u00f4tel. Le centre de tourisme rural est \u00e9difi\u00e9 sur le versant Sud de la Sierra Nevada, dans la Alpujarra offrant de<\/p>\n","protected":false},"author":1,"featured_media":0,"parent":0,"menu_order":0,"comment_status":"closed","ping_status":"closed","template":"","meta":{"jetpack_post_was_ever_published":false,"footnotes":""},"yoast_head":"<!-- This site is optimized with the Yoast SEO plugin v23.5 - https:\/\/yoast.com\/wordpress\/plugins\/seo\/ -->\n<title>Home - Alquer\u00eda de Morayma<\/title>\n<meta name=\"robots\" content=\"index, follow, max-snippet:-1, max-image-preview:large, max-video-preview:-1\" \/>\n<link rel=\"canonical\" href=\"https:\/\/www.alqueriamorayma.com\/\" \/>\n<meta property=\"og:locale\" content=\"fr_FR\" \/>\n<meta property=\"og:type\" content=\"article\" \/>\n<meta property=\"og:title\" content=\"Home - Alquer\u00eda de Morayma\" \/>\n<meta property=\"og:description\" content=\"Dans la Alpujarra de Granada. Le hameau est form\u00e9 par des maisons diss\u00e9min\u00e9es transform\u00e9es en appartements ruraux et chambres d\u2019h\u00f4tel. Le centre de tourisme rural est \u00e9difi\u00e9 sur le versant Sud de la Sierra Nevada, dans la Alpujarra offrant de\" \/>\n<meta property=\"og:url\" content=\"https:\/\/www.alqueriamorayma.com\/\" \/>\n<meta property=\"og:site_name\" content=\"Alquer\u00eda de Morayma\" \/>\n<meta property=\"article:publisher\" content=\"https:\/\/es-es.facebook.com\/alqueriamorayma\/\" \/>\n<meta property=\"article:modified_time\" content=\"2024-04-23T08:44:25+00:00\" \/>\n<meta property=\"og:image\" content=\"http:\/\/www.alqueriamorayma.com\/wp-content\/uploads\/2017\/01\/alqueria01-300x225.jpg\" \/>\n<meta name=\"twitter:card\" content=\"summary_large_image\" \/>\n<meta name=\"twitter:site\" content=\"@alqueriamorayma\" \/>\n<meta name=\"twitter:label1\" content=\"Dur\u00e9e de lecture estim\u00e9e\" \/>\n\t<meta name=\"twitter:data1\" content=\"4 minutes\" \/>\n<script type=\"application\/ld+json\" class=\"yoast-schema-graph\">{\"@context\":\"https:\/\/schema.org\",\"@graph\":[{\"@type\":\"WebPage\",\"@id\":\"https:\/\/www.alqueriamorayma.com\/\",\"url\":\"https:\/\/www.alqueriamorayma.com\/\",\"name\":\"Home - Alquer\u00eda de Morayma\",\"isPartOf\":{\"@id\":\"https:\/\/www.alqueriamorayma.com\/#website\"},\"primaryImageOfPage\":{\"@id\":\"https:\/\/www.alqueriamorayma.com\/#primaryimage\"},\"image\":{\"@id\":\"https:\/\/www.alqueriamorayma.com\/#primaryimage\"},\"thumbnailUrl\":\"http:\/\/www.alqueriamorayma.com\/wp-content\/uploads\/2017\/01\/alqueria01-300x225.jpg\",\"datePublished\":\"2017-01-17T10:19:49+00:00\",\"dateModified\":\"2024-04-23T08:44:25+00:00\",\"breadcrumb\":{\"@id\":\"https:\/\/www.alqueriamorayma.com\/#breadcrumb\"},\"inLanguage\":\"fr-FR\",\"potentialAction\":[{\"@type\":\"ReadAction\",\"target\":[\"https:\/\/www.alqueriamorayma.com\/\"]}]},{\"@type\":\"ImageObject\",\"inLanguage\":\"fr-FR\",\"@id\":\"https:\/\/www.alqueriamorayma.com\/#primaryimage\",\"url\":\"http:\/\/www.alqueriamorayma.com\/wp-content\/uploads\/2017\/01\/alqueria01-300x225.jpg\",\"contentUrl\":\"http:\/\/www.alqueriamorayma.com\/wp-content\/uploads\/2017\/01\/alqueria01-300x225.jpg\"},{\"@type\":\"BreadcrumbList\",\"@id\":\"https:\/\/www.alqueriamorayma.com\/#breadcrumb\",\"itemListElement\":[{\"@type\":\"ListItem\",\"position\":1,\"name\":\"Portada\",\"item\":\"https:\/\/www.alqueriamorayma.com\/\"},{\"@type\":\"ListItem\",\"position\":2,\"name\":\"Inicio\"}]},{\"@type\":\"WebSite\",\"@id\":\"https:\/\/www.alqueriamorayma.com\/#website\",\"url\":\"https:\/\/www.alqueriamorayma.com\/\",\"name\":\"Alquer\u00eda de Morayma\",\"description\":\"Hotel Rural en la Alpujarra\",\"publisher\":{\"@id\":\"https:\/\/www.alqueriamorayma.com\/#organization\"},\"potentialAction\":[{\"@type\":\"SearchAction\",\"target\":{\"@type\":\"EntryPoint\",\"urlTemplate\":\"https:\/\/www.alqueriamorayma.com\/?s={search_term_string}\"},\"query-input\":{\"@type\":\"PropertyValueSpecification\",\"valueRequired\":true,\"valueName\":\"search_term_string\"}}],\"inLanguage\":\"fr-FR\"},{\"@type\":\"Organization\",\"@id\":\"https:\/\/www.alqueriamorayma.com\/#organization\",\"name\":\"Alqueria de Morayma\",\"url\":\"https:\/\/www.alqueriamorayma.com\/\",\"logo\":{\"@type\":\"ImageObject\",\"inLanguage\":\"fr-FR\",\"@id\":\"https:\/\/www.alqueriamorayma.com\/#\/schema\/logo\/image\/\",\"url\":\"https:\/\/i0.wp.com\/www.alqueriamorayma.com\/wp-content\/uploads\/2017\/03\/logo-alqueria.png?fit=100%2C74\",\"contentUrl\":\"https:\/\/i0.wp.com\/www.alqueriamorayma.com\/wp-content\/uploads\/2017\/03\/logo-alqueria.png?fit=100%2C74\",\"width\":100,\"height\":74,\"caption\":\"Alqueria de Morayma\"},\"image\":{\"@id\":\"https:\/\/www.alqueriamorayma.com\/#\/schema\/logo\/image\/\"},\"sameAs\":[\"https:\/\/es-es.facebook.com\/alqueriamorayma\/\",\"https:\/\/x.com\/alqueriamorayma\"]}]}<\/script>\n<!-- \/ Yoast SEO plugin. -->","yoast_head_json":{"title":"Home - Alquer\u00eda de Morayma","robots":{"index":"index","follow":"follow","max-snippet":"max-snippet:-1","max-image-preview":"max-image-preview:large","max-video-preview":"max-video-preview:-1"},"canonical":"https:\/\/www.alqueriamorayma.com\/","og_locale":"fr_FR","og_type":"article","og_title":"Home - Alquer\u00eda de Morayma","og_description":"Dans la Alpujarra de Granada. Le hameau est form\u00e9 par des maisons diss\u00e9min\u00e9es transform\u00e9es en appartements ruraux et chambres d\u2019h\u00f4tel. Le centre de tourisme rural est \u00e9difi\u00e9 sur le versant Sud de la Sierra Nevada, dans la Alpujarra offrant de","og_url":"https:\/\/www.alqueriamorayma.com\/","og_site_name":"Alquer\u00eda de Morayma","article_publisher":"https:\/\/es-es.facebook.com\/alqueriamorayma\/","article_modified_time":"2024-04-23T08:44:25+00:00","og_image":[{"url":"http:\/\/www.alqueriamorayma.com\/wp-content\/uploads\/2017\/01\/alqueria01-300x225.jpg"}],"twitter_card":"summary_large_image","twitter_site":"@alqueriamorayma","twitter_misc":{"Dur\u00e9e de lecture estim\u00e9e":"4 minutes"},"schema":{"@context":"https:\/\/schema.org","@graph":[{"@type":"WebPage","@id":"https:\/\/www.alqueriamorayma.com\/","url":"https:\/\/www.alqueriamorayma.com\/","name":"Home - Alquer\u00eda de Morayma","isPartOf":{"@id":"https:\/\/www.alqueriamorayma.com\/#website"},"primaryImageOfPage":{"@id":"https:\/\/www.alqueriamorayma.com\/#primaryimage"},"image":{"@id":"https:\/\/www.alqueriamorayma.com\/#primaryimage"},"thumbnailUrl":"http:\/\/www.alqueriamorayma.com\/wp-content\/uploads\/2017\/01\/alqueria01-300x225.jpg","datePublished":"2017-01-17T10:19:49+00:00","dateModified":"2024-04-23T08:44:25+00:00","breadcrumb":{"@id":"https:\/\/www.alqueriamorayma.com\/#breadcrumb"},"inLanguage":"fr-FR","potentialAction":[{"@type":"ReadAction","target":["https:\/\/www.alqueriamorayma.com\/"]}]},{"@type":"ImageObject","inLanguage":"fr-FR","@id":"https:\/\/www.alqueriamorayma.com\/#primaryimage","url":"http:\/\/www.alqueriamorayma.com\/wp-content\/uploads\/2017\/01\/alqueria01-300x225.jpg","contentUrl":"http:\/\/www.alqueriamorayma.com\/wp-content\/uploads\/2017\/01\/alqueria01-300x225.jpg"},{"@type":"BreadcrumbList","@id":"https:\/\/www.alqueriamorayma.com\/#breadcrumb","itemListElement":[{"@type":"ListItem","position":1,"name":"Portada","item":"https:\/\/www.alqueriamorayma.com\/"},{"@type":"ListItem","position":2,"name":"Inicio"}]},{"@type":"WebSite","@id":"https:\/\/www.alqueriamorayma.com\/#website","url":"https:\/\/www.alqueriamorayma.com\/","name":"Alquer\u00eda de Morayma","description":"Hotel Rural en la Alpujarra","publisher":{"@id":"https:\/\/www.alqueriamorayma.com\/#organization"},"potentialAction":[{"@type":"SearchAction","target":{"@type":"EntryPoint","urlTemplate":"https:\/\/www.alqueriamorayma.com\/?s={search_term_string}"},"query-input":{"@type":"PropertyValueSpecification","valueRequired":true,"valueName":"search_term_string"}}],"inLanguage":"fr-FR"},{"@type":"Organization","@id":"https:\/\/www.alqueriamorayma.com\/#organization","name":"Alqueria de Morayma","url":"https:\/\/www.alqueriamorayma.com\/","logo":{"@type":"ImageObject","inLanguage":"fr-FR","@id":"https:\/\/www.alqueriamorayma.com\/#\/schema\/logo\/image\/","url":"https:\/\/i0.wp.com\/www.alqueriamorayma.com\/wp-content\/uploads\/2017\/03\/logo-alqueria.png?fit=100%2C74","contentUrl":"https:\/\/i0.wp.com\/www.alqueriamorayma.com\/wp-content\/uploads\/2017\/03\/logo-alqueria.png?fit=100%2C74","width":100,"height":74,"caption":"Alqueria de Morayma"},"image":{"@id":"https:\/\/www.alqueriamorayma.com\/#\/schema\/logo\/image\/"},"sameAs":["https:\/\/es-es.facebook.com\/alqueriamorayma\/","https:\/\/x.com\/alqueriamorayma"]}]}},"jetpack_sharing_enabled":true,"jetpack_shortlink":"https:\/\/wp.me\/P8sFGa-a","jetpack-related-posts":[],"_links":{"self":[{"href":"https:\/\/www.alqueriamorayma.com\/fr\/wp-json\/wp\/v2\/pages\/10"}],"collection":[{"href":"https:\/\/www.alqueriamorayma.com\/fr\/wp-json\/wp\/v2\/pages"}],"about":[{"href":"https:\/\/www.alqueriamorayma.com\/fr\/wp-json\/wp\/v2\/types\/page"}],"author":[{"embeddable":true,"href":"https:\/\/www.alqueriamorayma.com\/fr\/wp-json\/wp\/v2\/users\/1"}],"replies":[{"embeddable":true,"href":"https:\/\/www.alqueriamorayma.com\/fr\/wp-json\/wp\/v2\/comments?post=10"}],"version-history":[{"count":68,"href":"https:\/\/www.alqueriamorayma.com\/fr\/wp-json\/wp\/v2\/pages\/10\/revisions"}],"predecessor-version":[{"id":1675,"href":"https:\/\/www.alqueriamorayma.com\/fr\/wp-json\/wp\/v2\/pages\/10\/revisions\/1675"}],"wp:attachment":[{"href":"https:\/\/www.alqueriamorayma.com\/fr\/wp-json\/wp\/v2\/media?parent=10"}],"curies":[{"name":"wp","href":"https:\/\/api.w.org\/{rel}","templated":true}]}}