{"id":943,"date":"2019-10-09T11:19:01","date_gmt":"2019-10-09T11:19:01","guid":{"rendered":"http:\/\/www.alqueriamorayma.com\/?page_id=943"},"modified":"2024-02-20T13:10:06","modified_gmt":"2024-02-20T13:10:06","slug":"proximas","status":"publish","type":"page","link":"https:\/\/www.alqueriamorayma.com\/en\/proximas\/","title":{"rendered":"(Espa\u00f1ol) Pr\u00f3ximas"},"content":{"rendered":"ffOn this page, you will be able to learn about many of the activities that will take place at Alquer\u00eda de Morayma. Coming soon:<\/p>\n<blockquote class=\"wp-embedded-content\" data-secret=\"ZvWED4vYLw\"><p><a href=\"https:\/\/www.alqueriamorayma.com\/en\/taller-de-escritura\/\">Escape to The Write Place<\/a><\/p><\/blockquote>\n<p><iframe class=\"wp-embedded-content\" sandbox=\"allow-scripts\" security=\"restricted\" style=\"position: absolute; clip: rect(1px, 1px, 1px, 1px);\" title=\"&#8220;Escape to The Write Place&#8221; &#8212; Alqueria de Morayma\" src=\"https:\/\/www.alqueriamorayma.com\/en\/taller-de-escritura\/embed\/#?secret=H54mzKk4mc#?secret=ZvWED4vYLw\" data-secret=\"ZvWED4vYLw\" width=\"600\" height=\"338\" frameborder=\"0\" marginwidth=\"0\" marginheight=\"0\" scrolling=\"no\"><\/iframe><\/p>\n<p>(Espa\u00f1ol) <\/p>\n<blockquote class=\"wp-embedded-content\" data-secret=\"YHZe1ErlBF\"><p><a href=\"https:\/\/www.alqueriamorayma.com\/1362-2\/\">Retiro \u00abVivir y Morir con dignidad\u00bb<\/a><\/p><\/blockquote>\n<p><iframe class=\"wp-embedded-content\" sandbox=\"allow-scripts\" security=\"restricted\" style=\"position: absolute; clip: rect(1px, 1px, 1px, 1px);\" title=\"\u00abRetiro \u00abVivir y Morir con dignidad\u00bb\u00bb \u2014 Alqueria de Morayma\" src=\"https:\/\/www.alqueriamorayma.com\/1362-2\/embed\/#?secret=TordoulQy7#?secret=YHZe1ErlBF\" data-secret=\"YHZe1ErlBF\" width=\"600\" height=\"338\" frameborder=\"0\" marginwidth=\"0\" marginheight=\"0\" scrolling=\"no\"><\/iframe><\/p>\n<p>&nbsp;","protected":false},"excerpt":{"rendered":"<p>ffOn this page, you will be able to learn about many of the activities that will take place at Alquer\u00eda de Morayma. Coming soon: Escape to The Write Place (Espa\u00f1ol) Retiro \u00abVivir y Morir con dignidad\u00bb &nbsp;<\/p>\n","protected":false},"author":1,"featured_media":0,"parent":0,"menu_order":0,"comment_status":"closed","ping_status":"closed","template":"","meta":{"jetpack_post_was_ever_published":false,"footnotes":""},"yoast_head":"<!-- This site is optimized with the Yoast SEO plugin v23.5 - https:\/\/yoast.com\/wordpress\/plugins\/seo\/ -->\n<title>(Espa\u00f1ol) Pr\u00f3ximas - Alquer\u00eda de Morayma<\/title>\n<meta name=\"robots\" content=\"index, follow, max-snippet:-1, max-image-preview:large, max-video-preview:-1\" \/>\n<link rel=\"canonical\" href=\"https:\/\/www.alqueriamorayma.com\/proximas\/\" \/>\n<meta property=\"og:locale\" content=\"en_US\" \/>\n<meta property=\"og:type\" content=\"article\" \/>\n<meta property=\"og:title\" content=\"(Espa\u00f1ol) Pr\u00f3ximas - Alquer\u00eda de Morayma\" \/>\n<meta property=\"og:description\" content=\"ffOn this page, you will be able to learn about many of the activities that will take place at Alquer\u00eda de Morayma. Coming soon: Escape to The Write Place (Espa\u00f1ol) Retiro \u00abVivir y Morir con dignidad\u00bb &nbsp;\" \/>\n<meta property=\"og:url\" content=\"https:\/\/www.alqueriamorayma.com\/proximas\/\" \/>\n<meta property=\"og:site_name\" content=\"Alquer\u00eda de Morayma\" \/>\n<meta property=\"article:publisher\" content=\"https:\/\/es-es.facebook.com\/alqueriamorayma\/\" \/>\n<meta property=\"article:modified_time\" content=\"2024-02-20T13:10:06+00:00\" \/>\n<meta name=\"twitter:card\" content=\"summary_large_image\" \/>\n<meta name=\"twitter:site\" content=\"@alqueriamorayma\" \/>\n<meta name=\"twitter:label1\" content=\"Est. reading time\" \/>\n\t<meta name=\"twitter:data1\" content=\"1 minute\" \/>\n<script type=\"application\/ld+json\" class=\"yoast-schema-graph\">{\"@context\":\"https:\/\/schema.org\",\"@graph\":[{\"@type\":\"WebPage\",\"@id\":\"https:\/\/www.alqueriamorayma.com\/proximas\/\",\"url\":\"https:\/\/www.alqueriamorayma.com\/proximas\/\",\"name\":\"(Espa\u00f1ol) Pr\u00f3ximas - Alquer\u00eda de Morayma\",\"isPartOf\":{\"@id\":\"https:\/\/www.alqueriamorayma.com\/#website\"},\"datePublished\":\"2019-10-09T11:19:01+00:00\",\"dateModified\":\"2024-02-20T13:10:06+00:00\",\"breadcrumb\":{\"@id\":\"https:\/\/www.alqueriamorayma.com\/proximas\/#breadcrumb\"},\"inLanguage\":\"en-US\",\"potentialAction\":[{\"@type\":\"ReadAction\",\"target\":[\"https:\/\/www.alqueriamorayma.com\/proximas\/\"]}]},{\"@type\":\"BreadcrumbList\",\"@id\":\"https:\/\/www.alqueriamorayma.com\/proximas\/#breadcrumb\",\"itemListElement\":[{\"@type\":\"ListItem\",\"position\":1,\"name\":\"Portada\",\"item\":\"https:\/\/www.alqueriamorayma.com\/\"},{\"@type\":\"ListItem\",\"position\":2,\"name\":\"Pr\u00f3ximas\"}]},{\"@type\":\"WebSite\",\"@id\":\"https:\/\/www.alqueriamorayma.com\/#website\",\"url\":\"https:\/\/www.alqueriamorayma.com\/\",\"name\":\"Alquer\u00eda de Morayma\",\"description\":\"Hotel Rural en la Alpujarra\",\"publisher\":{\"@id\":\"https:\/\/www.alqueriamorayma.com\/#organization\"},\"potentialAction\":[{\"@type\":\"SearchAction\",\"target\":{\"@type\":\"EntryPoint\",\"urlTemplate\":\"https:\/\/www.alqueriamorayma.com\/?s={search_term_string}\"},\"query-input\":{\"@type\":\"PropertyValueSpecification\",\"valueRequired\":true,\"valueName\":\"search_term_string\"}}],\"inLanguage\":\"en-US\"},{\"@type\":\"Organization\",\"@id\":\"https:\/\/www.alqueriamorayma.com\/#organization\",\"name\":\"Alqueria de Morayma\",\"url\":\"https:\/\/www.alqueriamorayma.com\/\",\"logo\":{\"@type\":\"ImageObject\",\"inLanguage\":\"en-US\",\"@id\":\"https:\/\/www.alqueriamorayma.com\/#\/schema\/logo\/image\/\",\"url\":\"https:\/\/i0.wp.com\/www.alqueriamorayma.com\/wp-content\/uploads\/2017\/03\/logo-alqueria.png?fit=100%2C74\",\"contentUrl\":\"https:\/\/i0.wp.com\/www.alqueriamorayma.com\/wp-content\/uploads\/2017\/03\/logo-alqueria.png?fit=100%2C74\",\"width\":100,\"height\":74,\"caption\":\"Alqueria de Morayma\"},\"image\":{\"@id\":\"https:\/\/www.alqueriamorayma.com\/#\/schema\/logo\/image\/\"},\"sameAs\":[\"https:\/\/es-es.facebook.com\/alqueriamorayma\/\",\"https:\/\/x.com\/alqueriamorayma\"]}]}<\/script>\n<!-- \/ Yoast SEO plugin. -->","yoast_head_json":{"title":"(Espa\u00f1ol) Pr\u00f3ximas - Alquer\u00eda de Morayma","robots":{"index":"index","follow":"follow","max-snippet":"max-snippet:-1","max-image-preview":"max-image-preview:large","max-video-preview":"max-video-preview:-1"},"canonical":"https:\/\/www.alqueriamorayma.com\/proximas\/","og_locale":"en_US","og_type":"article","og_title":"(Espa\u00f1ol) Pr\u00f3ximas - Alquer\u00eda de Morayma","og_description":"ffOn this page, you will be able to learn about many of the activities that will take place at Alquer\u00eda de Morayma. Coming soon: Escape to The Write Place (Espa\u00f1ol) Retiro \u00abVivir y Morir con dignidad\u00bb &nbsp;","og_url":"https:\/\/www.alqueriamorayma.com\/proximas\/","og_site_name":"Alquer\u00eda de Morayma","article_publisher":"https:\/\/es-es.facebook.com\/alqueriamorayma\/","article_modified_time":"2024-02-20T13:10:06+00:00","twitter_card":"summary_large_image","twitter_site":"@alqueriamorayma","twitter_misc":{"Est. reading time":"1 minute"},"schema":{"@context":"https:\/\/schema.org","@graph":[{"@type":"WebPage","@id":"https:\/\/www.alqueriamorayma.com\/proximas\/","url":"https:\/\/www.alqueriamorayma.com\/proximas\/","name":"(Espa\u00f1ol) Pr\u00f3ximas - Alquer\u00eda de Morayma","isPartOf":{"@id":"https:\/\/www.alqueriamorayma.com\/#website"},"datePublished":"2019-10-09T11:19:01+00:00","dateModified":"2024-02-20T13:10:06+00:00","breadcrumb":{"@id":"https:\/\/www.alqueriamorayma.com\/proximas\/#breadcrumb"},"inLanguage":"en-US","potentialAction":[{"@type":"ReadAction","target":["https:\/\/www.alqueriamorayma.com\/proximas\/"]}]},{"@type":"BreadcrumbList","@id":"https:\/\/www.alqueriamorayma.com\/proximas\/#breadcrumb","itemListElement":[{"@type":"ListItem","position":1,"name":"Portada","item":"https:\/\/www.alqueriamorayma.com\/"},{"@type":"ListItem","position":2,"name":"Pr\u00f3ximas"}]},{"@type":"WebSite","@id":"https:\/\/www.alqueriamorayma.com\/#website","url":"https:\/\/www.alqueriamorayma.com\/","name":"Alquer\u00eda de Morayma","description":"Hotel Rural en la Alpujarra","publisher":{"@id":"https:\/\/www.alqueriamorayma.com\/#organization"},"potentialAction":[{"@type":"SearchAction","target":{"@type":"EntryPoint","urlTemplate":"https:\/\/www.alqueriamorayma.com\/?s={search_term_string}"},"query-input":{"@type":"PropertyValueSpecification","valueRequired":true,"valueName":"search_term_string"}}],"inLanguage":"en-US"},{"@type":"Organization","@id":"https:\/\/www.alqueriamorayma.com\/#organization","name":"Alqueria de Morayma","url":"https:\/\/www.alqueriamorayma.com\/","logo":{"@type":"ImageObject","inLanguage":"en-US","@id":"https:\/\/www.alqueriamorayma.com\/#\/schema\/logo\/image\/","url":"https:\/\/i0.wp.com\/www.alqueriamorayma.com\/wp-content\/uploads\/2017\/03\/logo-alqueria.png?fit=100%2C74","contentUrl":"https:\/\/i0.wp.com\/www.alqueriamorayma.com\/wp-content\/uploads\/2017\/03\/logo-alqueria.png?fit=100%2C74","width":100,"height":74,"caption":"Alqueria de Morayma"},"image":{"@id":"https:\/\/www.alqueriamorayma.com\/#\/schema\/logo\/image\/"},"sameAs":["https:\/\/es-es.facebook.com\/alqueriamorayma\/","https:\/\/x.com\/alqueriamorayma"]}]}},"jetpack_sharing_enabled":true,"jetpack_shortlink":"https:\/\/wp.me\/P8sFGa-fd","jetpack-related-posts":[],"_links":{"self":[{"href":"https:\/\/www.alqueriamorayma.com\/en\/wp-json\/wp\/v2\/pages\/943"}],"collection":[{"href":"https:\/\/www.alqueriamorayma.com\/en\/wp-json\/wp\/v2\/pages"}],"about":[{"href":"https:\/\/www.alqueriamorayma.com\/en\/wp-json\/wp\/v2\/types\/page"}],"author":[{"embeddable":true,"href":"https:\/\/www.alqueriamorayma.com\/en\/wp-json\/wp\/v2\/users\/1"}],"replies":[{"embeddable":true,"href":"https:\/\/www.alqueriamorayma.com\/en\/wp-json\/wp\/v2\/comments?post=943"}],"version-history":[{"count":35,"href":"https:\/\/www.alqueriamorayma.com\/en\/wp-json\/wp\/v2\/pages\/943\/revisions"}],"predecessor-version":[{"id":1580,"href":"https:\/\/www.alqueriamorayma.com\/en\/wp-json\/wp\/v2\/pages\/943\/revisions\/1580"}],"wp:attachment":[{"href":"https:\/\/www.alqueriamorayma.com\/en\/wp-json\/wp\/v2\/media?parent=943"}],"curies":[{"name":"wp","href":"https:\/\/api.w.org\/{rel}","templated":true}]}}