{"id":74,"date":"2017-01-17T12:45:07","date_gmt":"2017-01-17T12:45:07","guid":{"rendered":"http:\/\/www.alqueriamorayma.com\/?page_id=74"},"modified":"2017-02-24T10:51:46","modified_gmt":"2017-02-24T10:51:46","slug":"entorno","status":"publish","type":"page","link":"https:\/\/www.alqueriamorayma.com\/en\/entorno\/","title":{"rendered":"Surroundings"},"content":{"rendered":"<h2>Y\u00e9gen<\/h2>\n<p><a href=\"http:\/\/www.alqueriamorayma.com\/wp-content\/uploads\/2017\/01\/yegen01.jpg\"><img loading=\"lazy\" decoding=\"async\" data-attachment-id=\"287\" data-permalink=\"https:\/\/www.alqueriamorayma.com\/en\/entorno\/yegen01\/\" data-orig-file=\"https:\/\/www.alqueriamorayma.com\/wp-content\/uploads\/2017\/01\/yegen01.jpg\" data-orig-size=\"600,397\" data-comments-opened=\"1\" data-image-meta=\"{&quot;aperture&quot;:&quot;0&quot;,&quot;credit&quot;:&quot;&quot;,&quot;camera&quot;:&quot;&quot;,&quot;caption&quot;:&quot;&quot;,&quot;created_timestamp&quot;:&quot;0&quot;,&quot;copyright&quot;:&quot;&quot;,&quot;focal_length&quot;:&quot;0&quot;,&quot;iso&quot;:&quot;0&quot;,&quot;shutter_speed&quot;:&quot;0&quot;,&quot;title&quot;:&quot;&quot;,&quot;orientation&quot;:&quot;1&quot;}\" data-image-title=\"yegen01\" data-image-description=\"\" data-image-caption=\"\" data-medium-file=\"https:\/\/www.alqueriamorayma.com\/wp-content\/uploads\/2017\/01\/yegen01-300x199.jpg\" data-large-file=\"https:\/\/www.alqueriamorayma.com\/wp-content\/uploads\/2017\/01\/yegen01.jpg\" tabindex=\"0\" role=\"button\" class=\"size-medium wp-image-287 alignright\" src=\"http:\/\/www.alqueriamorayma.com\/wp-content\/uploads\/2017\/01\/yegen01-300x199.jpg\" alt=\"\" width=\"300\" height=\"199\" srcset=\"https:\/\/www.alqueriamorayma.com\/wp-content\/uploads\/2017\/01\/yegen01-300x199.jpg 300w, https:\/\/www.alqueriamorayma.com\/wp-content\/uploads\/2017\/01\/yegen01.jpg 600w\" sizes=\"(max-width: 300px) 100vw, 300px\" \/><\/a>The village of Yegen is part of the municipality (local council administrative district) of Alpujarra de la Sierra which also includes the villages of Mecina Bombar\u00f3n and Golco and the tiny hamlet of Montenegro.<\/p>\n<p>Mecina Bombar\u00f3n was the home base of the King Ab\u00e9n Abo\u00f3, leader of the second Alpujarra rebellion and \u00a0the last\u00a0Moorish monarch to remain on Spanish soil. He was assassinated in 1571 when Phillip II brought to an end any further moorish revolt. Also in Mecina there is the supposed Puente Romano (Roman bridge) that crosses the river Mecina below the main road and forms part of the ancient \u2018Camino Real\u2019 that linked Almer\u00eda with Granada. In Montenegro there is the delightful natural spring \u201cThe Gypsy\u2019s Leap\u2019 and a pretty capilla devoted to the Virgin F\u00e1tima. Golco\u00a0contains one of the oldest churches in the region built on the foundations of an erstwhile mosque whose architectural features include rare examples of vaulting and plaster work. \u00a0<span id=\"more-60\"><\/span><\/p>\n<span class=\"collapseomatic \" id=\"id69df1b71c2c49\"  tabindex=\"0\" title=\"Leer m\u00e1s...\"    >Leer m\u00e1s...<\/span><div id=\"target-id69df1b71c2c49\" class=\"collapseomatic_content \">YEGEN is internationally well known as the first Spanish home of the English writer and hispanist Gerald Brenan; and is the subject of his most famous book \u2018South from Granada\u2019 which considers the culture, anthropology and history of the village as much as the author\u2019s personal history of his stay there.<\/p>\n<p>Jonathan Gathorne-Hardy is the most recent Brenan biographer. He says that for Brenan, YEGEN was his \u2018desert island\u2019. \u201cFrom this vast view of mountains, valleys, villages and distant sea lay spread out like an illustration of the features of the world in a child\u2019s geography book. Behind the house the mountain rose gently in a succession of cultivated terraces, while immediately at my feet lay the village, sliding down the slope, an agglomeration of grey<\/p>\n<p>rectangular surfaces that from where I stood looked like a Cubist picture by Braque. And now the sun was setting. The goats and the cattle were being driven home, the voices of the men and women calling to one another lay like long streamers in the air, the white pigeons were circling\u2026\u2026\u2026\u2026I became aware of a sweet aromatic smell\u2026\u2026\u2026\u2026every one of those flat grey roofs\u2026\u2026\u2026\u2026\u2026..and from each of these chimneys issued a plume of grey smoke. The women were<\/p>\n<p>cooking their suppers and for fuel they used bushes of rosemary, thyme and lavender, which were brought in on donkeys\u2019 backs from the hills close by.\u201d<\/p>\n<p><strong>GERALD BRENAN<\/strong><\/p>\n<p>Was born in 1894 into an English middle class family of military background. During his first 8 years he lived with his family in South Africa, Ireland and India. When he was 17 he ran away from home and walked with his friend and mentor John Hope-Johnstone to \u2018somewhere in Bosnia\u2019, some 2,500 kms! They were aiming for China!<\/p>\n<p>In the early 1920s, after serving in the First World War, Brenan moved himself and his belongings (mostly books) to Yegen, where he lived intermittently for many years, entertained leading members of the \u2018Bloomsbury Set\u2019 (including Lyton Strachey, Dora Carrington and Bertrand Russel), and fathered a daughter (Miranda) with Juliana a young woman from Yegen.<\/p>\n<p>Brenan married an American, Gamel Woolsey, and after the Second World War returned to live in Spain where he wrote other seminal works on the Peninsula; The Spanish Labyrinth, The Face of Spain, The Literature of the Spanish People are the most well known.<\/p>\n<p>This year has seen the screening of the first Spanish film related to Brenan. Directed by the respected and well known Fernando Colomo, the screenplay is based upon Jonathan Gathorne-Hardy\u2019s biography, \u2018The Interior Castle\u2019 and focuses on the relationship between Brenan and the mother (Juliana \u00a0from Yegen) of his only child Miranda.<\/p>\n<p>Brenan\u2019s house in Yegen is still standing and bears a plaque commemorating his stay in the village.<\/div>","protected":false},"excerpt":{"rendered":"<p>Y\u00e9gen The village of Yegen is part of the municipality (local council administrative district) of Alpujarra de la Sierra which also includes the villages of Mecina Bombar\u00f3n and Golco and the tiny hamlet of Montenegro. Mecina Bombar\u00f3n was the home<\/p>\n","protected":false},"author":1,"featured_media":0,"parent":0,"menu_order":4,"comment_status":"closed","ping_status":"closed","template":"","meta":{"jetpack_post_was_ever_published":false,"footnotes":""},"yoast_head":"<!-- This site is optimized with the Yoast SEO plugin v23.5 - https:\/\/yoast.com\/wordpress\/plugins\/seo\/ -->\n<title>Surroundings - Alquer\u00eda de Morayma<\/title>\n<meta name=\"robots\" content=\"index, follow, max-snippet:-1, max-image-preview:large, max-video-preview:-1\" \/>\n<link rel=\"canonical\" href=\"https:\/\/www.alqueriamorayma.com\/en\/entorno\/\" \/>\n<meta property=\"og:locale\" content=\"en_US\" \/>\n<meta property=\"og:type\" content=\"article\" \/>\n<meta property=\"og:title\" content=\"Surroundings - Alquer\u00eda de Morayma\" \/>\n<meta property=\"og:description\" content=\"Y\u00e9gen The village of Yegen is part of the municipality (local council administrative district) of Alpujarra de la Sierra which also includes the villages of Mecina Bombar\u00f3n and Golco and the tiny hamlet of Montenegro. Mecina Bombar\u00f3n was the home\" \/>\n<meta property=\"og:url\" content=\"https:\/\/www.alqueriamorayma.com\/en\/entorno\/\" \/>\n<meta property=\"og:site_name\" content=\"Alquer\u00eda de Morayma\" \/>\n<meta property=\"article:publisher\" content=\"https:\/\/es-es.facebook.com\/alqueriamorayma\/\" \/>\n<meta property=\"article:modified_time\" content=\"2017-02-24T10:51:46+00:00\" \/>\n<meta property=\"og:image\" content=\"http:\/\/www.alqueriamorayma.com\/wp-content\/uploads\/2017\/01\/cadiar01-300x201.jpg\" \/>\n<meta name=\"twitter:card\" content=\"summary_large_image\" \/>\n<meta name=\"twitter:site\" content=\"@alqueriamorayma\" \/>\n<meta name=\"twitter:label1\" content=\"Est. reading time\" \/>\n\t<meta name=\"twitter:data1\" content=\"12 minutes\" \/>\n<script type=\"application\/ld+json\" class=\"yoast-schema-graph\">{\"@context\":\"https:\/\/schema.org\",\"@graph\":[{\"@type\":\"WebPage\",\"@id\":\"https:\/\/www.alqueriamorayma.com\/en\/entorno\/\",\"url\":\"https:\/\/www.alqueriamorayma.com\/en\/entorno\/\",\"name\":\"Surroundings - Alquer\u00eda de Morayma\",\"isPartOf\":{\"@id\":\"https:\/\/www.alqueriamorayma.com\/#website\"},\"primaryImageOfPage\":{\"@id\":\"https:\/\/www.alqueriamorayma.com\/en\/entorno\/#primaryimage\"},\"image\":{\"@id\":\"https:\/\/www.alqueriamorayma.com\/en\/entorno\/#primaryimage\"},\"thumbnailUrl\":\"http:\/\/www.alqueriamorayma.com\/wp-content\/uploads\/2017\/01\/cadiar01-300x201.jpg\",\"datePublished\":\"2017-01-17T12:45:07+00:00\",\"dateModified\":\"2017-02-24T10:51:46+00:00\",\"breadcrumb\":{\"@id\":\"https:\/\/www.alqueriamorayma.com\/en\/entorno\/#breadcrumb\"},\"inLanguage\":\"en-US\",\"potentialAction\":[{\"@type\":\"ReadAction\",\"target\":[\"https:\/\/www.alqueriamorayma.com\/en\/entorno\/\"]}]},{\"@type\":\"ImageObject\",\"inLanguage\":\"en-US\",\"@id\":\"https:\/\/www.alqueriamorayma.com\/en\/entorno\/#primaryimage\",\"url\":\"http:\/\/www.alqueriamorayma.com\/wp-content\/uploads\/2017\/01\/cadiar01-300x201.jpg\",\"contentUrl\":\"http:\/\/www.alqueriamorayma.com\/wp-content\/uploads\/2017\/01\/cadiar01-300x201.jpg\"},{\"@type\":\"BreadcrumbList\",\"@id\":\"https:\/\/www.alqueriamorayma.com\/en\/entorno\/#breadcrumb\",\"itemListElement\":[{\"@type\":\"ListItem\",\"position\":1,\"name\":\"Portada\",\"item\":\"https:\/\/www.alqueriamorayma.com\/\"},{\"@type\":\"ListItem\",\"position\":2,\"name\":\"Surroundings\"}]},{\"@type\":\"WebSite\",\"@id\":\"https:\/\/www.alqueriamorayma.com\/#website\",\"url\":\"https:\/\/www.alqueriamorayma.com\/\",\"name\":\"Alquer\u00eda de Morayma\",\"description\":\"Hotel Rural en la Alpujarra\",\"publisher\":{\"@id\":\"https:\/\/www.alqueriamorayma.com\/#organization\"},\"potentialAction\":[{\"@type\":\"SearchAction\",\"target\":{\"@type\":\"EntryPoint\",\"urlTemplate\":\"https:\/\/www.alqueriamorayma.com\/?s={search_term_string}\"},\"query-input\":{\"@type\":\"PropertyValueSpecification\",\"valueRequired\":true,\"valueName\":\"search_term_string\"}}],\"inLanguage\":\"en-US\"},{\"@type\":\"Organization\",\"@id\":\"https:\/\/www.alqueriamorayma.com\/#organization\",\"name\":\"Alqueria de Morayma\",\"url\":\"https:\/\/www.alqueriamorayma.com\/\",\"logo\":{\"@type\":\"ImageObject\",\"inLanguage\":\"en-US\",\"@id\":\"https:\/\/www.alqueriamorayma.com\/#\/schema\/logo\/image\/\",\"url\":\"https:\/\/i0.wp.com\/www.alqueriamorayma.com\/wp-content\/uploads\/2017\/03\/logo-alqueria.png?fit=100%2C74\",\"contentUrl\":\"https:\/\/i0.wp.com\/www.alqueriamorayma.com\/wp-content\/uploads\/2017\/03\/logo-alqueria.png?fit=100%2C74\",\"width\":100,\"height\":74,\"caption\":\"Alqueria de Morayma\"},\"image\":{\"@id\":\"https:\/\/www.alqueriamorayma.com\/#\/schema\/logo\/image\/\"},\"sameAs\":[\"https:\/\/es-es.facebook.com\/alqueriamorayma\/\",\"https:\/\/x.com\/alqueriamorayma\"]}]}<\/script>\n<!-- \/ Yoast SEO plugin. -->","yoast_head_json":{"title":"Surroundings - Alquer\u00eda de Morayma","robots":{"index":"index","follow":"follow","max-snippet":"max-snippet:-1","max-image-preview":"max-image-preview:large","max-video-preview":"max-video-preview:-1"},"canonical":"https:\/\/www.alqueriamorayma.com\/en\/entorno\/","og_locale":"en_US","og_type":"article","og_title":"Surroundings - Alquer\u00eda de Morayma","og_description":"Y\u00e9gen The village of Yegen is part of the municipality (local council administrative district) of Alpujarra de la Sierra which also includes the villages of Mecina Bombar\u00f3n and Golco and the tiny hamlet of Montenegro. Mecina Bombar\u00f3n was the home","og_url":"https:\/\/www.alqueriamorayma.com\/en\/entorno\/","og_site_name":"Alquer\u00eda de Morayma","article_publisher":"https:\/\/es-es.facebook.com\/alqueriamorayma\/","article_modified_time":"2017-02-24T10:51:46+00:00","og_image":[{"url":"http:\/\/www.alqueriamorayma.com\/wp-content\/uploads\/2017\/01\/cadiar01-300x201.jpg"}],"twitter_card":"summary_large_image","twitter_site":"@alqueriamorayma","twitter_misc":{"Est. reading time":"12 minutes"},"schema":{"@context":"https:\/\/schema.org","@graph":[{"@type":"WebPage","@id":"https:\/\/www.alqueriamorayma.com\/en\/entorno\/","url":"https:\/\/www.alqueriamorayma.com\/en\/entorno\/","name":"Surroundings - Alquer\u00eda de Morayma","isPartOf":{"@id":"https:\/\/www.alqueriamorayma.com\/#website"},"primaryImageOfPage":{"@id":"https:\/\/www.alqueriamorayma.com\/en\/entorno\/#primaryimage"},"image":{"@id":"https:\/\/www.alqueriamorayma.com\/en\/entorno\/#primaryimage"},"thumbnailUrl":"http:\/\/www.alqueriamorayma.com\/wp-content\/uploads\/2017\/01\/cadiar01-300x201.jpg","datePublished":"2017-01-17T12:45:07+00:00","dateModified":"2017-02-24T10:51:46+00:00","breadcrumb":{"@id":"https:\/\/www.alqueriamorayma.com\/en\/entorno\/#breadcrumb"},"inLanguage":"en-US","potentialAction":[{"@type":"ReadAction","target":["https:\/\/www.alqueriamorayma.com\/en\/entorno\/"]}]},{"@type":"ImageObject","inLanguage":"en-US","@id":"https:\/\/www.alqueriamorayma.com\/en\/entorno\/#primaryimage","url":"http:\/\/www.alqueriamorayma.com\/wp-content\/uploads\/2017\/01\/cadiar01-300x201.jpg","contentUrl":"http:\/\/www.alqueriamorayma.com\/wp-content\/uploads\/2017\/01\/cadiar01-300x201.jpg"},{"@type":"BreadcrumbList","@id":"https:\/\/www.alqueriamorayma.com\/en\/entorno\/#breadcrumb","itemListElement":[{"@type":"ListItem","position":1,"name":"Portada","item":"https:\/\/www.alqueriamorayma.com\/"},{"@type":"ListItem","position":2,"name":"Surroundings"}]},{"@type":"WebSite","@id":"https:\/\/www.alqueriamorayma.com\/#website","url":"https:\/\/www.alqueriamorayma.com\/","name":"Alquer\u00eda de Morayma","description":"Hotel Rural en la Alpujarra","publisher":{"@id":"https:\/\/www.alqueriamorayma.com\/#organization"},"potentialAction":[{"@type":"SearchAction","target":{"@type":"EntryPoint","urlTemplate":"https:\/\/www.alqueriamorayma.com\/?s={search_term_string}"},"query-input":{"@type":"PropertyValueSpecification","valueRequired":true,"valueName":"search_term_string"}}],"inLanguage":"en-US"},{"@type":"Organization","@id":"https:\/\/www.alqueriamorayma.com\/#organization","name":"Alqueria de Morayma","url":"https:\/\/www.alqueriamorayma.com\/","logo":{"@type":"ImageObject","inLanguage":"en-US","@id":"https:\/\/www.alqueriamorayma.com\/#\/schema\/logo\/image\/","url":"https:\/\/i0.wp.com\/www.alqueriamorayma.com\/wp-content\/uploads\/2017\/03\/logo-alqueria.png?fit=100%2C74","contentUrl":"https:\/\/i0.wp.com\/www.alqueriamorayma.com\/wp-content\/uploads\/2017\/03\/logo-alqueria.png?fit=100%2C74","width":100,"height":74,"caption":"Alqueria de Morayma"},"image":{"@id":"https:\/\/www.alqueriamorayma.com\/#\/schema\/logo\/image\/"},"sameAs":["https:\/\/es-es.facebook.com\/alqueriamorayma\/","https:\/\/x.com\/alqueriamorayma"]}]}},"jetpack_sharing_enabled":true,"jetpack_shortlink":"https:\/\/wp.me\/P8sFGa-1c","jetpack-related-posts":[],"_links":{"self":[{"href":"https:\/\/www.alqueriamorayma.com\/en\/wp-json\/wp\/v2\/pages\/74"}],"collection":[{"href":"https:\/\/www.alqueriamorayma.com\/en\/wp-json\/wp\/v2\/pages"}],"about":[{"href":"https:\/\/www.alqueriamorayma.com\/en\/wp-json\/wp\/v2\/types\/page"}],"author":[{"embeddable":true,"href":"https:\/\/www.alqueriamorayma.com\/en\/wp-json\/wp\/v2\/users\/1"}],"replies":[{"embeddable":true,"href":"https:\/\/www.alqueriamorayma.com\/en\/wp-json\/wp\/v2\/comments?post=74"}],"version-history":[{"count":19,"href":"https:\/\/www.alqueriamorayma.com\/en\/wp-json\/wp\/v2\/pages\/74\/revisions"}],"predecessor-version":[{"id":516,"href":"https:\/\/www.alqueriamorayma.com\/en\/wp-json\/wp\/v2\/pages\/74\/revisions\/516"}],"wp:attachment":[{"href":"https:\/\/www.alqueriamorayma.com\/en\/wp-json\/wp\/v2\/media?parent=74"}],"curies":[{"name":"wp","href":"https:\/\/api.w.org\/{rel}","templated":true}]}}