{"id":1275,"date":"2023-06-14T10:15:23","date_gmt":"2023-06-14T10:15:23","guid":{"rendered":"http:\/\/www.alqueriamorayma.com\/?page_id=1275"},"modified":"2023-12-20T10:03:55","modified_gmt":"2023-12-20T10:03:55","slug":"noche-perseidas-2023","status":"publish","type":"page","link":"https:\/\/www.alqueriamorayma.com\/en\/noche-perseidas-2023\/","title":{"rendered":"Noche Perseidas 2023"},"content":{"rendered":"<div class=\"wp-block-image\">\r\n<figure class=\"aligncenter is-resized\"><img loading=\"lazy\" decoding=\"async\" data-attachment-id=\"1276\" data-permalink=\"https:\/\/www.alqueriamorayma.com\/en\/noche-perseidas-2023\/perseidas-2023\/\" data-orig-file=\"https:\/\/www.alqueriamorayma.com\/wp-content\/uploads\/2023\/06\/Perseidas-2023.jpg\" data-orig-size=\"724,1024\" data-comments-opened=\"1\" data-image-meta=\"{&quot;aperture&quot;:&quot;0&quot;,&quot;credit&quot;:&quot;&quot;,&quot;camera&quot;:&quot;&quot;,&quot;caption&quot;:&quot;&quot;,&quot;created_timestamp&quot;:&quot;0&quot;,&quot;copyright&quot;:&quot;&quot;,&quot;focal_length&quot;:&quot;0&quot;,&quot;iso&quot;:&quot;0&quot;,&quot;shutter_speed&quot;:&quot;0&quot;,&quot;title&quot;:&quot;&quot;,&quot;orientation&quot;:&quot;0&quot;}\" data-image-title=\"Perseidas 2023\" data-image-description=\"\" data-image-caption=\"\" data-medium-file=\"https:\/\/www.alqueriamorayma.com\/wp-content\/uploads\/2023\/06\/Perseidas-2023-212x300.jpg\" data-large-file=\"https:\/\/www.alqueriamorayma.com\/wp-content\/uploads\/2023\/06\/Perseidas-2023-724x1024.jpg\" tabindex=\"0\" role=\"button\" class=\"wp-image-1276\" src=\"https:\/\/i1.wp.com\/www.alqueriamorayma.com\/wp-content\/uploads\/2023\/06\/Perseidas-2023.jpg?fit=724%2C1024\" alt=\"\" width=\"362\" height=\"512\" srcset=\"https:\/\/www.alqueriamorayma.com\/wp-content\/uploads\/2023\/06\/Perseidas-2023.jpg 724w, https:\/\/www.alqueriamorayma.com\/wp-content\/uploads\/2023\/06\/Perseidas-2023-212x300.jpg 212w\" sizes=\"(max-width: 362px) 100vw, 362px\" \/>\r\n<figcaption><br \/><br \/><strong>? NOCHE DE PERSEIDAS 2023<\/strong><br \/>An\u00edmate a este Paseo por las Estrellas ? y disfruta de los cielos espectaculares de la alpujarra granadina ?? , guiado por Carlos Mu\u00f1oz. <br \/><br \/><br \/><strong> S\u00e1bado 12 Agosto<\/strong><br \/>\u25aaSalida desde el Hotel Rural Alquer\u00eda de Morayma. <br \/>\u25aaCena en el restaurante 21h.<br \/>\u25aaObservaci\u00f3n del cielo desde el Mirador &#8211; Lluvia de estrellas fugaces &#8211; Telescopio Dobson. 22:30h.<br \/><br \/><br \/>Si adem\u00e1s decides alojarte en nuestro hotel, tenemos estas ofertas: <br \/>Actividad + cena: 38\u20ac\/ pax<br \/>Actividad + cena + <br \/>1 noche en HD: 79\u20ac\/pax<br \/>Actividad + cena + 1 noche en HI: 98\u20ac\/pax<br \/>Para que la experiencia sea \u00f3ptima s\u00f3lo se admiten 15 plazas \u00a1Reserva la tuya!<br \/><br \/><br \/>Para m\u00e1s informaci\u00f3n de la actividad y reservas, puedes contactar con nosotros a trav\u00e9s: <br \/>\u260e 605 051 841 \/ 958 343 303 \/ 958 343 221<br \/>? alqueria@alqueriamorayma.com<br \/>\u00a1Te esperamos, no olvides calzado c\u00f3modo y\u00a0algo\u00a0de\u00a0abrigo!<\/figcaption>\r\n<\/figure>\r\n<\/div>\r\n\r\n\r\n\r\n\r\n<div class=\"wp-block-image\">\r\n<figure class=\"aligncenter is-resized\"><img loading=\"lazy\" decoding=\"async\" data-attachment-id=\"1276\" data-permalink=\"https:\/\/www.alqueriamorayma.com\/en\/noche-perseidas-2023\/perseidas-2023\/\" data-orig-file=\"https:\/\/www.alqueriamorayma.com\/wp-content\/uploads\/2023\/06\/Perseidas-2023.jpg\" data-orig-size=\"724,1024\" data-comments-opened=\"1\" data-image-meta=\"{&quot;aperture&quot;:&quot;0&quot;,&quot;credit&quot;:&quot;&quot;,&quot;camera&quot;:&quot;&quot;,&quot;caption&quot;:&quot;&quot;,&quot;created_timestamp&quot;:&quot;0&quot;,&quot;copyright&quot;:&quot;&quot;,&quot;focal_length&quot;:&quot;0&quot;,&quot;iso&quot;:&quot;0&quot;,&quot;shutter_speed&quot;:&quot;0&quot;,&quot;title&quot;:&quot;&quot;,&quot;orientation&quot;:&quot;0&quot;}\" data-image-title=\"Perseidas 2023\" data-image-description=\"\" data-image-caption=\"\" data-medium-file=\"https:\/\/www.alqueriamorayma.com\/wp-content\/uploads\/2023\/06\/Perseidas-2023-212x300.jpg\" data-large-file=\"https:\/\/www.alqueriamorayma.com\/wp-content\/uploads\/2023\/06\/Perseidas-2023-724x1024.jpg\" tabindex=\"0\" role=\"button\" class=\"wp-image-1276\" src=\"https:\/\/i1.wp.com\/www.alqueriamorayma.com\/wp-content\/uploads\/2023\/06\/Perseidas-2023.jpg?fit=724%2C1024\" alt=\"\" width=\"362\" height=\"512\" srcset=\"https:\/\/www.alqueriamorayma.com\/wp-content\/uploads\/2023\/06\/Perseidas-2023.jpg 724w, https:\/\/www.alqueriamorayma.com\/wp-content\/uploads\/2023\/06\/Perseidas-2023-212x300.jpg 212w\" sizes=\"(max-width: 362px) 100vw, 362px\" \/>\r\n<figcaption><br \/><br \/><strong>? NOCHE DE PERSEIDAS 2023<\/strong><br \/>An\u00edmate a este Paseo por las Estrellas ? y disfruta de los cielos espectaculares de la alpujarra granadina ?? , guiado por Carlos Mu\u00f1oz. <br \/><br \/><br \/><strong> S\u00e1bado 12 Agosto<\/strong><br \/>\u25aaSalida desde el Hotel Rural Alquer\u00eda de Morayma. <br \/>\u25aaCena en el restaurante 21h.<br \/>\u25aaObservaci\u00f3n del cielo desde el Mirador &#8211; Lluvia de estrellas fugaces &#8211; Telescopio Dobson. 22:30h.<br \/><br \/><br \/>Si adem\u00e1s decides alojarte en nuestro hotel, tenemos estas ofertas: <br \/>Actividad + cena: 38\u20ac\/ pax<br \/>Actividad + cena + <br \/>1 noche en HD: 79\u20ac\/pax<br \/>Actividad + cena + 1 noche en HI: 98\u20ac\/pax<br \/>Para que la experiencia sea \u00f3ptima s\u00f3lo se admiten 15 plazas \u00a1Reserva la tuya!<br \/><br \/><br \/>Para m\u00e1s informaci\u00f3n de la actividad y reservas, puedes contactar con nosotros a trav\u00e9s: <br \/>\u260e 605 051 841 \/ 958 343 303 \/ 958 343 221<br \/>? alqueria@alqueriamorayma.com<br \/>\u00a1Te esperamos, no olvides calzado c\u00f3modo y\u00a0algo\u00a0de\u00a0abrigo!<\/figcaption>\r\n<\/figure>\r\n<\/div>\r\n\r\n\r\n\r\n<div class=\"wp-block-image\">\r\n<figure class=\"aligncenter is-resized\"><img loading=\"lazy\" decoding=\"async\" data-attachment-id=\"1276\" data-permalink=\"https:\/\/www.alqueriamorayma.com\/en\/noche-perseidas-2023\/perseidas-2023\/\" data-orig-file=\"https:\/\/www.alqueriamorayma.com\/wp-content\/uploads\/2023\/06\/Perseidas-2023.jpg\" data-orig-size=\"724,1024\" data-comments-opened=\"1\" data-image-meta=\"{&quot;aperture&quot;:&quot;0&quot;,&quot;credit&quot;:&quot;&quot;,&quot;camera&quot;:&quot;&quot;,&quot;caption&quot;:&quot;&quot;,&quot;created_timestamp&quot;:&quot;0&quot;,&quot;copyright&quot;:&quot;&quot;,&quot;focal_length&quot;:&quot;0&quot;,&quot;iso&quot;:&quot;0&quot;,&quot;shutter_speed&quot;:&quot;0&quot;,&quot;title&quot;:&quot;&quot;,&quot;orientation&quot;:&quot;0&quot;}\" data-image-title=\"Perseidas 2023\" data-image-description=\"\" data-image-caption=\"\" data-medium-file=\"https:\/\/www.alqueriamorayma.com\/wp-content\/uploads\/2023\/06\/Perseidas-2023-212x300.jpg\" data-large-file=\"https:\/\/www.alqueriamorayma.com\/wp-content\/uploads\/2023\/06\/Perseidas-2023-724x1024.jpg\" tabindex=\"0\" role=\"button\" class=\"wp-image-1276\" src=\"https:\/\/i1.wp.com\/www.alqueriamorayma.com\/wp-content\/uploads\/2023\/06\/Perseidas-2023.jpg?fit=724%2C1024\" alt=\"\" width=\"362\" height=\"512\" srcset=\"https:\/\/www.alqueriamorayma.com\/wp-content\/uploads\/2023\/06\/Perseidas-2023.jpg 724w, https:\/\/www.alqueriamorayma.com\/wp-content\/uploads\/2023\/06\/Perseidas-2023-212x300.jpg 212w\" sizes=\"(max-width: 362px) 100vw, 362px\" \/>\r\n<figcaption><br \/><br \/><strong>? NOCHE DE PERSEIDAS 2023<\/strong><br \/>An\u00edmate a este Paseo por las Estrellas ? y disfruta de los cielos espectaculares de la alpujarra granadina ?? , guiado por Carlos Mu\u00f1oz. <br \/><br \/><br \/><strong> S\u00e1bado 12 Agosto<\/strong><br \/>\u25aaSalida desde el Hotel Rural Alquer\u00eda de Morayma. <br \/>\u25aaCena en el restaurante 21h.<br \/>\u25aaObservaci\u00f3n del cielo desde el Mirador &#8211; Lluvia de estrellas fugaces &#8211; Telescopio Dobson. 22:30h.<br \/><br \/><br \/>Si adem\u00e1s decides alojarte en nuestro hotel, tenemos estas ofertas: <br \/>Actividad + cena: 38\u20ac\/ pax<br \/>Actividad + cena + <br \/>1 noche en HD: 79\u20ac\/pax<br \/>Actividad + cena + 1 noche en HI: 98\u20ac\/pax<br \/>Para que la experiencia sea \u00f3ptima s\u00f3lo se admiten 15 plazas \u00a1Reserva la tuya!<br \/><br \/><br \/>Para m\u00e1s informaci\u00f3n de la actividad y reservas, puedes contactar con nosotros a trav\u00e9s: <br \/>\u260e 605 051 841 \/ 958 343 303 \/ 958 343 221<br \/>? alqueria@alqueriamorayma.com<br \/>\u00a1Te esperamos, no olvides calzado c\u00f3modo y\u00a0algo\u00a0de\u00a0abrigo!<\/figcaption>\r\n<\/figure>\r\n<\/div>\r\n\r\n<p><\/p>\r\n<div class=\"wp-block-image\"><figure class=\"aligncenter is-resized\"><img loading=\"lazy\" decoding=\"async\" data-attachment-id=\"1276\" data-permalink=\"https:\/\/www.alqueriamorayma.com\/en\/noche-perseidas-2023\/perseidas-2023\/\" data-orig-file=\"https:\/\/www.alqueriamorayma.com\/wp-content\/uploads\/2023\/06\/Perseidas-2023.jpg\" data-orig-size=\"724,1024\" data-comments-opened=\"1\" data-image-meta=\"{&quot;aperture&quot;:&quot;0&quot;,&quot;credit&quot;:&quot;&quot;,&quot;camera&quot;:&quot;&quot;,&quot;caption&quot;:&quot;&quot;,&quot;created_timestamp&quot;:&quot;0&quot;,&quot;copyright&quot;:&quot;&quot;,&quot;focal_length&quot;:&quot;0&quot;,&quot;iso&quot;:&quot;0&quot;,&quot;shutter_speed&quot;:&quot;0&quot;,&quot;title&quot;:&quot;&quot;,&quot;orientation&quot;:&quot;0&quot;}\" data-image-title=\"Perseidas 2023\" data-image-description=\"\" data-image-caption=\"\" data-medium-file=\"https:\/\/www.alqueriamorayma.com\/wp-content\/uploads\/2023\/06\/Perseidas-2023-212x300.jpg\" data-large-file=\"https:\/\/www.alqueriamorayma.com\/wp-content\/uploads\/2023\/06\/Perseidas-2023-724x1024.jpg\" tabindex=\"0\" role=\"button\" src=\"https:\/\/i1.wp.com\/www.alqueriamorayma.com\/wp-content\/uploads\/2023\/06\/Perseidas-2023.jpg?fit=724%2C1024\" alt=\"\" class=\"wp-image-1276\" width=\"362\" height=\"512\" srcset=\"https:\/\/www.alqueriamorayma.com\/wp-content\/uploads\/2023\/06\/Perseidas-2023.jpg 724w, https:\/\/www.alqueriamorayma.com\/wp-content\/uploads\/2023\/06\/Perseidas-2023-212x300.jpg 212w\" sizes=\"(max-width: 362px) 100vw, 362px\" \/><figcaption><br><br><strong>? NOCHE DE PERSEIDAS 2023<\/strong><br> An\u00edmate a este Paseo por las Estrellas ? y disfruta de los cielos espectaculares de la alpujarra granadina ?? , guiado por Carlos Mu\u00f1oz. <br><br><br><strong> S\u00e1bado 12 Agosto<\/strong><br> \u25aaSalida desde el Hotel Rural Alquer\u00eda de Morayma. <br> \u25aaCena en el restaurante 21h.<br> \u25aaObservaci\u00f3n del cielo desde el Mirador &#8211; Lluvia de estrellas fugaces &#8211; Telescopio Dobson. 22:30h.<br><br><br> Si adem\u00e1s decides alojarte en nuestro hotel, tenemos estas ofertas: <br> Actividad + cena: 38\u20ac\/ pax<br> Actividad + cena + <br> 1 noche en HD: 79\u20ac\/pax<br> Actividad + cena + 1 noche en HI: 98\u20ac\/pax<br> Para que la experiencia sea \u00f3ptima s\u00f3lo se admiten 15 plazas \u00a1Reserva la tuya!<br><br><br> Para m\u00e1s informaci\u00f3n de la actividad y reservas, puedes contactar con nosotros a trav\u00e9s: <br> \u260e 605 051 841 \/ 958 343 303 \/ 958 343 221<br> ? alqueria@alqueriamorayma.com<br> \u00a1Te esperamos, no olvides calzado c\u00f3modo y&nbsp;algo&nbsp;de&nbsp;abrigo!<\/figcaption><\/figure><\/div>","protected":false},"excerpt":{"rendered":"","protected":false},"author":1,"featured_media":0,"parent":0,"menu_order":0,"comment_status":"closed","ping_status":"closed","template":"","meta":{"jetpack_post_was_ever_published":false,"footnotes":""},"yoast_head":"<!-- This site is optimized with the Yoast SEO plugin v23.5 - https:\/\/yoast.com\/wordpress\/plugins\/seo\/ -->\n<title>Noche Perseidas 2023 - Alquer\u00eda de Morayma<\/title>\n<meta name=\"robots\" content=\"index, follow, max-snippet:-1, max-image-preview:large, max-video-preview:-1\" \/>\n<link rel=\"canonical\" href=\"https:\/\/www.alqueriamorayma.com\/noche-perseidas-2023\/\" \/>\n<meta property=\"og:locale\" content=\"en_US\" \/>\n<meta property=\"og:type\" content=\"article\" \/>\n<meta property=\"og:title\" content=\"Noche Perseidas 2023 - Alquer\u00eda de Morayma\" \/>\n<meta property=\"og:url\" content=\"https:\/\/www.alqueriamorayma.com\/noche-perseidas-2023\/\" \/>\n<meta property=\"og:site_name\" content=\"Alquer\u00eda de Morayma\" \/>\n<meta property=\"article:publisher\" content=\"https:\/\/es-es.facebook.com\/alqueriamorayma\/\" \/>\n<meta property=\"article:modified_time\" content=\"2023-12-20T10:03:55+00:00\" \/>\n<meta property=\"og:image\" content=\"https:\/\/i1.wp.com\/www.alqueriamorayma.com\/wp-content\/uploads\/2023\/06\/Perseidas-2023.jpg?fit=724%2C1024\" \/>\n<meta name=\"twitter:card\" content=\"summary_large_image\" \/>\n<meta name=\"twitter:site\" content=\"@alqueriamorayma\" \/>\n<meta name=\"twitter:label1\" content=\"Est. reading time\" \/>\n\t<meta name=\"twitter:data1\" content=\"5 minutes\" \/>\n<script type=\"application\/ld+json\" class=\"yoast-schema-graph\">{\"@context\":\"https:\/\/schema.org\",\"@graph\":[{\"@type\":\"WebPage\",\"@id\":\"https:\/\/www.alqueriamorayma.com\/noche-perseidas-2023\/\",\"url\":\"https:\/\/www.alqueriamorayma.com\/noche-perseidas-2023\/\",\"name\":\"Noche Perseidas 2023 - Alquer\u00eda de Morayma\",\"isPartOf\":{\"@id\":\"https:\/\/www.alqueriamorayma.com\/#website\"},\"primaryImageOfPage\":{\"@id\":\"https:\/\/www.alqueriamorayma.com\/noche-perseidas-2023\/#primaryimage\"},\"image\":{\"@id\":\"https:\/\/www.alqueriamorayma.com\/noche-perseidas-2023\/#primaryimage\"},\"thumbnailUrl\":\"https:\/\/i1.wp.com\/www.alqueriamorayma.com\/wp-content\/uploads\/2023\/06\/Perseidas-2023.jpg?fit=724%2C1024\",\"datePublished\":\"2023-06-14T10:15:23+00:00\",\"dateModified\":\"2023-12-20T10:03:55+00:00\",\"breadcrumb\":{\"@id\":\"https:\/\/www.alqueriamorayma.com\/noche-perseidas-2023\/#breadcrumb\"},\"inLanguage\":\"en-US\",\"potentialAction\":[{\"@type\":\"ReadAction\",\"target\":[\"https:\/\/www.alqueriamorayma.com\/noche-perseidas-2023\/\"]}]},{\"@type\":\"ImageObject\",\"inLanguage\":\"en-US\",\"@id\":\"https:\/\/www.alqueriamorayma.com\/noche-perseidas-2023\/#primaryimage\",\"url\":\"https:\/\/i1.wp.com\/www.alqueriamorayma.com\/wp-content\/uploads\/2023\/06\/Perseidas-2023.jpg?fit=724%2C1024\",\"contentUrl\":\"https:\/\/i1.wp.com\/www.alqueriamorayma.com\/wp-content\/uploads\/2023\/06\/Perseidas-2023.jpg?fit=724%2C1024\"},{\"@type\":\"BreadcrumbList\",\"@id\":\"https:\/\/www.alqueriamorayma.com\/noche-perseidas-2023\/#breadcrumb\",\"itemListElement\":[{\"@type\":\"ListItem\",\"position\":1,\"name\":\"Portada\",\"item\":\"https:\/\/www.alqueriamorayma.com\/\"},{\"@type\":\"ListItem\",\"position\":2,\"name\":\"Noche Perseidas 2023\"}]},{\"@type\":\"WebSite\",\"@id\":\"https:\/\/www.alqueriamorayma.com\/#website\",\"url\":\"https:\/\/www.alqueriamorayma.com\/\",\"name\":\"Alquer\u00eda de Morayma\",\"description\":\"Hotel Rural en la Alpujarra\",\"publisher\":{\"@id\":\"https:\/\/www.alqueriamorayma.com\/#organization\"},\"potentialAction\":[{\"@type\":\"SearchAction\",\"target\":{\"@type\":\"EntryPoint\",\"urlTemplate\":\"https:\/\/www.alqueriamorayma.com\/?s={search_term_string}\"},\"query-input\":{\"@type\":\"PropertyValueSpecification\",\"valueRequired\":true,\"valueName\":\"search_term_string\"}}],\"inLanguage\":\"en-US\"},{\"@type\":\"Organization\",\"@id\":\"https:\/\/www.alqueriamorayma.com\/#organization\",\"name\":\"Alqueria de Morayma\",\"url\":\"https:\/\/www.alqueriamorayma.com\/\",\"logo\":{\"@type\":\"ImageObject\",\"inLanguage\":\"en-US\",\"@id\":\"https:\/\/www.alqueriamorayma.com\/#\/schema\/logo\/image\/\",\"url\":\"https:\/\/i0.wp.com\/www.alqueriamorayma.com\/wp-content\/uploads\/2017\/03\/logo-alqueria.png?fit=100%2C74\",\"contentUrl\":\"https:\/\/i0.wp.com\/www.alqueriamorayma.com\/wp-content\/uploads\/2017\/03\/logo-alqueria.png?fit=100%2C74\",\"width\":100,\"height\":74,\"caption\":\"Alqueria de Morayma\"},\"image\":{\"@id\":\"https:\/\/www.alqueriamorayma.com\/#\/schema\/logo\/image\/\"},\"sameAs\":[\"https:\/\/es-es.facebook.com\/alqueriamorayma\/\",\"https:\/\/x.com\/alqueriamorayma\"]}]}<\/script>\n<!-- \/ Yoast SEO plugin. -->","yoast_head_json":{"title":"Noche Perseidas 2023 - Alquer\u00eda de Morayma","robots":{"index":"index","follow":"follow","max-snippet":"max-snippet:-1","max-image-preview":"max-image-preview:large","max-video-preview":"max-video-preview:-1"},"canonical":"https:\/\/www.alqueriamorayma.com\/noche-perseidas-2023\/","og_locale":"en_US","og_type":"article","og_title":"Noche Perseidas 2023 - Alquer\u00eda de Morayma","og_url":"https:\/\/www.alqueriamorayma.com\/noche-perseidas-2023\/","og_site_name":"Alquer\u00eda de Morayma","article_publisher":"https:\/\/es-es.facebook.com\/alqueriamorayma\/","article_modified_time":"2023-12-20T10:03:55+00:00","og_image":[{"url":"https:\/\/i1.wp.com\/www.alqueriamorayma.com\/wp-content\/uploads\/2023\/06\/Perseidas-2023.jpg?fit=724%2C1024"}],"twitter_card":"summary_large_image","twitter_site":"@alqueriamorayma","twitter_misc":{"Est. reading time":"5 minutes"},"schema":{"@context":"https:\/\/schema.org","@graph":[{"@type":"WebPage","@id":"https:\/\/www.alqueriamorayma.com\/noche-perseidas-2023\/","url":"https:\/\/www.alqueriamorayma.com\/noche-perseidas-2023\/","name":"Noche Perseidas 2023 - Alquer\u00eda de Morayma","isPartOf":{"@id":"https:\/\/www.alqueriamorayma.com\/#website"},"primaryImageOfPage":{"@id":"https:\/\/www.alqueriamorayma.com\/noche-perseidas-2023\/#primaryimage"},"image":{"@id":"https:\/\/www.alqueriamorayma.com\/noche-perseidas-2023\/#primaryimage"},"thumbnailUrl":"https:\/\/i1.wp.com\/www.alqueriamorayma.com\/wp-content\/uploads\/2023\/06\/Perseidas-2023.jpg?fit=724%2C1024","datePublished":"2023-06-14T10:15:23+00:00","dateModified":"2023-12-20T10:03:55+00:00","breadcrumb":{"@id":"https:\/\/www.alqueriamorayma.com\/noche-perseidas-2023\/#breadcrumb"},"inLanguage":"en-US","potentialAction":[{"@type":"ReadAction","target":["https:\/\/www.alqueriamorayma.com\/noche-perseidas-2023\/"]}]},{"@type":"ImageObject","inLanguage":"en-US","@id":"https:\/\/www.alqueriamorayma.com\/noche-perseidas-2023\/#primaryimage","url":"https:\/\/i1.wp.com\/www.alqueriamorayma.com\/wp-content\/uploads\/2023\/06\/Perseidas-2023.jpg?fit=724%2C1024","contentUrl":"https:\/\/i1.wp.com\/www.alqueriamorayma.com\/wp-content\/uploads\/2023\/06\/Perseidas-2023.jpg?fit=724%2C1024"},{"@type":"BreadcrumbList","@id":"https:\/\/www.alqueriamorayma.com\/noche-perseidas-2023\/#breadcrumb","itemListElement":[{"@type":"ListItem","position":1,"name":"Portada","item":"https:\/\/www.alqueriamorayma.com\/"},{"@type":"ListItem","position":2,"name":"Noche Perseidas 2023"}]},{"@type":"WebSite","@id":"https:\/\/www.alqueriamorayma.com\/#website","url":"https:\/\/www.alqueriamorayma.com\/","name":"Alquer\u00eda de Morayma","description":"Hotel Rural en la Alpujarra","publisher":{"@id":"https:\/\/www.alqueriamorayma.com\/#organization"},"potentialAction":[{"@type":"SearchAction","target":{"@type":"EntryPoint","urlTemplate":"https:\/\/www.alqueriamorayma.com\/?s={search_term_string}"},"query-input":{"@type":"PropertyValueSpecification","valueRequired":true,"valueName":"search_term_string"}}],"inLanguage":"en-US"},{"@type":"Organization","@id":"https:\/\/www.alqueriamorayma.com\/#organization","name":"Alqueria de Morayma","url":"https:\/\/www.alqueriamorayma.com\/","logo":{"@type":"ImageObject","inLanguage":"en-US","@id":"https:\/\/www.alqueriamorayma.com\/#\/schema\/logo\/image\/","url":"https:\/\/i0.wp.com\/www.alqueriamorayma.com\/wp-content\/uploads\/2017\/03\/logo-alqueria.png?fit=100%2C74","contentUrl":"https:\/\/i0.wp.com\/www.alqueriamorayma.com\/wp-content\/uploads\/2017\/03\/logo-alqueria.png?fit=100%2C74","width":100,"height":74,"caption":"Alqueria de Morayma"},"image":{"@id":"https:\/\/www.alqueriamorayma.com\/#\/schema\/logo\/image\/"},"sameAs":["https:\/\/es-es.facebook.com\/alqueriamorayma\/","https:\/\/x.com\/alqueriamorayma"]}]}},"jetpack_sharing_enabled":true,"jetpack_shortlink":"https:\/\/wp.me\/P8sFGa-kz","jetpack-related-posts":[],"_links":{"self":[{"href":"https:\/\/www.alqueriamorayma.com\/en\/wp-json\/wp\/v2\/pages\/1275"}],"collection":[{"href":"https:\/\/www.alqueriamorayma.com\/en\/wp-json\/wp\/v2\/pages"}],"about":[{"href":"https:\/\/www.alqueriamorayma.com\/en\/wp-json\/wp\/v2\/types\/page"}],"author":[{"embeddable":true,"href":"https:\/\/www.alqueriamorayma.com\/en\/wp-json\/wp\/v2\/users\/1"}],"replies":[{"embeddable":true,"href":"https:\/\/www.alqueriamorayma.com\/en\/wp-json\/wp\/v2\/comments?post=1275"}],"version-history":[{"count":5,"href":"https:\/\/www.alqueriamorayma.com\/en\/wp-json\/wp\/v2\/pages\/1275\/revisions"}],"predecessor-version":[{"id":1459,"href":"https:\/\/www.alqueriamorayma.com\/en\/wp-json\/wp\/v2\/pages\/1275\/revisions\/1459"}],"wp:attachment":[{"href":"https:\/\/www.alqueriamorayma.com\/en\/wp-json\/wp\/v2\/media?parent=1275"}],"curies":[{"name":"wp","href":"https:\/\/api.w.org\/{rel}","templated":true}]}}