{"id":1259,"date":"2023-04-24T15:20:12","date_gmt":"2023-04-24T15:20:12","guid":{"rendered":"http:\/\/www.alqueriamorayma.com\/?page_id=1259"},"modified":"2023-06-14T09:57:15","modified_gmt":"2023-06-14T09:57:15","slug":"senderismo-nocturno-3","status":"publish","type":"page","link":"https:\/\/www.alqueriamorayma.com\/en\/senderismo-nocturno-3\/","title":{"rendered":"Senderismo nocturno Abril-Mayo 2023"},"content":{"rendered":"\n<div class=\"wp-block-image\"><figure class=\"aligncenter is-resized\"><img loading=\"lazy\" decoding=\"async\" data-attachment-id=\"1260\" data-permalink=\"https:\/\/www.alqueriamorayma.com\/en\/senderismo-nocturno-3\/image-8-2\/\" data-orig-file=\"https:\/\/www.alqueriamorayma.com\/wp-content\/uploads\/2023\/04\/Image-8-1.jpeg\" data-orig-size=\"874,1240\" data-comments-opened=\"1\" data-image-meta=\"{&quot;aperture&quot;:&quot;0&quot;,&quot;credit&quot;:&quot;&quot;,&quot;camera&quot;:&quot;&quot;,&quot;caption&quot;:&quot;&quot;,&quot;created_timestamp&quot;:&quot;0&quot;,&quot;copyright&quot;:&quot;&quot;,&quot;focal_length&quot;:&quot;0&quot;,&quot;iso&quot;:&quot;0&quot;,&quot;shutter_speed&quot;:&quot;0&quot;,&quot;title&quot;:&quot;&quot;,&quot;orientation&quot;:&quot;0&quot;}\" data-image-title=\"Image (8)\" data-image-description=\"\" data-image-caption=\"\" data-medium-file=\"https:\/\/www.alqueriamorayma.com\/wp-content\/uploads\/2023\/04\/Image-8-1-211x300.jpeg\" data-large-file=\"https:\/\/www.alqueriamorayma.com\/wp-content\/uploads\/2023\/04\/Image-8-1-722x1024.jpeg\" tabindex=\"0\" role=\"button\" src=\"https:\/\/i0.wp.com\/www.alqueriamorayma.com\/wp-content\/uploads\/2023\/04\/Image-8-1.jpeg?fit=722%2C1024\" alt=\"\" class=\"wp-image-1260\" width=\"361\" height=\"512\" srcset=\"https:\/\/www.alqueriamorayma.com\/wp-content\/uploads\/2023\/04\/Image-8-1.jpeg 874w, https:\/\/www.alqueriamorayma.com\/wp-content\/uploads\/2023\/04\/Image-8-1-211x300.jpeg 211w, https:\/\/www.alqueriamorayma.com\/wp-content\/uploads\/2023\/04\/Image-8-1-768x1090.jpeg 768w, https:\/\/www.alqueriamorayma.com\/wp-content\/uploads\/2023\/04\/Image-8-1-722x1024.jpeg 722w\" sizes=\"(max-width: 361px) 100vw, 361px\" \/><figcaption> <br>PASEO NOCTURNO BAJO LAS ESTRELLAS \u26f0\ufe0f?<br><br>\u00bfSab\u00edas que\u2026 si permitimos a nuestros ojos la oscuridad durante varios minutos podemos llegar a ver muuuucho mejor de lo que imaginamos en plena noche?<br>Y si adem\u00e1s, a trav\u00e9s de una actitud de observaci\u00f3n, permitimos agudizar todos nuestros sentidos\u2026<br><br><br>Vive la noche<br>Disfruta del silencio<br>Descubre el poder de tus sentidos<br>Abre los ojos al firmamento<br>y, sobre todo,<br>Reg\u00e1late esta experiencia inolvidable<br><br><br>Rutas guiadas de la mano de Carlos, experto conocedor de los rincones alpujarre\u00f1os y de los senderos celestes, quien interpretar\u00e1 el cielo nocturno mediante l\u00e1ser durante la ruta.<br><br><br>\u2705 *CUARTO CRECIENTE*: S\u00e1bado 29 de abril de 2023 ?\u2002\u2002\u2002<br><br><br>\u2705 *LUNA LLENA*: S\u00e1bado 06 de mayo de 2023 ?<br><br><br>\u2705 *CUARTO CRECIENTE*: S\u00e1bado 27 de mayo de 2023 ?<br><br><br>Itinerario: circular<br>Salida: desde la Alquer\u00eda de Morayma<br>Duraci\u00f3n de la actividad: 3 horas<br>Dificultad: media-baja<br><br><br>\u00a1No olvides calzado c\u00f3modo y por si acaso algo de abrigo! ??\ufe0f?<br><br><br>Y de regreso a la Alquer\u00eda\u2026 lo merecido!!!<br>~ 3 consumiciones???<br>~ Telescopio?&#8221;Con el que podremos disfrutar de la presencia de Venus y de Marte y de muchas otras maravillas celestes<br><br><br>Si adem\u00e1s decides alojarte en nuestro hotel\u2026 ? tenemos estos descuentos especiales:<br><br><br>Actividad + 3 consumiciones: 25\u20ac\/ pax<br>Actividad + 3 consumiciones + Habitaci\u00f3n Doble + Desayuno: 66\u20ac\/pax<br>Actividad + 3 consumiciones + Habitaci\u00f3n individual + Desayuno: 85\u20ac\/pax<br><br><br>Plazas limitadas.<br><br><br>Para m\u00e1s informaci\u00f3n y reservas:<br><br><br>\u260e\ufe0f 958343303 &#8211; 958343221 &#8211; 605051841<br>? info@alqueriamorayma.com<br>?&nbsp;<a href=\"http:\/\/www.alqueriamorayma.com\/\">www.alqueriamorayma.com<\/a><br><br><br><br><br> <\/figcaption><\/figure><\/div>\n","protected":false},"excerpt":{"rendered":"","protected":false},"author":1,"featured_media":0,"parent":0,"menu_order":0,"comment_status":"closed","ping_status":"closed","template":"","meta":{"jetpack_post_was_ever_published":false,"footnotes":""},"yoast_head":"<!-- This site is optimized with the Yoast SEO plugin v23.5 - https:\/\/yoast.com\/wordpress\/plugins\/seo\/ -->\n<title>Senderismo nocturno Abril-Mayo 2023 - Alquer\u00eda de Morayma<\/title>\n<meta name=\"robots\" content=\"index, follow, max-snippet:-1, max-image-preview:large, max-video-preview:-1\" \/>\n<link rel=\"canonical\" href=\"https:\/\/www.alqueriamorayma.com\/en\/senderismo-nocturno-3\/\" \/>\n<meta property=\"og:locale\" content=\"en_US\" \/>\n<meta property=\"og:type\" content=\"article\" \/>\n<meta property=\"og:title\" content=\"Senderismo nocturno Abril-Mayo 2023 - Alquer\u00eda de Morayma\" \/>\n<meta property=\"og:url\" content=\"https:\/\/www.alqueriamorayma.com\/en\/senderismo-nocturno-3\/\" \/>\n<meta property=\"og:site_name\" content=\"Alquer\u00eda de Morayma\" \/>\n<meta property=\"article:publisher\" content=\"https:\/\/es-es.facebook.com\/alqueriamorayma\/\" \/>\n<meta property=\"article:modified_time\" content=\"2023-06-14T09:57:15+00:00\" \/>\n<meta property=\"og:image\" content=\"https:\/\/i0.wp.com\/www.alqueriamorayma.com\/wp-content\/uploads\/2023\/04\/Image-8-1.jpeg?fit=722%2C1024\" \/>\n<meta name=\"twitter:card\" content=\"summary_large_image\" \/>\n<meta name=\"twitter:site\" content=\"@alqueriamorayma\" \/>\n<meta name=\"twitter:label1\" content=\"Est. reading time\" \/>\n\t<meta name=\"twitter:data1\" content=\"1 minute\" \/>\n<script type=\"application\/ld+json\" class=\"yoast-schema-graph\">{\"@context\":\"https:\/\/schema.org\",\"@graph\":[{\"@type\":\"WebPage\",\"@id\":\"https:\/\/www.alqueriamorayma.com\/en\/senderismo-nocturno-3\/\",\"url\":\"https:\/\/www.alqueriamorayma.com\/en\/senderismo-nocturno-3\/\",\"name\":\"Senderismo nocturno Abril-Mayo 2023 - Alquer\u00eda de Morayma\",\"isPartOf\":{\"@id\":\"https:\/\/www.alqueriamorayma.com\/#website\"},\"primaryImageOfPage\":{\"@id\":\"https:\/\/www.alqueriamorayma.com\/en\/senderismo-nocturno-3\/#primaryimage\"},\"image\":{\"@id\":\"https:\/\/www.alqueriamorayma.com\/en\/senderismo-nocturno-3\/#primaryimage\"},\"thumbnailUrl\":\"https:\/\/i0.wp.com\/www.alqueriamorayma.com\/wp-content\/uploads\/2023\/04\/Image-8-1.jpeg?fit=722%2C1024\",\"datePublished\":\"2023-04-24T15:20:12+00:00\",\"dateModified\":\"2023-06-14T09:57:15+00:00\",\"breadcrumb\":{\"@id\":\"https:\/\/www.alqueriamorayma.com\/en\/senderismo-nocturno-3\/#breadcrumb\"},\"inLanguage\":\"en-US\",\"potentialAction\":[{\"@type\":\"ReadAction\",\"target\":[\"https:\/\/www.alqueriamorayma.com\/en\/senderismo-nocturno-3\/\"]}]},{\"@type\":\"ImageObject\",\"inLanguage\":\"en-US\",\"@id\":\"https:\/\/www.alqueriamorayma.com\/en\/senderismo-nocturno-3\/#primaryimage\",\"url\":\"https:\/\/i0.wp.com\/www.alqueriamorayma.com\/wp-content\/uploads\/2023\/04\/Image-8-1.jpeg?fit=722%2C1024\",\"contentUrl\":\"https:\/\/i0.wp.com\/www.alqueriamorayma.com\/wp-content\/uploads\/2023\/04\/Image-8-1.jpeg?fit=722%2C1024\"},{\"@type\":\"BreadcrumbList\",\"@id\":\"https:\/\/www.alqueriamorayma.com\/en\/senderismo-nocturno-3\/#breadcrumb\",\"itemListElement\":[{\"@type\":\"ListItem\",\"position\":1,\"name\":\"Portada\",\"item\":\"https:\/\/www.alqueriamorayma.com\/\"},{\"@type\":\"ListItem\",\"position\":2,\"name\":\"Senderismo nocturno Abril-Mayo 2023\"}]},{\"@type\":\"WebSite\",\"@id\":\"https:\/\/www.alqueriamorayma.com\/#website\",\"url\":\"https:\/\/www.alqueriamorayma.com\/\",\"name\":\"Alquer\u00eda de Morayma\",\"description\":\"Hotel Rural en la Alpujarra\",\"publisher\":{\"@id\":\"https:\/\/www.alqueriamorayma.com\/#organization\"},\"potentialAction\":[{\"@type\":\"SearchAction\",\"target\":{\"@type\":\"EntryPoint\",\"urlTemplate\":\"https:\/\/www.alqueriamorayma.com\/?s={search_term_string}\"},\"query-input\":{\"@type\":\"PropertyValueSpecification\",\"valueRequired\":true,\"valueName\":\"search_term_string\"}}],\"inLanguage\":\"en-US\"},{\"@type\":\"Organization\",\"@id\":\"https:\/\/www.alqueriamorayma.com\/#organization\",\"name\":\"Alqueria de Morayma\",\"url\":\"https:\/\/www.alqueriamorayma.com\/\",\"logo\":{\"@type\":\"ImageObject\",\"inLanguage\":\"en-US\",\"@id\":\"https:\/\/www.alqueriamorayma.com\/#\/schema\/logo\/image\/\",\"url\":\"https:\/\/i0.wp.com\/www.alqueriamorayma.com\/wp-content\/uploads\/2017\/03\/logo-alqueria.png?fit=100%2C74\",\"contentUrl\":\"https:\/\/i0.wp.com\/www.alqueriamorayma.com\/wp-content\/uploads\/2017\/03\/logo-alqueria.png?fit=100%2C74\",\"width\":100,\"height\":74,\"caption\":\"Alqueria de Morayma\"},\"image\":{\"@id\":\"https:\/\/www.alqueriamorayma.com\/#\/schema\/logo\/image\/\"},\"sameAs\":[\"https:\/\/es-es.facebook.com\/alqueriamorayma\/\",\"https:\/\/x.com\/alqueriamorayma\"]}]}<\/script>\n<!-- \/ Yoast SEO plugin. -->","yoast_head_json":{"title":"Senderismo nocturno Abril-Mayo 2023 - Alquer\u00eda de Morayma","robots":{"index":"index","follow":"follow","max-snippet":"max-snippet:-1","max-image-preview":"max-image-preview:large","max-video-preview":"max-video-preview:-1"},"canonical":"https:\/\/www.alqueriamorayma.com\/en\/senderismo-nocturno-3\/","og_locale":"en_US","og_type":"article","og_title":"Senderismo nocturno Abril-Mayo 2023 - Alquer\u00eda de Morayma","og_url":"https:\/\/www.alqueriamorayma.com\/en\/senderismo-nocturno-3\/","og_site_name":"Alquer\u00eda de Morayma","article_publisher":"https:\/\/es-es.facebook.com\/alqueriamorayma\/","article_modified_time":"2023-06-14T09:57:15+00:00","og_image":[{"url":"https:\/\/i0.wp.com\/www.alqueriamorayma.com\/wp-content\/uploads\/2023\/04\/Image-8-1.jpeg?fit=722%2C1024"}],"twitter_card":"summary_large_image","twitter_site":"@alqueriamorayma","twitter_misc":{"Est. reading time":"1 minute"},"schema":{"@context":"https:\/\/schema.org","@graph":[{"@type":"WebPage","@id":"https:\/\/www.alqueriamorayma.com\/en\/senderismo-nocturno-3\/","url":"https:\/\/www.alqueriamorayma.com\/en\/senderismo-nocturno-3\/","name":"Senderismo nocturno Abril-Mayo 2023 - Alquer\u00eda de Morayma","isPartOf":{"@id":"https:\/\/www.alqueriamorayma.com\/#website"},"primaryImageOfPage":{"@id":"https:\/\/www.alqueriamorayma.com\/en\/senderismo-nocturno-3\/#primaryimage"},"image":{"@id":"https:\/\/www.alqueriamorayma.com\/en\/senderismo-nocturno-3\/#primaryimage"},"thumbnailUrl":"https:\/\/i0.wp.com\/www.alqueriamorayma.com\/wp-content\/uploads\/2023\/04\/Image-8-1.jpeg?fit=722%2C1024","datePublished":"2023-04-24T15:20:12+00:00","dateModified":"2023-06-14T09:57:15+00:00","breadcrumb":{"@id":"https:\/\/www.alqueriamorayma.com\/en\/senderismo-nocturno-3\/#breadcrumb"},"inLanguage":"en-US","potentialAction":[{"@type":"ReadAction","target":["https:\/\/www.alqueriamorayma.com\/en\/senderismo-nocturno-3\/"]}]},{"@type":"ImageObject","inLanguage":"en-US","@id":"https:\/\/www.alqueriamorayma.com\/en\/senderismo-nocturno-3\/#primaryimage","url":"https:\/\/i0.wp.com\/www.alqueriamorayma.com\/wp-content\/uploads\/2023\/04\/Image-8-1.jpeg?fit=722%2C1024","contentUrl":"https:\/\/i0.wp.com\/www.alqueriamorayma.com\/wp-content\/uploads\/2023\/04\/Image-8-1.jpeg?fit=722%2C1024"},{"@type":"BreadcrumbList","@id":"https:\/\/www.alqueriamorayma.com\/en\/senderismo-nocturno-3\/#breadcrumb","itemListElement":[{"@type":"ListItem","position":1,"name":"Portada","item":"https:\/\/www.alqueriamorayma.com\/"},{"@type":"ListItem","position":2,"name":"Senderismo nocturno Abril-Mayo 2023"}]},{"@type":"WebSite","@id":"https:\/\/www.alqueriamorayma.com\/#website","url":"https:\/\/www.alqueriamorayma.com\/","name":"Alquer\u00eda de Morayma","description":"Hotel Rural en la Alpujarra","publisher":{"@id":"https:\/\/www.alqueriamorayma.com\/#organization"},"potentialAction":[{"@type":"SearchAction","target":{"@type":"EntryPoint","urlTemplate":"https:\/\/www.alqueriamorayma.com\/?s={search_term_string}"},"query-input":{"@type":"PropertyValueSpecification","valueRequired":true,"valueName":"search_term_string"}}],"inLanguage":"en-US"},{"@type":"Organization","@id":"https:\/\/www.alqueriamorayma.com\/#organization","name":"Alqueria de Morayma","url":"https:\/\/www.alqueriamorayma.com\/","logo":{"@type":"ImageObject","inLanguage":"en-US","@id":"https:\/\/www.alqueriamorayma.com\/#\/schema\/logo\/image\/","url":"https:\/\/i0.wp.com\/www.alqueriamorayma.com\/wp-content\/uploads\/2017\/03\/logo-alqueria.png?fit=100%2C74","contentUrl":"https:\/\/i0.wp.com\/www.alqueriamorayma.com\/wp-content\/uploads\/2017\/03\/logo-alqueria.png?fit=100%2C74","width":100,"height":74,"caption":"Alqueria de Morayma"},"image":{"@id":"https:\/\/www.alqueriamorayma.com\/#\/schema\/logo\/image\/"},"sameAs":["https:\/\/es-es.facebook.com\/alqueriamorayma\/","https:\/\/x.com\/alqueriamorayma"]}]}},"jetpack_sharing_enabled":true,"jetpack_shortlink":"https:\/\/wp.me\/P8sFGa-kj","jetpack-related-posts":[],"_links":{"self":[{"href":"https:\/\/www.alqueriamorayma.com\/en\/wp-json\/wp\/v2\/pages\/1259"}],"collection":[{"href":"https:\/\/www.alqueriamorayma.com\/en\/wp-json\/wp\/v2\/pages"}],"about":[{"href":"https:\/\/www.alqueriamorayma.com\/en\/wp-json\/wp\/v2\/types\/page"}],"author":[{"embeddable":true,"href":"https:\/\/www.alqueriamorayma.com\/en\/wp-json\/wp\/v2\/users\/1"}],"replies":[{"embeddable":true,"href":"https:\/\/www.alqueriamorayma.com\/en\/wp-json\/wp\/v2\/comments?post=1259"}],"version-history":[{"count":3,"href":"https:\/\/www.alqueriamorayma.com\/en\/wp-json\/wp\/v2\/pages\/1259\/revisions"}],"predecessor-version":[{"id":1270,"href":"https:\/\/www.alqueriamorayma.com\/en\/wp-json\/wp\/v2\/pages\/1259\/revisions\/1270"}],"wp:attachment":[{"href":"https:\/\/www.alqueriamorayma.com\/en\/wp-json\/wp\/v2\/media?parent=1259"}],"curies":[{"name":"wp","href":"https:\/\/api.w.org\/{rel}","templated":true}]}}