{"id":115,"date":"2017-01-17T13:02:23","date_gmt":"2017-01-17T13:02:23","guid":{"rendered":"http:\/\/www.alqueriamorayma.com\/?page_id=115"},"modified":"2024-04-11T19:28:55","modified_gmt":"2024-04-11T19:28:55","slug":"quien-fue-morayma","status":"publish","type":"page","link":"https:\/\/www.alqueriamorayma.com\/en\/quien-fue-morayma\/","title":{"rendered":"Who was Morayma"},"content":{"rendered":"<h3><em>ALQUER\u00cdA MORAYMA:<\/em><\/h3>\n<p><img loading=\"lazy\" decoding=\"async\" data-attachment-id=\"423\" data-permalink=\"https:\/\/www.alqueriamorayma.com\/en\/quien-fue-morayma\/quien01\/\" data-orig-file=\"https:\/\/www.alqueriamorayma.com\/wp-content\/uploads\/2017\/01\/quien01.jpg\" data-orig-size=\"465,532\" data-comments-opened=\"1\" data-image-meta=\"{&quot;aperture&quot;:&quot;0&quot;,&quot;credit&quot;:&quot;&quot;,&quot;camera&quot;:&quot;&quot;,&quot;caption&quot;:&quot;&quot;,&quot;created_timestamp&quot;:&quot;0&quot;,&quot;copyright&quot;:&quot;&quot;,&quot;focal_length&quot;:&quot;0&quot;,&quot;iso&quot;:&quot;0&quot;,&quot;shutter_speed&quot;:&quot;0&quot;,&quot;title&quot;:&quot;&quot;,&quot;orientation&quot;:&quot;0&quot;}\" data-image-title=\"quien01\" data-image-description=\"\" data-image-caption=\"\" data-medium-file=\"https:\/\/www.alqueriamorayma.com\/wp-content\/uploads\/2017\/01\/quien01-262x300.jpg\" data-large-file=\"https:\/\/www.alqueriamorayma.com\/wp-content\/uploads\/2017\/01\/quien01.jpg\" tabindex=\"0\" role=\"button\" class=\"size-medium wp-image-423 alignright\" src=\"http:\/\/www.alqueriamorayma.com\/wp-content\/uploads\/2017\/01\/quien01-262x300.jpg\" alt=\"\" width=\"262\" height=\"300\" srcset=\"https:\/\/www.alqueriamorayma.com\/wp-content\/uploads\/2017\/01\/quien01-262x300.jpg 262w, https:\/\/www.alqueriamorayma.com\/wp-content\/uploads\/2017\/01\/quien01.jpg 465w\" sizes=\"(max-width: 262px) 100vw, 262px\" \/><\/p>\n<p>Ali Atar, spice merchant and famous general, through his great exploits, gained the highest honors of the Nazari kingdom. Mayor of Loja, Lord of Xagra, first (Primer) Steward of the Alhambra and Governor of the Kingdom of Granada. His highest aspirations came true when his daughter, Morayma, at the age of 15, married Boabdil, heir to the Alhamar throne.<\/p>\n<p>Although exceedingly rich, he lived a frugal life, dedicating his income to the defense of the kingdom. \u201cAs an example of the patriotism and sacrifices made by this rich mayor\u201d says historian Lafuente Alc\u00e1ntara, \u201csuffice it to say that both the jewellery and the dress worn by his daughter Morayma at her wedding were borrowed\u201d.<\/p>\n<p>A chronicler who attended the wedding banquet explains that the bride wore a black cloth petticoat and\u00a0shawl and a white headdress which almost covered her face. \u201cIt\u2019s a pity\u201d, he says \u201cfor her features are beautiful and seductive\u201d. A muslim poet declares that Morayma had large and expressive eyes on an altogether admirable face and, he conjectures, \u201cthrough the thick clothes you could guess at shoulders, arms, hips and waist of classically opulent proportions\u201d.<\/p>\n<p><img loading=\"lazy\" decoding=\"async\" data-attachment-id=\"424\" data-permalink=\"https:\/\/www.alqueriamorayma.com\/en\/quien-fue-morayma\/quien04\/\" data-orig-file=\"https:\/\/www.alqueriamorayma.com\/wp-content\/uploads\/2017\/01\/quien04.jpg\" data-orig-size=\"640,480\" data-comments-opened=\"1\" data-image-meta=\"{&quot;aperture&quot;:&quot;0&quot;,&quot;credit&quot;:&quot;&quot;,&quot;camera&quot;:&quot;&quot;,&quot;caption&quot;:&quot;&quot;,&quot;created_timestamp&quot;:&quot;0&quot;,&quot;copyright&quot;:&quot;&quot;,&quot;focal_length&quot;:&quot;0&quot;,&quot;iso&quot;:&quot;0&quot;,&quot;shutter_speed&quot;:&quot;0&quot;,&quot;title&quot;:&quot;&quot;,&quot;orientation&quot;:&quot;0&quot;}\" data-image-title=\"quien04\" data-image-description=\"\" data-image-caption=\"\" data-medium-file=\"https:\/\/www.alqueriamorayma.com\/wp-content\/uploads\/2017\/01\/quien04-300x225.jpg\" data-large-file=\"https:\/\/www.alqueriamorayma.com\/wp-content\/uploads\/2017\/01\/quien04.jpg\" tabindex=\"0\" role=\"button\" class=\"size-medium wp-image-424 alignleft\" src=\"http:\/\/www.alqueriamorayma.com\/wp-content\/uploads\/2017\/01\/quien04-300x225.jpg\" alt=\"\" width=\"300\" height=\"225\" srcset=\"https:\/\/www.alqueriamorayma.com\/wp-content\/uploads\/2017\/01\/quien04-300x225.jpg 300w, https:\/\/www.alqueriamorayma.com\/wp-content\/uploads\/2017\/01\/quien04.jpg 640w\" sizes=\"(max-width: 300px) 100vw, 300px\" \/><\/p>\n<p>Historians later referred to her as \u201ctender Morayma\u201d and as the \u201d suffering wife of Boabdil\u201d. Fidel Fern\u00e1ndez says that \u201cfew women have been as unfortunate as she\u201d. A few days after the wedding, muley Hacen jails his son Boabdil and \u201cbrutally separates his young wife from him\u201d confining her to a Carmen (large house with a garden) near the Cuesta del Chapiz.<\/p>\n<p>After the battle of Lucena, where Ali Atar died and Boabdil was captured, Morayma and her son Ahmed, then just one year old, retire once again to the Carmen, where she suffers \u201cthe long months of her husband\u2019s captivity in Porcuna\u201d. Finally, the Castilians free Boabdil who has agreed, among other conditions, to hand over his son as ransom. Ahmed, who had just turned two, won\u2019t be returned to his mother until Granada is surrendered. By then he is nine years old, doesn\u2019t speak arabic, follows the Christian religion and is known as \u201cEl Infantico\u201d (The young Prince), a nickname given to him by Queen Elizabeth.<\/p>\n<p><img loading=\"lazy\" decoding=\"async\" data-attachment-id=\"425\" data-permalink=\"https:\/\/www.alqueriamorayma.com\/en\/quien-fue-morayma\/quien03\/\" data-orig-file=\"https:\/\/www.alqueriamorayma.com\/wp-content\/uploads\/2017\/01\/quien03.jpg\" data-orig-size=\"420,600\" data-comments-opened=\"1\" data-image-meta=\"{&quot;aperture&quot;:&quot;0&quot;,&quot;credit&quot;:&quot;&quot;,&quot;camera&quot;:&quot;&quot;,&quot;caption&quot;:&quot;&quot;,&quot;created_timestamp&quot;:&quot;0&quot;,&quot;copyright&quot;:&quot;&quot;,&quot;focal_length&quot;:&quot;0&quot;,&quot;iso&quot;:&quot;0&quot;,&quot;shutter_speed&quot;:&quot;0&quot;,&quot;title&quot;:&quot;&quot;,&quot;orientation&quot;:&quot;0&quot;}\" data-image-title=\"quien03\" data-image-description=\"\" data-image-caption=\"\" data-medium-file=\"https:\/\/www.alqueriamorayma.com\/wp-content\/uploads\/2017\/01\/quien03-210x300.jpg\" data-large-file=\"https:\/\/www.alqueriamorayma.com\/wp-content\/uploads\/2017\/01\/quien03.jpg\" tabindex=\"0\" role=\"button\" class=\"size-medium wp-image-425 alignright\" src=\"http:\/\/www.alqueriamorayma.com\/wp-content\/uploads\/2017\/01\/quien03-210x300.jpg\" alt=\"\" width=\"210\" height=\"300\" srcset=\"https:\/\/www.alqueriamorayma.com\/wp-content\/uploads\/2017\/01\/quien03-210x300.jpg 210w, https:\/\/www.alqueriamorayma.com\/wp-content\/uploads\/2017\/01\/quien03.jpg 420w\" sizes=\"(max-width: 210px) 100vw, 210px\" \/><\/p>\n<p>Morayma will return twice alone to the Carmen in the Albayzin and again once more with her husband while they await their exile in Andarax Manor, in the Alpujarra mountains, assigned to them by the Christians.<\/p>\n<p>\u201cNow that you have no kingdom, take refuge in your wife\u2019s bosom\u201d, said Aixa F\u00e1tima to her son, but Morayma, \u201cdethoned without ever having tasted the pleasures of the throne\u201d, says one historian, could only offer boabdil her unrelenting\u00a0 devotion, remembering the Carmen where she had been so unhappy.<\/p>\n<p>From this place, el Mirador de la Esperanza (Lookout of Hope), Morayma used to spend long hours contemplating the palace of the Alhambra, where she was once queen if only for a very short time.<\/p>\n<p>They moved to Andarax and there they remained until the Castilians, recating once again on their agreements, decided to expel them from Spain. This happened \u201cafter the heat of the summer of 1493 subsided\u201d. Thus, in October, boabdil, his mother F\u00e1tima, his sister, his son Ahmed and Yusef together with a small retinue, left from the harbour at Adra towards Africa. Morayma \u201cthe only woman Boabdil was Known to have loved\u201d, says one chronicler, \u201cthe only being who could have made the suffering of his exile bearable\u201d, died a few days before leaving the Alpujarras.<\/p>\n<p>And she was buried in the Mosque of\u00a0 Mond\u00fajar, the cemetery where the remains of the Sultans Mohammad II, Yusef I, Yusef III, and Abu Saad had been moved from the Alhambra, at it is recorded on page 28 of the Apeo Book (1577), the official register of the place. The body of Morayma was taken to Mond\u00fajar so that she could rest in peace with the Nazari\u00a0 Kings. Boabdil ordered the relocation of certains properties to the Alphaqui of Mond\u00fajar so that he could pray twice a week on Morayma`s tomb. He also gave the Ulemas an important payment, so that they would pray every day for his wife in the Mosque (according to the Lawsuit between the church of the town and Giomar de Acu\u00f1a, heir of Mr. Pedro de Zafra, Major of Mond\u00fajar in the year of 1500. The manuscript is kept in the general archives of the Archbishop of Granada.)<\/p>\n<p><img loading=\"lazy\" decoding=\"async\" data-attachment-id=\"426\" data-permalink=\"https:\/\/www.alqueriamorayma.com\/en\/quien-fue-morayma\/quien02\/\" data-orig-file=\"https:\/\/www.alqueriamorayma.com\/wp-content\/uploads\/2017\/01\/quien02.jpg\" data-orig-size=\"600,426\" data-comments-opened=\"1\" data-image-meta=\"{&quot;aperture&quot;:&quot;0&quot;,&quot;credit&quot;:&quot;&quot;,&quot;camera&quot;:&quot;&quot;,&quot;caption&quot;:&quot;&quot;,&quot;created_timestamp&quot;:&quot;0&quot;,&quot;copyright&quot;:&quot;&quot;,&quot;focal_length&quot;:&quot;0&quot;,&quot;iso&quot;:&quot;0&quot;,&quot;shutter_speed&quot;:&quot;0&quot;,&quot;title&quot;:&quot;&quot;,&quot;orientation&quot;:&quot;0&quot;}\" data-image-title=\"quien02\" data-image-description=\"\" data-image-caption=\"\" data-medium-file=\"https:\/\/www.alqueriamorayma.com\/wp-content\/uploads\/2017\/01\/quien02-300x213.jpg\" data-large-file=\"https:\/\/www.alqueriamorayma.com\/wp-content\/uploads\/2017\/01\/quien02.jpg\" tabindex=\"0\" role=\"button\" class=\"size-medium wp-image-426 alignleft\" src=\"http:\/\/www.alqueriamorayma.com\/wp-content\/uploads\/2017\/01\/quien02-300x213.jpg\" alt=\"\" width=\"300\" height=\"213\" srcset=\"https:\/\/www.alqueriamorayma.com\/wp-content\/uploads\/2017\/01\/quien02-300x213.jpg 300w, https:\/\/www.alqueriamorayma.com\/wp-content\/uploads\/2017\/01\/quien02.jpg 600w\" sizes=\"(max-width: 300px) 100vw, 300px\" \/><\/p>\n<p>\u201cSoon after Boabdil had embarked for his exile in Morocco\u201d, says Fidel Fern\u00e1ndez, \u201cthe Christians confiscated all the allowances allocated for Morayma`s Prayers. These funds were used for the construction of a church based an the grounds of the mosque, which they didn\u2019t have objection in demolishing.\u201d The last sorrow in the memory of Morayma whose corpse traveled in the utmost secretly, through the subordinated valleys, from the Prison in the Alpujarra (the old Cobdaa), through Alquer\u00eda, to Mond\u00fajar.<\/p>\n<p>Francisco Izquierdo, Poeta Granadino","protected":false},"excerpt":{"rendered":"<p>ALQUER\u00cdA MORAYMA: Ali Atar, spice merchant and famous general, through his great exploits, gained the highest honors of the Nazari kingdom. Mayor of Loja, Lord of Xagra, first (Primer) Steward of the Alhambra and Governor of the Kingdom of Granada.<\/p>\n","protected":false},"author":1,"featured_media":0,"parent":0,"menu_order":0,"comment_status":"closed","ping_status":"closed","template":"","meta":{"jetpack_post_was_ever_published":false,"footnotes":""},"yoast_head":"<!-- This site is optimized with the Yoast SEO plugin v23.5 - https:\/\/yoast.com\/wordpress\/plugins\/seo\/ -->\n<title>(Espa\u00f1ol) \u00bfQui\u00e9n fue Morayma? - Alquer\u00eda de Morayma<\/title>\n<meta name=\"description\" content=\"(Espa\u00f1ol) Morayma fue la esposa de Boabdil, \u00faltimo rey \u00e1rabe del Reino de Granada. Es una figura hist\u00f3rica que encarna la tragedia en tiempos de la Reconquista.\" \/>\n<meta name=\"robots\" content=\"index, follow, max-snippet:-1, max-image-preview:large, max-video-preview:-1\" \/>\n<link rel=\"canonical\" href=\"https:\/\/www.alqueriamorayma.com\/quien-fue-morayma\/\" \/>\n<meta property=\"og:locale\" content=\"en_US\" \/>\n<meta property=\"og:type\" content=\"article\" \/>\n<meta property=\"og:title\" content=\"[:es]\u00bfQui\u00e9n fue Morayma? - Alquer\u00eda de Morayma[:]\" \/>\n<meta property=\"og:description\" content=\"{:es}Morayma fue la esposa de Boabdil, \u00faltimo rey \u00e1rabe del Reino de Granada. Es una figura hist\u00f3rica que encarna la tragedia en tiempos de la Reconquista. {:}\" \/>\n<meta property=\"og:url\" content=\"https:\/\/www.alqueriamorayma.com\/quien-fue-morayma\/\" \/>\n<meta property=\"og:site_name\" content=\"Alquer\u00eda de Morayma\" \/>\n<meta property=\"article:publisher\" content=\"https:\/\/es-es.facebook.com\/alqueriamorayma\/\" \/>\n<meta property=\"article:modified_time\" content=\"2024-04-11T19:28:55+00:00\" \/>\n<meta property=\"og:image\" content=\"http:\/\/www.alqueriamorayma.com\/wp-content\/uploads\/2017\/01\/quien01-262x300.jpg\" \/>\n<meta name=\"twitter:card\" content=\"summary_large_image\" \/>\n<meta name=\"twitter:site\" content=\"@alqueriamorayma\" \/>\n<meta name=\"twitter:label1\" content=\"Est. reading time\" \/>\n\t<meta name=\"twitter:data1\" content=\"5 minutes\" \/>\n<script type=\"application\/ld+json\" class=\"yoast-schema-graph\">{\"@context\":\"https:\/\/schema.org\",\"@graph\":[{\"@type\":\"WebPage\",\"@id\":\"https:\/\/www.alqueriamorayma.com\/quien-fue-morayma\/\",\"url\":\"https:\/\/www.alqueriamorayma.com\/quien-fue-morayma\/\",\"name\":\"[:es]\u00bfQui\u00e9n fue Morayma? - Alquer\u00eda de Morayma[:]\",\"isPartOf\":{\"@id\":\"https:\/\/www.alqueriamorayma.com\/#website\"},\"primaryImageOfPage\":{\"@id\":\"https:\/\/www.alqueriamorayma.com\/quien-fue-morayma\/#primaryimage\"},\"image\":{\"@id\":\"https:\/\/www.alqueriamorayma.com\/quien-fue-morayma\/#primaryimage\"},\"thumbnailUrl\":\"http:\/\/www.alqueriamorayma.com\/wp-content\/uploads\/2017\/01\/quien01-262x300.jpg\",\"datePublished\":\"2017-01-17T13:02:23+00:00\",\"dateModified\":\"2024-04-11T19:28:55+00:00\",\"description\":\"{:es}Morayma fue la esposa de Boabdil, \u00faltimo rey \u00e1rabe del Reino de Granada. Es una figura hist\u00f3rica que encarna la tragedia en tiempos de la Reconquista. {:}\",\"breadcrumb\":{\"@id\":\"https:\/\/www.alqueriamorayma.com\/quien-fue-morayma\/#breadcrumb\"},\"inLanguage\":\"en-US\",\"potentialAction\":[{\"@type\":\"ReadAction\",\"target\":[\"https:\/\/www.alqueriamorayma.com\/quien-fue-morayma\/\"]}]},{\"@type\":\"ImageObject\",\"inLanguage\":\"en-US\",\"@id\":\"https:\/\/www.alqueriamorayma.com\/quien-fue-morayma\/#primaryimage\",\"url\":\"http:\/\/www.alqueriamorayma.com\/wp-content\/uploads\/2017\/01\/quien01-262x300.jpg\",\"contentUrl\":\"http:\/\/www.alqueriamorayma.com\/wp-content\/uploads\/2017\/01\/quien01-262x300.jpg\"},{\"@type\":\"BreadcrumbList\",\"@id\":\"https:\/\/www.alqueriamorayma.com\/quien-fue-morayma\/#breadcrumb\",\"itemListElement\":[{\"@type\":\"ListItem\",\"position\":1,\"name\":\"Portada\",\"item\":\"https:\/\/www.alqueriamorayma.com\/\"},{\"@type\":\"ListItem\",\"position\":2,\"name\":\"\u00bfQui\u00e9n fu\u00e9 Morayma?\"}]},{\"@type\":\"WebSite\",\"@id\":\"https:\/\/www.alqueriamorayma.com\/#website\",\"url\":\"https:\/\/www.alqueriamorayma.com\/\",\"name\":\"Alquer\u00eda de Morayma\",\"description\":\"Hotel Rural en la Alpujarra\",\"publisher\":{\"@id\":\"https:\/\/www.alqueriamorayma.com\/#organization\"},\"potentialAction\":[{\"@type\":\"SearchAction\",\"target\":{\"@type\":\"EntryPoint\",\"urlTemplate\":\"https:\/\/www.alqueriamorayma.com\/?s={search_term_string}\"},\"query-input\":{\"@type\":\"PropertyValueSpecification\",\"valueRequired\":true,\"valueName\":\"search_term_string\"}}],\"inLanguage\":\"en-US\"},{\"@type\":\"Organization\",\"@id\":\"https:\/\/www.alqueriamorayma.com\/#organization\",\"name\":\"Alqueria de Morayma\",\"url\":\"https:\/\/www.alqueriamorayma.com\/\",\"logo\":{\"@type\":\"ImageObject\",\"inLanguage\":\"en-US\",\"@id\":\"https:\/\/www.alqueriamorayma.com\/#\/schema\/logo\/image\/\",\"url\":\"https:\/\/i0.wp.com\/www.alqueriamorayma.com\/wp-content\/uploads\/2017\/03\/logo-alqueria.png?fit=100%2C74\",\"contentUrl\":\"https:\/\/i0.wp.com\/www.alqueriamorayma.com\/wp-content\/uploads\/2017\/03\/logo-alqueria.png?fit=100%2C74\",\"width\":100,\"height\":74,\"caption\":\"Alqueria de Morayma\"},\"image\":{\"@id\":\"https:\/\/www.alqueriamorayma.com\/#\/schema\/logo\/image\/\"},\"sameAs\":[\"https:\/\/es-es.facebook.com\/alqueriamorayma\/\",\"https:\/\/x.com\/alqueriamorayma\"]}]}<\/script>\n<!-- \/ Yoast SEO plugin. -->","yoast_head_json":{"title":"(Espa\u00f1ol) \u00bfQui\u00e9n fue Morayma? - Alquer\u00eda de Morayma","description":"(Espa\u00f1ol) Morayma fue la esposa de Boabdil, \u00faltimo rey \u00e1rabe del Reino de Granada. Es una figura hist\u00f3rica que encarna la tragedia en tiempos de la Reconquista.","robots":{"index":"index","follow":"follow","max-snippet":"max-snippet:-1","max-image-preview":"max-image-preview:large","max-video-preview":"max-video-preview:-1"},"canonical":"https:\/\/www.alqueriamorayma.com\/quien-fue-morayma\/","og_locale":"en_US","og_type":"article","og_title":"[:es]\u00bfQui\u00e9n fue Morayma? - Alquer\u00eda de Morayma[:]","og_description":"{:es}Morayma fue la esposa de Boabdil, \u00faltimo rey \u00e1rabe del Reino de Granada. Es una figura hist\u00f3rica que encarna la tragedia en tiempos de la Reconquista. {:}","og_url":"https:\/\/www.alqueriamorayma.com\/quien-fue-morayma\/","og_site_name":"Alquer\u00eda de Morayma","article_publisher":"https:\/\/es-es.facebook.com\/alqueriamorayma\/","article_modified_time":"2024-04-11T19:28:55+00:00","og_image":[{"url":"http:\/\/www.alqueriamorayma.com\/wp-content\/uploads\/2017\/01\/quien01-262x300.jpg"}],"twitter_card":"summary_large_image","twitter_site":"@alqueriamorayma","twitter_misc":{"Est. reading time":"5 minutes"},"schema":{"@context":"https:\/\/schema.org","@graph":[{"@type":"WebPage","@id":"https:\/\/www.alqueriamorayma.com\/quien-fue-morayma\/","url":"https:\/\/www.alqueriamorayma.com\/quien-fue-morayma\/","name":"[:es]\u00bfQui\u00e9n fue Morayma? - Alquer\u00eda de Morayma[:]","isPartOf":{"@id":"https:\/\/www.alqueriamorayma.com\/#website"},"primaryImageOfPage":{"@id":"https:\/\/www.alqueriamorayma.com\/quien-fue-morayma\/#primaryimage"},"image":{"@id":"https:\/\/www.alqueriamorayma.com\/quien-fue-morayma\/#primaryimage"},"thumbnailUrl":"http:\/\/www.alqueriamorayma.com\/wp-content\/uploads\/2017\/01\/quien01-262x300.jpg","datePublished":"2017-01-17T13:02:23+00:00","dateModified":"2024-04-11T19:28:55+00:00","description":"{:es}Morayma fue la esposa de Boabdil, \u00faltimo rey \u00e1rabe del Reino de Granada. Es una figura hist\u00f3rica que encarna la tragedia en tiempos de la Reconquista. {:}","breadcrumb":{"@id":"https:\/\/www.alqueriamorayma.com\/quien-fue-morayma\/#breadcrumb"},"inLanguage":"en-US","potentialAction":[{"@type":"ReadAction","target":["https:\/\/www.alqueriamorayma.com\/quien-fue-morayma\/"]}]},{"@type":"ImageObject","inLanguage":"en-US","@id":"https:\/\/www.alqueriamorayma.com\/quien-fue-morayma\/#primaryimage","url":"http:\/\/www.alqueriamorayma.com\/wp-content\/uploads\/2017\/01\/quien01-262x300.jpg","contentUrl":"http:\/\/www.alqueriamorayma.com\/wp-content\/uploads\/2017\/01\/quien01-262x300.jpg"},{"@type":"BreadcrumbList","@id":"https:\/\/www.alqueriamorayma.com\/quien-fue-morayma\/#breadcrumb","itemListElement":[{"@type":"ListItem","position":1,"name":"Portada","item":"https:\/\/www.alqueriamorayma.com\/"},{"@type":"ListItem","position":2,"name":"\u00bfQui\u00e9n fu\u00e9 Morayma?"}]},{"@type":"WebSite","@id":"https:\/\/www.alqueriamorayma.com\/#website","url":"https:\/\/www.alqueriamorayma.com\/","name":"Alquer\u00eda de Morayma","description":"Hotel Rural en la Alpujarra","publisher":{"@id":"https:\/\/www.alqueriamorayma.com\/#organization"},"potentialAction":[{"@type":"SearchAction","target":{"@type":"EntryPoint","urlTemplate":"https:\/\/www.alqueriamorayma.com\/?s={search_term_string}"},"query-input":{"@type":"PropertyValueSpecification","valueRequired":true,"valueName":"search_term_string"}}],"inLanguage":"en-US"},{"@type":"Organization","@id":"https:\/\/www.alqueriamorayma.com\/#organization","name":"Alqueria de Morayma","url":"https:\/\/www.alqueriamorayma.com\/","logo":{"@type":"ImageObject","inLanguage":"en-US","@id":"https:\/\/www.alqueriamorayma.com\/#\/schema\/logo\/image\/","url":"https:\/\/i0.wp.com\/www.alqueriamorayma.com\/wp-content\/uploads\/2017\/03\/logo-alqueria.png?fit=100%2C74","contentUrl":"https:\/\/i0.wp.com\/www.alqueriamorayma.com\/wp-content\/uploads\/2017\/03\/logo-alqueria.png?fit=100%2C74","width":100,"height":74,"caption":"Alqueria de Morayma"},"image":{"@id":"https:\/\/www.alqueriamorayma.com\/#\/schema\/logo\/image\/"},"sameAs":["https:\/\/es-es.facebook.com\/alqueriamorayma\/","https:\/\/x.com\/alqueriamorayma"]}]}},"jetpack_sharing_enabled":true,"jetpack_shortlink":"https:\/\/wp.me\/P8sFGa-1R","jetpack-related-posts":[],"_links":{"self":[{"href":"https:\/\/www.alqueriamorayma.com\/en\/wp-json\/wp\/v2\/pages\/115"}],"collection":[{"href":"https:\/\/www.alqueriamorayma.com\/en\/wp-json\/wp\/v2\/pages"}],"about":[{"href":"https:\/\/www.alqueriamorayma.com\/en\/wp-json\/wp\/v2\/types\/page"}],"author":[{"embeddable":true,"href":"https:\/\/www.alqueriamorayma.com\/en\/wp-json\/wp\/v2\/users\/1"}],"replies":[{"embeddable":true,"href":"https:\/\/www.alqueriamorayma.com\/en\/wp-json\/wp\/v2\/comments?post=115"}],"version-history":[{"count":6,"href":"https:\/\/www.alqueriamorayma.com\/en\/wp-json\/wp\/v2\/pages\/115\/revisions"}],"predecessor-version":[{"id":1669,"href":"https:\/\/www.alqueriamorayma.com\/en\/wp-json\/wp\/v2\/pages\/115\/revisions\/1669"}],"wp:attachment":[{"href":"https:\/\/www.alqueriamorayma.com\/en\/wp-json\/wp\/v2\/media?parent=115"}],"curies":[{"name":"wp","href":"https:\/\/api.w.org\/{rel}","templated":true}]}}