{"id":1096,"date":"2020-08-21T08:54:31","date_gmt":"2020-08-21T08:54:31","guid":{"rendered":"http:\/\/www.alqueriamorayma.com\/?page_id=1096"},"modified":"2020-08-24T08:21:06","modified_gmt":"2020-08-24T08:21:06","slug":"concierto","status":"publish","type":"page","link":"https:\/\/www.alqueriamorayma.com\/en\/concierto\/","title":{"rendered":"Concierto 29\/08\/20"},"content":{"rendered":"\n<p style=\"text-align:center\"><strong> \u00a1Las Tres Pesetas en Concierto! <\/strong>??<\/p>\n\n\n\n<div class=\"wp-block-image\"><figure class=\"aligncenter is-resized\"><img loading=\"lazy\" decoding=\"async\" data-attachment-id=\"1107\" data-permalink=\"https:\/\/www.alqueriamorayma.com\/en\/concierto\/concierto-29-8-20-2\/\" data-orig-file=\"https:\/\/www.alqueriamorayma.com\/wp-content\/uploads\/2020\/08\/Concierto-29-8-20-1.jpeg\" data-orig-size=\"1080,1080\" data-comments-opened=\"1\" data-image-meta=\"{&quot;aperture&quot;:&quot;0&quot;,&quot;credit&quot;:&quot;&quot;,&quot;camera&quot;:&quot;&quot;,&quot;caption&quot;:&quot;&quot;,&quot;created_timestamp&quot;:&quot;0&quot;,&quot;copyright&quot;:&quot;&quot;,&quot;focal_length&quot;:&quot;0&quot;,&quot;iso&quot;:&quot;0&quot;,&quot;shutter_speed&quot;:&quot;0&quot;,&quot;title&quot;:&quot;&quot;,&quot;orientation&quot;:&quot;0&quot;}\" data-image-title=\"Concierto 29-8-20\" data-image-description=\"\" data-image-caption=\"\" data-medium-file=\"https:\/\/www.alqueriamorayma.com\/wp-content\/uploads\/2020\/08\/Concierto-29-8-20-1-300x300.jpeg\" data-large-file=\"https:\/\/www.alqueriamorayma.com\/wp-content\/uploads\/2020\/08\/Concierto-29-8-20-1-1024x1024.jpeg\" tabindex=\"0\" role=\"button\" src=\"https:\/\/i0.wp.com\/www.alqueriamorayma.com\/wp-content\/uploads\/2020\/08\/Concierto-29-8-20-1.jpeg?fit=750%2C750\" alt=\"\" class=\"wp-image-1107\" width=\"375\" height=\"375\" srcset=\"https:\/\/www.alqueriamorayma.com\/wp-content\/uploads\/2020\/08\/Concierto-29-8-20-1.jpeg 1080w, https:\/\/www.alqueriamorayma.com\/wp-content\/uploads\/2020\/08\/Concierto-29-8-20-1-150x150.jpeg 150w, https:\/\/www.alqueriamorayma.com\/wp-content\/uploads\/2020\/08\/Concierto-29-8-20-1-300x300.jpeg 300w, https:\/\/www.alqueriamorayma.com\/wp-content\/uploads\/2020\/08\/Concierto-29-8-20-1-768x768.jpeg 768w, https:\/\/www.alqueriamorayma.com\/wp-content\/uploads\/2020\/08\/Concierto-29-8-20-1-1024x1024.jpeg 1024w, https:\/\/www.alqueriamorayma.com\/wp-content\/uploads\/2020\/08\/Concierto-29-8-20-1-270x270.jpeg 270w, https:\/\/www.alqueriamorayma.com\/wp-content\/uploads\/2020\/08\/Concierto-29-8-20-1-230x230.jpeg 230w\" sizes=\"(max-width: 375px) 100vw, 375px\" \/><figcaption><br><br>Partiendo de temas originales y arreglos de un amplio repertorio de Jazz, esta noche nos llevar\u00e1n de viaje por estilos brasile\u00f1os, cubanos o peruanos, tray\u00e9ndonos incluso tintes flamencos de nuestra tierra.<br><br><br> Jes\u00fas Santiago: percusi\u00f3n<br> Miguel de Gemma: saxof\u00f3n<br> Cuni Mantilla: contrabajo<br><br><br> Si no quieres perderte esta oportunidad \u00fanica, en directo en la Alpujarra, \u00a1Reserva tu plaza!<br><br> El evento se realizar\u00e1 en la terraza con todas las medidas de seguridad. <br> Entrada libre.<br> Plazas limitadas hasta completar aforo.<br><br><br> Aportaci\u00f3n consciente para los m\u00fasicos.<br> \u00a1Valoremos el arte como merece!<br><br><br> \u260e 605 051 841 \/ 958 343 303 \/ 958 343 221<br> ? alqueria@alqueriamorayma.com<br> ? www.alqueriamorayma.com<\/figcaption><\/figure><\/div>\n","protected":false},"excerpt":{"rendered":"<p>\u00a1Las Tres Pesetas en Concierto! ??<\/p>\n","protected":false},"author":1,"featured_media":0,"parent":0,"menu_order":0,"comment_status":"closed","ping_status":"closed","template":"","meta":{"jetpack_post_was_ever_published":false,"footnotes":""},"yoast_head":"<!-- This site is optimized with the Yoast SEO plugin v23.5 - https:\/\/yoast.com\/wordpress\/plugins\/seo\/ -->\n<title>Concierto 29\/08\/20 - Alquer\u00eda de Morayma<\/title>\n<meta name=\"robots\" content=\"index, follow, max-snippet:-1, max-image-preview:large, max-video-preview:-1\" \/>\n<link rel=\"canonical\" href=\"https:\/\/www.alqueriamorayma.com\/en\/concierto\/\" \/>\n<meta property=\"og:locale\" content=\"en_US\" \/>\n<meta property=\"og:type\" content=\"article\" \/>\n<meta property=\"og:title\" content=\"Concierto 29\/08\/20 - Alquer\u00eda de Morayma\" \/>\n<meta property=\"og:description\" content=\"\u00a1Las Tres Pesetas en Concierto! ??\" \/>\n<meta property=\"og:url\" content=\"https:\/\/www.alqueriamorayma.com\/en\/concierto\/\" \/>\n<meta property=\"og:site_name\" content=\"Alquer\u00eda de Morayma\" \/>\n<meta property=\"article:publisher\" content=\"https:\/\/es-es.facebook.com\/alqueriamorayma\/\" \/>\n<meta property=\"article:modified_time\" content=\"2020-08-24T08:21:06+00:00\" \/>\n<meta property=\"og:image\" content=\"https:\/\/i0.wp.com\/www.alqueriamorayma.com\/wp-content\/uploads\/2020\/08\/Concierto-29-8-20-1.jpeg?fit=750%2C750\" \/>\n<meta name=\"twitter:card\" content=\"summary_large_image\" \/>\n<meta name=\"twitter:site\" content=\"@alqueriamorayma\" \/>\n<meta name=\"twitter:label1\" content=\"Est. reading time\" \/>\n\t<meta name=\"twitter:data1\" content=\"1 minute\" \/>\n<script type=\"application\/ld+json\" class=\"yoast-schema-graph\">{\"@context\":\"https:\/\/schema.org\",\"@graph\":[{\"@type\":\"WebPage\",\"@id\":\"https:\/\/www.alqueriamorayma.com\/en\/concierto\/\",\"url\":\"https:\/\/www.alqueriamorayma.com\/en\/concierto\/\",\"name\":\"Concierto 29\/08\/20 - Alquer\u00eda de Morayma\",\"isPartOf\":{\"@id\":\"https:\/\/www.alqueriamorayma.com\/#website\"},\"primaryImageOfPage\":{\"@id\":\"https:\/\/www.alqueriamorayma.com\/en\/concierto\/#primaryimage\"},\"image\":{\"@id\":\"https:\/\/www.alqueriamorayma.com\/en\/concierto\/#primaryimage\"},\"thumbnailUrl\":\"https:\/\/i0.wp.com\/www.alqueriamorayma.com\/wp-content\/uploads\/2020\/08\/Concierto-29-8-20-1.jpeg?fit=750%2C750\",\"datePublished\":\"2020-08-21T08:54:31+00:00\",\"dateModified\":\"2020-08-24T08:21:06+00:00\",\"breadcrumb\":{\"@id\":\"https:\/\/www.alqueriamorayma.com\/en\/concierto\/#breadcrumb\"},\"inLanguage\":\"en-US\",\"potentialAction\":[{\"@type\":\"ReadAction\",\"target\":[\"https:\/\/www.alqueriamorayma.com\/en\/concierto\/\"]}]},{\"@type\":\"ImageObject\",\"inLanguage\":\"en-US\",\"@id\":\"https:\/\/www.alqueriamorayma.com\/en\/concierto\/#primaryimage\",\"url\":\"https:\/\/i0.wp.com\/www.alqueriamorayma.com\/wp-content\/uploads\/2020\/08\/Concierto-29-8-20-1.jpeg?fit=750%2C750\",\"contentUrl\":\"https:\/\/i0.wp.com\/www.alqueriamorayma.com\/wp-content\/uploads\/2020\/08\/Concierto-29-8-20-1.jpeg?fit=750%2C750\"},{\"@type\":\"BreadcrumbList\",\"@id\":\"https:\/\/www.alqueriamorayma.com\/en\/concierto\/#breadcrumb\",\"itemListElement\":[{\"@type\":\"ListItem\",\"position\":1,\"name\":\"Portada\",\"item\":\"https:\/\/www.alqueriamorayma.com\/\"},{\"@type\":\"ListItem\",\"position\":2,\"name\":\"Concierto 29\/08\/20\"}]},{\"@type\":\"WebSite\",\"@id\":\"https:\/\/www.alqueriamorayma.com\/#website\",\"url\":\"https:\/\/www.alqueriamorayma.com\/\",\"name\":\"Alquer\u00eda de Morayma\",\"description\":\"Hotel Rural en la Alpujarra\",\"publisher\":{\"@id\":\"https:\/\/www.alqueriamorayma.com\/#organization\"},\"potentialAction\":[{\"@type\":\"SearchAction\",\"target\":{\"@type\":\"EntryPoint\",\"urlTemplate\":\"https:\/\/www.alqueriamorayma.com\/?s={search_term_string}\"},\"query-input\":{\"@type\":\"PropertyValueSpecification\",\"valueRequired\":true,\"valueName\":\"search_term_string\"}}],\"inLanguage\":\"en-US\"},{\"@type\":\"Organization\",\"@id\":\"https:\/\/www.alqueriamorayma.com\/#organization\",\"name\":\"Alqueria de Morayma\",\"url\":\"https:\/\/www.alqueriamorayma.com\/\",\"logo\":{\"@type\":\"ImageObject\",\"inLanguage\":\"en-US\",\"@id\":\"https:\/\/www.alqueriamorayma.com\/#\/schema\/logo\/image\/\",\"url\":\"https:\/\/i0.wp.com\/www.alqueriamorayma.com\/wp-content\/uploads\/2017\/03\/logo-alqueria.png?fit=100%2C74\",\"contentUrl\":\"https:\/\/i0.wp.com\/www.alqueriamorayma.com\/wp-content\/uploads\/2017\/03\/logo-alqueria.png?fit=100%2C74\",\"width\":100,\"height\":74,\"caption\":\"Alqueria de Morayma\"},\"image\":{\"@id\":\"https:\/\/www.alqueriamorayma.com\/#\/schema\/logo\/image\/\"},\"sameAs\":[\"https:\/\/es-es.facebook.com\/alqueriamorayma\/\",\"https:\/\/x.com\/alqueriamorayma\"]}]}<\/script>\n<!-- \/ Yoast SEO plugin. -->","yoast_head_json":{"title":"Concierto 29\/08\/20 - Alquer\u00eda de Morayma","robots":{"index":"index","follow":"follow","max-snippet":"max-snippet:-1","max-image-preview":"max-image-preview:large","max-video-preview":"max-video-preview:-1"},"canonical":"https:\/\/www.alqueriamorayma.com\/en\/concierto\/","og_locale":"en_US","og_type":"article","og_title":"Concierto 29\/08\/20 - Alquer\u00eda de Morayma","og_description":"\u00a1Las Tres Pesetas en Concierto! ??","og_url":"https:\/\/www.alqueriamorayma.com\/en\/concierto\/","og_site_name":"Alquer\u00eda de Morayma","article_publisher":"https:\/\/es-es.facebook.com\/alqueriamorayma\/","article_modified_time":"2020-08-24T08:21:06+00:00","og_image":[{"url":"https:\/\/i0.wp.com\/www.alqueriamorayma.com\/wp-content\/uploads\/2020\/08\/Concierto-29-8-20-1.jpeg?fit=750%2C750"}],"twitter_card":"summary_large_image","twitter_site":"@alqueriamorayma","twitter_misc":{"Est. reading time":"1 minute"},"schema":{"@context":"https:\/\/schema.org","@graph":[{"@type":"WebPage","@id":"https:\/\/www.alqueriamorayma.com\/en\/concierto\/","url":"https:\/\/www.alqueriamorayma.com\/en\/concierto\/","name":"Concierto 29\/08\/20 - Alquer\u00eda de Morayma","isPartOf":{"@id":"https:\/\/www.alqueriamorayma.com\/#website"},"primaryImageOfPage":{"@id":"https:\/\/www.alqueriamorayma.com\/en\/concierto\/#primaryimage"},"image":{"@id":"https:\/\/www.alqueriamorayma.com\/en\/concierto\/#primaryimage"},"thumbnailUrl":"https:\/\/i0.wp.com\/www.alqueriamorayma.com\/wp-content\/uploads\/2020\/08\/Concierto-29-8-20-1.jpeg?fit=750%2C750","datePublished":"2020-08-21T08:54:31+00:00","dateModified":"2020-08-24T08:21:06+00:00","breadcrumb":{"@id":"https:\/\/www.alqueriamorayma.com\/en\/concierto\/#breadcrumb"},"inLanguage":"en-US","potentialAction":[{"@type":"ReadAction","target":["https:\/\/www.alqueriamorayma.com\/en\/concierto\/"]}]},{"@type":"ImageObject","inLanguage":"en-US","@id":"https:\/\/www.alqueriamorayma.com\/en\/concierto\/#primaryimage","url":"https:\/\/i0.wp.com\/www.alqueriamorayma.com\/wp-content\/uploads\/2020\/08\/Concierto-29-8-20-1.jpeg?fit=750%2C750","contentUrl":"https:\/\/i0.wp.com\/www.alqueriamorayma.com\/wp-content\/uploads\/2020\/08\/Concierto-29-8-20-1.jpeg?fit=750%2C750"},{"@type":"BreadcrumbList","@id":"https:\/\/www.alqueriamorayma.com\/en\/concierto\/#breadcrumb","itemListElement":[{"@type":"ListItem","position":1,"name":"Portada","item":"https:\/\/www.alqueriamorayma.com\/"},{"@type":"ListItem","position":2,"name":"Concierto 29\/08\/20"}]},{"@type":"WebSite","@id":"https:\/\/www.alqueriamorayma.com\/#website","url":"https:\/\/www.alqueriamorayma.com\/","name":"Alquer\u00eda de Morayma","description":"Hotel Rural en la Alpujarra","publisher":{"@id":"https:\/\/www.alqueriamorayma.com\/#organization"},"potentialAction":[{"@type":"SearchAction","target":{"@type":"EntryPoint","urlTemplate":"https:\/\/www.alqueriamorayma.com\/?s={search_term_string}"},"query-input":{"@type":"PropertyValueSpecification","valueRequired":true,"valueName":"search_term_string"}}],"inLanguage":"en-US"},{"@type":"Organization","@id":"https:\/\/www.alqueriamorayma.com\/#organization","name":"Alqueria de Morayma","url":"https:\/\/www.alqueriamorayma.com\/","logo":{"@type":"ImageObject","inLanguage":"en-US","@id":"https:\/\/www.alqueriamorayma.com\/#\/schema\/logo\/image\/","url":"https:\/\/i0.wp.com\/www.alqueriamorayma.com\/wp-content\/uploads\/2017\/03\/logo-alqueria.png?fit=100%2C74","contentUrl":"https:\/\/i0.wp.com\/www.alqueriamorayma.com\/wp-content\/uploads\/2017\/03\/logo-alqueria.png?fit=100%2C74","width":100,"height":74,"caption":"Alqueria de Morayma"},"image":{"@id":"https:\/\/www.alqueriamorayma.com\/#\/schema\/logo\/image\/"},"sameAs":["https:\/\/es-es.facebook.com\/alqueriamorayma\/","https:\/\/x.com\/alqueriamorayma"]}]}},"jetpack_sharing_enabled":true,"jetpack_shortlink":"https:\/\/wp.me\/P8sFGa-hG","jetpack-related-posts":[],"_links":{"self":[{"href":"https:\/\/www.alqueriamorayma.com\/en\/wp-json\/wp\/v2\/pages\/1096"}],"collection":[{"href":"https:\/\/www.alqueriamorayma.com\/en\/wp-json\/wp\/v2\/pages"}],"about":[{"href":"https:\/\/www.alqueriamorayma.com\/en\/wp-json\/wp\/v2\/types\/page"}],"author":[{"embeddable":true,"href":"https:\/\/www.alqueriamorayma.com\/en\/wp-json\/wp\/v2\/users\/1"}],"replies":[{"embeddable":true,"href":"https:\/\/www.alqueriamorayma.com\/en\/wp-json\/wp\/v2\/comments?post=1096"}],"version-history":[{"count":4,"href":"https:\/\/www.alqueriamorayma.com\/en\/wp-json\/wp\/v2\/pages\/1096\/revisions"}],"predecessor-version":[{"id":1108,"href":"https:\/\/www.alqueriamorayma.com\/en\/wp-json\/wp\/v2\/pages\/1096\/revisions\/1108"}],"wp:attachment":[{"href":"https:\/\/www.alqueriamorayma.com\/en\/wp-json\/wp\/v2\/media?parent=1096"}],"curies":[{"name":"wp","href":"https:\/\/api.w.org\/{rel}","templated":true}]}}