{"id":1063,"date":"2020-07-02T10:00:43","date_gmt":"2020-07-02T10:00:43","guid":{"rendered":"http:\/\/www.alqueriamorayma.com\/?page_id=1063"},"modified":"2023-12-20T10:08:17","modified_gmt":"2023-12-20T10:08:17","slug":"senderismo-nocturno-4-7-20","status":"publish","type":"page","link":"https:\/\/www.alqueriamorayma.com\/en\/senderismo-nocturno-4-7-20\/","title":{"rendered":"Senderismo nocturno 04\/07\/20"},"content":{"rendered":"<div class=\"wp-block-image\"><figure class=\"aligncenter is-resized\"><img loading=\"lazy\" decoding=\"async\" data-attachment-id=\"1062\" data-permalink=\"https:\/\/www.alqueriamorayma.com\/en\/?attachment_id=1062\" data-orig-file=\"https:\/\/www.alqueriamorayma.com\/wp-content\/uploads\/2020\/06\/Senderismo-nocturno-Luna-Llena.jpeg\" data-orig-size=\"940,788\" data-comments-opened=\"1\" data-image-meta=\"{&quot;aperture&quot;:&quot;0&quot;,&quot;credit&quot;:&quot;&quot;,&quot;camera&quot;:&quot;&quot;,&quot;caption&quot;:&quot;&quot;,&quot;created_timestamp&quot;:&quot;0&quot;,&quot;copyright&quot;:&quot;&quot;,&quot;focal_length&quot;:&quot;0&quot;,&quot;iso&quot;:&quot;0&quot;,&quot;shutter_speed&quot;:&quot;0&quot;,&quot;title&quot;:&quot;&quot;,&quot;orientation&quot;:&quot;0&quot;}\" data-image-title=\"Senderismo nocturno Luna Llena\" data-image-description=\"\" data-image-caption=\"\" data-medium-file=\"https:\/\/www.alqueriamorayma.com\/wp-content\/uploads\/2020\/06\/Senderismo-nocturno-Luna-Llena-300x251.jpeg\" data-large-file=\"https:\/\/www.alqueriamorayma.com\/wp-content\/uploads\/2020\/06\/Senderismo-nocturno-Luna-Llena.jpeg\" tabindex=\"0\" role=\"button\" src=\"http:\/\/www.alqueriamorayma.com\/wp-content\/uploads\/2020\/06\/Senderismo-nocturno-Luna-Llena.jpeg\" alt=\"\" class=\"wp-image-1062\" width=\"470\" height=\"394\" srcset=\"https:\/\/www.alqueriamorayma.com\/wp-content\/uploads\/2020\/06\/Senderismo-nocturno-Luna-Llena.jpeg 940w, https:\/\/www.alqueriamorayma.com\/wp-content\/uploads\/2020\/06\/Senderismo-nocturno-Luna-Llena-300x251.jpeg 300w, https:\/\/www.alqueriamorayma.com\/wp-content\/uploads\/2020\/06\/Senderismo-nocturno-Luna-Llena-768x644.jpeg 768w\" sizes=\"(max-width: 470px) 100vw, 470px\" \/><\/figure><\/div>\r\n\r\n\r\n\r\n<p>\r\n\r\n? Senderismo nocturno ?  \u00a1Repetimos!<br>Dado el \u00e9xito y el contento con ediciones anteriores&#8230;<\/p>\r\n\r\n\r\n\r\n<p>\u00bfA\u00fan no tuviste esta oportunidad? \u00bfQuieres hacerte este regalo de conexi\u00f3n con el cielo y la naturaleza? ??<\/p>\r\n\r\n\r\n\r\n<p>Ac\u00e9rcate a la Luna como nunca lo has hecho\u2026 ? Un paseo para aprender, un paseo para crecer. <\/p>\r\n\r\n\r\n\r\n<p>Acompa\u00f1ados por Carlos Mu\u00f1oz, haremos un recorrido de 13 kil\u00f3metros pasando por C\u00e1diar y la c\u00e9lebre Venta de los Cuatro Caminos, a trav\u00e9s del sendero llamado Mar y Cielo. \u26f0\ufe0f<\/p>\r\n\r\n\r\n\r\n<p>Ver\u00e1s la Luna como nunca&#8230;<br>Disfruta del silencio y de la paz de la noche alpujarre\u00f1a.<\/p>\r\n\r\n\r\n\r\n<p>\u00a1Te esperamos, no olvides traer calzado c\u00f3modo, agua y algo de abrigo! <\/p>\r\n\r\n\r\n\r\n<p>Informaci\u00f3n sobre actividad:<br>Duraci\u00f3n: 4 horas<br>Dificultad: Media<br>Longitud: 13 km<br>Desnivel acumulado: 290 m<br>Salida: 19:00h desde la Alquer\u00eda de Morayma<br>Regreso: 23:00h<\/p>\r\n\r\n\r\n\r\n<p>Actividad + Copa de bienvenida: 18\u20ac\/pax<br>Actividad + Copa de bienvenida + Habitaci\u00f3n Doble + Desayuno: 56\u20ac\/pax<br>Actividad + Copa de bienvenida + Habitaci\u00f3n individual + Desayuno: 74\u20ac\/pax<\/p>\r\n\r\n\r\n\r\n<p>? \u00a1PLAZAS LIMITADAS, reserva la tuya! ?<\/p>\r\n\r\n\r\n\r\n<p> Para m\u00e1s informaci\u00f3n, ofertas especiales y reservas, contacta con nosotros:<br>\u260e 605051841 \/ 958343303 \/ 958343221<br>? alqueria@alqueriamorayma.com\r\n\r\n<\/p>","protected":false},"excerpt":{"rendered":"<p>? Senderismo nocturno ? \u00a1Repetimos!Dado el \u00e9xito y el contento con ediciones anteriores&#8230; \u00bfA\u00fan no tuviste esta oportunidad? \u00bfQuieres hacerte este regalo de conexi\u00f3n con el cielo y la naturaleza? ?? Ac\u00e9rcate a la Luna como nunca lo has hecho\u2026<\/p>\n","protected":false},"author":1,"featured_media":0,"parent":0,"menu_order":0,"comment_status":"closed","ping_status":"closed","template":"","meta":{"jetpack_post_was_ever_published":false,"footnotes":""},"yoast_head":"<!-- This site is optimized with the Yoast SEO plugin v23.5 - https:\/\/yoast.com\/wordpress\/plugins\/seo\/ -->\n<title>Senderismo nocturno 04\/07\/20 - Alquer\u00eda de Morayma<\/title>\n<meta name=\"robots\" content=\"index, follow, max-snippet:-1, max-image-preview:large, max-video-preview:-1\" \/>\n<link rel=\"canonical\" href=\"https:\/\/www.alqueriamorayma.com\/senderismo-nocturno-4-7-20\/\" \/>\n<meta property=\"og:locale\" content=\"en_US\" \/>\n<meta property=\"og:type\" content=\"article\" \/>\n<meta property=\"og:title\" content=\"Senderismo nocturno 04\/07\/20 - Alquer\u00eda de Morayma\" \/>\n<meta property=\"og:description\" content=\"? Senderismo nocturno ? \u00a1Repetimos!Dado el \u00e9xito y el contento con ediciones anteriores&#8230; \u00bfA\u00fan no tuviste esta oportunidad? \u00bfQuieres hacerte este regalo de conexi\u00f3n con el cielo y la naturaleza? ?? Ac\u00e9rcate a la Luna como nunca lo has hecho\u2026\" \/>\n<meta property=\"og:url\" content=\"https:\/\/www.alqueriamorayma.com\/senderismo-nocturno-4-7-20\/\" \/>\n<meta property=\"og:site_name\" content=\"Alquer\u00eda de Morayma\" \/>\n<meta property=\"article:publisher\" content=\"https:\/\/es-es.facebook.com\/alqueriamorayma\/\" \/>\n<meta property=\"article:modified_time\" content=\"2023-12-20T10:08:17+00:00\" \/>\n<meta property=\"og:image\" content=\"http:\/\/www.alqueriamorayma.com\/wp-content\/uploads\/2020\/06\/Senderismo-nocturno-Luna-Llena.jpeg\" \/>\n<meta name=\"twitter:card\" content=\"summary_large_image\" \/>\n<meta name=\"twitter:site\" content=\"@alqueriamorayma\" \/>\n<meta name=\"twitter:label1\" content=\"Est. reading time\" \/>\n\t<meta name=\"twitter:data1\" content=\"1 minute\" \/>\n<script type=\"application\/ld+json\" class=\"yoast-schema-graph\">{\"@context\":\"https:\/\/schema.org\",\"@graph\":[{\"@type\":\"WebPage\",\"@id\":\"https:\/\/www.alqueriamorayma.com\/senderismo-nocturno-4-7-20\/\",\"url\":\"https:\/\/www.alqueriamorayma.com\/senderismo-nocturno-4-7-20\/\",\"name\":\"Senderismo nocturno 04\/07\/20 - Alquer\u00eda de Morayma\",\"isPartOf\":{\"@id\":\"https:\/\/www.alqueriamorayma.com\/#website\"},\"primaryImageOfPage\":{\"@id\":\"https:\/\/www.alqueriamorayma.com\/senderismo-nocturno-4-7-20\/#primaryimage\"},\"image\":{\"@id\":\"https:\/\/www.alqueriamorayma.com\/senderismo-nocturno-4-7-20\/#primaryimage\"},\"thumbnailUrl\":\"http:\/\/www.alqueriamorayma.com\/wp-content\/uploads\/2020\/06\/Senderismo-nocturno-Luna-Llena.jpeg\",\"datePublished\":\"2020-07-02T10:00:43+00:00\",\"dateModified\":\"2023-12-20T10:08:17+00:00\",\"breadcrumb\":{\"@id\":\"https:\/\/www.alqueriamorayma.com\/senderismo-nocturno-4-7-20\/#breadcrumb\"},\"inLanguage\":\"en-US\",\"potentialAction\":[{\"@type\":\"ReadAction\",\"target\":[\"https:\/\/www.alqueriamorayma.com\/senderismo-nocturno-4-7-20\/\"]}]},{\"@type\":\"ImageObject\",\"inLanguage\":\"en-US\",\"@id\":\"https:\/\/www.alqueriamorayma.com\/senderismo-nocturno-4-7-20\/#primaryimage\",\"url\":\"http:\/\/www.alqueriamorayma.com\/wp-content\/uploads\/2020\/06\/Senderismo-nocturno-Luna-Llena.jpeg\",\"contentUrl\":\"http:\/\/www.alqueriamorayma.com\/wp-content\/uploads\/2020\/06\/Senderismo-nocturno-Luna-Llena.jpeg\"},{\"@type\":\"BreadcrumbList\",\"@id\":\"https:\/\/www.alqueriamorayma.com\/senderismo-nocturno-4-7-20\/#breadcrumb\",\"itemListElement\":[{\"@type\":\"ListItem\",\"position\":1,\"name\":\"Portada\",\"item\":\"https:\/\/www.alqueriamorayma.com\/\"},{\"@type\":\"ListItem\",\"position\":2,\"name\":\"Senderismo nocturno 04\/07\/20\"}]},{\"@type\":\"WebSite\",\"@id\":\"https:\/\/www.alqueriamorayma.com\/#website\",\"url\":\"https:\/\/www.alqueriamorayma.com\/\",\"name\":\"Alquer\u00eda de Morayma\",\"description\":\"Hotel Rural en la Alpujarra\",\"publisher\":{\"@id\":\"https:\/\/www.alqueriamorayma.com\/#organization\"},\"potentialAction\":[{\"@type\":\"SearchAction\",\"target\":{\"@type\":\"EntryPoint\",\"urlTemplate\":\"https:\/\/www.alqueriamorayma.com\/?s={search_term_string}\"},\"query-input\":{\"@type\":\"PropertyValueSpecification\",\"valueRequired\":true,\"valueName\":\"search_term_string\"}}],\"inLanguage\":\"en-US\"},{\"@type\":\"Organization\",\"@id\":\"https:\/\/www.alqueriamorayma.com\/#organization\",\"name\":\"Alqueria de Morayma\",\"url\":\"https:\/\/www.alqueriamorayma.com\/\",\"logo\":{\"@type\":\"ImageObject\",\"inLanguage\":\"en-US\",\"@id\":\"https:\/\/www.alqueriamorayma.com\/#\/schema\/logo\/image\/\",\"url\":\"https:\/\/i0.wp.com\/www.alqueriamorayma.com\/wp-content\/uploads\/2017\/03\/logo-alqueria.png?fit=100%2C74\",\"contentUrl\":\"https:\/\/i0.wp.com\/www.alqueriamorayma.com\/wp-content\/uploads\/2017\/03\/logo-alqueria.png?fit=100%2C74\",\"width\":100,\"height\":74,\"caption\":\"Alqueria de Morayma\"},\"image\":{\"@id\":\"https:\/\/www.alqueriamorayma.com\/#\/schema\/logo\/image\/\"},\"sameAs\":[\"https:\/\/es-es.facebook.com\/alqueriamorayma\/\",\"https:\/\/x.com\/alqueriamorayma\"]}]}<\/script>\n<!-- \/ Yoast SEO plugin. -->","yoast_head_json":{"title":"Senderismo nocturno 04\/07\/20 - Alquer\u00eda de Morayma","robots":{"index":"index","follow":"follow","max-snippet":"max-snippet:-1","max-image-preview":"max-image-preview:large","max-video-preview":"max-video-preview:-1"},"canonical":"https:\/\/www.alqueriamorayma.com\/senderismo-nocturno-4-7-20\/","og_locale":"en_US","og_type":"article","og_title":"Senderismo nocturno 04\/07\/20 - Alquer\u00eda de Morayma","og_description":"? Senderismo nocturno ? \u00a1Repetimos!Dado el \u00e9xito y el contento con ediciones anteriores&#8230; \u00bfA\u00fan no tuviste esta oportunidad? \u00bfQuieres hacerte este regalo de conexi\u00f3n con el cielo y la naturaleza? ?? Ac\u00e9rcate a la Luna como nunca lo has hecho\u2026","og_url":"https:\/\/www.alqueriamorayma.com\/senderismo-nocturno-4-7-20\/","og_site_name":"Alquer\u00eda de Morayma","article_publisher":"https:\/\/es-es.facebook.com\/alqueriamorayma\/","article_modified_time":"2023-12-20T10:08:17+00:00","og_image":[{"url":"http:\/\/www.alqueriamorayma.com\/wp-content\/uploads\/2020\/06\/Senderismo-nocturno-Luna-Llena.jpeg"}],"twitter_card":"summary_large_image","twitter_site":"@alqueriamorayma","twitter_misc":{"Est. reading time":"1 minute"},"schema":{"@context":"https:\/\/schema.org","@graph":[{"@type":"WebPage","@id":"https:\/\/www.alqueriamorayma.com\/senderismo-nocturno-4-7-20\/","url":"https:\/\/www.alqueriamorayma.com\/senderismo-nocturno-4-7-20\/","name":"Senderismo nocturno 04\/07\/20 - Alquer\u00eda de Morayma","isPartOf":{"@id":"https:\/\/www.alqueriamorayma.com\/#website"},"primaryImageOfPage":{"@id":"https:\/\/www.alqueriamorayma.com\/senderismo-nocturno-4-7-20\/#primaryimage"},"image":{"@id":"https:\/\/www.alqueriamorayma.com\/senderismo-nocturno-4-7-20\/#primaryimage"},"thumbnailUrl":"http:\/\/www.alqueriamorayma.com\/wp-content\/uploads\/2020\/06\/Senderismo-nocturno-Luna-Llena.jpeg","datePublished":"2020-07-02T10:00:43+00:00","dateModified":"2023-12-20T10:08:17+00:00","breadcrumb":{"@id":"https:\/\/www.alqueriamorayma.com\/senderismo-nocturno-4-7-20\/#breadcrumb"},"inLanguage":"en-US","potentialAction":[{"@type":"ReadAction","target":["https:\/\/www.alqueriamorayma.com\/senderismo-nocturno-4-7-20\/"]}]},{"@type":"ImageObject","inLanguage":"en-US","@id":"https:\/\/www.alqueriamorayma.com\/senderismo-nocturno-4-7-20\/#primaryimage","url":"http:\/\/www.alqueriamorayma.com\/wp-content\/uploads\/2020\/06\/Senderismo-nocturno-Luna-Llena.jpeg","contentUrl":"http:\/\/www.alqueriamorayma.com\/wp-content\/uploads\/2020\/06\/Senderismo-nocturno-Luna-Llena.jpeg"},{"@type":"BreadcrumbList","@id":"https:\/\/www.alqueriamorayma.com\/senderismo-nocturno-4-7-20\/#breadcrumb","itemListElement":[{"@type":"ListItem","position":1,"name":"Portada","item":"https:\/\/www.alqueriamorayma.com\/"},{"@type":"ListItem","position":2,"name":"Senderismo nocturno 04\/07\/20"}]},{"@type":"WebSite","@id":"https:\/\/www.alqueriamorayma.com\/#website","url":"https:\/\/www.alqueriamorayma.com\/","name":"Alquer\u00eda de Morayma","description":"Hotel Rural en la Alpujarra","publisher":{"@id":"https:\/\/www.alqueriamorayma.com\/#organization"},"potentialAction":[{"@type":"SearchAction","target":{"@type":"EntryPoint","urlTemplate":"https:\/\/www.alqueriamorayma.com\/?s={search_term_string}"},"query-input":{"@type":"PropertyValueSpecification","valueRequired":true,"valueName":"search_term_string"}}],"inLanguage":"en-US"},{"@type":"Organization","@id":"https:\/\/www.alqueriamorayma.com\/#organization","name":"Alqueria de Morayma","url":"https:\/\/www.alqueriamorayma.com\/","logo":{"@type":"ImageObject","inLanguage":"en-US","@id":"https:\/\/www.alqueriamorayma.com\/#\/schema\/logo\/image\/","url":"https:\/\/i0.wp.com\/www.alqueriamorayma.com\/wp-content\/uploads\/2017\/03\/logo-alqueria.png?fit=100%2C74","contentUrl":"https:\/\/i0.wp.com\/www.alqueriamorayma.com\/wp-content\/uploads\/2017\/03\/logo-alqueria.png?fit=100%2C74","width":100,"height":74,"caption":"Alqueria de Morayma"},"image":{"@id":"https:\/\/www.alqueriamorayma.com\/#\/schema\/logo\/image\/"},"sameAs":["https:\/\/es-es.facebook.com\/alqueriamorayma\/","https:\/\/x.com\/alqueriamorayma"]}]}},"jetpack_sharing_enabled":true,"jetpack_shortlink":"https:\/\/wp.me\/P8sFGa-h9","jetpack-related-posts":[],"_links":{"self":[{"href":"https:\/\/www.alqueriamorayma.com\/en\/wp-json\/wp\/v2\/pages\/1063"}],"collection":[{"href":"https:\/\/www.alqueriamorayma.com\/en\/wp-json\/wp\/v2\/pages"}],"about":[{"href":"https:\/\/www.alqueriamorayma.com\/en\/wp-json\/wp\/v2\/types\/page"}],"author":[{"embeddable":true,"href":"https:\/\/www.alqueriamorayma.com\/en\/wp-json\/wp\/v2\/users\/1"}],"replies":[{"embeddable":true,"href":"https:\/\/www.alqueriamorayma.com\/en\/wp-json\/wp\/v2\/comments?post=1063"}],"version-history":[{"count":5,"href":"https:\/\/www.alqueriamorayma.com\/en\/wp-json\/wp\/v2\/pages\/1063\/revisions"}],"predecessor-version":[{"id":1462,"href":"https:\/\/www.alqueriamorayma.com\/en\/wp-json\/wp\/v2\/pages\/1063\/revisions\/1462"}],"wp:attachment":[{"href":"https:\/\/www.alqueriamorayma.com\/en\/wp-json\/wp\/v2\/media?parent=1063"}],"curies":[{"name":"wp","href":"https:\/\/api.w.org\/{rel}","templated":true}]}}