{"id":1050,"date":"2020-06-16T13:25:27","date_gmt":"2020-06-16T13:25:27","guid":{"rendered":"http:\/\/www.alqueriamorayma.com\/?page_id=1050"},"modified":"2020-06-16T13:25:35","modified_gmt":"2020-06-16T13:25:35","slug":"noviembre-2019","status":"publish","type":"page","link":"https:\/\/www.alqueriamorayma.com\/en\/noviembre-2019\/","title":{"rendered":"Noviembre 2019"},"content":{"rendered":"\n<p style=\"text-align:center\">Esta es la programaci\u00f3n de actividades de Noviembre en el Hotel Rural Alquer\u00eda de Morayma.<\/p>\n\n\n\n<p style=\"text-align:center\">\u00a1Os esperamos!<\/p>\n\n\n\n<p style=\"text-align:center\">\u260e 958 34 32 21<\/p>\n\n\n\n<p style=\"text-align:center\">?info@alqueriamorayma.com<\/p>\n\n\n\n<div class=\"wp-block-image\"><figure class=\"aligncenter\"><a href=\"http:\/\/www.alqueriamorayma.com\/wp-content\/uploads\/2019\/10\/programacion-actividades.jpg\"><img loading=\"lazy\" decoding=\"async\" width=\"169\" height=\"300\" data-attachment-id=\"960\" data-permalink=\"https:\/\/www.alqueriamorayma.com\/en\/proximas\/programacion-actividades\/\" data-orig-file=\"https:\/\/www.alqueriamorayma.com\/wp-content\/uploads\/2019\/10\/programacion-actividades.jpg\" data-orig-size=\"719,1280\" data-comments-opened=\"1\" data-image-meta=\"{&quot;aperture&quot;:&quot;0&quot;,&quot;credit&quot;:&quot;&quot;,&quot;camera&quot;:&quot;&quot;,&quot;caption&quot;:&quot;&quot;,&quot;created_timestamp&quot;:&quot;0&quot;,&quot;copyright&quot;:&quot;&quot;,&quot;focal_length&quot;:&quot;0&quot;,&quot;iso&quot;:&quot;0&quot;,&quot;shutter_speed&quot;:&quot;0&quot;,&quot;title&quot;:&quot;&quot;,&quot;orientation&quot;:&quot;0&quot;}\" data-image-title=\"Noviembre 2019\" data-image-description=\"\" data-image-caption=\"\" data-medium-file=\"https:\/\/www.alqueriamorayma.com\/wp-content\/uploads\/2019\/10\/programacion-actividades-169x300.jpg\" data-large-file=\"https:\/\/www.alqueriamorayma.com\/wp-content\/uploads\/2019\/10\/programacion-actividades-575x1024.jpg\" tabindex=\"0\" role=\"button\" src=\"http:\/\/www.alqueriamorayma.com\/wp-content\/uploads\/2019\/10\/programacion-actividades-169x300.jpg\" alt=\"\" class=\"wp-image-960\" srcset=\"https:\/\/www.alqueriamorayma.com\/wp-content\/uploads\/2019\/10\/programacion-actividades-169x300.jpg 169w, https:\/\/www.alqueriamorayma.com\/wp-content\/uploads\/2019\/10\/programacion-actividades-575x1024.jpg 575w, https:\/\/www.alqueriamorayma.com\/wp-content\/uploads\/2019\/10\/programacion-actividades.jpg 719w\" sizes=\"(max-width: 169px) 100vw, 169px\" \/><\/a><\/figure><\/div>\n","protected":false},"excerpt":{"rendered":"<p>Esta es la programaci\u00f3n de actividades de Noviembre en el Hotel Rural Alquer\u00eda de Morayma. \u00a1Os esperamos! \u260e 958 34 32 21 ?info@alqueriamorayma.com<\/p>\n","protected":false},"author":1,"featured_media":0,"parent":0,"menu_order":0,"comment_status":"closed","ping_status":"closed","template":"","meta":{"jetpack_post_was_ever_published":false,"footnotes":""},"yoast_head":"<!-- This site is optimized with the Yoast SEO plugin v23.5 - https:\/\/yoast.com\/wordpress\/plugins\/seo\/ -->\n<title>Noviembre 2019 - Alquer\u00eda de Morayma<\/title>\n<meta name=\"robots\" content=\"index, follow, max-snippet:-1, max-image-preview:large, max-video-preview:-1\" \/>\n<link rel=\"canonical\" href=\"https:\/\/www.alqueriamorayma.com\/noviembre-2019\/\" \/>\n<meta property=\"og:locale\" content=\"en_US\" \/>\n<meta property=\"og:type\" content=\"article\" \/>\n<meta property=\"og:title\" content=\"Noviembre 2019 - Alquer\u00eda de Morayma\" \/>\n<meta property=\"og:description\" content=\"Esta es la programaci\u00f3n de actividades de Noviembre en el Hotel Rural Alquer\u00eda de Morayma. \u00a1Os esperamos! \u260e 958 34 32 21 ?info@alqueriamorayma.com\" \/>\n<meta property=\"og:url\" content=\"https:\/\/www.alqueriamorayma.com\/noviembre-2019\/\" \/>\n<meta property=\"og:site_name\" content=\"Alquer\u00eda de Morayma\" \/>\n<meta property=\"article:publisher\" content=\"https:\/\/es-es.facebook.com\/alqueriamorayma\/\" \/>\n<meta property=\"article:modified_time\" content=\"2020-06-16T13:25:35+00:00\" \/>\n<meta property=\"og:image\" content=\"http:\/\/www.alqueriamorayma.com\/wp-content\/uploads\/2019\/10\/programacion-actividades-169x300.jpg\" \/>\n<meta name=\"twitter:card\" content=\"summary_large_image\" \/>\n<meta name=\"twitter:site\" content=\"@alqueriamorayma\" \/>\n<script type=\"application\/ld+json\" class=\"yoast-schema-graph\">{\"@context\":\"https:\/\/schema.org\",\"@graph\":[{\"@type\":\"WebPage\",\"@id\":\"https:\/\/www.alqueriamorayma.com\/noviembre-2019\/\",\"url\":\"https:\/\/www.alqueriamorayma.com\/noviembre-2019\/\",\"name\":\"Noviembre 2019 - Alquer\u00eda de Morayma\",\"isPartOf\":{\"@id\":\"https:\/\/www.alqueriamorayma.com\/#website\"},\"primaryImageOfPage\":{\"@id\":\"https:\/\/www.alqueriamorayma.com\/noviembre-2019\/#primaryimage\"},\"image\":{\"@id\":\"https:\/\/www.alqueriamorayma.com\/noviembre-2019\/#primaryimage\"},\"thumbnailUrl\":\"http:\/\/www.alqueriamorayma.com\/wp-content\/uploads\/2019\/10\/programacion-actividades-169x300.jpg\",\"datePublished\":\"2020-06-16T13:25:27+00:00\",\"dateModified\":\"2020-06-16T13:25:35+00:00\",\"breadcrumb\":{\"@id\":\"https:\/\/www.alqueriamorayma.com\/noviembre-2019\/#breadcrumb\"},\"inLanguage\":\"en-US\",\"potentialAction\":[{\"@type\":\"ReadAction\",\"target\":[\"https:\/\/www.alqueriamorayma.com\/noviembre-2019\/\"]}]},{\"@type\":\"ImageObject\",\"inLanguage\":\"en-US\",\"@id\":\"https:\/\/www.alqueriamorayma.com\/noviembre-2019\/#primaryimage\",\"url\":\"http:\/\/www.alqueriamorayma.com\/wp-content\/uploads\/2019\/10\/programacion-actividades-169x300.jpg\",\"contentUrl\":\"http:\/\/www.alqueriamorayma.com\/wp-content\/uploads\/2019\/10\/programacion-actividades-169x300.jpg\"},{\"@type\":\"BreadcrumbList\",\"@id\":\"https:\/\/www.alqueriamorayma.com\/noviembre-2019\/#breadcrumb\",\"itemListElement\":[{\"@type\":\"ListItem\",\"position\":1,\"name\":\"Portada\",\"item\":\"https:\/\/www.alqueriamorayma.com\/\"},{\"@type\":\"ListItem\",\"position\":2,\"name\":\"Noviembre 2019\"}]},{\"@type\":\"WebSite\",\"@id\":\"https:\/\/www.alqueriamorayma.com\/#website\",\"url\":\"https:\/\/www.alqueriamorayma.com\/\",\"name\":\"Alquer\u00eda de Morayma\",\"description\":\"Hotel Rural en la Alpujarra\",\"publisher\":{\"@id\":\"https:\/\/www.alqueriamorayma.com\/#organization\"},\"potentialAction\":[{\"@type\":\"SearchAction\",\"target\":{\"@type\":\"EntryPoint\",\"urlTemplate\":\"https:\/\/www.alqueriamorayma.com\/?s={search_term_string}\"},\"query-input\":{\"@type\":\"PropertyValueSpecification\",\"valueRequired\":true,\"valueName\":\"search_term_string\"}}],\"inLanguage\":\"en-US\"},{\"@type\":\"Organization\",\"@id\":\"https:\/\/www.alqueriamorayma.com\/#organization\",\"name\":\"Alqueria de Morayma\",\"url\":\"https:\/\/www.alqueriamorayma.com\/\",\"logo\":{\"@type\":\"ImageObject\",\"inLanguage\":\"en-US\",\"@id\":\"https:\/\/www.alqueriamorayma.com\/#\/schema\/logo\/image\/\",\"url\":\"https:\/\/i0.wp.com\/www.alqueriamorayma.com\/wp-content\/uploads\/2017\/03\/logo-alqueria.png?fit=100%2C74\",\"contentUrl\":\"https:\/\/i0.wp.com\/www.alqueriamorayma.com\/wp-content\/uploads\/2017\/03\/logo-alqueria.png?fit=100%2C74\",\"width\":100,\"height\":74,\"caption\":\"Alqueria de Morayma\"},\"image\":{\"@id\":\"https:\/\/www.alqueriamorayma.com\/#\/schema\/logo\/image\/\"},\"sameAs\":[\"https:\/\/es-es.facebook.com\/alqueriamorayma\/\",\"https:\/\/x.com\/alqueriamorayma\"]}]}<\/script>\n<!-- \/ Yoast SEO plugin. -->","yoast_head_json":{"title":"Noviembre 2019 - Alquer\u00eda de Morayma","robots":{"index":"index","follow":"follow","max-snippet":"max-snippet:-1","max-image-preview":"max-image-preview:large","max-video-preview":"max-video-preview:-1"},"canonical":"https:\/\/www.alqueriamorayma.com\/noviembre-2019\/","og_locale":"en_US","og_type":"article","og_title":"Noviembre 2019 - Alquer\u00eda de Morayma","og_description":"Esta es la programaci\u00f3n de actividades de Noviembre en el Hotel Rural Alquer\u00eda de Morayma. \u00a1Os esperamos! \u260e 958 34 32 21 ?info@alqueriamorayma.com","og_url":"https:\/\/www.alqueriamorayma.com\/noviembre-2019\/","og_site_name":"Alquer\u00eda de Morayma","article_publisher":"https:\/\/es-es.facebook.com\/alqueriamorayma\/","article_modified_time":"2020-06-16T13:25:35+00:00","og_image":[{"url":"http:\/\/www.alqueriamorayma.com\/wp-content\/uploads\/2019\/10\/programacion-actividades-169x300.jpg"}],"twitter_card":"summary_large_image","twitter_site":"@alqueriamorayma","schema":{"@context":"https:\/\/schema.org","@graph":[{"@type":"WebPage","@id":"https:\/\/www.alqueriamorayma.com\/noviembre-2019\/","url":"https:\/\/www.alqueriamorayma.com\/noviembre-2019\/","name":"Noviembre 2019 - Alquer\u00eda de Morayma","isPartOf":{"@id":"https:\/\/www.alqueriamorayma.com\/#website"},"primaryImageOfPage":{"@id":"https:\/\/www.alqueriamorayma.com\/noviembre-2019\/#primaryimage"},"image":{"@id":"https:\/\/www.alqueriamorayma.com\/noviembre-2019\/#primaryimage"},"thumbnailUrl":"http:\/\/www.alqueriamorayma.com\/wp-content\/uploads\/2019\/10\/programacion-actividades-169x300.jpg","datePublished":"2020-06-16T13:25:27+00:00","dateModified":"2020-06-16T13:25:35+00:00","breadcrumb":{"@id":"https:\/\/www.alqueriamorayma.com\/noviembre-2019\/#breadcrumb"},"inLanguage":"en-US","potentialAction":[{"@type":"ReadAction","target":["https:\/\/www.alqueriamorayma.com\/noviembre-2019\/"]}]},{"@type":"ImageObject","inLanguage":"en-US","@id":"https:\/\/www.alqueriamorayma.com\/noviembre-2019\/#primaryimage","url":"http:\/\/www.alqueriamorayma.com\/wp-content\/uploads\/2019\/10\/programacion-actividades-169x300.jpg","contentUrl":"http:\/\/www.alqueriamorayma.com\/wp-content\/uploads\/2019\/10\/programacion-actividades-169x300.jpg"},{"@type":"BreadcrumbList","@id":"https:\/\/www.alqueriamorayma.com\/noviembre-2019\/#breadcrumb","itemListElement":[{"@type":"ListItem","position":1,"name":"Portada","item":"https:\/\/www.alqueriamorayma.com\/"},{"@type":"ListItem","position":2,"name":"Noviembre 2019"}]},{"@type":"WebSite","@id":"https:\/\/www.alqueriamorayma.com\/#website","url":"https:\/\/www.alqueriamorayma.com\/","name":"Alquer\u00eda de Morayma","description":"Hotel Rural en la Alpujarra","publisher":{"@id":"https:\/\/www.alqueriamorayma.com\/#organization"},"potentialAction":[{"@type":"SearchAction","target":{"@type":"EntryPoint","urlTemplate":"https:\/\/www.alqueriamorayma.com\/?s={search_term_string}"},"query-input":{"@type":"PropertyValueSpecification","valueRequired":true,"valueName":"search_term_string"}}],"inLanguage":"en-US"},{"@type":"Organization","@id":"https:\/\/www.alqueriamorayma.com\/#organization","name":"Alqueria de Morayma","url":"https:\/\/www.alqueriamorayma.com\/","logo":{"@type":"ImageObject","inLanguage":"en-US","@id":"https:\/\/www.alqueriamorayma.com\/#\/schema\/logo\/image\/","url":"https:\/\/i0.wp.com\/www.alqueriamorayma.com\/wp-content\/uploads\/2017\/03\/logo-alqueria.png?fit=100%2C74","contentUrl":"https:\/\/i0.wp.com\/www.alqueriamorayma.com\/wp-content\/uploads\/2017\/03\/logo-alqueria.png?fit=100%2C74","width":100,"height":74,"caption":"Alqueria de Morayma"},"image":{"@id":"https:\/\/www.alqueriamorayma.com\/#\/schema\/logo\/image\/"},"sameAs":["https:\/\/es-es.facebook.com\/alqueriamorayma\/","https:\/\/x.com\/alqueriamorayma"]}]}},"jetpack_sharing_enabled":true,"jetpack_shortlink":"https:\/\/wp.me\/P8sFGa-gW","jetpack-related-posts":[],"_links":{"self":[{"href":"https:\/\/www.alqueriamorayma.com\/en\/wp-json\/wp\/v2\/pages\/1050"}],"collection":[{"href":"https:\/\/www.alqueriamorayma.com\/en\/wp-json\/wp\/v2\/pages"}],"about":[{"href":"https:\/\/www.alqueriamorayma.com\/en\/wp-json\/wp\/v2\/types\/page"}],"author":[{"embeddable":true,"href":"https:\/\/www.alqueriamorayma.com\/en\/wp-json\/wp\/v2\/users\/1"}],"replies":[{"embeddable":true,"href":"https:\/\/www.alqueriamorayma.com\/en\/wp-json\/wp\/v2\/comments?post=1050"}],"version-history":[{"count":1,"href":"https:\/\/www.alqueriamorayma.com\/en\/wp-json\/wp\/v2\/pages\/1050\/revisions"}],"predecessor-version":[{"id":1051,"href":"https:\/\/www.alqueriamorayma.com\/en\/wp-json\/wp\/v2\/pages\/1050\/revisions\/1051"}],"wp:attachment":[{"href":"https:\/\/www.alqueriamorayma.com\/en\/wp-json\/wp\/v2\/media?parent=1050"}],"curies":[{"name":"wp","href":"https:\/\/api.w.org\/{rel}","templated":true}]}}