{"id":1039,"date":"2020-06-16T11:52:02","date_gmt":"2020-06-16T11:52:02","guid":{"rendered":"http:\/\/www.alqueriamorayma.com\/?page_id=1039"},"modified":"2023-12-20T10:08:42","modified_gmt":"2023-12-20T10:08:42","slug":"senderismo-2","status":"publish","type":"page","link":"https:\/\/www.alqueriamorayma.com\/en\/senderismo-2\/","title":{"rendered":"Senderismo nocturno 20\/06\/20"},"content":{"rendered":"<div class=\"wp-block-image\"><figure class=\"aligncenter is-resized\"><a href=\"http:\/\/www.alqueriamorayma.com\/wp-content\/uploads\/2020\/06\/Paseo-por-las-estrellas-1.jpeg\"><img loading=\"lazy\" decoding=\"async\" data-attachment-id=\"1054\" data-permalink=\"https:\/\/www.alqueriamorayma.com\/en\/senderismo-2\/paseo-por-las-estrellas-2\/\" data-orig-file=\"https:\/\/www.alqueriamorayma.com\/wp-content\/uploads\/2020\/06\/Paseo-por-las-estrellas-1.jpeg\" data-orig-size=\"1131,1600\" data-comments-opened=\"1\" data-image-meta=\"{&quot;aperture&quot;:&quot;0&quot;,&quot;credit&quot;:&quot;&quot;,&quot;camera&quot;:&quot;&quot;,&quot;caption&quot;:&quot;&quot;,&quot;created_timestamp&quot;:&quot;0&quot;,&quot;copyright&quot;:&quot;&quot;,&quot;focal_length&quot;:&quot;0&quot;,&quot;iso&quot;:&quot;0&quot;,&quot;shutter_speed&quot;:&quot;0&quot;,&quot;title&quot;:&quot;&quot;,&quot;orientation&quot;:&quot;0&quot;}\" data-image-title=\"Paseo por las estrellas\" data-image-description=\"\" data-image-caption=\"\" data-medium-file=\"https:\/\/www.alqueriamorayma.com\/wp-content\/uploads\/2020\/06\/Paseo-por-las-estrellas-1-212x300.jpeg\" data-large-file=\"https:\/\/www.alqueriamorayma.com\/wp-content\/uploads\/2020\/06\/Paseo-por-las-estrellas-1-724x1024.jpeg\" tabindex=\"0\" role=\"button\" src=\"https:\/\/i2.wp.com\/www.alqueriamorayma.com\/wp-content\/uploads\/2020\/06\/Paseo-por-las-estrellas-1.jpeg?fit=724%2C1024\" alt=\"\" class=\"wp-image-1054\" width=\"181\" height=\"256\" srcset=\"https:\/\/www.alqueriamorayma.com\/wp-content\/uploads\/2020\/06\/Paseo-por-las-estrellas-1.jpeg 1131w, https:\/\/www.alqueriamorayma.com\/wp-content\/uploads\/2020\/06\/Paseo-por-las-estrellas-1-212x300.jpeg 212w, https:\/\/www.alqueriamorayma.com\/wp-content\/uploads\/2020\/06\/Paseo-por-las-estrellas-1-768x1086.jpeg 768w, https:\/\/www.alqueriamorayma.com\/wp-content\/uploads\/2020\/06\/Paseo-por-las-estrellas-1-724x1024.jpeg 724w\" sizes=\"(max-width: 181px) 100vw, 181px\" \/><\/a><\/figure><\/div>\r\n\r\n\r\n\r\n<p><\/p>\r\n\r\n\r\n\r\n<p>?&nbsp;\u00bfQU\u00c9 TE PARECE SI VOLVEMOS A VERNOS Y COMPARTIMOS ESTA NOCHE M\u00c1GICA?<\/p>\r\n\r\n\r\n\r\n<p>An\u00edmate a este Paseo por las Estrellas, bajo la Luna Nueva ? y disfruta del senderismo nocturno conectando con la naturaleza ?\ufe0f , guiado por Carlos Mu\u00f1oz.<\/p>\r\n\r\n\r\n\r\n<p><strong>Informaci\u00f3n sobre actividad:<\/strong><\/p>\r\n\r\n\r\n\r\n<ul><li>Grupos m\u00e1ximo 12 personas<\/li><li>Duraci\u00f3n: 4 horas<\/li><li> Dificultad: Media<\/li><li>Longitud: 11.7 km<\/li><li>Desnivel acumulado: 290 m <\/li><li>Salida: Hotel Rural Alquer\u00eda de Morayma a las 19h.<\/li><li>Visita a Lobras, donde se realizar\u00e1 una interpretaci\u00f3n del cielo.<\/li><li>Regreso: a Alquer\u00eda de Morayma y copa de bienvenida.<\/li><\/ul>\r\n\r\n\r\n\r\n<p>Actividad: 15\u20ac\/pax<br>Actividad + Habitaci\u00f3n Doble + Cena + Desayuno: 60\u20ac\/pax<br>Actividad + Habitaci\u00f3n individual + Cena + Desayuno: 75\u20ac\/pax <\/p>\r\n\r\n\r\n\r\n<p><\/p>\r\n\r\n\r\n\r\n<p>Para m\u00e1s informaci\u00f3n puedes contactar con nosotros a trav\u00e9s:<br>\u260e&nbsp;605 051 841 \/ 958 343 303 \/ 958 343 221<br>?&nbsp;alqueria@alqueriamorayma.com<\/p>\r\n\r\n\r\n\r\n<p>\u00a1Te esperamos, no olvides calzado c\u00f3modo y buen abrigo!<\/p>","protected":false},"excerpt":{"rendered":"<p>?&nbsp;\u00bfQU\u00c9 TE PARECE SI VOLVEMOS A VERNOS Y COMPARTIMOS ESTA NOCHE M\u00c1GICA? An\u00edmate a este Paseo por las Estrellas, bajo la Luna Nueva ? y disfruta del senderismo nocturno conectando con la naturaleza ?\ufe0f , guiado por Carlos Mu\u00f1oz. Informaci\u00f3n<\/p>\n","protected":false},"author":1,"featured_media":0,"parent":0,"menu_order":0,"comment_status":"closed","ping_status":"closed","template":"","meta":{"jetpack_post_was_ever_published":false,"footnotes":""},"yoast_head":"<!-- This site is optimized with the Yoast SEO plugin v23.5 - https:\/\/yoast.com\/wordpress\/plugins\/seo\/ -->\n<title>Senderismo nocturno 20\/06\/20 - Alquer\u00eda de Morayma<\/title>\n<meta name=\"robots\" content=\"index, follow, max-snippet:-1, max-image-preview:large, max-video-preview:-1\" \/>\n<link rel=\"canonical\" href=\"https:\/\/www.alqueriamorayma.com\/senderismo-2\/\" \/>\n<meta property=\"og:locale\" content=\"en_US\" \/>\n<meta property=\"og:type\" content=\"article\" \/>\n<meta property=\"og:title\" content=\"Senderismo nocturno 20\/06\/20 - Alquer\u00eda de Morayma\" \/>\n<meta property=\"og:description\" content=\"?&nbsp;\u00bfQU\u00c9 TE PARECE SI VOLVEMOS A VERNOS Y COMPARTIMOS ESTA NOCHE M\u00c1GICA? An\u00edmate a este Paseo por las Estrellas, bajo la Luna Nueva ? y disfruta del senderismo nocturno conectando con la naturaleza ?\ufe0f , guiado por Carlos Mu\u00f1oz. Informaci\u00f3n\" \/>\n<meta property=\"og:url\" content=\"https:\/\/www.alqueriamorayma.com\/senderismo-2\/\" \/>\n<meta property=\"og:site_name\" content=\"Alquer\u00eda de Morayma\" \/>\n<meta property=\"article:publisher\" content=\"https:\/\/es-es.facebook.com\/alqueriamorayma\/\" \/>\n<meta property=\"article:modified_time\" content=\"2023-12-20T10:08:42+00:00\" \/>\n<meta property=\"og:image\" content=\"https:\/\/i2.wp.com\/www.alqueriamorayma.com\/wp-content\/uploads\/2020\/06\/Paseo-por-las-estrellas-1.jpeg?fit=724%2C1024\" \/>\n<meta name=\"twitter:card\" content=\"summary_large_image\" \/>\n<meta name=\"twitter:site\" content=\"@alqueriamorayma\" \/>\n<meta name=\"twitter:label1\" content=\"Est. reading time\" \/>\n\t<meta name=\"twitter:data1\" content=\"1 minute\" \/>\n<script type=\"application\/ld+json\" class=\"yoast-schema-graph\">{\"@context\":\"https:\/\/schema.org\",\"@graph\":[{\"@type\":\"WebPage\",\"@id\":\"https:\/\/www.alqueriamorayma.com\/senderismo-2\/\",\"url\":\"https:\/\/www.alqueriamorayma.com\/senderismo-2\/\",\"name\":\"Senderismo nocturno 20\/06\/20 - Alquer\u00eda de Morayma\",\"isPartOf\":{\"@id\":\"https:\/\/www.alqueriamorayma.com\/#website\"},\"primaryImageOfPage\":{\"@id\":\"https:\/\/www.alqueriamorayma.com\/senderismo-2\/#primaryimage\"},\"image\":{\"@id\":\"https:\/\/www.alqueriamorayma.com\/senderismo-2\/#primaryimage\"},\"thumbnailUrl\":\"https:\/\/i2.wp.com\/www.alqueriamorayma.com\/wp-content\/uploads\/2020\/06\/Paseo-por-las-estrellas-1.jpeg?fit=724%2C1024\",\"datePublished\":\"2020-06-16T11:52:02+00:00\",\"dateModified\":\"2023-12-20T10:08:42+00:00\",\"breadcrumb\":{\"@id\":\"https:\/\/www.alqueriamorayma.com\/senderismo-2\/#breadcrumb\"},\"inLanguage\":\"en-US\",\"potentialAction\":[{\"@type\":\"ReadAction\",\"target\":[\"https:\/\/www.alqueriamorayma.com\/senderismo-2\/\"]}]},{\"@type\":\"ImageObject\",\"inLanguage\":\"en-US\",\"@id\":\"https:\/\/www.alqueriamorayma.com\/senderismo-2\/#primaryimage\",\"url\":\"https:\/\/i2.wp.com\/www.alqueriamorayma.com\/wp-content\/uploads\/2020\/06\/Paseo-por-las-estrellas-1.jpeg?fit=724%2C1024\",\"contentUrl\":\"https:\/\/i2.wp.com\/www.alqueriamorayma.com\/wp-content\/uploads\/2020\/06\/Paseo-por-las-estrellas-1.jpeg?fit=724%2C1024\"},{\"@type\":\"BreadcrumbList\",\"@id\":\"https:\/\/www.alqueriamorayma.com\/senderismo-2\/#breadcrumb\",\"itemListElement\":[{\"@type\":\"ListItem\",\"position\":1,\"name\":\"Portada\",\"item\":\"https:\/\/www.alqueriamorayma.com\/\"},{\"@type\":\"ListItem\",\"position\":2,\"name\":\"Senderismo nocturno 20\/06\/20\"}]},{\"@type\":\"WebSite\",\"@id\":\"https:\/\/www.alqueriamorayma.com\/#website\",\"url\":\"https:\/\/www.alqueriamorayma.com\/\",\"name\":\"Alquer\u00eda de Morayma\",\"description\":\"Hotel Rural en la Alpujarra\",\"publisher\":{\"@id\":\"https:\/\/www.alqueriamorayma.com\/#organization\"},\"potentialAction\":[{\"@type\":\"SearchAction\",\"target\":{\"@type\":\"EntryPoint\",\"urlTemplate\":\"https:\/\/www.alqueriamorayma.com\/?s={search_term_string}\"},\"query-input\":{\"@type\":\"PropertyValueSpecification\",\"valueRequired\":true,\"valueName\":\"search_term_string\"}}],\"inLanguage\":\"en-US\"},{\"@type\":\"Organization\",\"@id\":\"https:\/\/www.alqueriamorayma.com\/#organization\",\"name\":\"Alqueria de Morayma\",\"url\":\"https:\/\/www.alqueriamorayma.com\/\",\"logo\":{\"@type\":\"ImageObject\",\"inLanguage\":\"en-US\",\"@id\":\"https:\/\/www.alqueriamorayma.com\/#\/schema\/logo\/image\/\",\"url\":\"https:\/\/i0.wp.com\/www.alqueriamorayma.com\/wp-content\/uploads\/2017\/03\/logo-alqueria.png?fit=100%2C74\",\"contentUrl\":\"https:\/\/i0.wp.com\/www.alqueriamorayma.com\/wp-content\/uploads\/2017\/03\/logo-alqueria.png?fit=100%2C74\",\"width\":100,\"height\":74,\"caption\":\"Alqueria de Morayma\"},\"image\":{\"@id\":\"https:\/\/www.alqueriamorayma.com\/#\/schema\/logo\/image\/\"},\"sameAs\":[\"https:\/\/es-es.facebook.com\/alqueriamorayma\/\",\"https:\/\/x.com\/alqueriamorayma\"]}]}<\/script>\n<!-- \/ Yoast SEO plugin. -->","yoast_head_json":{"title":"Senderismo nocturno 20\/06\/20 - Alquer\u00eda de Morayma","robots":{"index":"index","follow":"follow","max-snippet":"max-snippet:-1","max-image-preview":"max-image-preview:large","max-video-preview":"max-video-preview:-1"},"canonical":"https:\/\/www.alqueriamorayma.com\/senderismo-2\/","og_locale":"en_US","og_type":"article","og_title":"Senderismo nocturno 20\/06\/20 - Alquer\u00eda de Morayma","og_description":"?&nbsp;\u00bfQU\u00c9 TE PARECE SI VOLVEMOS A VERNOS Y COMPARTIMOS ESTA NOCHE M\u00c1GICA? An\u00edmate a este Paseo por las Estrellas, bajo la Luna Nueva ? y disfruta del senderismo nocturno conectando con la naturaleza ?\ufe0f , guiado por Carlos Mu\u00f1oz. Informaci\u00f3n","og_url":"https:\/\/www.alqueriamorayma.com\/senderismo-2\/","og_site_name":"Alquer\u00eda de Morayma","article_publisher":"https:\/\/es-es.facebook.com\/alqueriamorayma\/","article_modified_time":"2023-12-20T10:08:42+00:00","og_image":[{"url":"https:\/\/i2.wp.com\/www.alqueriamorayma.com\/wp-content\/uploads\/2020\/06\/Paseo-por-las-estrellas-1.jpeg?fit=724%2C1024"}],"twitter_card":"summary_large_image","twitter_site":"@alqueriamorayma","twitter_misc":{"Est. reading time":"1 minute"},"schema":{"@context":"https:\/\/schema.org","@graph":[{"@type":"WebPage","@id":"https:\/\/www.alqueriamorayma.com\/senderismo-2\/","url":"https:\/\/www.alqueriamorayma.com\/senderismo-2\/","name":"Senderismo nocturno 20\/06\/20 - Alquer\u00eda de Morayma","isPartOf":{"@id":"https:\/\/www.alqueriamorayma.com\/#website"},"primaryImageOfPage":{"@id":"https:\/\/www.alqueriamorayma.com\/senderismo-2\/#primaryimage"},"image":{"@id":"https:\/\/www.alqueriamorayma.com\/senderismo-2\/#primaryimage"},"thumbnailUrl":"https:\/\/i2.wp.com\/www.alqueriamorayma.com\/wp-content\/uploads\/2020\/06\/Paseo-por-las-estrellas-1.jpeg?fit=724%2C1024","datePublished":"2020-06-16T11:52:02+00:00","dateModified":"2023-12-20T10:08:42+00:00","breadcrumb":{"@id":"https:\/\/www.alqueriamorayma.com\/senderismo-2\/#breadcrumb"},"inLanguage":"en-US","potentialAction":[{"@type":"ReadAction","target":["https:\/\/www.alqueriamorayma.com\/senderismo-2\/"]}]},{"@type":"ImageObject","inLanguage":"en-US","@id":"https:\/\/www.alqueriamorayma.com\/senderismo-2\/#primaryimage","url":"https:\/\/i2.wp.com\/www.alqueriamorayma.com\/wp-content\/uploads\/2020\/06\/Paseo-por-las-estrellas-1.jpeg?fit=724%2C1024","contentUrl":"https:\/\/i2.wp.com\/www.alqueriamorayma.com\/wp-content\/uploads\/2020\/06\/Paseo-por-las-estrellas-1.jpeg?fit=724%2C1024"},{"@type":"BreadcrumbList","@id":"https:\/\/www.alqueriamorayma.com\/senderismo-2\/#breadcrumb","itemListElement":[{"@type":"ListItem","position":1,"name":"Portada","item":"https:\/\/www.alqueriamorayma.com\/"},{"@type":"ListItem","position":2,"name":"Senderismo nocturno 20\/06\/20"}]},{"@type":"WebSite","@id":"https:\/\/www.alqueriamorayma.com\/#website","url":"https:\/\/www.alqueriamorayma.com\/","name":"Alquer\u00eda de Morayma","description":"Hotel Rural en la Alpujarra","publisher":{"@id":"https:\/\/www.alqueriamorayma.com\/#organization"},"potentialAction":[{"@type":"SearchAction","target":{"@type":"EntryPoint","urlTemplate":"https:\/\/www.alqueriamorayma.com\/?s={search_term_string}"},"query-input":{"@type":"PropertyValueSpecification","valueRequired":true,"valueName":"search_term_string"}}],"inLanguage":"en-US"},{"@type":"Organization","@id":"https:\/\/www.alqueriamorayma.com\/#organization","name":"Alqueria de Morayma","url":"https:\/\/www.alqueriamorayma.com\/","logo":{"@type":"ImageObject","inLanguage":"en-US","@id":"https:\/\/www.alqueriamorayma.com\/#\/schema\/logo\/image\/","url":"https:\/\/i0.wp.com\/www.alqueriamorayma.com\/wp-content\/uploads\/2017\/03\/logo-alqueria.png?fit=100%2C74","contentUrl":"https:\/\/i0.wp.com\/www.alqueriamorayma.com\/wp-content\/uploads\/2017\/03\/logo-alqueria.png?fit=100%2C74","width":100,"height":74,"caption":"Alqueria de Morayma"},"image":{"@id":"https:\/\/www.alqueriamorayma.com\/#\/schema\/logo\/image\/"},"sameAs":["https:\/\/es-es.facebook.com\/alqueriamorayma\/","https:\/\/x.com\/alqueriamorayma"]}]}},"jetpack_sharing_enabled":true,"jetpack_shortlink":"https:\/\/wp.me\/P8sFGa-gL","jetpack-related-posts":[],"_links":{"self":[{"href":"https:\/\/www.alqueriamorayma.com\/en\/wp-json\/wp\/v2\/pages\/1039"}],"collection":[{"href":"https:\/\/www.alqueriamorayma.com\/en\/wp-json\/wp\/v2\/pages"}],"about":[{"href":"https:\/\/www.alqueriamorayma.com\/en\/wp-json\/wp\/v2\/types\/page"}],"author":[{"embeddable":true,"href":"https:\/\/www.alqueriamorayma.com\/en\/wp-json\/wp\/v2\/users\/1"}],"replies":[{"embeddable":true,"href":"https:\/\/www.alqueriamorayma.com\/en\/wp-json\/wp\/v2\/comments?post=1039"}],"version-history":[{"count":11,"href":"https:\/\/www.alqueriamorayma.com\/en\/wp-json\/wp\/v2\/pages\/1039\/revisions"}],"predecessor-version":[{"id":1463,"href":"https:\/\/www.alqueriamorayma.com\/en\/wp-json\/wp\/v2\/pages\/1039\/revisions\/1463"}],"wp:attachment":[{"href":"https:\/\/www.alqueriamorayma.com\/en\/wp-json\/wp\/v2\/media?parent=1039"}],"curies":[{"name":"wp","href":"https:\/\/api.w.org\/{rel}","templated":true}]}}